{"id":1424,"date":"2025-11-21T10:37:00","date_gmt":"2025-11-21T10:37:00","guid":{"rendered":"https:\/\/afk-spin.com\/app-2\/"},"modified":"2025-11-21T12:54:16","modified_gmt":"2025-11-21T12:54:16","slug":"app","status":"publish","type":"page","link":"https:\/\/afk-spin.com\/de\/app\/","title":{"rendered":"App"},"content":{"rendered":"<h1>AFK Spin App<\/h1>\n<p>Wenn Sie spannendes Gl\u00fccksspiel bevorzugen, aber auch flexibel sein und von \u00fcberall aus spielen m\u00f6chten, sollten Sie unsere AFK Spin App ausprobieren. Sie wurde f\u00fcr Android und iOS entwickelt und bietet eine vollst\u00e4ndig angepasste Version f\u00fcr Ihr mobiles Ger\u00e4t. Das Design und die Navigation werden Ihnen vertraut sein, wenn Sie bereits die vollst\u00e4ndige Desktop-Version ausprobiert haben. In der App finden Sie eine riesige Spielesammlung, lukrative Boni, spannende Turniere, einen hilfreichen Kundensupport und vieles mehr.<\/p>\n<div class=\"banner-wrap\" aria-label=\"Banner\"><img src=\"https:\/\/afk-spin.com\/wp-content\/uploads\/2025\/11\/AFK-Spins-banner-carousel-932\u0445400.webp\" class=\"w-100 d-none d-lg-block img-pc main-banner-img\" alt=\"AFK Spins banner desktop\" fetchpriority=\"high\" decoding=\"async\"><img src=\"https:\/\/afk-spin.com\/wp-content\/uploads\/2025\/12\/Frame-36-1.webp\" class=\"w-100 d-none d-md-block d-lg-none main-banner-img\" alt=\"AFK spin mobile banner\" fetchpriority=\"high\" decoding=\"async\"><img src=\"https:\/\/afk-spin.com\/wp-content\/uploads\/2025\/12\/Frame-36-1.webp\" class=\"w-100 d-md-none\" alt=\"AFK spin mobile banner\" fetchpriority=\"high\" decoding=\"async\"><div class=\"banner-description\">\n<div class=\"banner-title\">Willkommensboni<\/div>\n<p class=\"banner-header-title\">1500 \u20ac<\/p>\n<div class=\"banner-header-AdditionalText\">+ 250 Freispiele<\/div>\n<button data-item=\"homepage_banner_link\" class=\"goto m-button m-gradient-border m-button--primary m-button--large banner-button btn-orange\">\n            <div class=\"m-button-content\">\n                <span>Melden Sie sich jetzt an<\/span>\n                <span><\/span>\n            <\/div>\n        <\/button>\n<\/div>\n<div class=\"WelcomePack\">\n<p><img loading=\"lazy\" decoding=\"async\" class=\"alignnone size-full wp-image-1338\" src=\"https:\/\/afk-spin.com\/wp-content\/uploads\/2025\/11\/welcome-crown.svg\" alt=\"crown\" width=\"25\" height=\"26\" \/><\/p>\n<div class=\"WelcomePack-Info\">W\u00f6chentliches Cashback bis zu 25 %<\/div>\n<p><img loading=\"lazy\" decoding=\"async\" class=\"alignnone size-full wp-image-1338\" src=\"https:\/\/afk-spin.com\/wp-content\/uploads\/2025\/11\/welcome-crown.svg\" alt=\"crown\" width=\"25\" height=\"26\" \/><\/p>\n<\/div>\n<\/div>\n<h2>AFK Spin App Mobile<\/h2>\n<p>Neue Dinge auszuprobieren kann zu einem besseren Spielerlebnis f\u00fchren. Deshalb empfehlen wir allen unseren Kunden, mindestens einmal im AFKSpin Mobile Casino zu spielen. Dort finden Sie die gleichen \u00fcber 6.000 Spiele, darunter Slots, Tischspiele, Live-Casino-Optionen, Sofortspiele und vieles mehr.<\/p>\n<p>Alle Funktionen der App sind perfekt an moderne Mobilger\u00e4te angepasst. So werden beispielsweise die Live-Dealer-Spiele weiterhin in HD-Qualit\u00e4t \u00fcbertragen und sind mit Android und iOS kompatibel. Nach dem Verifizierungsprozess k\u00f6nnen Sie Ein- und Auszahlungen mit dem gleichen Verfahren wie in der Desktop-Version vornehmen.<\/p>\n<p>Aber wir schr\u00e4nken Sie nicht ein. Sie k\u00f6nnen sich von Ihrem Mobilger\u00e4t aus anmelden, Wetten abschlie\u00dfen und sp\u00e4ter am PC weitermachen. Alle Ihre Daten und Erfolge werden zwischen allen Ger\u00e4ten synchronisiert, auf denen Sie angemeldet sind.<\/p>\n<table>\n<tbody>\n<tr>\n<td>Vorteile<\/td>\n<td>Nachteile<\/td>\n<\/tr>\n<tr>\n<td>Es bietet ein elegantes, intuitives Design f\u00fcr einfache Navigation und reibungsloses Gameplay.<\/td>\n<td>Die App ist nicht \u00fcber offizielle Stores erh\u00e4ltlich.<\/td>\n<\/tr>\n<tr>\n<td>Eine umfangreiche Spielbibliothek ist direkt in der mobilen Software verf\u00fcgbar, darunter Online-Slots und Live-Tische.<\/td>\n<td>Um die mobile Software zu aktualisieren, m\u00fcssen Sie die neueste Version manuell von der Website herunterladen.<\/td>\n<\/tr>\n<tr>\n<td>Push-Benachrichtigungen halten Sie \u00fcber Boni, neue Spiele und Werbeaktionen auf dem Laufenden.<\/td>\n<td><\/td>\n<\/tr>\n<tr>\n<td>Sichere mobile Zahlungen, einschlie\u00dflich Bankkarten, E-Wallets, Bank\u00fcberweisungen und Kryptow\u00e4hrungen f\u00fcr schnelle Ein- und Auszahlungen.<\/td>\n<td><\/td>\n<\/tr>\n<\/tbody>\n<\/table>\n<p><div style=\"clear: both\"><\/div><div class=\"d-flex justify-content-center\"><button data-item=\"decouvrez_link\" data-group=\"website_links\" class=\"goto fw-bold rounded-pill btn btn-orange\" aria-label=\"Laden Sie die AFKspin Casino-App herunter\" >Laden Sie die AFKspin Casino-App herunter<\/button><\/div><div class=\"scrollable-content-wrap my-5\"><div class=\"scrollable-content-inner\"><h2>AFK Spin App \u2013 Android<\/h2>\n<p>Alle modernen Android-Ger\u00e4te sind mit unserer mobilen Software kompatibel. Wir bieten eine progressive Webanwendung (PWA) an, f\u00fcr die keine unbekannten APK-Dateien hochgeladen werden m\u00fcssen. Die Software entspricht der Desktop-Version, sodass Sie sich sicher zurechtfinden werden, wenn Sie sie bereits zuvor verwendet haben.<\/p>\n<p>Die Installation der Software dauert nicht l\u00e4nger als 3 Minuten und Ihr Ger\u00e4t ist sicher und muss keine unn\u00f6tigen neuen Downloads durchf\u00fchren. Befolgen Sie die nachstehenden Anweisungen, um einen reibungslosen Start in die AFK Spin App f\u00fcr Android zu gew\u00e4hrleisten:<\/p>\n<ol>\n<li>Sie m\u00fcssen die offizielle Website von AFK Spin Casino aufrufen.<\/li>\n<li>In der Fu\u00dfzeile (am unteren Rand der Website) finden Sie die Schaltfl\u00e4che \u201eCasino App\u201c, auf die Sie klicken m\u00fcssen.<\/li>\n<li>Der Installationsvorgang startet automatisch und dauert bei einer stabilen Internetverbindung nur 1\u20132 Minuten.<\/li>\n<li>Nach der Installation der Anwendung erscheint das Symbol des Online-Casinos auf Ihrem Bildschirm.<\/li>\n<\/ol>\n<p>Wenn Sie bereits ein Konto haben, sollten Sie sich anmelden. Wenn nicht, ist das kein Problem. Sie k\u00f6nnen den Registrierungsprozess direkt im mobilen Casino durchf\u00fchren. Der Prozess ist einfach und \u00fcbersichtlich gestaltet. Sie m\u00fcssen nur Ihre E-Mail-Adresse eingeben und ein Passwort erstellen.<\/p>\n<p><img loading=\"lazy\" decoding=\"async\" src=\"https:\/\/afk-spin.com\/wp-content\/uploads\/2025\/11\/AFKspin-Android-App.webp\" alt=\"AFKspin App Android\" width=\"1248\" height=\"536\" \/><\/p>\n<\/div><\/div><div style=\"clear: both\"><\/div><div class=\"d-flex justify-content-center\"><button data-item=\"decouvrez_link\" data-group=\"website_links\" class=\"goto fw-bold rounded-pill btn btn-orange\" aria-label=\"AFKspin herunterladen\" >AFKspin herunterladen<\/button><\/div><div class=\"scrollable-content-wrap my-5\"><div class=\"scrollable-content-inner\"><h2>AFK Spin App f\u00fcr iOS<\/h2>\n<p>Wir freuen uns, unseren iPhone- und iPad-Kunden die adaptive AFKSpin-Mobilsoftware anbieten zu k\u00f6nnen. Jetzt m\u00fcssen Sie nicht mehr immer zu Hause oder an dem Ort sein, an dem sich Ihr PC befindet. Sie k\u00f6nnen alle Spiele unterwegs auf Ihrem Mobilger\u00e4t genie\u00dfen. Insbesondere unsere iOS-Nutzer heben den Live-Casino-Bereich wegen seiner authentischen Atmosph\u00e4re hervor.<\/p>\n<p>Sie haben zwei M\u00f6glichkeiten, AFK Spin Casino auf Ihrem Mobilger\u00e4t zu nutzen: PWA oder ein Shortcut-Symbol. Die AFK Spin App kann von der Website heruntergeladen werden, indem Sie auf die Schaltfl\u00e4che \u201eCasino App\u201d klicken. Der Vorgang dauert nur wenige Minuten und erm\u00f6glicht Ihnen schnellen Zugriff auf alle ben\u00f6tigten Funktionen. Um das Shortcut-Symbol zu installieren, empfehlen wir Ihnen, unsere folgenden Anweisungen zu befolgen:<\/p>\n<ol>\n<li>Der Nutzer muss in Safari unsere offizielle Website aufrufen.<\/li>\n<li>Anschlie\u00dfend klicken Sie auf die Schaltfl\u00e4che \u201eTeilen\u201d (ein Quadrat mit einem nach oben zeigenden Pfeil).<\/li>\n<li>Suchen Sie in der angezeigten Liste \u201eZum Startbildschirm hinzuf\u00fcgen\u201c und tippen Sie darauf.<\/li>\n<li>Um den Schritt zu best\u00e4tigen, w\u00e4hlen Sie \u201eHinzuf\u00fcgen\u201d.<\/li>\n<\/ol>\n<p><img loading=\"lazy\" decoding=\"async\" src=\"https:\/\/afk-spin.com\/wp-content\/uploads\/2025\/11\/AFKspin-iOS-App.webp\" alt=\"AFKspin iOS App\" width=\"1248\" height=\"536\" \/><\/p>\n<\/div><\/div><div style=\"clear: both\"><\/div><div class=\"d-flex justify-content-center\"><button data-item=\"decouvrez_link\" data-group=\"website_links\" class=\"goto fw-bold rounded-pill btn btn-orange\" aria-label=\"Laden Sie die AFKspin Casino-App herunter\" >Laden Sie die AFKspin Casino-App herunter<\/button><\/div><div class=\"scrollable-content-wrap my-5\"><div class=\"scrollable-content-inner\"><h2>AFKSpin Casino App f\u00fcr Desktop<\/h2>\n<p>Einige Nutzer von AFK Spin Casino bevorzugen es, das mobile Casino mit einem Standard-Desktop-Spielerlebnis zu kombinieren. Sie k\u00f6nnen unsere Website in jedem Browser aufrufen und alle Ihre Lieblingsspiele an einem Ort genie\u00dfen. Um mit dem Spielen um echtes Geld zu beginnen, m\u00fcssen Sie nur den Registrierungsprozess durchlaufen.<\/p>\n<p>Um schnell auf das AFK Spin Casino zugreifen zu k\u00f6nnen, k\u00f6nnen Sie jederzeit eine Verkn\u00fcpfung erstellen. Diese ist in jedem modernen Browser verf\u00fcgbar. Besuchen Sie einfach unsere Website und w\u00e4hlen Sie in den Browsereinstellungen \u201eZum Startbildschirm hinzuf\u00fcgen\u201d. Danach sollte das Symbol auf Ihrem Bildschirm erscheinen.<\/p>\n<p><img loading=\"lazy\" decoding=\"async\" src=\"https:\/\/afk-spin.com\/wp-content\/uploads\/2025\/11\/AFKspin-Desktop.webp\" alt=\"AFKspin Desktop\" width=\"1248\" height=\"536\" \/><\/p>\n<\/div><\/div><div style=\"clear: both\"><\/div><div class=\"d-flex justify-content-center\"><button data-item=\"decouvrez_link\" data-group=\"website_links\" class=\"goto fw-bold rounded-pill btn btn-orange\" aria-label=\"AFKspin herunterladen\" >AFKspin herunterladen<\/button><\/div><div class=\"scrollable-content-wrap my-5\"><div class=\"scrollable-content-inner\"><h2>FAQ<\/h2>\n<h3>Kann ich mein Passwort in der AFK Spin App \u00e4ndern?<\/h3>\n<p>Nachdem Sie sich bei Ihrem Konto angemeldet haben, k\u00f6nnen Sie alle pers\u00f6nlichen Daten und Zahlungsinformationen in Ihren Kontoeinstellungen \u00e4ndern. Um Ihr Passwort zu \u00e4ndern, senden wir Ihnen eine Best\u00e4tigungs-E-Mail, um sicherzustellen, dass Sie es wirklich sind.<\/p>\n<h3>Gibt es Einschr\u00e4nkungen f\u00fcr Spiele in den mobilen und Desktop-Apps?<\/h3>\n<p>Alle unsere Spiele sind in der AFK Spin Casino-App f\u00fcr mobile Ger\u00e4te und PCs verf\u00fcgbar. Sie passen sich alle an die Bildschirmgr\u00f6\u00dfe an und bieten ein unvergessliches Erlebnis.<\/p>\n<h3>Wo kann ich die AFK Spin Casino-App von einer vertrauensw\u00fcrdigen Quelle herunterladen?<\/h3>\n<p>Sie sollten die AFKSpin-Software nur von unserer offiziellen Website herunterladen. Alle anderen Quellen sind m\u00f6glicherweise nicht sicher oder betr\u00fcgerisch.<\/p>\n<h3>Ich habe Probleme mit der AFKSpin Casino-App. Was soll ich tun?<\/h3>\n<p>Wenn Sie Fragen oder Probleme mit der mobilen Software haben, k\u00f6nnen Sie sich jederzeit per Live-Chat oder E-Mail an den rund um die Uhr verf\u00fcgbaren Kundensupport wenden. Unsere Mitarbeiter helfen Ihnen gerne bei allen Problemen weiter.<\/p>\n<\/div><\/div><\/p>\n","protected":false},"excerpt":{"rendered":"<p>AFK Spin App Wenn Sie spannendes Gl\u00fccksspiel bevorzugen, aber auch flexibel sein und von \u00fcberall aus spielen m\u00f6chten, sollten Sie unsere AFK Spin App ausprobieren. Sie wurde f\u00fcr Android und iOS entwickelt und bietet eine vollst\u00e4ndig angepasste Version f\u00fcr Ihr mobiles Ger\u00e4t. Das Design und die Navigation werden Ihnen vertraut sein, wenn Sie bereits die [&hellip;]<\/p>\n","protected":false},"author":1,"featured_media":0,"parent":0,"menu_order":0,"comment_status":"closed","ping_status":"closed","template":"template-builder.php","meta":{"_acf_changed":false,"inline_featured_image":false,"footnotes":""},"class_list":["post-1424","page","type-page","status-publish","hentry"],"acf":[],"yoast_head":"<!-- This site is optimized with the Yoast SEO plugin v27.3 - https:\/\/yoast.com\/product\/yoast-seo-wordpress\/ -->\n<title>AFK Spin App \u2013 iOS, Android | Download<\/title>\n<meta name=\"description\" content=\"Installiere AFK Spin App auf iOS und Android, um \u00fcberall \u00fcber 6000 Slots und Live-Casino-Spiele zu spielen. Schnelle Leistung, regelm\u00e4\u00dfige Updates und 24\/7-Support \u2013 alles in AFKSpin App.\" \/>\n<meta name=\"robots\" content=\"index, follow, max-snippet:-1, max-image-preview:large, max-video-preview:-1\" \/>\n<link rel=\"canonical\" href=\"https:\/\/afk-spin.com\/de\/app\/\" \/>\n<meta property=\"og:locale\" content=\"de_DE\" \/>\n<meta property=\"og:type\" content=\"article\" \/>\n<meta property=\"og:title\" content=\"AFK Spin App \u2013 iOS, Android | Download\" \/>\n<meta property=\"og:description\" content=\"Installiere AFK Spin App auf iOS und Android, um \u00fcberall \u00fcber 6000 Slots und Live-Casino-Spiele zu spielen. Schnelle Leistung, regelm\u00e4\u00dfige Updates und 24\/7-Support \u2013 alles in AFKSpin App.\" \/>\n<meta property=\"og:url\" content=\"https:\/\/afk-spin.com\/de\/app\/\" \/>\n<meta property=\"og:site_name\" content=\"afkspins\" \/>\n<meta property=\"article:modified_time\" content=\"2025-11-21T12:54:16+00:00\" \/>\n<meta name=\"twitter:card\" content=\"summary_large_image\" \/>\n<meta name=\"twitter:label1\" content=\"Gesch\u00e4tzte Lesezeit\" \/>\n\t<meta name=\"twitter:data1\" content=\"2\u00a0Minuten\" \/>\n<script type=\"application\/ld+json\" class=\"yoast-schema-graph\">{\"@context\":\"https:\\\/\\\/schema.org\",\"@graph\":[{\"@type\":\"WebPage\",\"@id\":\"https:\\\/\\\/afk-spin.com\\\/de\\\/app\\\/\",\"url\":\"https:\\\/\\\/afk-spin.com\\\/de\\\/app\\\/\",\"name\":\"AFK Spin App \u2013 iOS, Android | Download\",\"isPartOf\":{\"@id\":\"https:\\\/\\\/afk-spin.com\\\/de\\\/#website\"},\"datePublished\":\"2025-11-21T10:37:00+00:00\",\"dateModified\":\"2025-11-21T12:54:16+00:00\",\"description\":\"Installiere AFK Spin App auf iOS und Android, um \u00fcberall \u00fcber 6000 Slots und Live-Casino-Spiele zu spielen. Schnelle Leistung, regelm\u00e4\u00dfige Updates und 24\\\/7-Support \u2013 alles in AFKSpin App.\",\"breadcrumb\":{\"@id\":\"https:\\\/\\\/afk-spin.com\\\/de\\\/app\\\/#breadcrumb\"},\"inLanguage\":\"de\",\"potentialAction\":[{\"@type\":\"ReadAction\",\"target\":[\"https:\\\/\\\/afk-spin.com\\\/de\\\/app\\\/\"]}]},{\"@type\":\"BreadcrumbList\",\"@id\":\"https:\\\/\\\/afk-spin.com\\\/de\\\/app\\\/#breadcrumb\",\"itemListElement\":[{\"@type\":\"ListItem\",\"position\":1,\"name\":\"Afkspin\",\"item\":\"https:\\\/\\\/afk-spin.com\\\/de\\\/\"},{\"@type\":\"ListItem\",\"position\":2,\"name\":\"App\"}]},{\"@type\":\"WebSite\",\"@id\":\"https:\\\/\\\/afk-spin.com\\\/de\\\/#website\",\"url\":\"https:\\\/\\\/afk-spin.com\\\/de\\\/\",\"name\":\"Afkspin\",\"description\":\"\",\"publisher\":{\"@id\":\"https:\\\/\\\/afk-spin.com\\\/de\\\/#organization\"},\"potentialAction\":[{\"@type\":\"SearchAction\",\"target\":{\"@type\":\"EntryPoint\",\"urlTemplate\":\"https:\\\/\\\/afk-spin.com\\\/de\\\/?s={search_term_string}\"},\"query-input\":{\"@type\":\"PropertyValueSpecification\",\"valueRequired\":true,\"valueName\":\"search_term_string\"}}],\"inLanguage\":\"de\"},{\"@type\":\"Organization\",\"@id\":\"https:\\\/\\\/afk-spin.com\\\/de\\\/#organization\",\"name\":\"Afkspin\",\"url\":\"https:\\\/\\\/afk-spin.com\\\/de\\\/\",\"logo\":{\"@type\":\"ImageObject\",\"inLanguage\":\"de\",\"@id\":\"https:\\\/\\\/afk-spin.com\\\/de\\\/#\\\/schema\\\/logo\\\/image\\\/\",\"url\":\"https:\\\/\\\/afk-spin.com\\\/wp-content\\\/uploads\\\/2025\\\/11\\\/logo.svg\",\"contentUrl\":\"https:\\\/\\\/afk-spin.com\\\/wp-content\\\/uploads\\\/2025\\\/11\\\/logo.svg\",\"width\":84,\"height\":24,\"caption\":\"Afkspin\"},\"image\":{\"@id\":\"https:\\\/\\\/afk-spin.com\\\/de\\\/#\\\/schema\\\/logo\\\/image\\\/\"}}]}<\/script>\n<!-- \/ Yoast SEO plugin. -->","yoast_head_json":{"title":"AFK Spin App \u2013 iOS, Android | Download","description":"Installiere AFK Spin App auf iOS und Android, um \u00fcberall \u00fcber 6000 Slots und Live-Casino-Spiele zu spielen. Schnelle Leistung, regelm\u00e4\u00dfige Updates und 24\/7-Support \u2013 alles in AFKSpin App.","robots":{"index":"index","follow":"follow","max-snippet":"max-snippet:-1","max-image-preview":"max-image-preview:large","max-video-preview":"max-video-preview:-1"},"canonical":"https:\/\/afk-spin.com\/de\/app\/","og_locale":"de_DE","og_type":"article","og_title":"AFK Spin App \u2013 iOS, Android | Download","og_description":"Installiere AFK Spin App auf iOS und Android, um \u00fcberall \u00fcber 6000 Slots und Live-Casino-Spiele zu spielen. Schnelle Leistung, regelm\u00e4\u00dfige Updates und 24\/7-Support \u2013 alles in AFKSpin App.","og_url":"https:\/\/afk-spin.com\/de\/app\/","og_site_name":"afkspins","article_modified_time":"2025-11-21T12:54:16+00:00","twitter_card":"summary_large_image","twitter_misc":{"Gesch\u00e4tzte Lesezeit":"2\u00a0Minuten"},"schema":{"@context":"https:\/\/schema.org","@graph":[{"@type":"WebPage","@id":"https:\/\/afk-spin.com\/de\/app\/","url":"https:\/\/afk-spin.com\/de\/app\/","name":"AFK Spin App \u2013 iOS, Android | Download","isPartOf":{"@id":"https:\/\/afk-spin.com\/de\/#website"},"datePublished":"2025-11-21T10:37:00+00:00","dateModified":"2025-11-21T12:54:16+00:00","description":"Installiere AFK Spin App auf iOS und Android, um \u00fcberall \u00fcber 6000 Slots und Live-Casino-Spiele zu spielen. Schnelle Leistung, regelm\u00e4\u00dfige Updates und 24\/7-Support \u2013 alles in AFKSpin App.","breadcrumb":{"@id":"https:\/\/afk-spin.com\/de\/app\/#breadcrumb"},"inLanguage":"de","potentialAction":[{"@type":"ReadAction","target":["https:\/\/afk-spin.com\/de\/app\/"]}]},{"@type":"BreadcrumbList","@id":"https:\/\/afk-spin.com\/de\/app\/#breadcrumb","itemListElement":[{"@type":"ListItem","position":1,"name":"Afkspin","item":"https:\/\/afk-spin.com\/de\/"},{"@type":"ListItem","position":2,"name":"App"}]},{"@type":"WebSite","@id":"https:\/\/afk-spin.com\/de\/#website","url":"https:\/\/afk-spin.com\/de\/","name":"Afkspin","description":"","publisher":{"@id":"https:\/\/afk-spin.com\/de\/#organization"},"potentialAction":[{"@type":"SearchAction","target":{"@type":"EntryPoint","urlTemplate":"https:\/\/afk-spin.com\/de\/?s={search_term_string}"},"query-input":{"@type":"PropertyValueSpecification","valueRequired":true,"valueName":"search_term_string"}}],"inLanguage":"de"},{"@type":"Organization","@id":"https:\/\/afk-spin.com\/de\/#organization","name":"Afkspin","url":"https:\/\/afk-spin.com\/de\/","logo":{"@type":"ImageObject","inLanguage":"de","@id":"https:\/\/afk-spin.com\/de\/#\/schema\/logo\/image\/","url":"https:\/\/afk-spin.com\/wp-content\/uploads\/2025\/11\/logo.svg","contentUrl":"https:\/\/afk-spin.com\/wp-content\/uploads\/2025\/11\/logo.svg","width":84,"height":24,"caption":"Afkspin"},"image":{"@id":"https:\/\/afk-spin.com\/de\/#\/schema\/logo\/image\/"}}]}},"_links":{"self":[{"href":"https:\/\/afk-spin.com\/de\/wp-json\/wp\/v2\/pages\/1424","targetHints":{"allow":["GET"]}}],"collection":[{"href":"https:\/\/afk-spin.com\/de\/wp-json\/wp\/v2\/pages"}],"about":[{"href":"https:\/\/afk-spin.com\/de\/wp-json\/wp\/v2\/types\/page"}],"author":[{"embeddable":true,"href":"https:\/\/afk-spin.com\/de\/wp-json\/wp\/v2\/users\/1"}],"replies":[{"embeddable":true,"href":"https:\/\/afk-spin.com\/de\/wp-json\/wp\/v2\/comments?post=1424"}],"version-history":[{"count":2,"href":"https:\/\/afk-spin.com\/de\/wp-json\/wp\/v2\/pages\/1424\/revisions"}],"predecessor-version":[{"id":1618,"href":"https:\/\/afk-spin.com\/de\/wp-json\/wp\/v2\/pages\/1424\/revisions\/1618"}],"wp:attachment":[{"href":"https:\/\/afk-spin.com\/de\/wp-json\/wp\/v2\/media?parent=1424"}],"curies":[{"name":"wp","href":"https:\/\/api.w.org\/{rel}","templated":true}]}}