{"id":1436,"date":"2025-11-21T10:45:48","date_gmt":"2025-11-21T10:45:48","guid":{"rendered":"https:\/\/afk-spin.com\/bonus\/"},"modified":"2025-11-21T13:19:57","modified_gmt":"2025-11-21T13:19:57","slug":"aktionen","status":"publish","type":"page","link":"https:\/\/afk-spin.com\/de\/aktionen\/","title":{"rendered":"Aktionen"},"content":{"rendered":"<h1>AFK Spin Boni<\/h1>\n<p>Das AFK Spin Bonus System bietet seinen Kunden coole Belohnungen f\u00fcr die Wahl und den Verbleib auf der Plattform. Die Aktionen machen Ihre Zeit in unserem Online-Casino noch unterhaltsamer und profitabler. Alle neuen Spieler erhalten ein Willkommenspaket von bis zu 1.500 \u20ac + 250 Freispiele f\u00fcr ihre ersten drei Einzahlungen. Danach haben Sie Zugang zu w\u00f6chentlichem Cashback, Turnieren, Sonntags-Reloads und vielen anderen Optionen.<\/p>\n<p><div class=\"banner-wrap\" aria-label=\"Banner\"><img src=\"https:\/\/afk-spin.com\/wp-content\/uploads\/2025\/11\/AFK-Spins-banner-carousel-932\u0445400.webp\" class=\"w-100 d-none d-lg-block img-pc main-banner-img\" alt=\"AFK Spins banner desktop\" fetchpriority=\"high\" decoding=\"async\"><img src=\"https:\/\/afk-spin.com\/wp-content\/uploads\/2025\/12\/Frame-36-1.webp\" class=\"w-100 d-none d-md-block d-lg-none main-banner-img\" alt=\"AFK spin mobile banner\" fetchpriority=\"high\" decoding=\"async\"><img src=\"https:\/\/afk-spin.com\/wp-content\/uploads\/2025\/12\/Frame-36-1.webp\" class=\"w-100 d-md-none\" alt=\"AFK spin mobile banner\" fetchpriority=\"high\" decoding=\"async\"><div class=\"banner-description\">\n<div class=\"banner-title\">Willkommensboni<\/div>\n<p class=\"banner-header-title\">1500 \u20ac<\/p>\n<div class=\"banner-header-AdditionalText\">+ 250 Freispiele<\/div>\n<button data-item=\"homepage_banner_link\" class=\"goto m-button m-gradient-border m-button--primary m-button--large banner-button btn-orange\">\n            <div class=\"m-button-content\">\n                <span>Melden Sie sich jetzt an<\/span>\n                <span><\/span>\n            <\/div>\n        <\/button>\n<\/div>\n<div class=\"WelcomePack\">\n<p><img loading=\"lazy\" decoding=\"async\" class=\"alignnone size-full wp-image-1338\" src=\"https:\/\/afk-spin.com\/wp-content\/uploads\/2025\/11\/welcome-crown.svg\" alt=\"crown\" width=\"25\" height=\"26\" \/><\/p>\n<div class=\"WelcomePack-Info\">W\u00f6chentliches Cashback bis zu 25 %<\/div>\n<p><img loading=\"lazy\" decoding=\"async\" class=\"alignnone size-full wp-image-1338\" src=\"https:\/\/afk-spin.com\/wp-content\/uploads\/2025\/11\/welcome-crown.svg\" alt=\"crown\" width=\"25\" height=\"26\" \/><\/p>\n<\/div>\n<\/div><div class=\"promotions-wrap\"><div class=\"promotion-card\" style=\"background-image: url(https:\/\/afk-spin.com\/wp-content\/uploads\/2025\/11\/AFK-Spins-promocards-300\u0445300-2-1.webp);\"><h2 class=\"promotion-card__title\">Erste Einzahlung<\/h2><label class=\"promotion-card__offer\">100 % bis zu 500 \u20ac + 150 Freispiele<\/label><label class=\"promotion-card__description\"><\/label><div class=\"promotion-card__actions\"><button data-item=\"payments_link\" data-group=\"website_links\" class=\"goto btn btn-orange rounded-pill fw-bold px-4 m-button m-gradient-border m-button--primary m-button--large promotion-button promotion-card__action-btn\" aria-label=\"Anmelden\"><div class=\"m-button-content\"><span class=\"promotion-button__content\">Anmelden<\/span><\/div><\/button><button data-item=\"http:\/\/bonus_link\" data-group=\"website_links\" class=\"goto m-button m-gradient-border m-button--secondary m-button--medium promotion-card__info-btn\" aria-label=\"More information\"><div class=\"m-button-content\"><svg viewBox=\"0 0 24 24\" fill=\"none\" xmlns=\"http:\/\/www.w3.org\/2000\/svg\" class=\"m-icon m-icon-loadable\" name=\"Attention\" loading=\"false\" aria-hidden=\"true\"><path d=\"M12 22C6.477 22 2 17.522 2 12S6.477 2 12 2s10 4.478 10 10-4.477 10-10 10m-.002-13.004a.999.999 0 1 0 0-1.997.999.999 0 0 0 0 1.997M12 17a1 1 0 0 0 .993-.884L13 16l-.002-5.001-.007-.117a1 1 0 0 0-1.986 0l-.007.117L11 16l.007.117A1 1 0 0 0 12 17\" fill=\"currentColor\"><\/path><\/svg><\/div><\/button><\/div><\/div><div class=\"promotion-card\" style=\"background-image: url(https:\/\/afk-spin.com\/wp-content\/uploads\/2025\/11\/AFK-Spins-promocards-300\u0445300-2.webp);\"><h2 class=\"promotion-card__title\">Zweite Einzahlung<\/h2><label class=\"promotion-card__offer\">55 % bis zu 500 \u20ac + 100 Freispiele<\/label><label class=\"promotion-card__description\"><\/label><div class=\"promotion-card__actions\"><button data-item=\"payments_link\" data-group=\"website_links\" class=\"goto btn btn-orange rounded-pill fw-bold px-4 m-button m-gradient-border m-button--primary m-button--large promotion-button promotion-card__action-btn\" aria-label=\"Anmelden\"><div class=\"m-button-content\"><span class=\"promotion-button__content\">Anmelden<\/span><\/div><\/button><button data-item=\"http:\/\/bonus_link\" data-group=\"website_links\" class=\"goto m-button m-gradient-border m-button--secondary m-button--medium promotion-card__info-btn\" aria-label=\"More information\"><div class=\"m-button-content\"><svg viewBox=\"0 0 24 24\" fill=\"none\" xmlns=\"http:\/\/www.w3.org\/2000\/svg\" class=\"m-icon m-icon-loadable\" name=\"Attention\" loading=\"false\" aria-hidden=\"true\"><path d=\"M12 22C6.477 22 2 17.522 2 12S6.477 2 12 2s10 4.478 10 10-4.477 10-10 10m-.002-13.004a.999.999 0 1 0 0-1.997.999.999 0 0 0 0 1.997M12 17a1 1 0 0 0 .993-.884L13 16l-.002-5.001-.007-.117a1 1 0 0 0-1.986 0l-.007.117L11 16l.007.117A1 1 0 0 0 12 17\" fill=\"currentColor\"><\/path><\/svg><\/div><\/button><\/div><\/div><div class=\"promotion-card\" style=\"background-image: url(https:\/\/afk-spin.com\/wp-content\/uploads\/2025\/11\/AFK-Spins-promocards-300\u0445300-3.webp);\"><h2 class=\"promotion-card__title\">Dritte Einzahlung<\/h2><label class=\"promotion-card__offer\">100 % bis zu 500 \u20ac<\/label><label class=\"promotion-card__description\"><\/label><div class=\"promotion-card__actions\"><button data-item=\"payments_link\" data-group=\"website_links\" class=\"goto btn btn-orange rounded-pill fw-bold px-4 m-button m-gradient-border m-button--primary m-button--large promotion-button promotion-card__action-btn\" aria-label=\"Anmelden\"><div class=\"m-button-content\"><span class=\"promotion-button__content\">Anmelden<\/span><\/div><\/button><button data-item=\"http:\/\/bonus_link\" data-group=\"website_links\" class=\"goto m-button m-gradient-border m-button--secondary m-button--medium promotion-card__info-btn\" aria-label=\"More information\"><div class=\"m-button-content\"><svg viewBox=\"0 0 24 24\" fill=\"none\" xmlns=\"http:\/\/www.w3.org\/2000\/svg\" class=\"m-icon m-icon-loadable\" name=\"Attention\" loading=\"false\" aria-hidden=\"true\"><path d=\"M12 22C6.477 22 2 17.522 2 12S6.477 2 12 2s10 4.478 10 10-4.477 10-10 10m-.002-13.004a.999.999 0 1 0 0-1.997.999.999 0 0 0 0 1.997M12 17a1 1 0 0 0 .993-.884L13 16l-.002-5.001-.007-.117a1 1 0 0 0-1.986 0l-.007.117L11 16l.007.117A1 1 0 0 0 12 17\" fill=\"currentColor\"><\/path><\/svg><\/div><\/button><\/div><\/div><div class=\"promotion-card\" style=\"background-image: url(https:\/\/afk-spin.com\/wp-content\/uploads\/2025\/11\/AFK-Spins-promocards-300\u0445300-\u2014-\u043a\u043e\u043f\u0438\u044f.webp);\"><h2 class=\"promotion-card__title\">W\u00f6chentlicher Cashback<\/h2><label class=\"promotion-card__offer\">Bis zu 25 %<\/label><label class=\"promotion-card__description\"><\/label><div class=\"promotion-card__actions\"><button data-item=\"payments_link\" data-group=\"website_links\" class=\"goto btn btn-orange rounded-pill fw-bold px-4 m-button m-gradient-border m-button--primary m-button--large promotion-button promotion-card__action-btn\" aria-label=\"Anmelden\"><div class=\"m-button-content\"><span class=\"promotion-button__content\">Anmelden<\/span><\/div><\/button><button data-item=\"http:\/\/bonus_link\" data-group=\"website_links\" class=\"goto m-button m-gradient-border m-button--secondary m-button--medium promotion-card__info-btn\" aria-label=\"More information\"><div class=\"m-button-content\"><svg viewBox=\"0 0 24 24\" fill=\"none\" xmlns=\"http:\/\/www.w3.org\/2000\/svg\" class=\"m-icon m-icon-loadable\" name=\"Attention\" loading=\"false\" aria-hidden=\"true\"><path d=\"M12 22C6.477 22 2 17.522 2 12S6.477 2 12 2s10 4.478 10 10-4.477 10-10 10m-.002-13.004a.999.999 0 1 0 0-1.997.999.999 0 0 0 0 1.997M12 17a1 1 0 0 0 .993-.884L13 16l-.002-5.001-.007-.117a1 1 0 0 0-1.986 0l-.007.117L11 16l.007.117A1 1 0 0 0 12 17\" fill=\"currentColor\"><\/path><\/svg><\/div><\/button><\/div><\/div><div class=\"promotion-card\" style=\"background-image: url(https:\/\/afk-spin.com\/wp-content\/uploads\/2025\/11\/AFK-Spins-promocards-300\u0445300-1.webp);\"><h2 class=\"promotion-card__title\">Rakeback<\/h2><label class=\"promotion-card__offer\">Bis zu 17%<\/label><label class=\"promotion-card__description\"><\/label><div class=\"promotion-card__actions\"><button data-item=\"payments_link\" data-group=\"website_links\" class=\"goto btn btn-orange rounded-pill fw-bold px-4 m-button m-gradient-border m-button--primary m-button--large promotion-button promotion-card__action-btn\" aria-label=\"Anmelden\"><div class=\"m-button-content\"><span class=\"promotion-button__content\">Anmelden<\/span><\/div><\/button><button data-item=\"http:\/\/bonus_link\" data-group=\"website_links\" class=\"goto m-button m-gradient-border m-button--secondary m-button--medium promotion-card__info-btn\" aria-label=\"More information\"><div class=\"m-button-content\"><svg viewBox=\"0 0 24 24\" fill=\"none\" xmlns=\"http:\/\/www.w3.org\/2000\/svg\" class=\"m-icon m-icon-loadable\" name=\"Attention\" loading=\"false\" aria-hidden=\"true\"><path d=\"M12 22C6.477 22 2 17.522 2 12S6.477 2 12 2s10 4.478 10 10-4.477 10-10 10m-.002-13.004a.999.999 0 1 0 0-1.997.999.999 0 0 0 0 1.997M12 17a1 1 0 0 0 .993-.884L13 16l-.002-5.001-.007-.117a1 1 0 0 0-1.986 0l-.007.117L11 16l.007.117A1 1 0 0 0 12 17\" fill=\"currentColor\"><\/path><\/svg><\/div><\/button><\/div><\/div><div class=\"promotion-card\" style=\"background-image: url(https:\/\/afk-spin.com\/wp-content\/uploads\/2025\/11\/bronze-promocards-300\u0445300.webp);\"><h2 class=\"promotion-card__title\">Sonntag-Nachladen<\/h2><label class=\"promotion-card__offer\">25% bis zu \u20ac100<\/label><label class=\"promotion-card__description\"><\/label><div class=\"promotion-card__actions\"><button data-item=\"payments_link\" data-group=\"website_links\" class=\"goto btn btn-orange rounded-pill fw-bold px-4 m-button m-gradient-border m-button--primary m-button--large promotion-button promotion-card__action-btn\" aria-label=\"Anmelden\"><div class=\"m-button-content\"><span class=\"promotion-button__content\">Anmelden<\/span><\/div><\/button><button data-item=\"http:\/\/bonus_link\" data-group=\"website_links\" class=\"goto m-button m-gradient-border m-button--secondary m-button--medium promotion-card__info-btn\" aria-label=\"More information\"><div class=\"m-button-content\"><svg viewBox=\"0 0 24 24\" fill=\"none\" xmlns=\"http:\/\/www.w3.org\/2000\/svg\" class=\"m-icon m-icon-loadable\" name=\"Attention\" loading=\"false\" aria-hidden=\"true\"><path d=\"M12 22C6.477 22 2 17.522 2 12S6.477 2 12 2s10 4.478 10 10-4.477 10-10 10m-.002-13.004a.999.999 0 1 0 0-1.997.999.999 0 0 0 0 1.997M12 17a1 1 0 0 0 .993-.884L13 16l-.002-5.001-.007-.117a1 1 0 0 0-1.986 0l-.007.117L11 16l.007.117A1 1 0 0 0 12 17\" fill=\"currentColor\"><\/path><\/svg><\/div><\/button><\/div><\/div><div class=\"promotion-card\" style=\"background-image: url(https:\/\/afk-spin.com\/wp-content\/uploads\/2025\/11\/AFK-Spins-promocards-300\u0445300-2-\u2014-\u043a\u043e\u043f\u0438\u044f.webp);\"><h2 class=\"promotion-card__title\">Highroller-Bonus<\/h2><label class=\"promotion-card__offer\">50% bis zu \u20ac500<\/label><label class=\"promotion-card__description\"><\/label><div class=\"promotion-card__actions\"><button data-item=\"payments_link\" data-group=\"website_links\" class=\"goto btn btn-orange rounded-pill fw-bold px-4 m-button m-gradient-border m-button--primary m-button--large promotion-button promotion-card__action-btn\" aria-label=\"Anmelden\"><div class=\"m-button-content\"><span class=\"promotion-button__content\">Anmelden<\/span><\/div><\/button><button data-item=\"http:\/\/bonus_link\" data-group=\"website_links\" class=\"goto m-button m-gradient-border m-button--secondary m-button--medium promotion-card__info-btn\" aria-label=\"More information\"><div class=\"m-button-content\"><svg viewBox=\"0 0 24 24\" fill=\"none\" xmlns=\"http:\/\/www.w3.org\/2000\/svg\" class=\"m-icon m-icon-loadable\" name=\"Attention\" loading=\"false\" aria-hidden=\"true\"><path d=\"M12 22C6.477 22 2 17.522 2 12S6.477 2 12 2s10 4.478 10 10-4.477 10-10 10m-.002-13.004a.999.999 0 1 0 0-1.997.999.999 0 0 0 0 1.997M12 17a1 1 0 0 0 .993-.884L13 16l-.002-5.001-.007-.117a1 1 0 0 0-1.986 0l-.007.117L11 16l.007.117A1 1 0 0 0 12 17\" fill=\"currentColor\"><\/path><\/svg><\/div><\/button><\/div><\/div><\/div><div class=\"scrollable-content-wrap my-5\"><div class=\"scrollable-content-inner\"><h2>AFK Spin Bonusangebote<\/h2>\n<p>Wir bei AFK Spin Casino sind unseren Nutzern dankbar, dass sie sich f\u00fcr unsere Plattform entschieden haben und uns seit langem treu bleiben. Um Ihnen zu danken, haben wir ein exklusives AFK Spin-Bonusprogramm entwickelt, das f\u00fcr alle Spielertypen, ihre Vorlieben und Budgets geeignet ist.<\/p>\n<p>Alle neuen Kunden erhalten automatisch ein Willkommenspaket von bis zu 1.500 \u20ac + 250 Freispielen. Dies verl\u00e4ngert Ihre Zeit auf der Plattform und macht den Prozess unterhaltsamer. Aber das ist nur der Anfang, denn f\u00fcr regelm\u00e4\u00dfige Spieler haben wir eine gro\u00dfe Auswahl an AFKSpin-Boni.<\/p>\n<p>Sie haben die M\u00f6glichkeit, w\u00f6chentlich einen Cashback von bis zu 25 % Ihrer Verluste zu erhalten. Au\u00dferdem gibt es eine Sonntags-Reload-Option, mit der Sie 25 % bis zu 100 \u20ac erhalten, was das Ende der Woche noch erfolgreicher macht. F\u00fcr diejenigen, die gro\u00dfe Einzahlungen und Gewinne bevorzugen, gibt es immer einen Highroller-Bonus, der 50 % bis zu 500 \u20ac bietet.<\/p>\n<h2>AFK Spin Casino Willkommenspaket<\/h2>\n<p>AFK Spin Casino bietet seinen Kunden sehr spannende Aktionen. Jeder neue Kunde, der sich registriert und seine erste Einzahlung t\u00e4tigt, erh\u00e4lt das Willkommenspaket von bis zu 1.500 \u20ac + 250 Freispielen. Es wird wie folgt auf Ihre ersten drei Einzahlungen aufgeteilt:<\/p>\n<ul>\n<li>Ersteinzahlungsbonus \u2013 100 % bis zu 500 \u20ac + 150 Freispiele<\/li>\n<li>Zweiter Einzahlungsbonus \u2013 55 % bis zu 500 \u20ac + 100 Freispiele<\/li>\n<li>Dritter Einzahlungsbonus \u2013 100 % bis zu 500 \u20ac<\/li>\n<\/ul>\n<p>Wenn Sie diesen Bonus nutzen, wird der Start Ihrer Reise profitabel und spannend. Mit Freispielen k\u00f6nnen Sie neue Titel ohne Risiko ausprobieren. Das Willkommenspaket ist nach der Aktivierung 7 Tage lang g\u00fcltig. Die Mindesteinzahlung betr\u00e4gt in allen drei F\u00e4llen 20 \u20ac. Die Umsatzbedingungen betragen x35.<\/p>\n<h2>Liste der AFK-Spin-Turniere<\/h2>\n<p>F\u00fcr diejenigen, die gerne mit anderen Spielern konkurrieren, haben wir einen separaten Bereich mit allen verf\u00fcgbaren Turnieren. Das Prinzip des Turniers besteht darin, dass Sie bestimmte Titel oder Spiele eines Softwareanbieters spielen, Punkte sammeln und danach die Chance haben, Tausende und Millionen von Euro zu gewinnen.<\/p>\n<p>Turniere im AFK Spin Casino haben sehr hohe Preispools. Sie sind in der Regel f\u00fcr Slots oder Live-Casino-Optionen gedacht. Nachfolgend finden Sie weitere Informationen zu den Optionen des AFKSpin Casinos.<\/p>\n<table>\n<tbody>\n<tr>\n<td>Turnier<\/td>\n<td>Preispool<\/td>\n<\/tr>\n<tr>\n<td>T\u00e4gliches Bronze-Turnier<\/td>\n<td>2.500 \u20ac<\/td>\n<\/tr>\n<tr>\n<td>Spinoleague<\/td>\n<td>12.000.000 \u20ac<\/td>\n<\/tr>\n<tr>\n<td>BGaming Drops Frenzy<\/td>\n<td>ab 660.000 \u20ac<\/td>\n<\/tr>\n<tr>\n<td>Live-Turnier<\/td>\n<td>10.000 \u20ac<\/td>\n<\/tr>\n<\/tbody>\n<\/table>\n<h2>AFKSpin \u2013 Allgemeine Gesch\u00e4ftsbedingungen<\/h2>\n<p>Um Fairness f\u00fcr alle unsere Nutzer zu gew\u00e4hrleisten, gelten f\u00fcr das AFK Spin-Bonussystem bestimmte Gesch\u00e4ftsbedingungen. Diese k\u00f6nnen sich von Fall zu Fall unterscheiden. Sie sollten immer die Regeln der Aktion lesen, bevor Sie sie aktivieren. Es gibt einige Hauptkategorien von AFK Spin-Bonusbedingungen:<\/p>\n<ul>\n<li>Mindestanzahlung \u2013 f\u00fcr die meisten Angebote betr\u00e4gt sie 20 \u20ac.<\/li>\n<li>Umsatzbedingungen \u2013 unsere Plattform hat eine Regel von x35 oder x40.<\/li>\n<li>Kompatibilit\u00e4t mehrerer Werbeaktionen \u2013 Sie k\u00f6nnen nicht zwei oder mehr Einzahlungsboni gleichzeitig aktivieren.<\/li>\n<li>Maximaler Einsatz \u2013 der h\u00f6chstzul\u00e4ssige Betrag betr\u00e4gt 5 \u20ac.<\/li>\n<\/ul>\n<h2>FAQ<\/h2>\n<h3>Warum wurde mein Bonus nach der Einzahlung nicht angezeigt?<\/h3>\n<p>Manchmal kann es zu Verz\u00f6gerungen kommen, daher sollten Sie einige Minuten warten. Wenn sich nichts ge\u00e4ndert hat, m\u00fcssen Sie sich per Live-Chat oder E-Mail an unseren Kundensupport wenden.<\/p>\n<h3>Wie lange sind Boni g\u00fcltig?<\/h3>\n<p>Jeder Bonus hat seine eigene G\u00fcltigkeitsdauer. Die meisten Aktionen auf unserer Website sind 7 bis 14 Tage lang g\u00fcltig. Wir empfehlen Ihnen, die Bedingungen jedes einzelnen Bonus sorgf\u00e4ltig zu lesen.<\/p>\n<h3>Kann ich Gewinne aus einem Bonus auszahlen lassen?<\/h3>\n<p>Der Auszahlungsprozess bei AFKSpin ist relativ einfach und schnell. Sie k\u00f6nnen Gewinne abheben, wenn der Betrag 50 \u20ac oder mehr betr\u00e4gt. Zu unseren Auszahlungsmethoden geh\u00f6ren Bankkarten, E-Wallets, Bank\u00fcberweisungen und Kryptow\u00e4hrungen.<\/p>\n<h3>Gelten die Boni f\u00fcr alle Spiele?<\/h3>\n<p>Jedes Angebot hat seine eigenen Bedingungen hinsichtlich der Titel oder Spieleanbieter. Manchmal werden bestimmte Spielarten nicht vollst\u00e4ndig ber\u00fccksichtigt, sondern nur zu 20 %, zum Beispiel.<\/p>\n<\/div><\/div><\/p>\n","protected":false},"excerpt":{"rendered":"<p>AFK Spin Boni Das AFK Spin Bonus System bietet seinen Kunden coole Belohnungen f\u00fcr die Wahl und den Verbleib auf der Plattform. Die Aktionen machen Ihre Zeit in unserem Online-Casino noch unterhaltsamer und profitabler. Alle neuen Spieler erhalten ein Willkommenspaket von bis zu 1.500 \u20ac + 250 Freispiele f\u00fcr ihre ersten drei Einzahlungen. Danach haben [&hellip;]<\/p>\n","protected":false},"author":1,"featured_media":0,"parent":0,"menu_order":0,"comment_status":"closed","ping_status":"closed","template":"template-builder.php","meta":{"_acf_changed":false,"inline_featured_image":false,"footnotes":""},"class_list":["post-1436","page","type-page","status-publish","hentry"],"acf":[],"yoast_head":"<!-- This site is optimized with the Yoast SEO plugin v27.3 - https:\/\/yoast.com\/product\/yoast-seo-wordpress\/ -->\n<title>AFK Spin Bonus \u2013 Promo- und Willkommensboni<\/title>\n<meta name=\"description\" content=\"AFK Spin Bonus \u2013 entdecke exklusive Willkommensboni, Einzahlungsaktionen, Free Spins, Cashbacks und Turniere. Alle Bedingungen und Einl\u00f6seinweise findest du im AFKSpin Casino.\" \/>\n<meta name=\"robots\" content=\"index, follow, max-snippet:-1, max-image-preview:large, max-video-preview:-1\" \/>\n<link rel=\"canonical\" href=\"https:\/\/afk-spin.com\/de\/aktionen\/\" \/>\n<meta property=\"og:locale\" content=\"de_DE\" \/>\n<meta property=\"og:type\" content=\"article\" \/>\n<meta property=\"og:title\" content=\"AFK Spin Bonus \u2013 Promo- und Willkommensboni\" \/>\n<meta property=\"og:description\" content=\"AFK Spin Bonus \u2013 entdecke exklusive Willkommensboni, Einzahlungsaktionen, Free Spins, Cashbacks und Turniere. Alle Bedingungen und Einl\u00f6seinweise findest du im AFKSpin Casino.\" \/>\n<meta property=\"og:url\" content=\"https:\/\/afk-spin.com\/de\/aktionen\/\" \/>\n<meta property=\"og:site_name\" content=\"afkspins\" \/>\n<meta property=\"article:modified_time\" content=\"2025-11-21T13:19:57+00:00\" \/>\n<meta name=\"twitter:card\" content=\"summary_large_image\" \/>\n<meta name=\"twitter:label1\" content=\"Gesch\u00e4tzte Lesezeit\" \/>\n\t<meta name=\"twitter:data1\" content=\"1\u00a0Minute\" \/>\n<script type=\"application\/ld+json\" class=\"yoast-schema-graph\">{\"@context\":\"https:\\\/\\\/schema.org\",\"@graph\":[{\"@type\":\"WebPage\",\"@id\":\"https:\\\/\\\/afk-spin.com\\\/de\\\/aktionen\\\/\",\"url\":\"https:\\\/\\\/afk-spin.com\\\/de\\\/aktionen\\\/\",\"name\":\"AFK Spin Bonus \u2013 Promo- und Willkommensboni\",\"isPartOf\":{\"@id\":\"https:\\\/\\\/afk-spin.com\\\/de\\\/#website\"},\"datePublished\":\"2025-11-21T10:45:48+00:00\",\"dateModified\":\"2025-11-21T13:19:57+00:00\",\"description\":\"AFK Spin Bonus \u2013 entdecke exklusive Willkommensboni, Einzahlungsaktionen, Free Spins, Cashbacks und Turniere. Alle Bedingungen und Einl\u00f6seinweise findest du im AFKSpin Casino.\",\"breadcrumb\":{\"@id\":\"https:\\\/\\\/afk-spin.com\\\/de\\\/aktionen\\\/#breadcrumb\"},\"inLanguage\":\"de\",\"potentialAction\":[{\"@type\":\"ReadAction\",\"target\":[\"https:\\\/\\\/afk-spin.com\\\/de\\\/aktionen\\\/\"]}]},{\"@type\":\"BreadcrumbList\",\"@id\":\"https:\\\/\\\/afk-spin.com\\\/de\\\/aktionen\\\/#breadcrumb\",\"itemListElement\":[{\"@type\":\"ListItem\",\"position\":1,\"name\":\"Afkspin\",\"item\":\"https:\\\/\\\/afk-spin.com\\\/de\\\/\"},{\"@type\":\"ListItem\",\"position\":2,\"name\":\"Aktionen\"}]},{\"@type\":\"WebSite\",\"@id\":\"https:\\\/\\\/afk-spin.com\\\/de\\\/#website\",\"url\":\"https:\\\/\\\/afk-spin.com\\\/de\\\/\",\"name\":\"Afkspin\",\"description\":\"\",\"publisher\":{\"@id\":\"https:\\\/\\\/afk-spin.com\\\/de\\\/#organization\"},\"potentialAction\":[{\"@type\":\"SearchAction\",\"target\":{\"@type\":\"EntryPoint\",\"urlTemplate\":\"https:\\\/\\\/afk-spin.com\\\/de\\\/?s={search_term_string}\"},\"query-input\":{\"@type\":\"PropertyValueSpecification\",\"valueRequired\":true,\"valueName\":\"search_term_string\"}}],\"inLanguage\":\"de\"},{\"@type\":\"Organization\",\"@id\":\"https:\\\/\\\/afk-spin.com\\\/de\\\/#organization\",\"name\":\"Afkspin\",\"url\":\"https:\\\/\\\/afk-spin.com\\\/de\\\/\",\"logo\":{\"@type\":\"ImageObject\",\"inLanguage\":\"de\",\"@id\":\"https:\\\/\\\/afk-spin.com\\\/de\\\/#\\\/schema\\\/logo\\\/image\\\/\",\"url\":\"https:\\\/\\\/afk-spin.com\\\/wp-content\\\/uploads\\\/2025\\\/11\\\/logo.svg\",\"contentUrl\":\"https:\\\/\\\/afk-spin.com\\\/wp-content\\\/uploads\\\/2025\\\/11\\\/logo.svg\",\"width\":84,\"height\":24,\"caption\":\"Afkspin\"},\"image\":{\"@id\":\"https:\\\/\\\/afk-spin.com\\\/de\\\/#\\\/schema\\\/logo\\\/image\\\/\"}}]}<\/script>\n<!-- \/ Yoast SEO plugin. -->","yoast_head_json":{"title":"AFK Spin Bonus \u2013 Promo- und Willkommensboni","description":"AFK Spin Bonus \u2013 entdecke exklusive Willkommensboni, Einzahlungsaktionen, Free Spins, Cashbacks und Turniere. Alle Bedingungen und Einl\u00f6seinweise findest du im AFKSpin Casino.","robots":{"index":"index","follow":"follow","max-snippet":"max-snippet:-1","max-image-preview":"max-image-preview:large","max-video-preview":"max-video-preview:-1"},"canonical":"https:\/\/afk-spin.com\/de\/aktionen\/","og_locale":"de_DE","og_type":"article","og_title":"AFK Spin Bonus \u2013 Promo- und Willkommensboni","og_description":"AFK Spin Bonus \u2013 entdecke exklusive Willkommensboni, Einzahlungsaktionen, Free Spins, Cashbacks und Turniere. Alle Bedingungen und Einl\u00f6seinweise findest du im AFKSpin Casino.","og_url":"https:\/\/afk-spin.com\/de\/aktionen\/","og_site_name":"afkspins","article_modified_time":"2025-11-21T13:19:57+00:00","twitter_card":"summary_large_image","twitter_misc":{"Gesch\u00e4tzte Lesezeit":"1\u00a0Minute"},"schema":{"@context":"https:\/\/schema.org","@graph":[{"@type":"WebPage","@id":"https:\/\/afk-spin.com\/de\/aktionen\/","url":"https:\/\/afk-spin.com\/de\/aktionen\/","name":"AFK Spin Bonus \u2013 Promo- und Willkommensboni","isPartOf":{"@id":"https:\/\/afk-spin.com\/de\/#website"},"datePublished":"2025-11-21T10:45:48+00:00","dateModified":"2025-11-21T13:19:57+00:00","description":"AFK Spin Bonus \u2013 entdecke exklusive Willkommensboni, Einzahlungsaktionen, Free Spins, Cashbacks und Turniere. Alle Bedingungen und Einl\u00f6seinweise findest du im AFKSpin Casino.","breadcrumb":{"@id":"https:\/\/afk-spin.com\/de\/aktionen\/#breadcrumb"},"inLanguage":"de","potentialAction":[{"@type":"ReadAction","target":["https:\/\/afk-spin.com\/de\/aktionen\/"]}]},{"@type":"BreadcrumbList","@id":"https:\/\/afk-spin.com\/de\/aktionen\/#breadcrumb","itemListElement":[{"@type":"ListItem","position":1,"name":"Afkspin","item":"https:\/\/afk-spin.com\/de\/"},{"@type":"ListItem","position":2,"name":"Aktionen"}]},{"@type":"WebSite","@id":"https:\/\/afk-spin.com\/de\/#website","url":"https:\/\/afk-spin.com\/de\/","name":"Afkspin","description":"","publisher":{"@id":"https:\/\/afk-spin.com\/de\/#organization"},"potentialAction":[{"@type":"SearchAction","target":{"@type":"EntryPoint","urlTemplate":"https:\/\/afk-spin.com\/de\/?s={search_term_string}"},"query-input":{"@type":"PropertyValueSpecification","valueRequired":true,"valueName":"search_term_string"}}],"inLanguage":"de"},{"@type":"Organization","@id":"https:\/\/afk-spin.com\/de\/#organization","name":"Afkspin","url":"https:\/\/afk-spin.com\/de\/","logo":{"@type":"ImageObject","inLanguage":"de","@id":"https:\/\/afk-spin.com\/de\/#\/schema\/logo\/image\/","url":"https:\/\/afk-spin.com\/wp-content\/uploads\/2025\/11\/logo.svg","contentUrl":"https:\/\/afk-spin.com\/wp-content\/uploads\/2025\/11\/logo.svg","width":84,"height":24,"caption":"Afkspin"},"image":{"@id":"https:\/\/afk-spin.com\/de\/#\/schema\/logo\/image\/"}}]}},"_links":{"self":[{"href":"https:\/\/afk-spin.com\/de\/wp-json\/wp\/v2\/pages\/1436","targetHints":{"allow":["GET"]}}],"collection":[{"href":"https:\/\/afk-spin.com\/de\/wp-json\/wp\/v2\/pages"}],"about":[{"href":"https:\/\/afk-spin.com\/de\/wp-json\/wp\/v2\/types\/page"}],"author":[{"embeddable":true,"href":"https:\/\/afk-spin.com\/de\/wp-json\/wp\/v2\/users\/1"}],"replies":[{"embeddable":true,"href":"https:\/\/afk-spin.com\/de\/wp-json\/wp\/v2\/comments?post=1436"}],"version-history":[{"count":2,"href":"https:\/\/afk-spin.com\/de\/wp-json\/wp\/v2\/pages\/1436\/revisions"}],"predecessor-version":[{"id":1622,"href":"https:\/\/afk-spin.com\/de\/wp-json\/wp\/v2\/pages\/1436\/revisions\/1622"}],"wp:attachment":[{"href":"https:\/\/afk-spin.com\/de\/wp-json\/wp\/v2\/media?parent=1436"}],"curies":[{"name":"wp","href":"https:\/\/api.w.org\/{rel}","templated":true}]}}