{"id":1472,"date":"2025-11-21T10:39:09","date_gmt":"2025-11-21T10:39:09","guid":{"rendered":"https:\/\/afk-spin.com\/login-and-registration\/"},"modified":"2025-11-21T12:55:33","modified_gmt":"2025-11-21T12:55:33","slug":"anmeldung-und-registrierung","status":"publish","type":"page","link":"https:\/\/afk-spin.com\/de\/anmeldung-und-registrierung\/","title":{"rendered":"Anmeldung und Registrierung"},"content":{"rendered":"<h1>AFK Spin Anmeldung und Registrierung<\/h1>\n<p>Die AFK Spin Login ist der erste Schritt, um alle Funktionen unserer Plattform zu entdecken. Sie k\u00f6nnen sich registrieren, wenn Sie mindestens 18 Jahre alt sind. Der Vorgang dauert nur wenige Minuten und danach k\u00f6nnen Sie eine riesige Spielesammlung, sichere Zahlungen, spannende Bonusangebote und Turniere genie\u00dfen.<\/p>\n<p><div class=\"banner-wrap\" aria-label=\"Banner\"><img src=\"https:\/\/afk-spin.com\/wp-content\/uploads\/2025\/11\/AFK-Spins-banner-carousel-932\u0445400.webp\" class=\"w-100 d-none d-lg-block img-pc main-banner-img\" alt=\"AFK Spins banner desktop\" fetchpriority=\"high\" decoding=\"async\"><img src=\"https:\/\/afk-spin.com\/wp-content\/uploads\/2025\/12\/Frame-36-1.webp\" class=\"w-100 d-none d-md-block d-lg-none main-banner-img\" alt=\"AFK spin mobile banner\" fetchpriority=\"high\" decoding=\"async\"><img src=\"https:\/\/afk-spin.com\/wp-content\/uploads\/2025\/12\/Frame-36-1.webp\" class=\"w-100 d-md-none\" alt=\"AFK spin mobile banner\" fetchpriority=\"high\" decoding=\"async\"><div class=\"banner-description\">\n<div class=\"banner-title\">Willkommensboni<\/div>\n<p class=\"banner-header-title\">1500 \u20ac<\/p>\n<div class=\"banner-header-AdditionalText\">+ 250 Freispiele<\/div>\n<button data-item=\"homepage_banner_link\" class=\"goto m-button m-gradient-border m-button--primary m-button--large banner-button btn-orange\">\n            <div class=\"m-button-content\">\n                <span>Melden Sie sich jetzt an<\/span>\n                <span><\/span>\n            <\/div>\n        <\/button>\n<\/div>\n<div class=\"WelcomePack\">\n<p><img loading=\"lazy\" decoding=\"async\" class=\"alignnone size-full wp-image-1338\" src=\"https:\/\/afk-spin.com\/wp-content\/uploads\/2025\/11\/welcome-crown.svg\" alt=\"crown\" width=\"25\" height=\"26\" \/><\/p>\n<div class=\"WelcomePack-Info\">W\u00f6chentliches Cashback bis zu 25 %<\/div>\n<p><img loading=\"lazy\" decoding=\"async\" class=\"alignnone size-full wp-image-1338\" src=\"https:\/\/afk-spin.com\/wp-content\/uploads\/2025\/11\/welcome-crown.svg\" alt=\"crown\" width=\"25\" height=\"26\" \/><\/p>\n<\/div>\n<\/div><div class=\"scrollable-content-wrap my-5\"><div class=\"scrollable-content-inner\"><h2>AFK Spin Casino Registrierungsmanagement<\/h2>\n<p>Um Zugang zu mehr als 6.000 Spielen in verschiedenen Kategorien, Wettoptionen, Boni, Turnieren, Zahlungen und einem Kundensupport-Team zu erhalten, m\u00fcssen Sie ein Konto bei AFKSpin registrieren. Danach k\u00f6nnen Sie um echtes Geld spielen, da Einzahlungen nur mit einem Konto m\u00f6glich sind.<\/p>\n<p>Unsere Plattform hat Registrierungsregeln, die Sie im Abschnitt \u201eAllgemeine Gesch\u00e4ftsbedingungen\u201d in der Fu\u00dfzeile der Website finden. Es gibt einige wichtige Regeln, die alle Benutzer befolgen sollten:<\/p>\n<ul>\n<li>Sie m\u00fcssen mindestens 18 Jahre alt sein, um ein Konto bei AFK Spin Casino zu erstellen.<\/li>\n<li>Eine Person kann nur ein Konto haben.<\/li>\n<li>Geben Sie Ihren richtigen Namen, Ihre Adresse und andere Informationen an. Dies ist f\u00fcr einen reibungslosen Verifizierungsprozess von entscheidender Bedeutung.<\/li>\n<\/ul>\n<h3>Konto erstellen<\/h3>\n<p>Die Registrierung bei AFK Spin dauert nicht l\u00e4nger als 3 Minuten. Danach haben Sie jedoch Zugriff auf alle Funktionen und Spiele unserer Website. Im Folgenden finden Sie eine Schritt-f\u00fcr-Schritt-Anleitung, um den Vorgang so reibungslos wie m\u00f6glich zu gestalten.<\/p>\n<table>\n<tbody>\n<tr>\n<td>Schritt<\/td>\n<td>Details<\/td>\n<\/tr>\n<tr>\n<td>Der Benutzer muss die offizielle Website von AFK Spin Casino aufrufen.<\/td>\n<td>Wir bitten Sie, sich nur auf der offiziellen Website zu registrieren, um Betrug auf unbekannten Plattformen zu vermeiden.<\/td>\n<\/tr>\n<tr>\n<td>Klicken Sie auf die Schaltfl\u00e4che \u201eAnmelden\u201c.<\/td>\n<td>Es handelt sich um eine orangefarbene Schaltfl\u00e4che in der oberen rechten Ecke der Hauptseite.<\/td>\n<\/tr>\n<tr>\n<td>Sie m\u00fcssen das Registrierungsformular ausf\u00fcllen.<\/td>\n<td>Das Registrierungsformular umfasst eine E-Mail-Adresse und ein Passwort. Das Passwort muss mindestens 6 Zeichen lang sein.<\/td>\n<\/tr>\n<tr>\n<td>Sie m\u00fcssen Ihr Alter best\u00e4tigen und die Regeln akzeptieren.<\/td>\n<td>Sie m\u00fcssen mindestens 18 Jahre alt sein und die Allgemeinen Gesch\u00e4ftsbedingungen von AFKSpin lesen und akzeptieren.<\/td>\n<\/tr>\n<tr>\n<td>Klicken Sie erneut auf die Schaltfl\u00e4che \u201eAnmelden\u201d.<\/td>\n<td>Dies ist der letzte Schritt zur Erstellung Ihres Kontos.<\/td>\n<\/tr>\n<\/tbody>\n<\/table>\n<h2>AFK Spin-Anmeldeprozess<\/h2>\n<p>Wenn Sie bereits ein Konto auf unserer Website haben, m\u00fcssen Sie nur Ihre E-Mail-Adresse und Ihr Passwort eingeben, um auf alle Funktionen zugreifen zu k\u00f6nnen. Der AFK Spin Login ist erforderlich, um echtes Geld zu spielen, Auszahlungen vorzunehmen und Boni in Anspruch zu nehmen.<\/p>\n<p>\u00dcber Ihr pers\u00f6nliches Konto haben Sie Zugriff auf eine vollst\u00e4ndige \u00dcbersicht Ihrer Transaktionen, Einzahlungen, Wetten und Boni. Dort finden Sie auch Tools f\u00fcr verantwortungsbewusstes Spielen, darunter Zeit- und Finanzlimits.<\/p>\n<h3>Passwort vergessen?<\/h3>\n<p>Wenn Sie das Passwort f\u00fcr Ihr Konto vergessen haben, hilft Ihnen AFKSpin gerne dabei, es zur\u00fcckzusetzen und ein neues zu erstellen. Dazu m\u00fcssen Sie dem Link \u201ePasswort vergessen?\u201c im AFK Spin-Anmeldeformular folgen. Anschlie\u00dfend m\u00fcssen Sie Ihre E-Mail-Adresse angeben, und wir senden Ihnen einen Link, \u00fcber den Sie Ihr Passwort zur\u00fccksetzen und ein neues erstellen k\u00f6nnen.<\/p>\n<h2>AFKSpin Casino-Verifizierungsprozess<\/h2>\n<p>Um Betrug zu verhindern und eine sichere, faire Plattform zu gew\u00e4hrleisten, verlangt AFK Spin von allen Spielern, dass sie vor ihrer ersten Einzahlung eine Verifizierung durchf\u00fchren. Dies ist ein einfacher Vorgang, der nur wenig Zeit in Anspruch nimmt. Sie m\u00fcssen die Dokumente, die Ihre Identit\u00e4t belegen, auf die Website hochladen. Zu den Dokumenten k\u00f6nnen ein Personalausweis, ein Reisepass, ein F\u00fchrerschein und andere Optionen geh\u00f6ren.<\/p>\n<p>Gem\u00e4\u00df den Regeln von AFK Spin Casino m\u00fcssen unsere Manager die hochgeladenen Dokumente innerhalb von 48 Stunden \u00fcberpr\u00fcfen. Danach sehen Sie die Antwort in Ihrem pers\u00f6nlichen Konto. Wenn alles in Ordnung ist, k\u00f6nnen Sie Ihre Gewinne jetzt ohne Verz\u00f6gerung auszahlen lassen.<\/p>\n<h2>FAQ<\/h2>\n<h3>Kann ich auf meinem Ger\u00e4t angemeldet bleiben?<\/h3>\n<p>Nachdem Sie den Anmeldevorgang bei AFK Spin durchlaufen haben, m\u00fcssen Sie sich nach Beendigung der Sitzung nicht abmelden. Das bedeutet, dass Sie bei Ihrem n\u00e4chsten Besuch auf der Plattform Ihre Daten nicht erneut eingeben m\u00fcssen.<\/p>\n<h3>Was soll ich tun, wenn ich meinen Benutzernamen oder meine E-Mail-Adresse vergessen habe?<\/h3>\n<p>In diesem Fall m\u00fcssen Sie sich \u00fcber den Live-Chat oder per E-Mail an unseren mehrsprachigen Kundendienst wenden, der rund um die Uhr f\u00fcr Sie da ist. Sie m\u00fcssen Angaben zu Ihrem Konto machen, und unsere Mitarbeiter werden versuchen, den Zugang wiederherzustellen.<\/p>\n<h3>Wie kann ich meine Anmeldedaten \u00e4ndern?<\/h3>\n<p>In Ihrem pers\u00f6nlichen Konto haben Sie jederzeit die M\u00f6glichkeit, Ihre pers\u00f6nlichen Daten oder Zahlungsdaten zu \u00e4ndern. Durch die \u00c4nderung Ihrer E-Mail-Adresse oder Ihres Passworts bleibt Ihr Konto weiterhin sicher.<\/p>\n<h3>Wie kann ich die Zwei-Faktor-Authentifizierung (2FA) aktivieren?<\/h3>\n<p>Sie k\u00f6nnen die Zwei-Faktor-Authentifizierung in Ihren Kontoeinstellungen bei AFK Spin Casino aktivieren. Es ist eine sehr gute Idee, Ihre pers\u00f6nlichen Daten zus\u00e4tzlich zu sch\u00fctzen.<\/p>\n<\/div><\/div><\/p>\n","protected":false},"excerpt":{"rendered":"<p>AFK Spin Anmeldung und Registrierung Die AFK Spin Login ist der erste Schritt, um alle Funktionen unserer Plattform zu entdecken. Sie k\u00f6nnen sich registrieren, wenn Sie mindestens 18 Jahre alt sind. Der Vorgang dauert nur wenige Minuten und danach k\u00f6nnen Sie eine riesige Spielesammlung, sichere Zahlungen, spannende Bonusangebote und Turniere genie\u00dfen.<\/p>\n","protected":false},"author":1,"featured_media":0,"parent":0,"menu_order":0,"comment_status":"closed","ping_status":"closed","template":"template-builder.php","meta":{"_acf_changed":false,"inline_featured_image":false,"footnotes":""},"class_list":["post-1472","page","type-page","status-publish","hentry"],"acf":[],"yoast_head":"<!-- This site is optimized with the Yoast SEO plugin v27.3 - https:\/\/yoast.com\/product\/yoast-seo-wordpress\/ -->\n<title>AFK Spin Login \u2013 Registrierung und Kontoverwaltung<\/title>\n<meta name=\"description\" content=\"AFK Spin login oder erstelle dein Konto ganz einfach. Verifiziere dein Profil, setze dein Passwort zur\u00fcck und verwalte dein Konto sicher und schnell im AFKSpin Casino.\" \/>\n<meta name=\"robots\" content=\"index, follow, max-snippet:-1, max-image-preview:large, max-video-preview:-1\" \/>\n<link rel=\"canonical\" href=\"https:\/\/afk-spin.com\/de\/anmeldung-und-registrierung\/\" \/>\n<meta property=\"og:locale\" content=\"de_DE\" \/>\n<meta property=\"og:type\" content=\"article\" \/>\n<meta property=\"og:title\" content=\"AFK Spin Login \u2013 Registrierung und Kontoverwaltung\" \/>\n<meta property=\"og:description\" content=\"AFK Spin login oder erstelle dein Konto ganz einfach. Verifiziere dein Profil, setze dein Passwort zur\u00fcck und verwalte dein Konto sicher und schnell im AFKSpin Casino.\" \/>\n<meta property=\"og:url\" content=\"https:\/\/afk-spin.com\/de\/anmeldung-und-registrierung\/\" \/>\n<meta property=\"og:site_name\" content=\"afkspins\" \/>\n<meta property=\"article:modified_time\" content=\"2025-11-21T12:55:33+00:00\" \/>\n<meta name=\"twitter:card\" content=\"summary_large_image\" \/>\n<meta name=\"twitter:label1\" content=\"Gesch\u00e4tzte Lesezeit\" \/>\n\t<meta name=\"twitter:data1\" content=\"1\u00a0Minute\" \/>\n<script type=\"application\/ld+json\" class=\"yoast-schema-graph\">{\"@context\":\"https:\\\/\\\/schema.org\",\"@graph\":[{\"@type\":\"WebPage\",\"@id\":\"https:\\\/\\\/afk-spin.com\\\/de\\\/anmeldung-und-registrierung\\\/\",\"url\":\"https:\\\/\\\/afk-spin.com\\\/de\\\/anmeldung-und-registrierung\\\/\",\"name\":\"AFK Spin Login \u2013 Registrierung und Kontoverwaltung\",\"isPartOf\":{\"@id\":\"https:\\\/\\\/afk-spin.com\\\/de\\\/#website\"},\"datePublished\":\"2025-11-21T10:39:09+00:00\",\"dateModified\":\"2025-11-21T12:55:33+00:00\",\"description\":\"AFK Spin login oder erstelle dein Konto ganz einfach. Verifiziere dein Profil, setze dein Passwort zur\u00fcck und verwalte dein Konto sicher und schnell im AFKSpin Casino.\",\"breadcrumb\":{\"@id\":\"https:\\\/\\\/afk-spin.com\\\/de\\\/anmeldung-und-registrierung\\\/#breadcrumb\"},\"inLanguage\":\"de\",\"potentialAction\":[{\"@type\":\"ReadAction\",\"target\":[\"https:\\\/\\\/afk-spin.com\\\/de\\\/anmeldung-und-registrierung\\\/\"]}]},{\"@type\":\"BreadcrumbList\",\"@id\":\"https:\\\/\\\/afk-spin.com\\\/de\\\/anmeldung-und-registrierung\\\/#breadcrumb\",\"itemListElement\":[{\"@type\":\"ListItem\",\"position\":1,\"name\":\"Afkspin\",\"item\":\"https:\\\/\\\/afk-spin.com\\\/de\\\/\"},{\"@type\":\"ListItem\",\"position\":2,\"name\":\"Anmeldung und Registrierung\"}]},{\"@type\":\"WebSite\",\"@id\":\"https:\\\/\\\/afk-spin.com\\\/de\\\/#website\",\"url\":\"https:\\\/\\\/afk-spin.com\\\/de\\\/\",\"name\":\"Afkspin\",\"description\":\"\",\"publisher\":{\"@id\":\"https:\\\/\\\/afk-spin.com\\\/de\\\/#organization\"},\"potentialAction\":[{\"@type\":\"SearchAction\",\"target\":{\"@type\":\"EntryPoint\",\"urlTemplate\":\"https:\\\/\\\/afk-spin.com\\\/de\\\/?s={search_term_string}\"},\"query-input\":{\"@type\":\"PropertyValueSpecification\",\"valueRequired\":true,\"valueName\":\"search_term_string\"}}],\"inLanguage\":\"de\"},{\"@type\":\"Organization\",\"@id\":\"https:\\\/\\\/afk-spin.com\\\/de\\\/#organization\",\"name\":\"Afkspin\",\"url\":\"https:\\\/\\\/afk-spin.com\\\/de\\\/\",\"logo\":{\"@type\":\"ImageObject\",\"inLanguage\":\"de\",\"@id\":\"https:\\\/\\\/afk-spin.com\\\/de\\\/#\\\/schema\\\/logo\\\/image\\\/\",\"url\":\"https:\\\/\\\/afk-spin.com\\\/wp-content\\\/uploads\\\/2025\\\/11\\\/logo.svg\",\"contentUrl\":\"https:\\\/\\\/afk-spin.com\\\/wp-content\\\/uploads\\\/2025\\\/11\\\/logo.svg\",\"width\":84,\"height\":24,\"caption\":\"Afkspin\"},\"image\":{\"@id\":\"https:\\\/\\\/afk-spin.com\\\/de\\\/#\\\/schema\\\/logo\\\/image\\\/\"}}]}<\/script>\n<!-- \/ Yoast SEO plugin. -->","yoast_head_json":{"title":"AFK Spin Login \u2013 Registrierung und Kontoverwaltung","description":"AFK Spin login oder erstelle dein Konto ganz einfach. Verifiziere dein Profil, setze dein Passwort zur\u00fcck und verwalte dein Konto sicher und schnell im AFKSpin Casino.","robots":{"index":"index","follow":"follow","max-snippet":"max-snippet:-1","max-image-preview":"max-image-preview:large","max-video-preview":"max-video-preview:-1"},"canonical":"https:\/\/afk-spin.com\/de\/anmeldung-und-registrierung\/","og_locale":"de_DE","og_type":"article","og_title":"AFK Spin Login \u2013 Registrierung und Kontoverwaltung","og_description":"AFK Spin login oder erstelle dein Konto ganz einfach. Verifiziere dein Profil, setze dein Passwort zur\u00fcck und verwalte dein Konto sicher und schnell im AFKSpin Casino.","og_url":"https:\/\/afk-spin.com\/de\/anmeldung-und-registrierung\/","og_site_name":"afkspins","article_modified_time":"2025-11-21T12:55:33+00:00","twitter_card":"summary_large_image","twitter_misc":{"Gesch\u00e4tzte Lesezeit":"1\u00a0Minute"},"schema":{"@context":"https:\/\/schema.org","@graph":[{"@type":"WebPage","@id":"https:\/\/afk-spin.com\/de\/anmeldung-und-registrierung\/","url":"https:\/\/afk-spin.com\/de\/anmeldung-und-registrierung\/","name":"AFK Spin Login \u2013 Registrierung und Kontoverwaltung","isPartOf":{"@id":"https:\/\/afk-spin.com\/de\/#website"},"datePublished":"2025-11-21T10:39:09+00:00","dateModified":"2025-11-21T12:55:33+00:00","description":"AFK Spin login oder erstelle dein Konto ganz einfach. Verifiziere dein Profil, setze dein Passwort zur\u00fcck und verwalte dein Konto sicher und schnell im AFKSpin Casino.","breadcrumb":{"@id":"https:\/\/afk-spin.com\/de\/anmeldung-und-registrierung\/#breadcrumb"},"inLanguage":"de","potentialAction":[{"@type":"ReadAction","target":["https:\/\/afk-spin.com\/de\/anmeldung-und-registrierung\/"]}]},{"@type":"BreadcrumbList","@id":"https:\/\/afk-spin.com\/de\/anmeldung-und-registrierung\/#breadcrumb","itemListElement":[{"@type":"ListItem","position":1,"name":"Afkspin","item":"https:\/\/afk-spin.com\/de\/"},{"@type":"ListItem","position":2,"name":"Anmeldung und Registrierung"}]},{"@type":"WebSite","@id":"https:\/\/afk-spin.com\/de\/#website","url":"https:\/\/afk-spin.com\/de\/","name":"Afkspin","description":"","publisher":{"@id":"https:\/\/afk-spin.com\/de\/#organization"},"potentialAction":[{"@type":"SearchAction","target":{"@type":"EntryPoint","urlTemplate":"https:\/\/afk-spin.com\/de\/?s={search_term_string}"},"query-input":{"@type":"PropertyValueSpecification","valueRequired":true,"valueName":"search_term_string"}}],"inLanguage":"de"},{"@type":"Organization","@id":"https:\/\/afk-spin.com\/de\/#organization","name":"Afkspin","url":"https:\/\/afk-spin.com\/de\/","logo":{"@type":"ImageObject","inLanguage":"de","@id":"https:\/\/afk-spin.com\/de\/#\/schema\/logo\/image\/","url":"https:\/\/afk-spin.com\/wp-content\/uploads\/2025\/11\/logo.svg","contentUrl":"https:\/\/afk-spin.com\/wp-content\/uploads\/2025\/11\/logo.svg","width":84,"height":24,"caption":"Afkspin"},"image":{"@id":"https:\/\/afk-spin.com\/de\/#\/schema\/logo\/image\/"}}]}},"_links":{"self":[{"href":"https:\/\/afk-spin.com\/de\/wp-json\/wp\/v2\/pages\/1472","targetHints":{"allow":["GET"]}}],"collection":[{"href":"https:\/\/afk-spin.com\/de\/wp-json\/wp\/v2\/pages"}],"about":[{"href":"https:\/\/afk-spin.com\/de\/wp-json\/wp\/v2\/types\/page"}],"author":[{"embeddable":true,"href":"https:\/\/afk-spin.com\/de\/wp-json\/wp\/v2\/users\/1"}],"replies":[{"embeddable":true,"href":"https:\/\/afk-spin.com\/de\/wp-json\/wp\/v2\/comments?post=1472"}],"version-history":[{"count":1,"href":"https:\/\/afk-spin.com\/de\/wp-json\/wp\/v2\/pages\/1472\/revisions"}],"predecessor-version":[{"id":1620,"href":"https:\/\/afk-spin.com\/de\/wp-json\/wp\/v2\/pages\/1472\/revisions\/1620"}],"wp:attachment":[{"href":"https:\/\/afk-spin.com\/de\/wp-json\/wp\/v2\/media?parent=1472"}],"curies":[{"name":"wp","href":"https:\/\/api.w.org\/{rel}","templated":true}]}}