{"id":1431,"date":"2025-11-21T10:37:00","date_gmt":"2025-11-21T10:37:00","guid":{"rendered":"https:\/\/afk-spin.com\/app-2\/"},"modified":"2025-11-24T07:15:31","modified_gmt":"2025-11-24T07:15:31","slug":"aplicacion","status":"publish","type":"page","link":"https:\/\/afk-spin.com\/es\/aplicacion\/","title":{"rendered":"Aplicaci\u00f3n"},"content":{"rendered":"<h1>Aplicaci\u00f3n AFK Spin<\/h1>\n<p>Si prefieres los juegos de azar emocionantes, pero tambi\u00e9n quieres ser flexible y jugar desde cualquier lugar, tienes que probar nuestra AFK Spin app. Est\u00e1 desarrollada para Android e iOS y ofrece una versi\u00f3n totalmente adaptada para tu dispositivo m\u00f3vil. El dise\u00f1o y la navegaci\u00f3n te resultar\u00e1n familiares si ya has probado la versi\u00f3n completa para ordenador. En la aplicaci\u00f3n encontrar\u00e1s una enorme colecci\u00f3n de juegos, bonificaciones rentables, emocionantes torneos, un \u00fatil servicio de atenci\u00f3n al cliente y mucho m\u00e1s.<\/p>\n<div class=\"banner-wrap\" aria-label=\"Banner\"><img src=\"https:\/\/afk-spin.com\/wp-content\/uploads\/2025\/11\/AFK-Spins-banner-carousel-932\u0445400.webp\" class=\"w-100 d-none d-lg-block img-pc main-banner-img\" alt=\"AFK Spins banner desktop\" fetchpriority=\"high\" decoding=\"async\"><img src=\"https:\/\/afk-spin.com\/wp-content\/uploads\/2025\/12\/Frame-36-1.webp\" class=\"w-100 d-none d-md-block d-lg-none main-banner-img\" alt=\"AFK spin mobile banner\" fetchpriority=\"high\" decoding=\"async\"><img src=\"https:\/\/afk-spin.com\/wp-content\/uploads\/2025\/12\/Frame-36-1.webp\" class=\"w-100 d-md-none\" alt=\"AFK spin mobile banner\" fetchpriority=\"high\" decoding=\"async\"><div class=\"banner-description\">\n<div class=\"banner-title\">Bonos de bienvenida<\/div>\n<p class=\"banner-header-title\">\u20ac1500<\/p>\n<div class=\"banner-header-AdditionalText\">+ 250 giros gratis<\/div>\n<p>&nbsp;<\/p>\n<div class=\"m-button-content\"><button data-item=\"homepage_banner_link\" class=\"goto m-button m-gradient-border m-button--primary m-button--large banner-button btn-orange\">\n            <div class=\"m-button-content\">\n                <span>Reg\u00edstrate gratis ahora<\/span>\n                <span><\/span>\n            <\/div>\n        <\/button><\/div>\n<p>&nbsp;<\/p>\n<\/div>\n<div class=\"WelcomePack\">\n<p><img loading=\"lazy\" decoding=\"async\" class=\"alignnone size-full wp-image-1340\" src=\"https:\/\/afk-spin.com\/wp-content\/uploads\/2025\/11\/welcome-crown.svg\" alt=\"crown\" width=\"25\" height=\"26\" \/><\/p>\n<div class=\"WelcomePack-Info\">\n<p>Cashback semanal de hasta el 25%<\/p>\n<\/div>\n<p><img loading=\"lazy\" decoding=\"async\" class=\"alignnone size-full wp-image-1340\" src=\"https:\/\/afk-spin.com\/wp-content\/uploads\/2025\/11\/welcome-crown.svg\" alt=\"crown\" width=\"25\" height=\"26\" \/><\/p>\n<\/div>\n<\/div>\n<h2>Aplicaci\u00f3n m\u00f3vil AFK Spin<\/h2>\n<p>Probar cosas nuevas puede conducir a una mejor experiencia de juego. Por eso recomendamos a todos nuestros clientes que jueguen al menos una vez en el casino m\u00f3vil AFKSpin. All\u00ed encontrar\u00e1s los mismos m\u00e1s de 6000 juegos, incluyendo tragamonedas, juegos de mesa, opciones de casino en vivo, juegos instant\u00e1neos y mucho m\u00e1s.<\/p>\n<p>Todas las funciones de la aplicaci\u00f3n est\u00e1n perfectamente adaptadas a los dispositivos m\u00f3viles modernos. Por ejemplo, los juegos con crupier en vivo siguen estando traducidos en calidad HD y son compatibles con Android e iOS. Puedes realizar dep\u00f3sitos y retiradas despu\u00e9s del proceso de verificaci\u00f3n con el mismo procedimiento que en la versi\u00f3n de escritorio.<\/p>\n<p>Pero no te limitamos. Puedes iniciar sesi\u00f3n desde tu dispositivo m\u00f3vil, hacer apuestas y luego continuar en el PC. Todos tus datos y logros se sincronizan entre todos los dispositivos en los que hayas iniciado sesi\u00f3n.<\/p>\n<table>\n<tbody>\n<tr>\n<td>Ventajas<\/td>\n<td>Contras<\/td>\n<\/tr>\n<tr>\n<td>Ofrece un dise\u00f1o elegante e intuitivo para facilitar la navegaci\u00f3n y disfrutar de una experiencia de juego fluida.<\/td>\n<td>La aplicaci\u00f3n no est\u00e1 disponible en las tiendas oficiales.<\/td>\n<\/tr>\n<tr>\n<td>Hay una amplia biblioteca de juegos disponible directamente en el software m\u00f3vil, incluyendo tragamonedas en l\u00ednea y mesas en vivo.<\/td>\n<td>Para actualizar el software m\u00f3vil, hay que descargar manualmente la \u00faltima versi\u00f3n desde el sitio web.<\/td>\n<\/tr>\n<tr>\n<td>Las notificaciones push te mantienen informado sobre bonificaciones, nuevos juegos y promociones.<\/td>\n<td><\/td>\n<\/tr>\n<tr>\n<td>Pagos m\u00f3viles seguros, incluyendo tarjetas bancarias, monederos electr\u00f3nicos, transferencias bancarias y criptomonedas para dep\u00f3sitos y retiradas r\u00e1pidas.<\/td>\n<td><\/td>\n<\/tr>\n<\/tbody>\n<\/table>\n<p><div style=\"clear: both\"><\/div><div class=\"d-flex justify-content-center\"><button data-item=\"decouvrez_link\" data-group=\"website_links\" class=\"goto fw-bold rounded-pill btn btn-orange\" aria-label=\"Descarga la aplicaci\u00f3n AFKspin Casino\" >Descarga la aplicaci\u00f3n AFKspin Casino<\/button><\/div><div class=\"scrollable-content-wrap my-5\"><div class=\"scrollable-content-inner\"><h2>Aplicaci\u00f3n AFK Spin \u2013 Android<\/h2>\n<p>Todos los dispositivos Android modernos son compatibles con nuestro software m\u00f3vil. Ofrecemos una aplicaci\u00f3n web progresiva (PWA) que no requiere la descarga de archivos APK desconocidos. El software es igual que la versi\u00f3n de escritorio, por lo que no tendr\u00e1s ning\u00fan problema si ya lo has utilizado antes.<\/p>\n<p>La instalaci\u00f3n del software no te llevar\u00e1 m\u00e1s de 3 minutos y tu dispositivo estar\u00e1 seguro y no tendr\u00e1 nuevas descargas innecesarias. Puedes seguir las instrucciones que se indican a continuaci\u00f3n para empezar a utilizar la aplicaci\u00f3n AFK Spin para Android sin problemas:<\/p>\n<ol>\n<li>Tienes que ir a la p\u00e1gina web oficial de AFK Spin Casino.<\/li>\n<li>En el pie de p\u00e1gina (en la parte inferior del sitio web), encontrar\u00e1s el bot\u00f3n \u00abAplicaci\u00f3n de casino\u00bb y haz clic en \u00e9l.<\/li>\n<li>El proceso de instalaci\u00f3n se iniciar\u00e1 autom\u00e1ticamente y solo tardar\u00e1 entre 1 y 2 minutos si tienes una conexi\u00f3n a Internet estable.<\/li>\n<li>Despu\u00e9s de instalar la aplicaci\u00f3n, aparecer\u00e1 el icono del casino en l\u00ednea en tu pantalla.<\/li>\n<\/ol>\n<p>Si ya tienes una cuenta, debes iniciar sesi\u00f3n. Pero si no es as\u00ed, no hay problema. Puedes realizar el proceso de registro directamente en el casino m\u00f3vil. El proceso est\u00e1 dise\u00f1ado para ser sencillo y claro. Solo tienes que introducir tu correo electr\u00f3nico y crear una contrase\u00f1a.<\/p>\n<p><img loading=\"lazy\" decoding=\"async\" src=\"https:\/\/afk-spin.com\/wp-content\/uploads\/2025\/11\/AFKspin-Android-App.webp\" alt=\"AFKspin App Android\" width=\"1248\" height=\"536\" \/><\/p>\n<\/div><\/div><div style=\"clear: both\"><\/div><div class=\"d-flex justify-content-center\"><button data-item=\"decouvrez_link\" data-group=\"website_links\" class=\"goto fw-bold rounded-pill btn btn-orange\" aria-label=\"Descargar AFKspin\" >Descargar AFKspin<\/button><\/div><div class=\"scrollable-content-wrap my-5\"><div class=\"scrollable-content-inner\"><h2>Aplicaci\u00f3n AFK Spin para iOS<\/h2>\n<p>Nos complace ofrecer a nuestros clientes de iPhone y iPad el software m\u00f3vil adaptativo AFKSpin. Ahora ya no tienes que estar siempre en casa o en el lugar donde se encuentra tu PC. Puedes disfrutar de todos los juegos en tu dispositivo m\u00f3vil mientras te desplazas. Nuestros usuarios de iOS destacan especialmente la secci\u00f3n de casino en vivo por su atm\u00f3sfera aut\u00e9ntica.<\/p>\n<p>Tienes dos opciones para utilizar AFK Spin Casino en tu dispositivo m\u00f3vil: PWA o un icono de acceso directo. La aplicaci\u00f3n AFK Spin se puede descargar desde el sitio web haciendo clic en el bot\u00f3n \u00abAplicaci\u00f3n de casino\u00bb. Tarda unos minutos y te da acceso r\u00e1pido a todas las funciones necesarias. Para instalar el icono de acceso directo, te recomendamos que sigas nuestras instrucciones a continuaci\u00f3n:<\/p>\n<ol>\n<li>El usuario debe ir a nuestro sitio web oficial en Safari.<\/li>\n<li>A continuaci\u00f3n, debe hacer clic en el bot\u00f3n Compartir (un cuadrado con una flecha apuntando hacia arriba).<\/li>\n<li>En la lista que aparece, busca \u00abA\u00f1adir a la pantalla de inicio\u00bb y pulsa sobre \u00e9l.<\/li>\n<li>Para confirmar el paso, debe seleccionar \u00abA\u00f1adir\u00bb.<\/li>\n<\/ol>\n<p><img loading=\"lazy\" decoding=\"async\" src=\"https:\/\/afk-spin.com\/wp-content\/uploads\/2025\/11\/AFKspin-iOS-App.webp\" alt=\"AFKspin iOS App\" width=\"1248\" height=\"536\" \/><\/p>\n<\/div><\/div><div style=\"clear: both\"><\/div><div class=\"d-flex justify-content-center\"><button data-item=\"decouvrez_link\" data-group=\"website_links\" class=\"goto fw-bold rounded-pill btn btn-orange\" aria-label=\"Descarga la aplicaci\u00f3n AFKspin Casino\" >Descarga la aplicaci\u00f3n AFKspin Casino<\/button><\/div><div class=\"scrollable-content-wrap my-5\"><div class=\"scrollable-content-inner\"><h2>Aplicaci\u00f3n AFKSpin Casino para ordenador<\/h2>\n<p>Algunos usuarios de AFK Spin Casino prefieren combinar el casino m\u00f3vil con una experiencia de juego est\u00e1ndar en ordenador. Puede acceder a nuestro sitio web desde cualquier navegador y disfrutar de todos sus juegos favoritos en un solo lugar. Para empezar a jugar con dinero real, solo tiene que completar el proceso de registro.<\/p>\n<p>Para acceder r\u00e1pidamente a AFK Spin Casino, siempre puedes crear un acceso directo. Est\u00e1 disponible en cualquier navegador moderno. Solo tienes que visitar nuestro sitio web y, en la configuraci\u00f3n del navegador, seleccionar \u00abA\u00f1adir a la pantalla de inicio\u00bb. Despu\u00e9s, el icono deber\u00eda aparecer en tu pantalla.<\/p>\n<p><img loading=\"lazy\" decoding=\"async\" src=\"https:\/\/afk-spin.com\/wp-content\/uploads\/2025\/11\/AFKspin-Desktop.webp\" alt=\"AFKspin Desktop\" width=\"1248\" height=\"536\" \/><\/p>\n<\/div><\/div><div style=\"clear: both\"><\/div><div class=\"d-flex justify-content-center\"><button data-item=\"decouvrez_link\" data-group=\"website_links\" class=\"goto fw-bold rounded-pill btn btn-orange\" aria-label=\"Descargar AFKspin\" >Descargar AFKspin<\/button><\/div><div class=\"scrollable-content-wrap my-5\"><div class=\"scrollable-content-inner\"><h2>Preguntas frecuentes<\/h2>\n<h3>\u00bfPuedo cambiar mi contrase\u00f1a en la aplicaci\u00f3n AFK Spin?<\/h3>\n<p>Despu\u00e9s de iniciar sesi\u00f3n en tu cuenta, puedes cambiar cualquier informaci\u00f3n personal o de pago en la configuraci\u00f3n de tu cuenta. Para cambiar tu contrase\u00f1a, te enviaremos un correo electr\u00f3nico de confirmaci\u00f3n para asegurarnos de que eres t\u00fa.<\/p>\n<h3>\u00bfExisten restricciones en los juegos de las aplicaciones para m\u00f3viles y ordenadores?<\/h3>\n<p>Todos nuestros juegos est\u00e1n disponibles en la aplicaci\u00f3n AFK Spin Casino para dispositivos m\u00f3viles y PC. Todos se adaptan al tama\u00f1o de la pantalla y ofrecen una experiencia inolvidable.<\/p>\n<h3>\u00bfD\u00f3nde puedo descargar la aplicaci\u00f3n AFK Spin Casino desde una fuente fiable?<\/h3>\n<p>Debes descargar el software AFKSpin solo desde nuestro sitio web oficial. El resto de fuentes pueden no ser seguras o ser fraudulentas.<\/p>\n<h3>Tengo problemas con la aplicaci\u00f3n AFKSpin Casino. \u00bfQu\u00e9 debo hacer?<\/h3>\n<p>Si tienes alguna pregunta o problema con el software m\u00f3vil, siempre puedes ponerte en contacto con el equipo de atenci\u00f3n al cliente, disponible las 24 horas del d\u00eda, los 7 d\u00edas de la semana, a trav\u00e9s del chat en vivo o del correo electr\u00f3nico. Nuestros gestores estar\u00e1n encantados de ayudarte con cualquier problema.<\/p>\n<\/div><\/div><\/p>\n","protected":false},"excerpt":{"rendered":"<p>Aplicaci\u00f3n AFK Spin Si prefieres los juegos de azar emocionantes, pero tambi\u00e9n quieres ser flexible y jugar desde cualquier lugar, tienes que probar nuestra AFK Spin app. Est\u00e1 desarrollada para Android e iOS y ofrece una versi\u00f3n totalmente adaptada para tu dispositivo m\u00f3vil. El dise\u00f1o y la navegaci\u00f3n te resultar\u00e1n familiares si ya has probado [&hellip;]<\/p>\n","protected":false},"author":1,"featured_media":0,"parent":0,"menu_order":0,"comment_status":"closed","ping_status":"closed","template":"template-builder.php","meta":{"_acf_changed":false,"inline_featured_image":false,"footnotes":""},"class_list":["post-1431","page","type-page","status-publish","hentry"],"acf":[],"yoast_head":"<!-- This site is optimized with the Yoast SEO plugin v27.3 - https:\/\/yoast.com\/product\/yoast-seo-wordpress\/ -->\n<title>AFK Spin App \u2013 iOS, Android | Descarga<\/title>\n<meta name=\"description\" content=\"Instala AFK Spin App en iOS y Android para acceder a m\u00e1s de 6000 tragamonedas y juegos en vivo donde quieras. Rendimiento fluido, actualizaciones r\u00e1pidas y soporte 24\/7 \u2013 todo en AFKSpin App.\" \/>\n<meta name=\"robots\" content=\"index, follow, max-snippet:-1, max-image-preview:large, max-video-preview:-1\" \/>\n<link rel=\"canonical\" href=\"https:\/\/afk-spin.com\/es\/aplicacion\/\" \/>\n<meta property=\"og:locale\" content=\"es_ES\" \/>\n<meta property=\"og:type\" content=\"article\" \/>\n<meta property=\"og:title\" content=\"AFK Spin App \u2013 iOS, Android | Descarga\" \/>\n<meta property=\"og:description\" content=\"Instala AFK Spin App en iOS y Android para acceder a m\u00e1s de 6000 tragamonedas y juegos en vivo donde quieras. Rendimiento fluido, actualizaciones r\u00e1pidas y soporte 24\/7 \u2013 todo en AFKSpin App.\" \/>\n<meta property=\"og:url\" content=\"https:\/\/afk-spin.com\/es\/aplicacion\/\" \/>\n<meta property=\"og:site_name\" content=\"afkspins\" \/>\n<meta property=\"article:modified_time\" content=\"2025-11-24T07:15:31+00:00\" \/>\n<meta name=\"twitter:card\" content=\"summary_large_image\" \/>\n<meta name=\"twitter:label1\" content=\"Est. reading time\" \/>\n\t<meta name=\"twitter:data1\" content=\"2 minutes\" \/>\n<script type=\"application\/ld+json\" class=\"yoast-schema-graph\">{\"@context\":\"https:\\\/\\\/schema.org\",\"@graph\":[{\"@type\":\"WebPage\",\"@id\":\"https:\\\/\\\/afk-spin.com\\\/es\\\/aplicacion\\\/\",\"url\":\"https:\\\/\\\/afk-spin.com\\\/es\\\/aplicacion\\\/\",\"name\":\"AFK Spin App \u2013 iOS, Android | Descarga\",\"isPartOf\":{\"@id\":\"https:\\\/\\\/afk-spin.com\\\/es\\\/#website\"},\"datePublished\":\"2025-11-21T10:37:00+00:00\",\"dateModified\":\"2025-11-24T07:15:31+00:00\",\"description\":\"Instala AFK Spin App en iOS y Android para acceder a m\u00e1s de 6000 tragamonedas y juegos en vivo donde quieras. Rendimiento fluido, actualizaciones r\u00e1pidas y soporte 24\\\/7 \u2013 todo en AFKSpin App.\",\"breadcrumb\":{\"@id\":\"https:\\\/\\\/afk-spin.com\\\/es\\\/aplicacion\\\/#breadcrumb\"},\"inLanguage\":\"es-ES\",\"potentialAction\":[{\"@type\":\"ReadAction\",\"target\":[\"https:\\\/\\\/afk-spin.com\\\/es\\\/aplicacion\\\/\"]}]},{\"@type\":\"BreadcrumbList\",\"@id\":\"https:\\\/\\\/afk-spin.com\\\/es\\\/aplicacion\\\/#breadcrumb\",\"itemListElement\":[{\"@type\":\"ListItem\",\"position\":1,\"name\":\"Afkspin\",\"item\":\"https:\\\/\\\/afk-spin.com\\\/es\\\/\"},{\"@type\":\"ListItem\",\"position\":2,\"name\":\"Aplicaci\u00f3n\"}]},{\"@type\":\"WebSite\",\"@id\":\"https:\\\/\\\/afk-spin.com\\\/es\\\/#website\",\"url\":\"https:\\\/\\\/afk-spin.com\\\/es\\\/\",\"name\":\"Afkspin\",\"description\":\"\",\"publisher\":{\"@id\":\"https:\\\/\\\/afk-spin.com\\\/es\\\/#organization\"},\"potentialAction\":[{\"@type\":\"SearchAction\",\"target\":{\"@type\":\"EntryPoint\",\"urlTemplate\":\"https:\\\/\\\/afk-spin.com\\\/es\\\/?s={search_term_string}\"},\"query-input\":{\"@type\":\"PropertyValueSpecification\",\"valueRequired\":true,\"valueName\":\"search_term_string\"}}],\"inLanguage\":\"es-ES\"},{\"@type\":\"Organization\",\"@id\":\"https:\\\/\\\/afk-spin.com\\\/es\\\/#organization\",\"name\":\"Afkspin\",\"url\":\"https:\\\/\\\/afk-spin.com\\\/es\\\/\",\"logo\":{\"@type\":\"ImageObject\",\"inLanguage\":\"es-ES\",\"@id\":\"https:\\\/\\\/afk-spin.com\\\/es\\\/#\\\/schema\\\/logo\\\/image\\\/\",\"url\":\"https:\\\/\\\/afk-spin.com\\\/wp-content\\\/uploads\\\/2025\\\/11\\\/logo.svg\",\"contentUrl\":\"https:\\\/\\\/afk-spin.com\\\/wp-content\\\/uploads\\\/2025\\\/11\\\/logo.svg\",\"width\":84,\"height\":24,\"caption\":\"Afkspin\"},\"image\":{\"@id\":\"https:\\\/\\\/afk-spin.com\\\/es\\\/#\\\/schema\\\/logo\\\/image\\\/\"}}]}<\/script>\n<!-- \/ Yoast SEO plugin. -->","yoast_head_json":{"title":"AFK Spin App \u2013 iOS, Android | Descarga","description":"Instala AFK Spin App en iOS y Android para acceder a m\u00e1s de 6000 tragamonedas y juegos en vivo donde quieras. Rendimiento fluido, actualizaciones r\u00e1pidas y soporte 24\/7 \u2013 todo en AFKSpin App.","robots":{"index":"index","follow":"follow","max-snippet":"max-snippet:-1","max-image-preview":"max-image-preview:large","max-video-preview":"max-video-preview:-1"},"canonical":"https:\/\/afk-spin.com\/es\/aplicacion\/","og_locale":"es_ES","og_type":"article","og_title":"AFK Spin App \u2013 iOS, Android | Descarga","og_description":"Instala AFK Spin App en iOS y Android para acceder a m\u00e1s de 6000 tragamonedas y juegos en vivo donde quieras. Rendimiento fluido, actualizaciones r\u00e1pidas y soporte 24\/7 \u2013 todo en AFKSpin App.","og_url":"https:\/\/afk-spin.com\/es\/aplicacion\/","og_site_name":"afkspins","article_modified_time":"2025-11-24T07:15:31+00:00","twitter_card":"summary_large_image","twitter_misc":{"Est. reading time":"2 minutes"},"schema":{"@context":"https:\/\/schema.org","@graph":[{"@type":"WebPage","@id":"https:\/\/afk-spin.com\/es\/aplicacion\/","url":"https:\/\/afk-spin.com\/es\/aplicacion\/","name":"AFK Spin App \u2013 iOS, Android | Descarga","isPartOf":{"@id":"https:\/\/afk-spin.com\/es\/#website"},"datePublished":"2025-11-21T10:37:00+00:00","dateModified":"2025-11-24T07:15:31+00:00","description":"Instala AFK Spin App en iOS y Android para acceder a m\u00e1s de 6000 tragamonedas y juegos en vivo donde quieras. Rendimiento fluido, actualizaciones r\u00e1pidas y soporte 24\/7 \u2013 todo en AFKSpin App.","breadcrumb":{"@id":"https:\/\/afk-spin.com\/es\/aplicacion\/#breadcrumb"},"inLanguage":"es-ES","potentialAction":[{"@type":"ReadAction","target":["https:\/\/afk-spin.com\/es\/aplicacion\/"]}]},{"@type":"BreadcrumbList","@id":"https:\/\/afk-spin.com\/es\/aplicacion\/#breadcrumb","itemListElement":[{"@type":"ListItem","position":1,"name":"Afkspin","item":"https:\/\/afk-spin.com\/es\/"},{"@type":"ListItem","position":2,"name":"Aplicaci\u00f3n"}]},{"@type":"WebSite","@id":"https:\/\/afk-spin.com\/es\/#website","url":"https:\/\/afk-spin.com\/es\/","name":"Afkspin","description":"","publisher":{"@id":"https:\/\/afk-spin.com\/es\/#organization"},"potentialAction":[{"@type":"SearchAction","target":{"@type":"EntryPoint","urlTemplate":"https:\/\/afk-spin.com\/es\/?s={search_term_string}"},"query-input":{"@type":"PropertyValueSpecification","valueRequired":true,"valueName":"search_term_string"}}],"inLanguage":"es-ES"},{"@type":"Organization","@id":"https:\/\/afk-spin.com\/es\/#organization","name":"Afkspin","url":"https:\/\/afk-spin.com\/es\/","logo":{"@type":"ImageObject","inLanguage":"es-ES","@id":"https:\/\/afk-spin.com\/es\/#\/schema\/logo\/image\/","url":"https:\/\/afk-spin.com\/wp-content\/uploads\/2025\/11\/logo.svg","contentUrl":"https:\/\/afk-spin.com\/wp-content\/uploads\/2025\/11\/logo.svg","width":84,"height":24,"caption":"Afkspin"},"image":{"@id":"https:\/\/afk-spin.com\/es\/#\/schema\/logo\/image\/"}}]}},"_links":{"self":[{"href":"https:\/\/afk-spin.com\/es\/wp-json\/wp\/v2\/pages\/1431","targetHints":{"allow":["GET"]}}],"collection":[{"href":"https:\/\/afk-spin.com\/es\/wp-json\/wp\/v2\/pages"}],"about":[{"href":"https:\/\/afk-spin.com\/es\/wp-json\/wp\/v2\/types\/page"}],"author":[{"embeddable":true,"href":"https:\/\/afk-spin.com\/es\/wp-json\/wp\/v2\/users\/1"}],"replies":[{"embeddable":true,"href":"https:\/\/afk-spin.com\/es\/wp-json\/wp\/v2\/comments?post=1431"}],"version-history":[{"count":2,"href":"https:\/\/afk-spin.com\/es\/wp-json\/wp\/v2\/pages\/1431\/revisions"}],"predecessor-version":[{"id":1798,"href":"https:\/\/afk-spin.com\/es\/wp-json\/wp\/v2\/pages\/1431\/revisions\/1798"}],"wp:attachment":[{"href":"https:\/\/afk-spin.com\/es\/wp-json\/wp\/v2\/media?parent=1431"}],"curies":[{"name":"wp","href":"https:\/\/api.w.org\/{rel}","templated":true}]}}