{"id":1443,"date":"2025-11-21T10:45:48","date_gmt":"2025-11-21T10:45:48","guid":{"rendered":"https:\/\/afk-spin.com\/bonus-2\/"},"modified":"2025-11-24T07:20:19","modified_gmt":"2025-11-24T07:20:19","slug":"bonificacion","status":"publish","type":"page","link":"https:\/\/afk-spin.com\/es\/bonificacion\/","title":{"rendered":"Bonificaci\u00f3n"},"content":{"rendered":"<h1>Bonificaciones de AFK Spin<\/h1>\n<p>El sistema de AFK Spin bonus ofrece a sus clientes fant\u00e1sticas recompensas por elegir y permanecer en la plataforma. Las promociones har\u00e1n que tu experiencia en nuestro casino online sea a\u00fan m\u00e1s divertida y rentable. Todos los nuevos jugadores recibir\u00e1n un paquete de bienvenida de hasta 1500 \u20ac + 250 tiradas gratis por sus tres primeros dep\u00f3sitos. Despu\u00e9s, tendr\u00e1s acceso a reembolsos semanales, torneos, recargas dominicales y muchas otras opciones.<\/p>\n<p><div class=\"banner-wrap\" aria-label=\"Banner\"><img src=\"https:\/\/afk-spin.com\/wp-content\/uploads\/2025\/11\/AFK-Spins-banner-carousel-932\u0445400.webp\" class=\"w-100 d-none d-lg-block img-pc main-banner-img\" alt=\"AFK Spins banner desktop\" fetchpriority=\"high\" decoding=\"async\"><img src=\"https:\/\/afk-spin.com\/wp-content\/uploads\/2025\/12\/Frame-36-1.webp\" class=\"w-100 d-none d-md-block d-lg-none main-banner-img\" alt=\"AFK spin mobile banner\" fetchpriority=\"high\" decoding=\"async\"><img src=\"https:\/\/afk-spin.com\/wp-content\/uploads\/2025\/12\/Frame-36-1.webp\" class=\"w-100 d-md-none\" alt=\"AFK spin mobile banner\" fetchpriority=\"high\" decoding=\"async\"><div class=\"banner-description\">\n<div class=\"banner-title\">Bonos de bienvenida<\/div>\n<p class=\"banner-header-title\">\u20ac1500<\/p>\n<div class=\"banner-header-AdditionalText\">+ 250 giros gratis<\/div>\n<p>&nbsp;<\/p>\n<div class=\"m-button-content\"><button data-item=\"homepage_banner_link\" class=\"goto m-button m-gradient-border m-button--primary m-button--large banner-button btn-orange\">\n            <div class=\"m-button-content\">\n                <span>Reg\u00edstrate gratis ahora<\/span>\n                <span><\/span>\n            <\/div>\n        <\/button><\/div>\n<p>&nbsp;<\/p>\n<\/div>\n<div class=\"WelcomePack\">\n<p><img loading=\"lazy\" decoding=\"async\" class=\"alignnone size-full wp-image-1340\" src=\"https:\/\/afk-spin.com\/wp-content\/uploads\/2025\/11\/welcome-crown.svg\" alt=\"crown\" width=\"25\" height=\"26\" \/><\/p>\n<div class=\"WelcomePack-Info\">\n<p>Cashback semanal de hasta el 25%<\/p>\n<\/div>\n<p><img loading=\"lazy\" decoding=\"async\" class=\"alignnone size-full wp-image-1340\" src=\"https:\/\/afk-spin.com\/wp-content\/uploads\/2025\/11\/welcome-crown.svg\" alt=\"crown\" width=\"25\" height=\"26\" \/><\/p>\n<\/div>\n<\/div><div class=\"promotions-wrap\"><div class=\"promotion-card\" style=\"background-image: url(https:\/\/afk-spin.com\/wp-content\/uploads\/2025\/11\/AFK-Spins-promocards-300\u0445300-2-1.webp);\"><h2 class=\"promotion-card__title\">Primer dep\u00f3sito<\/h2><label class=\"promotion-card__offer\">100 % hasta 500 \u20ac + 150 tiradas gratis<\/label><label class=\"promotion-card__description\"><\/label><div class=\"promotion-card__actions\"><button data-item=\"payments_link\" data-group=\"website_links\" class=\"goto btn btn-orange rounded-pill fw-bold px-4 m-button m-gradient-border m-button--primary m-button--large promotion-button promotion-card__action-btn\" aria-label=\"Registrarse\"><div class=\"m-button-content\"><span class=\"promotion-button__content\">Registrarse<\/span><\/div><\/button><button data-item=\"http:\/\/bonus_link\" data-group=\"website_links\" class=\"goto m-button m-gradient-border m-button--secondary m-button--medium promotion-card__info-btn\" aria-label=\"More information\"><div class=\"m-button-content\"><svg viewBox=\"0 0 24 24\" fill=\"none\" xmlns=\"http:\/\/www.w3.org\/2000\/svg\" class=\"m-icon m-icon-loadable\" name=\"Attention\" loading=\"false\" aria-hidden=\"true\"><path d=\"M12 22C6.477 22 2 17.522 2 12S6.477 2 12 2s10 4.478 10 10-4.477 10-10 10m-.002-13.004a.999.999 0 1 0 0-1.997.999.999 0 0 0 0 1.997M12 17a1 1 0 0 0 .993-.884L13 16l-.002-5.001-.007-.117a1 1 0 0 0-1.986 0l-.007.117L11 16l.007.117A1 1 0 0 0 12 17\" fill=\"currentColor\"><\/path><\/svg><\/div><\/button><\/div><\/div><div class=\"promotion-card\" style=\"background-image: url(https:\/\/afk-spin.com\/wp-content\/uploads\/2025\/11\/AFK-Spins-promocards-300\u0445300-2.webp);\"><h2 class=\"promotion-card__title\">Segundo dep\u00f3sito<\/h2><label class=\"promotion-card__offer\">55 % hasta 500 \u20ac + 100 tiradas gratis<\/label><label class=\"promotion-card__description\"><\/label><div class=\"promotion-card__actions\"><button data-item=\"payments_link\" data-group=\"website_links\" class=\"goto btn btn-orange rounded-pill fw-bold px-4 m-button m-gradient-border m-button--primary m-button--large promotion-button promotion-card__action-btn\" aria-label=\"Registrarse\"><div class=\"m-button-content\"><span class=\"promotion-button__content\">Registrarse<\/span><\/div><\/button><button data-item=\"http:\/\/bonus_link\" data-group=\"website_links\" class=\"goto m-button m-gradient-border m-button--secondary m-button--medium promotion-card__info-btn\" aria-label=\"More information\"><div class=\"m-button-content\"><svg viewBox=\"0 0 24 24\" fill=\"none\" xmlns=\"http:\/\/www.w3.org\/2000\/svg\" class=\"m-icon m-icon-loadable\" name=\"Attention\" loading=\"false\" aria-hidden=\"true\"><path d=\"M12 22C6.477 22 2 17.522 2 12S6.477 2 12 2s10 4.478 10 10-4.477 10-10 10m-.002-13.004a.999.999 0 1 0 0-1.997.999.999 0 0 0 0 1.997M12 17a1 1 0 0 0 .993-.884L13 16l-.002-5.001-.007-.117a1 1 0 0 0-1.986 0l-.007.117L11 16l.007.117A1 1 0 0 0 12 17\" fill=\"currentColor\"><\/path><\/svg><\/div><\/button><\/div><\/div><div class=\"promotion-card\" style=\"background-image: url(https:\/\/afk-spin.com\/wp-content\/uploads\/2025\/11\/AFK-Spins-promocards-300\u0445300-3.webp);\"><h2 class=\"promotion-card__title\">Tercer dep\u00f3sito<\/h2><label class=\"promotion-card__offer\">100 % hasta 500 \u20ac<\/label><label class=\"promotion-card__description\"><\/label><div class=\"promotion-card__actions\"><button data-item=\"payments_link\" data-group=\"website_links\" class=\"goto btn btn-orange rounded-pill fw-bold px-4 m-button m-gradient-border m-button--primary m-button--large promotion-button promotion-card__action-btn\" aria-label=\"Registrarse\"><div class=\"m-button-content\"><span class=\"promotion-button__content\">Registrarse<\/span><\/div><\/button><button data-item=\"http:\/\/bonus_link\" data-group=\"website_links\" class=\"goto m-button m-gradient-border m-button--secondary m-button--medium promotion-card__info-btn\" aria-label=\"More information\"><div class=\"m-button-content\"><svg viewBox=\"0 0 24 24\" fill=\"none\" xmlns=\"http:\/\/www.w3.org\/2000\/svg\" class=\"m-icon m-icon-loadable\" name=\"Attention\" loading=\"false\" aria-hidden=\"true\"><path d=\"M12 22C6.477 22 2 17.522 2 12S6.477 2 12 2s10 4.478 10 10-4.477 10-10 10m-.002-13.004a.999.999 0 1 0 0-1.997.999.999 0 0 0 0 1.997M12 17a1 1 0 0 0 .993-.884L13 16l-.002-5.001-.007-.117a1 1 0 0 0-1.986 0l-.007.117L11 16l.007.117A1 1 0 0 0 12 17\" fill=\"currentColor\"><\/path><\/svg><\/div><\/button><\/div><\/div><div class=\"promotion-card\" style=\"background-image: url(https:\/\/afk-spin.com\/wp-content\/uploads\/2025\/11\/AFK-Spins-promocards-300\u0445300-\u2014-\u043a\u043e\u043f\u0438\u044f.webp);\"><h2 class=\"promotion-card__title\">Reembolso semanal<\/h2><label class=\"promotion-card__offer\">Hasta un 25%<\/label><label class=\"promotion-card__description\"><\/label><div class=\"promotion-card__actions\"><button data-item=\"payments_link\" data-group=\"website_links\" class=\"goto btn btn-orange rounded-pill fw-bold px-4 m-button m-gradient-border m-button--primary m-button--large promotion-button promotion-card__action-btn\" aria-label=\"Registrarse\"><div class=\"m-button-content\"><span class=\"promotion-button__content\">Registrarse<\/span><\/div><\/button><button data-item=\"http:\/\/bonus_link\" data-group=\"website_links\" class=\"goto m-button m-gradient-border m-button--secondary m-button--medium promotion-card__info-btn\" aria-label=\"More information\"><div class=\"m-button-content\"><svg viewBox=\"0 0 24 24\" fill=\"none\" xmlns=\"http:\/\/www.w3.org\/2000\/svg\" class=\"m-icon m-icon-loadable\" name=\"Attention\" loading=\"false\" aria-hidden=\"true\"><path d=\"M12 22C6.477 22 2 17.522 2 12S6.477 2 12 2s10 4.478 10 10-4.477 10-10 10m-.002-13.004a.999.999 0 1 0 0-1.997.999.999 0 0 0 0 1.997M12 17a1 1 0 0 0 .993-.884L13 16l-.002-5.001-.007-.117a1 1 0 0 0-1.986 0l-.007.117L11 16l.007.117A1 1 0 0 0 12 17\" fill=\"currentColor\"><\/path><\/svg><\/div><\/button><\/div><\/div><div class=\"promotion-card\" style=\"background-image: url(https:\/\/afk-spin.com\/wp-content\/uploads\/2025\/11\/AFK-Spins-promocards-300\u0445300-1.webp);\"><h2 class=\"promotion-card__title\">Rakeback<\/h2><label class=\"promotion-card__offer\">Hasta un 17 %<\/label><label class=\"promotion-card__description\"><\/label><div class=\"promotion-card__actions\"><button data-item=\"payments_link\" data-group=\"website_links\" class=\"goto btn btn-orange rounded-pill fw-bold px-4 m-button m-gradient-border m-button--primary m-button--large promotion-button promotion-card__action-btn\" aria-label=\"Registrarse\"><div class=\"m-button-content\"><span class=\"promotion-button__content\">Registrarse<\/span><\/div><\/button><button data-item=\"http:\/\/bonus_link\" data-group=\"website_links\" class=\"goto m-button m-gradient-border m-button--secondary m-button--medium promotion-card__info-btn\" aria-label=\"More information\"><div class=\"m-button-content\"><svg viewBox=\"0 0 24 24\" fill=\"none\" xmlns=\"http:\/\/www.w3.org\/2000\/svg\" class=\"m-icon m-icon-loadable\" name=\"Attention\" loading=\"false\" aria-hidden=\"true\"><path d=\"M12 22C6.477 22 2 17.522 2 12S6.477 2 12 2s10 4.478 10 10-4.477 10-10 10m-.002-13.004a.999.999 0 1 0 0-1.997.999.999 0 0 0 0 1.997M12 17a1 1 0 0 0 .993-.884L13 16l-.002-5.001-.007-.117a1 1 0 0 0-1.986 0l-.007.117L11 16l.007.117A1 1 0 0 0 12 17\" fill=\"currentColor\"><\/path><\/svg><\/div><\/button><\/div><\/div><div class=\"promotion-card\" style=\"background-image: url(https:\/\/afk-spin.com\/wp-content\/uploads\/2025\/11\/bronze-promocards-300\u0445300.webp);\"><h2 class=\"promotion-card__title\">Recarga dominical<\/h2><label class=\"promotion-card__offer\">25% hasta \u20ac100<\/label><label class=\"promotion-card__description\"><\/label><div class=\"promotion-card__actions\"><button data-item=\"payments_link\" data-group=\"website_links\" class=\"goto btn btn-orange rounded-pill fw-bold px-4 m-button m-gradient-border m-button--primary m-button--large promotion-button promotion-card__action-btn\" aria-label=\"Registrarse\"><div class=\"m-button-content\"><span class=\"promotion-button__content\">Registrarse<\/span><\/div><\/button><button data-item=\"http:\/\/bonus_link\" data-group=\"website_links\" class=\"goto m-button m-gradient-border m-button--secondary m-button--medium promotion-card__info-btn\" aria-label=\"More information\"><div class=\"m-button-content\"><svg viewBox=\"0 0 24 24\" fill=\"none\" xmlns=\"http:\/\/www.w3.org\/2000\/svg\" class=\"m-icon m-icon-loadable\" name=\"Attention\" loading=\"false\" aria-hidden=\"true\"><path d=\"M12 22C6.477 22 2 17.522 2 12S6.477 2 12 2s10 4.478 10 10-4.477 10-10 10m-.002-13.004a.999.999 0 1 0 0-1.997.999.999 0 0 0 0 1.997M12 17a1 1 0 0 0 .993-.884L13 16l-.002-5.001-.007-.117a1 1 0 0 0-1.986 0l-.007.117L11 16l.007.117A1 1 0 0 0 12 17\" fill=\"currentColor\"><\/path><\/svg><\/div><\/button><\/div><\/div><div class=\"promotion-card\" style=\"background-image: url(https:\/\/afk-spin.com\/wp-content\/uploads\/2025\/11\/AFK-Spins-promocards-300\u0445300-2-\u2014-\u043a\u043e\u043f\u0438\u044f.webp);\"><h2 class=\"promotion-card__title\">Bono Highroller<\/h2><label class=\"promotion-card__offer\">50% hasta \u20ac500<\/label><label class=\"promotion-card__description\"><\/label><div class=\"promotion-card__actions\"><button data-item=\"payments_link\" data-group=\"website_links\" class=\"goto btn btn-orange rounded-pill fw-bold px-4 m-button m-gradient-border m-button--primary m-button--large promotion-button promotion-card__action-btn\" aria-label=\"Registrarse\"><div class=\"m-button-content\"><span class=\"promotion-button__content\">Registrarse<\/span><\/div><\/button><button data-item=\"http:\/\/bonus_link\" data-group=\"website_links\" class=\"goto m-button m-gradient-border m-button--secondary m-button--medium promotion-card__info-btn\" aria-label=\"More information\"><div class=\"m-button-content\"><svg viewBox=\"0 0 24 24\" fill=\"none\" xmlns=\"http:\/\/www.w3.org\/2000\/svg\" class=\"m-icon m-icon-loadable\" name=\"Attention\" loading=\"false\" aria-hidden=\"true\"><path d=\"M12 22C6.477 22 2 17.522 2 12S6.477 2 12 2s10 4.478 10 10-4.477 10-10 10m-.002-13.004a.999.999 0 1 0 0-1.997.999.999 0 0 0 0 1.997M12 17a1 1 0 0 0 .993-.884L13 16l-.002-5.001-.007-.117a1 1 0 0 0-1.986 0l-.007.117L11 16l.007.117A1 1 0 0 0 12 17\" fill=\"currentColor\"><\/path><\/svg><\/div><\/button><\/div><\/div><\/div><div class=\"scrollable-content-wrap my-5\"><div class=\"scrollable-content-inner\"><h2>Ofertas de bonos de AFK Spin<\/h2>\n<p>En AFK Spin Casino estamos muy agradecidos a nuestros usuarios por elegir nuestra plataforma y mantenerse fieles durante tanto tiempo. Para darles las gracias, hemos creado un programa de bonificaciones AFK Spin exclusivo que se adapta a todos los tipos de jugadores, sus preferencias y presupuestos.<\/p>\n<p>Todos los nuevos clientes reciben autom\u00e1ticamente un paquete de bienvenida de hasta 1500 \u20ac + 250 tiradas gratis. Esto prolongar\u00e1 su tiempo en la plataforma y har\u00e1 que el proceso sea m\u00e1s divertido. Pero esto es solo el principio, porque para los jugadores habituales tenemos una gran variedad de bonificaciones AFKSpin.<\/p>\n<p>Tienes la oportunidad de recibir un reembolso semanal de hasta el 25 % de tus p\u00e9rdidas. Tambi\u00e9n hay una opci\u00f3n de recarga dominical que te da un 25 % hasta 100 \u20ac, lo que hace que el final de la semana sea a\u00fan m\u00e1s satisfactorio. Para aquellos que prefieren grandes dep\u00f3sitos y ganancias, siempre hay disponible un bono Highroller, que ofrece un 50 % hasta 500 \u20ac.<\/p>\n<h2>Paquete de bienvenida de AFK Spin Casino<\/h2>\n<p>AFK Spin Casino ofrece promociones muy interesantes a sus clientes. Cada nuevo cliente que se registre y realice su primer dep\u00f3sito recibir\u00e1 el paquete de bienvenida de hasta 1500 \u20ac + 250 tiradas gratis. Se divide entre tus tres primeros dep\u00f3sitos de la siguiente manera:<\/p>\n<ul>\n<li>Bono por primer dep\u00f3sito: 100 % hasta 500 \u20ac + 150 tiradas gratis<\/li>\n<li>Bono por segundo dep\u00f3sito: 55 % hasta 500 \u20ac + 100 tiradas gratis<\/li>\n<li>Bono por tercer dep\u00f3sito: 100 % hasta 500 \u20ac.<\/li>\n<\/ul>\n<p>Aprovechar este bono har\u00e1 que el comienzo de tu aventura sea rentable y emocionante. Con los giros gratis, podr\u00e1s probar nuevos t\u00edtulos sin riesgo alguno. El paquete de bienvenida es v\u00e1lido durante 7 d\u00edas tras su activaci\u00f3n. El dep\u00f3sito m\u00ednimo en los tres casos es de 20 \u20ac. El requisito de apuesta es de x35.<\/p>\n<h2>Lista de torneos AFK Spin<\/h2>\n<p>Para aquellos a los que les gusta competir con otros jugadores, tenemos una secci\u00f3n separada con todos los torneos disponibles. El principio del torneo es que juegas a t\u00edtulos o juegos espec\u00edficos de un proveedor de software, ganas puntos y, despu\u00e9s, tienes la oportunidad de ganar miles y millones de euros.<\/p>\n<p>Los torneos de AFK Spin Casino tienen botes muy elevados. Suelen estar pensados para tragamonedas u opciones de casino en vivo. A continuaci\u00f3n, encontrar\u00e1s m\u00e1s informaci\u00f3n sobre las opciones de AFKSpin Casino.<\/p>\n<table>\n<tbody>\n<tr>\n<td>Torneo<\/td>\n<td>Bote de premios<\/td>\n<\/tr>\n<tr>\n<td>Torneo diario Bronce<\/td>\n<td>2500 \u20ac<\/td>\n<\/tr>\n<tr>\n<td>Spinoleague<\/td>\n<td>12 000 000 \u20ac<\/td>\n<\/tr>\n<tr>\n<td>BGaming Drops Frenzy<\/td>\n<td>a partir de 660 000 \u20ac<\/td>\n<\/tr>\n<tr>\n<td>Torneo en vivo<\/td>\n<td>10 000 \u20ac<\/td>\n<\/tr>\n<\/tbody>\n<\/table>\n<h2>AFKSpin: t\u00e9rminos y condiciones<\/h2>\n<p>Para garantizar el juego limpio para todos nuestros usuarios, el sistema de bonificaciones de AFK Spin tiene sus propios t\u00e9rminos y condiciones. Estos pueden variar en cada caso espec\u00edfico. Siempre debes leer las reglas de la promoci\u00f3n antes de activarla. Existen varias categor\u00edas principales de t\u00e9rminos de bonificaci\u00f3n de AFK Spin:<\/p>\n<ul>\n<li>Dep\u00f3sito m\u00ednimo: para la mayor\u00eda de las ofertas, es de 20 \u20ac.<\/li>\n<li>Requisito de apuesta: nuestra plataforma tiene una regla de x35 o x40.<\/li>\n<li>Compatibilidad de m\u00faltiples promociones: no se pueden activar dos o m\u00e1s bonificaciones por dep\u00f3sito al mismo tiempo.<\/li>\n<li>L\u00edmite m\u00e1ximo de apuesta: la cantidad m\u00e1xima permitida es de 5 \u20ac.<\/li>\n<\/ul>\n<h2>Preguntas frecuentes<\/h2>\n<h3>\u00bfPor qu\u00e9 no aparece mi bonificaci\u00f3n despu\u00e9s del dep\u00f3sito?<\/h3>\n<p>A veces puede haber retrasos, por lo que debes esperar unos minutos. Si no ha cambiado nada, debes ponerte en contacto con nuestro equipo de atenci\u00f3n al cliente a trav\u00e9s del chat en vivo o por correo electr\u00f3nico.<\/p>\n<h3>\u00bfCu\u00e1nto tiempo son v\u00e1lidos los bonos?<\/h3>\n<p>Cada bonificaci\u00f3n tiene su periodo de validez. La mayor\u00eda de las promociones de nuestro sitio web son v\u00e1lidas durante 7-14 d\u00edas. Le recomendamos que lea atentamente los t\u00e9rminos y condiciones de cada bonificaci\u00f3n espec\u00edfica.<\/p>\n<h3>\u00bfPuedo retirar las ganancias de un bono?<\/h3>\n<p>El proceso de retirada en AFKSpin es relativamente f\u00e1cil y r\u00e1pido. Puedes retirar las ganancias si la cantidad es de 50 \u20ac o m\u00e1s. Nuestros m\u00e9todos de retirada incluyen tarjetas bancarias, monederos electr\u00f3nicos, transferencias bancarias y criptomonedas.<\/p>\n<h3>\u00bfLas bonificaciones se aplican a todos los juegos?<\/h3>\n<p>Cada oferta tiene sus propios t\u00e9rminos y condiciones en cuanto a los t\u00edtulos o proveedores de juegos. A veces, algunos tipos de juegos no se tienen en cuenta en su totalidad, sino solo en un 20 %, por ejemplo.<\/p>\n<\/div><\/div><\/p>\n","protected":false},"excerpt":{"rendered":"<p>Bonificaciones de AFK Spin El sistema de AFK Spin bonus ofrece a sus clientes fant\u00e1sticas recompensas por elegir y permanecer en la plataforma. Las promociones har\u00e1n que tu experiencia en nuestro casino online sea a\u00fan m\u00e1s divertida y rentable. Todos los nuevos jugadores recibir\u00e1n un paquete de bienvenida de hasta 1500 \u20ac + 250 tiradas [&hellip;]<\/p>\n","protected":false},"author":1,"featured_media":0,"parent":0,"menu_order":0,"comment_status":"closed","ping_status":"closed","template":"template-builder.php","meta":{"_acf_changed":false,"inline_featured_image":false,"footnotes":""},"class_list":["post-1443","page","type-page","status-publish","hentry"],"acf":[],"yoast_head":"<!-- This site is optimized with the Yoast SEO plugin v27.3 - https:\/\/yoast.com\/product\/yoast-seo-wordpress\/ -->\n<title>AFK Spin Bonus \u2013 Promociones y Bonos de Bienvenida<\/title>\n<meta name=\"description\" content=\"AFK Spin Bonus \u2013 descubre bonos de bienvenida, ofertas de dep\u00f3sito, giros gratis, cashbacks y torneos. T\u00e9rminos completos y detalles disponibles en AFKSpin Casino.\" \/>\n<meta name=\"robots\" content=\"index, follow, max-snippet:-1, max-image-preview:large, max-video-preview:-1\" \/>\n<link rel=\"canonical\" href=\"https:\/\/afk-spin.com\/es\/bonificacion\/\" \/>\n<meta property=\"og:locale\" content=\"es_ES\" \/>\n<meta property=\"og:type\" content=\"article\" \/>\n<meta property=\"og:title\" content=\"AFK Spin Bonus \u2013 Promociones y Bonos de Bienvenida\" \/>\n<meta property=\"og:description\" content=\"AFK Spin Bonus \u2013 descubre bonos de bienvenida, ofertas de dep\u00f3sito, giros gratis, cashbacks y torneos. T\u00e9rminos completos y detalles disponibles en AFKSpin Casino.\" \/>\n<meta property=\"og:url\" content=\"https:\/\/afk-spin.com\/es\/bonificacion\/\" \/>\n<meta property=\"og:site_name\" content=\"afkspins\" \/>\n<meta property=\"article:modified_time\" content=\"2025-11-24T07:20:19+00:00\" \/>\n<meta name=\"twitter:card\" content=\"summary_large_image\" \/>\n<meta name=\"twitter:label1\" content=\"Est. reading time\" \/>\n\t<meta name=\"twitter:data1\" content=\"1 minute\" \/>\n<script type=\"application\/ld+json\" class=\"yoast-schema-graph\">{\"@context\":\"https:\\\/\\\/schema.org\",\"@graph\":[{\"@type\":\"WebPage\",\"@id\":\"https:\\\/\\\/afk-spin.com\\\/es\\\/bonificacion\\\/\",\"url\":\"https:\\\/\\\/afk-spin.com\\\/es\\\/bonificacion\\\/\",\"name\":\"AFK Spin Bonus \u2013 Promociones y Bonos de Bienvenida\",\"isPartOf\":{\"@id\":\"https:\\\/\\\/afk-spin.com\\\/es\\\/#website\"},\"datePublished\":\"2025-11-21T10:45:48+00:00\",\"dateModified\":\"2025-11-24T07:20:19+00:00\",\"description\":\"AFK Spin Bonus \u2013 descubre bonos de bienvenida, ofertas de dep\u00f3sito, giros gratis, cashbacks y torneos. T\u00e9rminos completos y detalles disponibles en AFKSpin Casino.\",\"breadcrumb\":{\"@id\":\"https:\\\/\\\/afk-spin.com\\\/es\\\/bonificacion\\\/#breadcrumb\"},\"inLanguage\":\"es-ES\",\"potentialAction\":[{\"@type\":\"ReadAction\",\"target\":[\"https:\\\/\\\/afk-spin.com\\\/es\\\/bonificacion\\\/\"]}]},{\"@type\":\"BreadcrumbList\",\"@id\":\"https:\\\/\\\/afk-spin.com\\\/es\\\/bonificacion\\\/#breadcrumb\",\"itemListElement\":[{\"@type\":\"ListItem\",\"position\":1,\"name\":\"Afkspin\",\"item\":\"https:\\\/\\\/afk-spin.com\\\/es\\\/\"},{\"@type\":\"ListItem\",\"position\":2,\"name\":\"Bonificaci\u00f3n\"}]},{\"@type\":\"WebSite\",\"@id\":\"https:\\\/\\\/afk-spin.com\\\/es\\\/#website\",\"url\":\"https:\\\/\\\/afk-spin.com\\\/es\\\/\",\"name\":\"Afkspin\",\"description\":\"\",\"publisher\":{\"@id\":\"https:\\\/\\\/afk-spin.com\\\/es\\\/#organization\"},\"potentialAction\":[{\"@type\":\"SearchAction\",\"target\":{\"@type\":\"EntryPoint\",\"urlTemplate\":\"https:\\\/\\\/afk-spin.com\\\/es\\\/?s={search_term_string}\"},\"query-input\":{\"@type\":\"PropertyValueSpecification\",\"valueRequired\":true,\"valueName\":\"search_term_string\"}}],\"inLanguage\":\"es-ES\"},{\"@type\":\"Organization\",\"@id\":\"https:\\\/\\\/afk-spin.com\\\/es\\\/#organization\",\"name\":\"Afkspin\",\"url\":\"https:\\\/\\\/afk-spin.com\\\/es\\\/\",\"logo\":{\"@type\":\"ImageObject\",\"inLanguage\":\"es-ES\",\"@id\":\"https:\\\/\\\/afk-spin.com\\\/es\\\/#\\\/schema\\\/logo\\\/image\\\/\",\"url\":\"https:\\\/\\\/afk-spin.com\\\/wp-content\\\/uploads\\\/2025\\\/11\\\/logo.svg\",\"contentUrl\":\"https:\\\/\\\/afk-spin.com\\\/wp-content\\\/uploads\\\/2025\\\/11\\\/logo.svg\",\"width\":84,\"height\":24,\"caption\":\"Afkspin\"},\"image\":{\"@id\":\"https:\\\/\\\/afk-spin.com\\\/es\\\/#\\\/schema\\\/logo\\\/image\\\/\"}}]}<\/script>\n<!-- \/ Yoast SEO plugin. -->","yoast_head_json":{"title":"AFK Spin Bonus \u2013 Promociones y Bonos de Bienvenida","description":"AFK Spin Bonus \u2013 descubre bonos de bienvenida, ofertas de dep\u00f3sito, giros gratis, cashbacks y torneos. T\u00e9rminos completos y detalles disponibles en AFKSpin Casino.","robots":{"index":"index","follow":"follow","max-snippet":"max-snippet:-1","max-image-preview":"max-image-preview:large","max-video-preview":"max-video-preview:-1"},"canonical":"https:\/\/afk-spin.com\/es\/bonificacion\/","og_locale":"es_ES","og_type":"article","og_title":"AFK Spin Bonus \u2013 Promociones y Bonos de Bienvenida","og_description":"AFK Spin Bonus \u2013 descubre bonos de bienvenida, ofertas de dep\u00f3sito, giros gratis, cashbacks y torneos. T\u00e9rminos completos y detalles disponibles en AFKSpin Casino.","og_url":"https:\/\/afk-spin.com\/es\/bonificacion\/","og_site_name":"afkspins","article_modified_time":"2025-11-24T07:20:19+00:00","twitter_card":"summary_large_image","twitter_misc":{"Est. reading time":"1 minute"},"schema":{"@context":"https:\/\/schema.org","@graph":[{"@type":"WebPage","@id":"https:\/\/afk-spin.com\/es\/bonificacion\/","url":"https:\/\/afk-spin.com\/es\/bonificacion\/","name":"AFK Spin Bonus \u2013 Promociones y Bonos de Bienvenida","isPartOf":{"@id":"https:\/\/afk-spin.com\/es\/#website"},"datePublished":"2025-11-21T10:45:48+00:00","dateModified":"2025-11-24T07:20:19+00:00","description":"AFK Spin Bonus \u2013 descubre bonos de bienvenida, ofertas de dep\u00f3sito, giros gratis, cashbacks y torneos. T\u00e9rminos completos y detalles disponibles en AFKSpin Casino.","breadcrumb":{"@id":"https:\/\/afk-spin.com\/es\/bonificacion\/#breadcrumb"},"inLanguage":"es-ES","potentialAction":[{"@type":"ReadAction","target":["https:\/\/afk-spin.com\/es\/bonificacion\/"]}]},{"@type":"BreadcrumbList","@id":"https:\/\/afk-spin.com\/es\/bonificacion\/#breadcrumb","itemListElement":[{"@type":"ListItem","position":1,"name":"Afkspin","item":"https:\/\/afk-spin.com\/es\/"},{"@type":"ListItem","position":2,"name":"Bonificaci\u00f3n"}]},{"@type":"WebSite","@id":"https:\/\/afk-spin.com\/es\/#website","url":"https:\/\/afk-spin.com\/es\/","name":"Afkspin","description":"","publisher":{"@id":"https:\/\/afk-spin.com\/es\/#organization"},"potentialAction":[{"@type":"SearchAction","target":{"@type":"EntryPoint","urlTemplate":"https:\/\/afk-spin.com\/es\/?s={search_term_string}"},"query-input":{"@type":"PropertyValueSpecification","valueRequired":true,"valueName":"search_term_string"}}],"inLanguage":"es-ES"},{"@type":"Organization","@id":"https:\/\/afk-spin.com\/es\/#organization","name":"Afkspin","url":"https:\/\/afk-spin.com\/es\/","logo":{"@type":"ImageObject","inLanguage":"es-ES","@id":"https:\/\/afk-spin.com\/es\/#\/schema\/logo\/image\/","url":"https:\/\/afk-spin.com\/wp-content\/uploads\/2025\/11\/logo.svg","contentUrl":"https:\/\/afk-spin.com\/wp-content\/uploads\/2025\/11\/logo.svg","width":84,"height":24,"caption":"Afkspin"},"image":{"@id":"https:\/\/afk-spin.com\/es\/#\/schema\/logo\/image\/"}}]}},"_links":{"self":[{"href":"https:\/\/afk-spin.com\/es\/wp-json\/wp\/v2\/pages\/1443","targetHints":{"allow":["GET"]}}],"collection":[{"href":"https:\/\/afk-spin.com\/es\/wp-json\/wp\/v2\/pages"}],"about":[{"href":"https:\/\/afk-spin.com\/es\/wp-json\/wp\/v2\/types\/page"}],"author":[{"embeddable":true,"href":"https:\/\/afk-spin.com\/es\/wp-json\/wp\/v2\/users\/1"}],"replies":[{"embeddable":true,"href":"https:\/\/afk-spin.com\/es\/wp-json\/wp\/v2\/comments?post=1443"}],"version-history":[{"count":2,"href":"https:\/\/afk-spin.com\/es\/wp-json\/wp\/v2\/pages\/1443\/revisions"}],"predecessor-version":[{"id":1801,"href":"https:\/\/afk-spin.com\/es\/wp-json\/wp\/v2\/pages\/1443\/revisions\/1801"}],"wp:attachment":[{"href":"https:\/\/afk-spin.com\/es\/wp-json\/wp\/v2\/media?parent=1443"}],"curies":[{"name":"wp","href":"https:\/\/api.w.org\/{rel}","templated":true}]}}