{"id":1476,"date":"2025-11-21T10:39:09","date_gmt":"2025-11-21T10:39:09","guid":{"rendered":"https:\/\/afk-spin.com\/login-and-registration\/"},"modified":"2025-11-24T07:16:43","modified_gmt":"2025-11-24T07:16:43","slug":"inicio-de-sesion-y-registro","status":"publish","type":"page","link":"https:\/\/afk-spin.com\/es\/inicio-de-sesion-y-registro\/","title":{"rendered":"Inicio de sesi\u00f3n y registro"},"content":{"rendered":"<h1>Inicio de sesi\u00f3n y registro en AFK Spin<\/h1>\n<p>El proceso de AFK Spin login es el primer paso para explorar todas las funciones que ofrece nuestra plataforma. Puedes registrarte si tienes 18 a\u00f1os o m\u00e1s. El proceso solo lleva unos minutos y, despu\u00e9s, podr\u00e1s disfrutar de una enorme colecci\u00f3n de juegos, pagos seguros, emocionantes ofertas de bonos y torneos.<\/p>\n<p><div class=\"banner-wrap\" aria-label=\"Banner\"><img src=\"https:\/\/afk-spin.com\/wp-content\/uploads\/2025\/11\/AFK-Spins-banner-carousel-932\u0445400.webp\" class=\"w-100 d-none d-lg-block img-pc main-banner-img\" alt=\"AFK Spins banner desktop\" fetchpriority=\"high\" decoding=\"async\"><img src=\"https:\/\/afk-spin.com\/wp-content\/uploads\/2025\/12\/Frame-36-1.webp\" class=\"w-100 d-none d-md-block d-lg-none main-banner-img\" alt=\"AFK spin mobile banner\" fetchpriority=\"high\" decoding=\"async\"><img src=\"https:\/\/afk-spin.com\/wp-content\/uploads\/2025\/12\/Frame-36-1.webp\" class=\"w-100 d-md-none\" alt=\"AFK spin mobile banner\" fetchpriority=\"high\" decoding=\"async\"><div class=\"banner-description\">\n<div class=\"banner-title\">Bonos de bienvenida<\/div>\n<p class=\"banner-header-title\">\u20ac1500<\/p>\n<div class=\"banner-header-AdditionalText\">+ 250 giros gratis<\/div>\n<p>&nbsp;<\/p>\n<div class=\"m-button-content\"><button data-item=\"homepage_banner_link\" class=\"goto m-button m-gradient-border m-button--primary m-button--large banner-button btn-orange\">\n            <div class=\"m-button-content\">\n                <span>Reg\u00edstrate gratis ahora<\/span>\n                <span><\/span>\n            <\/div>\n        <\/button><\/div>\n<p>&nbsp;<\/p>\n<\/div>\n<div class=\"WelcomePack\">\n<p><img loading=\"lazy\" decoding=\"async\" class=\"alignnone size-full wp-image-1340\" src=\"https:\/\/afk-spin.com\/wp-content\/uploads\/2025\/11\/welcome-crown.svg\" alt=\"crown\" width=\"25\" height=\"26\" \/><\/p>\n<div class=\"WelcomePack-Info\">\n<p>Cashback semanal de hasta el 25%<\/p>\n<\/div>\n<p><img loading=\"lazy\" decoding=\"async\" class=\"alignnone size-full wp-image-1340\" src=\"https:\/\/afk-spin.com\/wp-content\/uploads\/2025\/11\/welcome-crown.svg\" alt=\"crown\" width=\"25\" height=\"26\" \/><\/p>\n<\/div>\n<\/div><div class=\"scrollable-content-wrap my-5\"><div class=\"scrollable-content-inner\"><h2>Gesti\u00f3n del registro en AFK Spin Casino<\/h2>\n<p>Para acceder a m\u00e1s de 6000 juegos de diferentes categor\u00edas, opciones de apuestas, bonificaciones, torneos, pagos y un equipo de atenci\u00f3n al cliente, debe registrar una cuenta en AFKSpin. Despu\u00e9s, podr\u00e1 empezar a jugar con dinero real, ya que los dep\u00f3sitos solo est\u00e1n disponibles con una cuenta.<\/p>\n<p>Nuestra plataforma tiene normas de registro, que puedes encontrar en la secci\u00f3n \u00abT\u00e9rminos y condiciones\u00bb en el pie de p\u00e1gina del sitio web. Hay algunas normas principales que todos los usuarios deben seguir:<\/p>\n<ul>\n<li>Debes tener 18 a\u00f1os o m\u00e1s para crear una cuenta en AFK Spin Casino.<\/li>\n<li>Cada persona solo puede tener una cuenta.<\/li>\n<li>Introduce tu nombre real, direcci\u00f3n y otra informaci\u00f3n. Es fundamental para un proceso de verificaci\u00f3n sin preocupaciones.<\/li>\n<\/ul>\n<h3>Crear cuenta<\/h3>\n<p>El proceso de registro en AFK Spin no dura m\u00e1s de 3 minutos. Pero le dar\u00e1 acceso a todas las funciones y juegos de nuestro sitio web. A continuaci\u00f3n, le ofrecemos instrucciones paso a paso para que el proceso sea lo m\u00e1s sencillo posible.<\/p>\n<table>\n<tbody>\n<tr>\n<td>Paso<\/td>\n<td>Detalles<\/td>\n<\/tr>\n<tr>\n<td>El usuario debe ir al sitio web oficial de AFK Spin Casino.<\/td>\n<td>Le rogamos que se registre \u00fanicamente en el sitio web oficial para evitar fraudes en plataformas desconocidas.<\/td>\n<\/tr>\n<tr>\n<td>Debe hacer clic en el bot\u00f3n \u00abRegistrarse\u00bb.<\/td>\n<td>Es un bot\u00f3n naranja situado en la esquina superior derecha de la p\u00e1gina principal.<\/td>\n<\/tr>\n<tr>\n<td>Debe rellenar el formulario de registro.<\/td>\n<td>El formulario de registro incluye un correo electr\u00f3nico y una contrase\u00f1a. La contrase\u00f1a debe tener al menos 6 caracteres.<\/td>\n<\/tr>\n<tr>\n<td>Es necesario confirmar su edad y aceptar las normas.<\/td>\n<td>Debes ser mayor de 18 a\u00f1os y leer y aceptar los t\u00e9rminos y condiciones de AFKSpin.<\/td>\n<\/tr>\n<tr>\n<td>Debes volver a hacer clic en el bot\u00f3n \u00abRegistrarse\u00bb.<\/td>\n<td>Este es el \u00faltimo paso para crear su cuenta.<\/td>\n<\/tr>\n<\/tbody>\n<\/table>\n<h2>Proceso de inicio de sesi\u00f3n en AFK Spin<\/h2>\n<p>Si ya tienes una cuenta en nuestro sitio web, solo tienes que introducir tu correo electr\u00f3nico y contrase\u00f1a para acceder a todas las funciones. El proceso de inicio de sesi\u00f3n en AFK Spin es necesario para jugar con dinero real, realizar retiradas y aprovechar los bonos.<\/p>\n<p>Tu cuenta personal te da acceso a un historial completo de tus transacciones, dep\u00f3sitos, apuestas y bonificaciones. All\u00ed tambi\u00e9n encontrar\u00e1s herramientas para el juego responsable, incluyendo l\u00edmites de tiempo y financieros.<\/p>\n<h3>\u00bfHa olvidado su contrase\u00f1a?<\/h3>\n<p>Si olvida la contrase\u00f1a de su cuenta, AFKSpin estar\u00e1 encantado de ayudarle a restablecerla y crear una nueva. Para ello, debe seguir el enlace \u00ab\u00bfHa olvidado su contrase\u00f1a?\u00bb en el formulario de inicio de sesi\u00f3n de AFK Spin. A continuaci\u00f3n, debe proporcionar su direcci\u00f3n de correo electr\u00f3nico y le enviaremos un enlace para restablecer su contrase\u00f1a y crear una nueva.<\/p>\n<h2>Proceso de verificaci\u00f3n de AFKSpin Casino<\/h2>\n<p>Para evitar el fraude y mantener una plataforma segura y justa, AFK Spin exige a todos los jugadores que completen la verificaci\u00f3n antes de realizar su primer dep\u00f3sito. Es un proceso sencillo que le llevar\u00e1 muy poco tiempo. Debe subir a la p\u00e1gina web los documentos que acrediten su identidad. Los documentos pueden incluir un documento de identidad, un pasaporte, un permiso de conducir y otras opciones.<\/p>\n<p>De acuerdo con las normas de AFK Spin Casino, nuestros gestores deben revisar los documentos subidos en un plazo de 48 horas. Despu\u00e9s, ver\u00e1s la respuesta en tu cuenta personal. Si todo est\u00e1 en orden, podr\u00e1s retirar tus ganancias sin demora.<\/p>\n<h2>Preguntas frecuentes<\/h2>\n<h3>\u00bfPuedo permanecer conectado en mi dispositivo?<\/h3>\n<p>Despu\u00e9s de completar el proceso de inicio de sesi\u00f3n en AFK Spin, no es necesario que cierres la sesi\u00f3n al finalizar. Esto significa que la pr\u00f3xima vez que visites la plataforma, no tendr\u00e1s que volver a introducir tus datos.<\/p>\n<h3>\u00bfQu\u00e9 debo hacer si olvido mi nombre de usuario o mi correo electr\u00f3nico?<\/h3>\n<p>En este caso, debe ponerse en contacto con nuestro servicio de asistencia multiling\u00fce disponible las 24 horas del d\u00eda, los 7 d\u00edas de la semana, a trav\u00e9s del chat en vivo o por correo electr\u00f3nico. Debe proporcionar la informaci\u00f3n de su cuenta y nuestros gestores intentar\u00e1n restablecer el acceso.<\/p>\n<h3>\u00bfC\u00f3mo puedo cambiar mis datos de inicio de sesi\u00f3n?<\/h3>\n<p>En su cuenta personal, tiene la opci\u00f3n de cambiar sus datos personales o de pago en cualquier momento. Al cambiar su correo electr\u00f3nico o contrase\u00f1a, la cuenta seguir\u00e1 estando segura.<\/p>\n<h3>\u00bfC\u00f3mo puedo habilitar la autenticaci\u00f3n de dos factores (2FA)?<\/h3>\n<p>Puede habilitar la autenticaci\u00f3n de dos factores en la configuraci\u00f3n de su cuenta en AFK Spin Casino. Es una muy buena idea para proteger adicionalmente sus datos personales.<\/p>\n<\/div><\/div><\/p>\n","protected":false},"excerpt":{"rendered":"<p>Inicio de sesi\u00f3n y registro en AFK Spin El proceso de AFK Spin login es el primer paso para explorar todas las funciones que ofrece nuestra plataforma. Puedes registrarte si tienes 18 a\u00f1os o m\u00e1s. El proceso solo lleva unos minutos y, despu\u00e9s, podr\u00e1s disfrutar de una enorme colecci\u00f3n de juegos, pagos seguros, emocionantes ofertas [&hellip;]<\/p>\n","protected":false},"author":1,"featured_media":0,"parent":0,"menu_order":0,"comment_status":"closed","ping_status":"closed","template":"template-builder.php","meta":{"_acf_changed":false,"inline_featured_image":false,"footnotes":""},"class_list":["post-1476","page","type-page","status-publish","hentry"],"acf":[],"yoast_head":"<!-- This site is optimized with the Yoast SEO plugin v27.3 - https:\/\/yoast.com\/product\/yoast-seo-wordpress\/ -->\n<title>AFK Spin Login \u2013 Registro y Gesti\u00f3n de Cuenta<\/title>\n<meta name=\"description\" content=\"AFK Spin login o crea tu cuenta f\u00e1cilmente. Gestiona verificaci\u00f3n, recuperaci\u00f3n de contrase\u00f1a y configuraci\u00f3n de cuenta de forma r\u00e1pida y segura en AFKSpin Casino.\" \/>\n<meta name=\"robots\" content=\"index, follow, max-snippet:-1, max-image-preview:large, max-video-preview:-1\" \/>\n<link rel=\"canonical\" href=\"https:\/\/afk-spin.com\/es\/inicio-de-sesion-y-registro\/\" \/>\n<meta property=\"og:locale\" content=\"es_ES\" \/>\n<meta property=\"og:type\" content=\"article\" \/>\n<meta property=\"og:title\" content=\"AFK Spin Login \u2013 Registro y Gesti\u00f3n de Cuenta\" \/>\n<meta property=\"og:description\" content=\"AFK Spin login o crea tu cuenta f\u00e1cilmente. Gestiona verificaci\u00f3n, recuperaci\u00f3n de contrase\u00f1a y configuraci\u00f3n de cuenta de forma r\u00e1pida y segura en AFKSpin Casino.\" \/>\n<meta property=\"og:url\" content=\"https:\/\/afk-spin.com\/es\/inicio-de-sesion-y-registro\/\" \/>\n<meta property=\"og:site_name\" content=\"afkspins\" \/>\n<meta property=\"article:modified_time\" content=\"2025-11-24T07:16:43+00:00\" \/>\n<meta name=\"twitter:card\" content=\"summary_large_image\" \/>\n<meta name=\"twitter:label1\" content=\"Est. reading time\" \/>\n\t<meta name=\"twitter:data1\" content=\"1 minute\" \/>\n<script type=\"application\/ld+json\" class=\"yoast-schema-graph\">{\"@context\":\"https:\\\/\\\/schema.org\",\"@graph\":[{\"@type\":\"WebPage\",\"@id\":\"https:\\\/\\\/afk-spin.com\\\/es\\\/inicio-de-sesion-y-registro\\\/\",\"url\":\"https:\\\/\\\/afk-spin.com\\\/es\\\/inicio-de-sesion-y-registro\\\/\",\"name\":\"AFK Spin Login \u2013 Registro y Gesti\u00f3n de Cuenta\",\"isPartOf\":{\"@id\":\"https:\\\/\\\/afk-spin.com\\\/es\\\/#website\"},\"datePublished\":\"2025-11-21T10:39:09+00:00\",\"dateModified\":\"2025-11-24T07:16:43+00:00\",\"description\":\"AFK Spin login o crea tu cuenta f\u00e1cilmente. Gestiona verificaci\u00f3n, recuperaci\u00f3n de contrase\u00f1a y configuraci\u00f3n de cuenta de forma r\u00e1pida y segura en AFKSpin Casino.\",\"breadcrumb\":{\"@id\":\"https:\\\/\\\/afk-spin.com\\\/es\\\/inicio-de-sesion-y-registro\\\/#breadcrumb\"},\"inLanguage\":\"es-ES\",\"potentialAction\":[{\"@type\":\"ReadAction\",\"target\":[\"https:\\\/\\\/afk-spin.com\\\/es\\\/inicio-de-sesion-y-registro\\\/\"]}]},{\"@type\":\"BreadcrumbList\",\"@id\":\"https:\\\/\\\/afk-spin.com\\\/es\\\/inicio-de-sesion-y-registro\\\/#breadcrumb\",\"itemListElement\":[{\"@type\":\"ListItem\",\"position\":1,\"name\":\"Afkspin\",\"item\":\"https:\\\/\\\/afk-spin.com\\\/es\\\/\"},{\"@type\":\"ListItem\",\"position\":2,\"name\":\"Inicio de sesi\u00f3n y registro\"}]},{\"@type\":\"WebSite\",\"@id\":\"https:\\\/\\\/afk-spin.com\\\/es\\\/#website\",\"url\":\"https:\\\/\\\/afk-spin.com\\\/es\\\/\",\"name\":\"Afkspin\",\"description\":\"\",\"publisher\":{\"@id\":\"https:\\\/\\\/afk-spin.com\\\/es\\\/#organization\"},\"potentialAction\":[{\"@type\":\"SearchAction\",\"target\":{\"@type\":\"EntryPoint\",\"urlTemplate\":\"https:\\\/\\\/afk-spin.com\\\/es\\\/?s={search_term_string}\"},\"query-input\":{\"@type\":\"PropertyValueSpecification\",\"valueRequired\":true,\"valueName\":\"search_term_string\"}}],\"inLanguage\":\"es-ES\"},{\"@type\":\"Organization\",\"@id\":\"https:\\\/\\\/afk-spin.com\\\/es\\\/#organization\",\"name\":\"Afkspin\",\"url\":\"https:\\\/\\\/afk-spin.com\\\/es\\\/\",\"logo\":{\"@type\":\"ImageObject\",\"inLanguage\":\"es-ES\",\"@id\":\"https:\\\/\\\/afk-spin.com\\\/es\\\/#\\\/schema\\\/logo\\\/image\\\/\",\"url\":\"https:\\\/\\\/afk-spin.com\\\/wp-content\\\/uploads\\\/2025\\\/11\\\/logo.svg\",\"contentUrl\":\"https:\\\/\\\/afk-spin.com\\\/wp-content\\\/uploads\\\/2025\\\/11\\\/logo.svg\",\"width\":84,\"height\":24,\"caption\":\"Afkspin\"},\"image\":{\"@id\":\"https:\\\/\\\/afk-spin.com\\\/es\\\/#\\\/schema\\\/logo\\\/image\\\/\"}}]}<\/script>\n<!-- \/ Yoast SEO plugin. -->","yoast_head_json":{"title":"AFK Spin Login \u2013 Registro y Gesti\u00f3n de Cuenta","description":"AFK Spin login o crea tu cuenta f\u00e1cilmente. Gestiona verificaci\u00f3n, recuperaci\u00f3n de contrase\u00f1a y configuraci\u00f3n de cuenta de forma r\u00e1pida y segura en AFKSpin Casino.","robots":{"index":"index","follow":"follow","max-snippet":"max-snippet:-1","max-image-preview":"max-image-preview:large","max-video-preview":"max-video-preview:-1"},"canonical":"https:\/\/afk-spin.com\/es\/inicio-de-sesion-y-registro\/","og_locale":"es_ES","og_type":"article","og_title":"AFK Spin Login \u2013 Registro y Gesti\u00f3n de Cuenta","og_description":"AFK Spin login o crea tu cuenta f\u00e1cilmente. Gestiona verificaci\u00f3n, recuperaci\u00f3n de contrase\u00f1a y configuraci\u00f3n de cuenta de forma r\u00e1pida y segura en AFKSpin Casino.","og_url":"https:\/\/afk-spin.com\/es\/inicio-de-sesion-y-registro\/","og_site_name":"afkspins","article_modified_time":"2025-11-24T07:16:43+00:00","twitter_card":"summary_large_image","twitter_misc":{"Est. reading time":"1 minute"},"schema":{"@context":"https:\/\/schema.org","@graph":[{"@type":"WebPage","@id":"https:\/\/afk-spin.com\/es\/inicio-de-sesion-y-registro\/","url":"https:\/\/afk-spin.com\/es\/inicio-de-sesion-y-registro\/","name":"AFK Spin Login \u2013 Registro y Gesti\u00f3n de Cuenta","isPartOf":{"@id":"https:\/\/afk-spin.com\/es\/#website"},"datePublished":"2025-11-21T10:39:09+00:00","dateModified":"2025-11-24T07:16:43+00:00","description":"AFK Spin login o crea tu cuenta f\u00e1cilmente. Gestiona verificaci\u00f3n, recuperaci\u00f3n de contrase\u00f1a y configuraci\u00f3n de cuenta de forma r\u00e1pida y segura en AFKSpin Casino.","breadcrumb":{"@id":"https:\/\/afk-spin.com\/es\/inicio-de-sesion-y-registro\/#breadcrumb"},"inLanguage":"es-ES","potentialAction":[{"@type":"ReadAction","target":["https:\/\/afk-spin.com\/es\/inicio-de-sesion-y-registro\/"]}]},{"@type":"BreadcrumbList","@id":"https:\/\/afk-spin.com\/es\/inicio-de-sesion-y-registro\/#breadcrumb","itemListElement":[{"@type":"ListItem","position":1,"name":"Afkspin","item":"https:\/\/afk-spin.com\/es\/"},{"@type":"ListItem","position":2,"name":"Inicio de sesi\u00f3n y registro"}]},{"@type":"WebSite","@id":"https:\/\/afk-spin.com\/es\/#website","url":"https:\/\/afk-spin.com\/es\/","name":"Afkspin","description":"","publisher":{"@id":"https:\/\/afk-spin.com\/es\/#organization"},"potentialAction":[{"@type":"SearchAction","target":{"@type":"EntryPoint","urlTemplate":"https:\/\/afk-spin.com\/es\/?s={search_term_string}"},"query-input":{"@type":"PropertyValueSpecification","valueRequired":true,"valueName":"search_term_string"}}],"inLanguage":"es-ES"},{"@type":"Organization","@id":"https:\/\/afk-spin.com\/es\/#organization","name":"Afkspin","url":"https:\/\/afk-spin.com\/es\/","logo":{"@type":"ImageObject","inLanguage":"es-ES","@id":"https:\/\/afk-spin.com\/es\/#\/schema\/logo\/image\/","url":"https:\/\/afk-spin.com\/wp-content\/uploads\/2025\/11\/logo.svg","contentUrl":"https:\/\/afk-spin.com\/wp-content\/uploads\/2025\/11\/logo.svg","width":84,"height":24,"caption":"Afkspin"},"image":{"@id":"https:\/\/afk-spin.com\/es\/#\/schema\/logo\/image\/"}}]}},"_links":{"self":[{"href":"https:\/\/afk-spin.com\/es\/wp-json\/wp\/v2\/pages\/1476","targetHints":{"allow":["GET"]}}],"collection":[{"href":"https:\/\/afk-spin.com\/es\/wp-json\/wp\/v2\/pages"}],"about":[{"href":"https:\/\/afk-spin.com\/es\/wp-json\/wp\/v2\/types\/page"}],"author":[{"embeddable":true,"href":"https:\/\/afk-spin.com\/es\/wp-json\/wp\/v2\/users\/1"}],"replies":[{"embeddable":true,"href":"https:\/\/afk-spin.com\/es\/wp-json\/wp\/v2\/comments?post=1476"}],"version-history":[{"count":1,"href":"https:\/\/afk-spin.com\/es\/wp-json\/wp\/v2\/pages\/1476\/revisions"}],"predecessor-version":[{"id":1799,"href":"https:\/\/afk-spin.com\/es\/wp-json\/wp\/v2\/pages\/1476\/revisions\/1799"}],"wp:attachment":[{"href":"https:\/\/afk-spin.com\/es\/wp-json\/wp\/v2\/media?parent=1476"}],"curies":[{"name":"wp","href":"https:\/\/api.w.org\/{rel}","templated":true}]}}