{"id":1422,"date":"2025-11-21T10:37:00","date_gmt":"2025-11-21T10:37:00","guid":{"rendered":"https:\/\/afk-spin.com\/app\/"},"modified":"2025-12-24T11:20:38","modified_gmt":"2025-12-24T11:20:38","slug":"app","status":"publish","type":"page","link":"https:\/\/afk-spin.com\/fr\/app\/","title":{"rendered":"App"},"content":{"rendered":"<h1>Application AFK Spin<\/h1>\n<p>Si vous pr\u00e9f\u00e9rez les jeux d&rsquo;argent passionnants, mais que vous souhaitez \u00e9galement \u00eatre flexible et jouer de n&rsquo;importe o\u00f9, vous devez essayer notre AFK Spin app. Elle est d\u00e9velopp\u00e9e pour Android et iOS et offre une version enti\u00e8rement adapt\u00e9e \u00e0 votre appareil mobile. Le design et la navigation vous seront familiers si vous avez d\u00e9j\u00e0 essay\u00e9 la version compl\u00e8te pour ordinateur. Dans l&rsquo;application, vous trouverez une vaste collection de jeux, des bonus avantageux, des tournois passionnants, un service client\u00e8le utile et bien plus encore.<\/p>\n<div class=\"banner-wrap\" aria-label=\"Banner\"><img src=\"https:\/\/afk-spin.com\/wp-content\/uploads\/2025\/11\/AFK-Spins-banner-carousel-932\u0445400.webp\" class=\"w-100 d-none d-lg-block img-pc main-banner-img\" alt=\"AFK Spins banner desktop\" fetchpriority=\"high\" decoding=\"async\"><img src=\"https:\/\/afk-spin.com\/wp-content\/uploads\/2025\/12\/Frame-36-1.webp\" class=\"w-100 d-none d-md-block d-lg-none main-banner-img\" alt=\"AFK spin mobile banner\" fetchpriority=\"high\" decoding=\"async\"><img src=\"https:\/\/afk-spin.com\/wp-content\/uploads\/2025\/12\/Frame-36-1.webp\" class=\"w-100 d-md-none\" alt=\"AFK spin mobile banner\" fetchpriority=\"high\" decoding=\"async\"><div class=\"banner-description\">\n<div class=\"banner-title\">Bonus de bienvenue<\/div>\n<p class=\"banner-header-title\">1000 \u20ac<\/p>\n<div class=\"banner-header-AdditionalText\">+ 100 Tours Gratuits<\/div>\n<button data-item=\"homepage_banner_link\" class=\"goto m-button m-gradient-border m-button--primary m-button--large banner-button btn-orange\">\n            <div class=\"m-button-content\">\n                <span>Inscrivez-vous d\u00e8s maintenant<\/span>\n                <span><\/span>\n            <\/div>\n        <\/button>\n<\/div>\n<div class=\"WelcomePack\">\n<p><img loading=\"lazy\" decoding=\"async\" class=\"alignnone size-full wp-image-1338\" src=\"https:\/\/afk-spin.com\/wp-content\/uploads\/2025\/11\/welcome-crown.svg\" alt=\"crown\" width=\"25\" height=\"26\" \/><\/p>\n<div class=\"WelcomePack-Info\">Cashback hebdomadaire jusqu&rsquo;\u00e0 25 %<\/div>\n<p><img loading=\"lazy\" decoding=\"async\" class=\"alignnone size-full wp-image-1338\" src=\"https:\/\/afk-spin.com\/wp-content\/uploads\/2025\/11\/welcome-crown.svg\" alt=\"crown\" width=\"25\" height=\"26\" \/><\/p>\n<\/div>\n<\/div>\n<h2>Application mobile AFK Spin<\/h2>\n<p>Essayer de nouvelles choses peut am\u00e9liorer votre exp\u00e9rience de jeu. C&rsquo;est pourquoi nous recommandons \u00e0 tous nos clients de jouer au moins une fois sur le casino mobile AFKSpin. Vous y trouverez les m\u00eames 6 000 jeux et plus, y compris des machines \u00e0 sous, des jeux de table, des options de casino en direct, des jeux instantan\u00e9s et bien plus encore.<\/p>\n<p>Toutes les fonctions de l&rsquo;application sont parfaitement adapt\u00e9es aux appareils mobiles modernes. Par exemple, les jeux avec croupier en direct sont toujours traduits en qualit\u00e9 HD et sont compatibles avec Android et iOS. Vous pouvez effectuer des d\u00e9p\u00f4ts et des retraits apr\u00e8s le processus de v\u00e9rification en suivant la m\u00eame proc\u00e9dure que dans la version pour ordinateur.<\/p>\n<p>Mais nous ne vous imposons aucune limite. Vous pouvez vous connecter depuis votre appareil mobile, faire des paris et continuer plus tard sur votre PC. Toutes vos donn\u00e9es et vos r\u00e9sultats sont synchronis\u00e9s entre tous les appareils sur lesquels vous \u00eates connect\u00e9.<\/p>\n<table>\n<tbody>\n<tr>\n<td>Avantages<\/td>\n<td>Inconv\u00e9nients<\/td>\n<\/tr>\n<tr>\n<td>Elle offre un design \u00e9l\u00e9gant et intuitif pour une navigation facile et un gameplay fluide.<\/td>\n<td>L&rsquo;application n&rsquo;est pas disponible dans les boutiques officielles.<\/td>\n<\/tr>\n<tr>\n<td>Une vaste biblioth\u00e8que de jeux est disponible directement dans le logiciel mobile, y compris des machines \u00e0 sous en ligne et des tables en direct.<\/td>\n<td>Pour mettre \u00e0 jour le logiciel mobile, vous devez t\u00e9l\u00e9charger manuellement la derni\u00e8re version depuis le site web.<\/td>\n<\/tr>\n<tr>\n<td>Les notifications push vous tiennent inform\u00e9 des bonus, des nouveaux jeux et des promotions.<\/td>\n<td><\/td>\n<\/tr>\n<tr>\n<td>Paiements mobiles s\u00e9curis\u00e9s, y compris cartes bancaires, portefeuilles \u00e9lectroniques, virements bancaires et cryptomonnaies pour des d\u00e9p\u00f4ts et retraits rapides.<\/td>\n<td><\/td>\n<\/tr>\n<\/tbody>\n<\/table>\n<p><div style=\"clear: both\"><\/div><div class=\"d-flex justify-content-center\"><button data-item=\"decouvrez_link\" data-group=\"website_links\" class=\"goto fw-bold rounded-pill btn btn-orange\" aria-label=\"T\u00e9l\u00e9chargez l&#039;application AFKspin Casino\" >T\u00e9l\u00e9chargez l&#039;application AFKspin Casino<\/button><\/div><div class=\"scrollable-content-wrap my-5\"><div class=\"scrollable-content-inner\"><h2>Application AFK Spin \u2013 Android<\/h2>\n<p>Tous les appareils Android modernes sont compatibles avec notre logiciel mobile. Nous proposons une application web progressive (PWA) qui ne n\u00e9cessite pas le t\u00e9l\u00e9chargement de fichiers APK inconnus. Le logiciel est identique \u00e0 la version de bureau, vous ne serez donc pas perdu si vous l&rsquo;avez d\u00e9j\u00e0 utilis\u00e9 auparavant.<\/p>\n<p>L&rsquo;installation du logiciel ne prendra pas plus de 3 minutes et votre appareil sera s\u00e9curis\u00e9 et ne n\u00e9cessitera aucun nouveau t\u00e9l\u00e9chargement inutile. Vous pouvez suivre les instructions ci-dessous pour d\u00e9marrer en douceur avec l&rsquo;application AFK Spin pour Android :<\/p>\n<ol>\n<li>Vous devez vous rendre sur le site officiel d&rsquo;AFK Spin Casino.<\/li>\n<li>Dans le pied de page (en bas du site web), vous trouverez le bouton \u00ab Casino App \u00bb sur lequel vous devrez cliquer.<\/li>\n<li>Le processus d&rsquo;installation d\u00e9marrera automatiquement et ne prendra qu&rsquo;une \u00e0 deux minutes si vous disposez d&rsquo;une connexion Internet stable.<\/li>\n<li>Une fois l&rsquo;application install\u00e9e, l&rsquo;ic\u00f4ne du casino en ligne appara\u00eetra sur votre \u00e9cran.<\/li>\n<\/ol>\n<p>Si vous avez d\u00e9j\u00e0 un compte, vous devez vous connecter. Mais si ce n&rsquo;est pas le cas, ce n&rsquo;est pas un probl\u00e8me. Vous pouvez suivre le processus d&rsquo;inscription directement dans le casino mobile. Le processus est con\u00e7u pour \u00eatre simple et clair. Il vous suffit d&rsquo;entrer votre adresse e-mail et de cr\u00e9er un mot de passe.<\/p>\n<p><img loading=\"lazy\" decoding=\"async\" src=\"https:\/\/afk-spin.com\/wp-content\/uploads\/2025\/11\/AFKspin-Android-App.webp\" alt=\"AFKspin App Android\" width=\"1248\" height=\"536\" \/><\/p>\n<\/div><\/div><div style=\"clear: both\"><\/div><div class=\"d-flex justify-content-center\"><button data-item=\"decouvrez_link\" data-group=\"website_links\" class=\"goto fw-bold rounded-pill btn btn-orange\" aria-label=\"T\u00e9l\u00e9charger AFKspin\" >T\u00e9l\u00e9charger AFKspin<\/button><\/div><div class=\"scrollable-content-wrap my-5\"><div class=\"scrollable-content-inner\"><h2>Application AFK Spin pour iOS<\/h2>\n<p>Nous sommes heureux d&rsquo;offrir \u00e0 nos clients iPhone et iPad le logiciel mobile adaptatif AFKSpin. D\u00e9sormais, vous n&rsquo;avez plus besoin d&rsquo;\u00eatre chez vous ou \u00e0 l&rsquo;endroit o\u00f9 se trouve votre PC. Vous pouvez profiter de tous les jeux sur votre appareil mobile o\u00f9 que vous soyez. Nos utilisateurs iOS appr\u00e9cient particuli\u00e8rement la section casino en direct pour son atmosph\u00e8re authentique.<\/p>\n<p>Vous avez deux options pour utiliser AFK Spin Casino sur votre appareil mobile : PWA ou une ic\u00f4ne de raccourci. L&rsquo;application AFK Spin peut \u00eatre t\u00e9l\u00e9charg\u00e9e depuis le site web en cliquant sur le bouton \u00ab Casino App \u00bb. Cela ne prend que quelques minutes et vous donne un acc\u00e8s rapide \u00e0 toutes les fonctions n\u00e9cessaires. Pour installer l&rsquo;ic\u00f4ne de raccourci, nous vous recommandons de suivre nos instructions ci-dessous :<\/p>\n<ol>\n<li>L&rsquo;utilisateur doit se rendre sur notre site web officiel dans Safari.<\/li>\n<li>Ensuite, vous devez cliquer sur le bouton Partager (un carr\u00e9 avec une fl\u00e8che pointant vers le haut).<\/li>\n<li>Dans la liste qui s&rsquo;affiche, recherchez \u00ab Ajouter \u00e0 l&rsquo;\u00e9cran d&rsquo;accueil \u00bb et appuyez dessus.<\/li>\n<li>Pour confirmer l&rsquo;\u00e9tape, vous devez choisir \u00ab Ajouter \u00bb.<\/li>\n<\/ol>\n<p><img loading=\"lazy\" decoding=\"async\" src=\"https:\/\/afk-spin.com\/wp-content\/uploads\/2025\/11\/AFKspin-iOS-App.webp\" alt=\"AFKspin iOS App\" width=\"1248\" height=\"536\" \/><\/p>\n<\/div><\/div><div style=\"clear: both\"><\/div><div class=\"d-flex justify-content-center\"><button data-item=\"decouvrez_link\" data-group=\"website_links\" class=\"goto fw-bold rounded-pill btn btn-orange\" aria-label=\"T\u00e9l\u00e9chargez l&#039;application AFKspin Casino\" >T\u00e9l\u00e9chargez l&#039;application AFKspin Casino<\/button><\/div><div class=\"scrollable-content-wrap my-5\"><div class=\"scrollable-content-inner\"><h2>Application AFKSpin Casino pour ordinateur<\/h2>\n<p>Certains utilisateurs d&rsquo;AFK Spin Casino pr\u00e9f\u00e8rent combiner le casino mobile avec une exp\u00e9rience de jeu standard sur ordinateur. Vous pouvez acc\u00e9der \u00e0 notre site web depuis n&rsquo;importe quel navigateur et profiter de tous vos jeux pr\u00e9f\u00e9r\u00e9s en un seul endroit. Pour commencer \u00e0 jouer avec de l&rsquo;argent r\u00e9el, il vous suffit de suivre la proc\u00e9dure d&rsquo;inscription.<\/p>\n<p>Pour acc\u00e9der rapidement \u00e0 AFK Spin Casino, vous pouvez toujours cr\u00e9er un raccourci. Il est disponible dans tous les navigateurs modernes. Il vous suffit de vous rendre sur notre site web et, dans les param\u00e8tres du navigateur, de s\u00e9lectionner \u00ab Ajouter \u00e0 l&rsquo;\u00e9cran d&rsquo;accueil \u00bb. L&rsquo;ic\u00f4ne devrait alors appara\u00eetre sur votre \u00e9cran.<\/p>\n<p><img loading=\"lazy\" decoding=\"async\" src=\"https:\/\/afk-spin.com\/wp-content\/uploads\/2025\/11\/AFKspin-Desktop.webp\" alt=\"AFKspin Desktop\" width=\"1248\" height=\"536\" \/><\/p>\n<\/div><\/div><div style=\"clear: both\"><\/div><div class=\"d-flex justify-content-center\"><button data-item=\"decouvrez_link\" data-group=\"website_links\" class=\"goto fw-bold rounded-pill btn btn-orange\" aria-label=\"T\u00e9l\u00e9charger AFKspin\" >T\u00e9l\u00e9charger AFKspin<\/button><\/div><div class=\"scrollable-content-wrap my-5\"><div class=\"scrollable-content-inner\"><h2>FAQ<\/h2>\n<h3>Puis-je modifier mon mot de passe dans l&rsquo;app AFK Spin ?<\/h3>\n<p>Une fois connect\u00e9 \u00e0 votre compte, vous pouvez modifier toutes vos informations personnelles ou bancaires dans les param\u00e8tres de votre compte. Pour modifier votre mot de passe, nous vous enverrons un e-mail de confirmation afin de v\u00e9rifier votre identit\u00e9.<\/p>\n<h3>Y a-t-il des restrictions sur les jeux dans les applications mobiles et de bureau ?<\/h3>\n<p>Tous nos jeux sont disponibles dans l&rsquo;application AFK Spin Casino pour appareils mobiles et PC. Ils s&rsquo;adaptent tous \u00e0 la taille de l&rsquo;\u00e9cran et offrent une exp\u00e9rience inoubliable.<\/p>\n<h3>O\u00f9 puis-je t\u00e9l\u00e9charger l&rsquo;application AFK Spin Casino \u00e0 partir d&rsquo;une source fiable ?<\/h3>\n<p>Vous ne devez t\u00e9l\u00e9charger le logiciel AFKSpin que depuis notre site web officiel. Toutes les autres sources peuvent ne pas \u00eatre s\u00fbres ou \u00eatre frauduleuses.<\/p>\n<h3>Je rencontre des difficult\u00e9s avec l&rsquo;application AFKSpin Casino. Que dois-je faire ?<\/h3>\n<p>Si vous avez des questions ou des probl\u00e8mes concernant le logiciel mobile, vous pouvez toujours contacter l&rsquo;\u00e9quipe d&rsquo;assistance \u00e0 la client\u00e8le 24 heures sur 24, 7 jours sur 7, par chat en direct ou par e-mail. Nos responsables se feront un plaisir de vous aider \u00e0 r\u00e9soudre vos probl\u00e8mes.<\/p>\n<\/div><\/div><\/p>\n","protected":false},"excerpt":{"rendered":"<p>Application AFK Spin Si vous pr\u00e9f\u00e9rez les jeux d&rsquo;argent passionnants, mais que vous souhaitez \u00e9galement \u00eatre flexible et jouer de n&rsquo;importe o\u00f9, vous devez essayer notre AFK Spin app. Elle est d\u00e9velopp\u00e9e pour Android et iOS et offre une version enti\u00e8rement adapt\u00e9e \u00e0 votre appareil mobile. Le design et la navigation vous seront familiers si [&hellip;]<\/p>\n","protected":false},"author":1,"featured_media":0,"parent":0,"menu_order":0,"comment_status":"closed","ping_status":"closed","template":"template-builder.php","meta":{"_acf_changed":false,"inline_featured_image":false,"footnotes":""},"class_list":["post-1422","page","type-page","status-publish","hentry"],"acf":[],"yoast_head":"<!-- This site is optimized with the Yoast SEO plugin v27.3 - https:\/\/yoast.com\/product\/yoast-seo-wordpress\/ -->\n<title>AFK Spin App \u2013 iOS, Android | T\u00e9l\u00e9chargement<\/title>\n<meta name=\"description\" content=\"Installez AFK Spin App sur iOS et Android pour profiter de plus de 6000 machines \u00e0 sous et jeux live o\u00f9 que vous soyez. Performances fluides, mises \u00e0 jour rapides et assistance 24\/7 \u2013 tout dans AFKSpin App.\" \/>\n<meta name=\"robots\" content=\"index, follow, max-snippet:-1, max-image-preview:large, max-video-preview:-1\" \/>\n<link rel=\"canonical\" href=\"https:\/\/afk-spin.com\/fr\/app\/\" \/>\n<meta property=\"og:locale\" content=\"fr_FR\" \/>\n<meta property=\"og:type\" content=\"article\" \/>\n<meta property=\"og:title\" content=\"AFK Spin App \u2013 iOS, Android | T\u00e9l\u00e9chargement\" \/>\n<meta property=\"og:description\" content=\"Installez AFK Spin App sur iOS et Android pour profiter de plus de 6000 machines \u00e0 sous et jeux live o\u00f9 que vous soyez. Performances fluides, mises \u00e0 jour rapides et assistance 24\/7 \u2013 tout dans AFKSpin App.\" \/>\n<meta property=\"og:url\" content=\"https:\/\/afk-spin.com\/fr\/app\/\" \/>\n<meta property=\"og:site_name\" content=\"afkspins\" \/>\n<meta property=\"article:modified_time\" content=\"2025-12-24T11:20:38+00:00\" \/>\n<meta name=\"twitter:card\" content=\"summary_large_image\" \/>\n<meta name=\"twitter:label1\" content=\"Dur\u00e9e de lecture estim\u00e9e\" \/>\n\t<meta name=\"twitter:data1\" content=\"2 minutes\" \/>\n<script type=\"application\/ld+json\" class=\"yoast-schema-graph\">{\"@context\":\"https:\\\/\\\/schema.org\",\"@graph\":[{\"@type\":\"WebPage\",\"@id\":\"https:\\\/\\\/afk-spin.com\\\/fr\\\/app\\\/\",\"url\":\"https:\\\/\\\/afk-spin.com\\\/fr\\\/app\\\/\",\"name\":\"AFK Spin App \u2013 iOS, Android | T\u00e9l\u00e9chargement\",\"isPartOf\":{\"@id\":\"https:\\\/\\\/afk-spin.com\\\/fr\\\/#website\"},\"datePublished\":\"2025-11-21T10:37:00+00:00\",\"dateModified\":\"2025-12-24T11:20:38+00:00\",\"description\":\"Installez AFK Spin App sur iOS et Android pour profiter de plus de 6000 machines \u00e0 sous et jeux live o\u00f9 que vous soyez. Performances fluides, mises \u00e0 jour rapides et assistance 24\\\/7 \u2013 tout dans AFKSpin App.\",\"breadcrumb\":{\"@id\":\"https:\\\/\\\/afk-spin.com\\\/fr\\\/app\\\/#breadcrumb\"},\"inLanguage\":\"fr-FR\",\"potentialAction\":[{\"@type\":\"ReadAction\",\"target\":[\"https:\\\/\\\/afk-spin.com\\\/fr\\\/app\\\/\"]}]},{\"@type\":\"BreadcrumbList\",\"@id\":\"https:\\\/\\\/afk-spin.com\\\/fr\\\/app\\\/#breadcrumb\",\"itemListElement\":[{\"@type\":\"ListItem\",\"position\":1,\"name\":\"Afkspin\",\"item\":\"https:\\\/\\\/afk-spin.com\\\/fr\\\/\"},{\"@type\":\"ListItem\",\"position\":2,\"name\":\"App\"}]},{\"@type\":\"WebSite\",\"@id\":\"https:\\\/\\\/afk-spin.com\\\/fr\\\/#website\",\"url\":\"https:\\\/\\\/afk-spin.com\\\/fr\\\/\",\"name\":\"Afkspin\",\"description\":\"\",\"publisher\":{\"@id\":\"https:\\\/\\\/afk-spin.com\\\/fr\\\/#organization\"},\"potentialAction\":[{\"@type\":\"SearchAction\",\"target\":{\"@type\":\"EntryPoint\",\"urlTemplate\":\"https:\\\/\\\/afk-spin.com\\\/fr\\\/?s={search_term_string}\"},\"query-input\":{\"@type\":\"PropertyValueSpecification\",\"valueRequired\":true,\"valueName\":\"search_term_string\"}}],\"inLanguage\":\"fr-FR\"},{\"@type\":\"Organization\",\"@id\":\"https:\\\/\\\/afk-spin.com\\\/fr\\\/#organization\",\"name\":\"Afkspin\",\"url\":\"https:\\\/\\\/afk-spin.com\\\/fr\\\/\",\"logo\":{\"@type\":\"ImageObject\",\"inLanguage\":\"fr-FR\",\"@id\":\"https:\\\/\\\/afk-spin.com\\\/fr\\\/#\\\/schema\\\/logo\\\/image\\\/\",\"url\":\"https:\\\/\\\/afk-spin.com\\\/wp-content\\\/uploads\\\/2025\\\/11\\\/logo.svg\",\"contentUrl\":\"https:\\\/\\\/afk-spin.com\\\/wp-content\\\/uploads\\\/2025\\\/11\\\/logo.svg\",\"width\":84,\"height\":24,\"caption\":\"Afkspin\"},\"image\":{\"@id\":\"https:\\\/\\\/afk-spin.com\\\/fr\\\/#\\\/schema\\\/logo\\\/image\\\/\"}}]}<\/script>\n<!-- \/ Yoast SEO plugin. -->","yoast_head_json":{"title":"AFK Spin App \u2013 iOS, Android | T\u00e9l\u00e9chargement","description":"Installez AFK Spin App sur iOS et Android pour profiter de plus de 6000 machines \u00e0 sous et jeux live o\u00f9 que vous soyez. Performances fluides, mises \u00e0 jour rapides et assistance 24\/7 \u2013 tout dans AFKSpin App.","robots":{"index":"index","follow":"follow","max-snippet":"max-snippet:-1","max-image-preview":"max-image-preview:large","max-video-preview":"max-video-preview:-1"},"canonical":"https:\/\/afk-spin.com\/fr\/app\/","og_locale":"fr_FR","og_type":"article","og_title":"AFK Spin App \u2013 iOS, Android | T\u00e9l\u00e9chargement","og_description":"Installez AFK Spin App sur iOS et Android pour profiter de plus de 6000 machines \u00e0 sous et jeux live o\u00f9 que vous soyez. Performances fluides, mises \u00e0 jour rapides et assistance 24\/7 \u2013 tout dans AFKSpin App.","og_url":"https:\/\/afk-spin.com\/fr\/app\/","og_site_name":"afkspins","article_modified_time":"2025-12-24T11:20:38+00:00","twitter_card":"summary_large_image","twitter_misc":{"Dur\u00e9e de lecture estim\u00e9e":"2 minutes"},"schema":{"@context":"https:\/\/schema.org","@graph":[{"@type":"WebPage","@id":"https:\/\/afk-spin.com\/fr\/app\/","url":"https:\/\/afk-spin.com\/fr\/app\/","name":"AFK Spin App \u2013 iOS, Android | T\u00e9l\u00e9chargement","isPartOf":{"@id":"https:\/\/afk-spin.com\/fr\/#website"},"datePublished":"2025-11-21T10:37:00+00:00","dateModified":"2025-12-24T11:20:38+00:00","description":"Installez AFK Spin App sur iOS et Android pour profiter de plus de 6000 machines \u00e0 sous et jeux live o\u00f9 que vous soyez. Performances fluides, mises \u00e0 jour rapides et assistance 24\/7 \u2013 tout dans AFKSpin App.","breadcrumb":{"@id":"https:\/\/afk-spin.com\/fr\/app\/#breadcrumb"},"inLanguage":"fr-FR","potentialAction":[{"@type":"ReadAction","target":["https:\/\/afk-spin.com\/fr\/app\/"]}]},{"@type":"BreadcrumbList","@id":"https:\/\/afk-spin.com\/fr\/app\/#breadcrumb","itemListElement":[{"@type":"ListItem","position":1,"name":"Afkspin","item":"https:\/\/afk-spin.com\/fr\/"},{"@type":"ListItem","position":2,"name":"App"}]},{"@type":"WebSite","@id":"https:\/\/afk-spin.com\/fr\/#website","url":"https:\/\/afk-spin.com\/fr\/","name":"Afkspin","description":"","publisher":{"@id":"https:\/\/afk-spin.com\/fr\/#organization"},"potentialAction":[{"@type":"SearchAction","target":{"@type":"EntryPoint","urlTemplate":"https:\/\/afk-spin.com\/fr\/?s={search_term_string}"},"query-input":{"@type":"PropertyValueSpecification","valueRequired":true,"valueName":"search_term_string"}}],"inLanguage":"fr-FR"},{"@type":"Organization","@id":"https:\/\/afk-spin.com\/fr\/#organization","name":"Afkspin","url":"https:\/\/afk-spin.com\/fr\/","logo":{"@type":"ImageObject","inLanguage":"fr-FR","@id":"https:\/\/afk-spin.com\/fr\/#\/schema\/logo\/image\/","url":"https:\/\/afk-spin.com\/wp-content\/uploads\/2025\/11\/logo.svg","contentUrl":"https:\/\/afk-spin.com\/wp-content\/uploads\/2025\/11\/logo.svg","width":84,"height":24,"caption":"Afkspin"},"image":{"@id":"https:\/\/afk-spin.com\/fr\/#\/schema\/logo\/image\/"}}]}},"_links":{"self":[{"href":"https:\/\/afk-spin.com\/fr\/wp-json\/wp\/v2\/pages\/1422","targetHints":{"allow":["GET"]}}],"collection":[{"href":"https:\/\/afk-spin.com\/fr\/wp-json\/wp\/v2\/pages"}],"about":[{"href":"https:\/\/afk-spin.com\/fr\/wp-json\/wp\/v2\/types\/page"}],"author":[{"embeddable":true,"href":"https:\/\/afk-spin.com\/fr\/wp-json\/wp\/v2\/users\/1"}],"replies":[{"embeddable":true,"href":"https:\/\/afk-spin.com\/fr\/wp-json\/wp\/v2\/comments?post=1422"}],"version-history":[{"count":3,"href":"https:\/\/afk-spin.com\/fr\/wp-json\/wp\/v2\/pages\/1422\/revisions"}],"predecessor-version":[{"id":1825,"href":"https:\/\/afk-spin.com\/fr\/wp-json\/wp\/v2\/pages\/1422\/revisions\/1825"}],"wp:attachment":[{"href":"https:\/\/afk-spin.com\/fr\/wp-json\/wp\/v2\/media?parent=1422"}],"curies":[{"name":"wp","href":"https:\/\/api.w.org\/{rel}","templated":true}]}}