{"id":1434,"date":"2025-11-21T10:45:48","date_gmt":"2025-11-21T10:45:48","guid":{"rendered":"https:\/\/afk-spin.com\/bonus\/"},"modified":"2025-12-24T11:23:14","modified_gmt":"2025-12-24T11:23:14","slug":"bonus","status":"publish","type":"page","link":"https:\/\/afk-spin.com\/fr\/bonus\/","title":{"rendered":"Bonus"},"content":{"rendered":"<h1>Bonus AFK Spin<\/h1>\n<p>Le syst\u00e8me AFK Spin bonus offre \u00e0 ses clients des r\u00e9compenses int\u00e9ressantes pour avoir choisi et rester sur la plateforme. Les promotions rendront votre exp\u00e9rience dans notre casino en ligne encore plus amusante et rentable. Tous les nouveaux joueurs recevront un pack de bienvenue pouvant aller jusqu&rsquo;\u00e0 1 000 \u20ac + 100 tours gratuits pour leurs trois premiers d\u00e9p\u00f4ts. Ensuite, vous aurez acc\u00e8s \u00e0 des remises hebdomadaires, des tournois, des recharges le dimanche et de nombreuses autres options.<\/p>\n<p><div class=\"banner-wrap\" aria-label=\"Banner\"><img src=\"https:\/\/afk-spin.com\/wp-content\/uploads\/2025\/11\/AFK-Spins-banner-carousel-932\u0445400.webp\" class=\"w-100 d-none d-lg-block img-pc main-banner-img\" alt=\"AFK Spins banner desktop\" fetchpriority=\"high\" decoding=\"async\"><img src=\"https:\/\/afk-spin.com\/wp-content\/uploads\/2025\/12\/Frame-36-1.webp\" class=\"w-100 d-none d-md-block d-lg-none main-banner-img\" alt=\"AFK spin mobile banner\" fetchpriority=\"high\" decoding=\"async\"><img src=\"https:\/\/afk-spin.com\/wp-content\/uploads\/2025\/12\/Frame-36-1.webp\" class=\"w-100 d-md-none\" alt=\"AFK spin mobile banner\" fetchpriority=\"high\" decoding=\"async\"><div class=\"banner-description\">\n<div class=\"banner-title\">Bonus de bienvenue<\/div>\n<p class=\"banner-header-title\">1000 \u20ac<\/p>\n<div class=\"banner-header-AdditionalText\">+ 100 Tours Gratuits<\/div>\n<button data-item=\"homepage_banner_link\" class=\"goto m-button m-gradient-border m-button--primary m-button--large banner-button btn-orange\">\n            <div class=\"m-button-content\">\n                <span>Inscrivez-vous d\u00e8s maintenant<\/span>\n                <span><\/span>\n            <\/div>\n        <\/button>\n<\/div>\n<div class=\"WelcomePack\">\n<p><img loading=\"lazy\" decoding=\"async\" class=\"alignnone size-full wp-image-1338\" src=\"https:\/\/afk-spin.com\/wp-content\/uploads\/2025\/11\/welcome-crown.svg\" alt=\"crown\" width=\"25\" height=\"26\" \/><\/p>\n<div class=\"WelcomePack-Info\">Cashback hebdomadaire jusqu&rsquo;\u00e0 25 %<\/div>\n<p><img loading=\"lazy\" decoding=\"async\" class=\"alignnone size-full wp-image-1338\" src=\"https:\/\/afk-spin.com\/wp-content\/uploads\/2025\/11\/welcome-crown.svg\" alt=\"crown\" width=\"25\" height=\"26\" \/><\/p>\n<\/div>\n<\/div><div class=\"promotions-wrap\"><div class=\"promotion-card\" style=\"background-image: url(https:\/\/afk-spin.com\/wp-content\/uploads\/2025\/11\/AFK-Spins-promocards-300\u0445300-2-1.webp);\"><h2 class=\"promotion-card__title\">Bonus de bienvenue<\/h2><label class=\"promotion-card__offer\">100 % jusqu&#039;\u00e0 1000 \u20ac + 100 tours gratuits<\/label><label class=\"promotion-card__description\"><\/label><div class=\"promotion-card__actions\"><button data-item=\"payments_link\" data-group=\"website_links\" class=\"goto btn btn-orange rounded-pill fw-bold px-4 m-button m-gradient-border m-button--primary m-button--large promotion-button promotion-card__action-btn\" aria-label=\"S&#039;inscrire\"><div class=\"m-button-content\"><span class=\"promotion-button__content\">S&#039;inscrire<\/span><\/div><\/button><button data-item=\"http:\/\/bonus_link\" data-group=\"website_links\" class=\"goto m-button m-gradient-border m-button--secondary m-button--medium promotion-card__info-btn\" aria-label=\"More information\"><div class=\"m-button-content\"><svg viewBox=\"0 0 24 24\" fill=\"none\" xmlns=\"http:\/\/www.w3.org\/2000\/svg\" class=\"m-icon m-icon-loadable\" name=\"Attention\" loading=\"false\" aria-hidden=\"true\"><path d=\"M12 22C6.477 22 2 17.522 2 12S6.477 2 12 2s10 4.478 10 10-4.477 10-10 10m-.002-13.004a.999.999 0 1 0 0-1.997.999.999 0 0 0 0 1.997M12 17a1 1 0 0 0 .993-.884L13 16l-.002-5.001-.007-.117a1 1 0 0 0-1.986 0l-.007.117L11 16l.007.117A1 1 0 0 0 12 17\" fill=\"currentColor\"><\/path><\/svg><\/div><\/button><\/div><\/div><div class=\"promotion-card\" style=\"background-image: url(https:\/\/afk-spin.com\/wp-content\/uploads\/2025\/11\/AFK-Spins-promocards-300\u0445300-2.webp);\"><h2 class=\"promotion-card__title\">Deuxi\u00e8me d\u00e9p\u00f4t<\/h2><label class=\"promotion-card__offer\">55 % jusqu&#039;\u00e0 500 \u20ac + 100 tours gratuits<\/label><label class=\"promotion-card__description\"><\/label><div class=\"promotion-card__actions\"><button data-item=\"payments_link\" data-group=\"website_links\" class=\"goto btn btn-orange rounded-pill fw-bold px-4 m-button m-gradient-border m-button--primary m-button--large promotion-button promotion-card__action-btn\" aria-label=\"S&#039;inscrire\"><div class=\"m-button-content\"><span class=\"promotion-button__content\">S&#039;inscrire<\/span><\/div><\/button><button data-item=\"http:\/\/bonus_link\" data-group=\"website_links\" class=\"goto m-button m-gradient-border m-button--secondary m-button--medium promotion-card__info-btn\" aria-label=\"More information\"><div class=\"m-button-content\"><svg viewBox=\"0 0 24 24\" fill=\"none\" xmlns=\"http:\/\/www.w3.org\/2000\/svg\" class=\"m-icon m-icon-loadable\" name=\"Attention\" loading=\"false\" aria-hidden=\"true\"><path d=\"M12 22C6.477 22 2 17.522 2 12S6.477 2 12 2s10 4.478 10 10-4.477 10-10 10m-.002-13.004a.999.999 0 1 0 0-1.997.999.999 0 0 0 0 1.997M12 17a1 1 0 0 0 .993-.884L13 16l-.002-5.001-.007-.117a1 1 0 0 0-1.986 0l-.007.117L11 16l.007.117A1 1 0 0 0 12 17\" fill=\"currentColor\"><\/path><\/svg><\/div><\/button><\/div><\/div><div class=\"promotion-card\" style=\"background-image: url(https:\/\/afk-spin.com\/wp-content\/uploads\/2025\/11\/AFK-Spins-promocards-300\u0445300-3.webp);\"><h2 class=\"promotion-card__title\">Troisi\u00e8me d\u00e9p\u00f4t<\/h2><label class=\"promotion-card__offer\">100 % jusqu&#039;\u00e0 500 \u20ac<\/label><label class=\"promotion-card__description\"><\/label><div class=\"promotion-card__actions\"><button data-item=\"payments_link\" data-group=\"website_links\" class=\"goto btn btn-orange rounded-pill fw-bold px-4 m-button m-gradient-border m-button--primary m-button--large promotion-button promotion-card__action-btn\" aria-label=\"S&#039;inscrire\"><div class=\"m-button-content\"><span class=\"promotion-button__content\">S&#039;inscrire<\/span><\/div><\/button><button data-item=\"http:\/\/bonus_link\" data-group=\"website_links\" class=\"goto m-button m-gradient-border m-button--secondary m-button--medium promotion-card__info-btn\" aria-label=\"More information\"><div class=\"m-button-content\"><svg viewBox=\"0 0 24 24\" fill=\"none\" xmlns=\"http:\/\/www.w3.org\/2000\/svg\" class=\"m-icon m-icon-loadable\" name=\"Attention\" loading=\"false\" aria-hidden=\"true\"><path d=\"M12 22C6.477 22 2 17.522 2 12S6.477 2 12 2s10 4.478 10 10-4.477 10-10 10m-.002-13.004a.999.999 0 1 0 0-1.997.999.999 0 0 0 0 1.997M12 17a1 1 0 0 0 .993-.884L13 16l-.002-5.001-.007-.117a1 1 0 0 0-1.986 0l-.007.117L11 16l.007.117A1 1 0 0 0 12 17\" fill=\"currentColor\"><\/path><\/svg><\/div><\/button><\/div><\/div><div class=\"promotion-card\" style=\"background-image: url(https:\/\/afk-spin.com\/wp-content\/uploads\/2025\/11\/AFK-Spins-promocards-300\u0445300-\u2014-\u043a\u043e\u043f\u0438\u044f.webp);\"><h2 class=\"promotion-card__title\">Cashback hebdomadaire<\/h2><label class=\"promotion-card__offer\">Jusqu&#039;\u00e0 25%<\/label><label class=\"promotion-card__description\"><\/label><div class=\"promotion-card__actions\"><button data-item=\"payments_link\" data-group=\"website_links\" class=\"goto btn btn-orange rounded-pill fw-bold px-4 m-button m-gradient-border m-button--primary m-button--large promotion-button promotion-card__action-btn\" aria-label=\"S&#039;inscrire\"><div class=\"m-button-content\"><span class=\"promotion-button__content\">S&#039;inscrire<\/span><\/div><\/button><button data-item=\"http:\/\/bonus_link\" data-group=\"website_links\" class=\"goto m-button m-gradient-border m-button--secondary m-button--medium promotion-card__info-btn\" aria-label=\"More information\"><div class=\"m-button-content\"><svg viewBox=\"0 0 24 24\" fill=\"none\" xmlns=\"http:\/\/www.w3.org\/2000\/svg\" class=\"m-icon m-icon-loadable\" name=\"Attention\" loading=\"false\" aria-hidden=\"true\"><path d=\"M12 22C6.477 22 2 17.522 2 12S6.477 2 12 2s10 4.478 10 10-4.477 10-10 10m-.002-13.004a.999.999 0 1 0 0-1.997.999.999 0 0 0 0 1.997M12 17a1 1 0 0 0 .993-.884L13 16l-.002-5.001-.007-.117a1 1 0 0 0-1.986 0l-.007.117L11 16l.007.117A1 1 0 0 0 12 17\" fill=\"currentColor\"><\/path><\/svg><\/div><\/button><\/div><\/div><div class=\"promotion-card\" style=\"background-image: url(https:\/\/afk-spin.com\/wp-content\/uploads\/2025\/11\/AFK-Spins-promocards-300\u0445300-1.webp);\"><h2 class=\"promotion-card__title\">Rakeback<\/h2><label class=\"promotion-card__offer\">Jusqu&#039;\u00e0 17 %<\/label><label class=\"promotion-card__description\"><\/label><div class=\"promotion-card__actions\"><button data-item=\"payments_link\" data-group=\"website_links\" class=\"goto btn btn-orange rounded-pill fw-bold px-4 m-button m-gradient-border m-button--primary m-button--large promotion-button promotion-card__action-btn\" aria-label=\"S&#039;inscrire\"><div class=\"m-button-content\"><span class=\"promotion-button__content\">S&#039;inscrire<\/span><\/div><\/button><button data-item=\"http:\/\/bonus_link\" data-group=\"website_links\" class=\"goto m-button m-gradient-border m-button--secondary m-button--medium promotion-card__info-btn\" aria-label=\"More information\"><div class=\"m-button-content\"><svg viewBox=\"0 0 24 24\" fill=\"none\" xmlns=\"http:\/\/www.w3.org\/2000\/svg\" class=\"m-icon m-icon-loadable\" name=\"Attention\" loading=\"false\" aria-hidden=\"true\"><path d=\"M12 22C6.477 22 2 17.522 2 12S6.477 2 12 2s10 4.478 10 10-4.477 10-10 10m-.002-13.004a.999.999 0 1 0 0-1.997.999.999 0 0 0 0 1.997M12 17a1 1 0 0 0 .993-.884L13 16l-.002-5.001-.007-.117a1 1 0 0 0-1.986 0l-.007.117L11 16l.007.117A1 1 0 0 0 12 17\" fill=\"currentColor\"><\/path><\/svg><\/div><\/button><\/div><\/div><div class=\"promotion-card\" style=\"background-image: url(https:\/\/afk-spin.com\/wp-content\/uploads\/2025\/11\/bronze-promocards-300\u0445300.webp);\"><h2 class=\"promotion-card__title\">Recharge du dimanche<\/h2><label class=\"promotion-card__offer\">25% jusqu&#039;\u00e0 \u20ac100<\/label><label class=\"promotion-card__description\"><\/label><div class=\"promotion-card__actions\"><button data-item=\"payments_link\" data-group=\"website_links\" class=\"goto btn btn-orange rounded-pill fw-bold px-4 m-button m-gradient-border m-button--primary m-button--large promotion-button promotion-card__action-btn\" aria-label=\"S&#039;inscrire\"><div class=\"m-button-content\"><span class=\"promotion-button__content\">S&#039;inscrire<\/span><\/div><\/button><button data-item=\"http:\/\/bonus_link\" data-group=\"website_links\" class=\"goto m-button m-gradient-border m-button--secondary m-button--medium promotion-card__info-btn\" aria-label=\"More information\"><div class=\"m-button-content\"><svg viewBox=\"0 0 24 24\" fill=\"none\" xmlns=\"http:\/\/www.w3.org\/2000\/svg\" class=\"m-icon m-icon-loadable\" name=\"Attention\" loading=\"false\" aria-hidden=\"true\"><path d=\"M12 22C6.477 22 2 17.522 2 12S6.477 2 12 2s10 4.478 10 10-4.477 10-10 10m-.002-13.004a.999.999 0 1 0 0-1.997.999.999 0 0 0 0 1.997M12 17a1 1 0 0 0 .993-.884L13 16l-.002-5.001-.007-.117a1 1 0 0 0-1.986 0l-.007.117L11 16l.007.117A1 1 0 0 0 12 17\" fill=\"currentColor\"><\/path><\/svg><\/div><\/button><\/div><\/div><div class=\"promotion-card\" style=\"background-image: url(https:\/\/afk-spin.com\/wp-content\/uploads\/2025\/11\/AFK-Spins-promocards-300\u0445300-2-\u2014-\u043a\u043e\u043f\u0438\u044f.webp);\"><h2 class=\"promotion-card__title\">Bonus Highroller<\/h2><label class=\"promotion-card__offer\">50% jusqu&#039;\u00e0 \u20ac500<\/label><label class=\"promotion-card__description\"><\/label><div class=\"promotion-card__actions\"><button data-item=\"payments_link\" data-group=\"website_links\" class=\"goto btn btn-orange rounded-pill fw-bold px-4 m-button m-gradient-border m-button--primary m-button--large promotion-button promotion-card__action-btn\" aria-label=\"S&#039;inscrire\"><div class=\"m-button-content\"><span class=\"promotion-button__content\">S&#039;inscrire<\/span><\/div><\/button><button data-item=\"http:\/\/bonus_link\" data-group=\"website_links\" class=\"goto m-button m-gradient-border m-button--secondary m-button--medium promotion-card__info-btn\" aria-label=\"More information\"><div class=\"m-button-content\"><svg viewBox=\"0 0 24 24\" fill=\"none\" xmlns=\"http:\/\/www.w3.org\/2000\/svg\" class=\"m-icon m-icon-loadable\" name=\"Attention\" loading=\"false\" aria-hidden=\"true\"><path d=\"M12 22C6.477 22 2 17.522 2 12S6.477 2 12 2s10 4.478 10 10-4.477 10-10 10m-.002-13.004a.999.999 0 1 0 0-1.997.999.999 0 0 0 0 1.997M12 17a1 1 0 0 0 .993-.884L13 16l-.002-5.001-.007-.117a1 1 0 0 0-1.986 0l-.007.117L11 16l.007.117A1 1 0 0 0 12 17\" fill=\"currentColor\"><\/path><\/svg><\/div><\/button><\/div><\/div><\/div><div class=\"scrollable-content-wrap my-5\"><div class=\"scrollable-content-inner\"><h2>Offres de bonus AFK Spin<\/h2>\n<p>Chez AFK Spin Casino, nous sommes reconnaissants \u00e0 nos utilisateurs d&rsquo;avoir choisi notre plateforme et de nous rester fid\u00e8les depuis longtemps. Pour vous remercier, nous avons cr\u00e9\u00e9 un programme de bonus AFK Spin exclusif qui convient \u00e0 tous les types de joueurs, \u00e0 leurs pr\u00e9f\u00e9rences et \u00e0 leurs budgets.<\/p>\n<p>Tous les nouveaux clients re\u00e7oivent automatiquement un pack de bienvenue pouvant atteindre 1 000 \u20ac + 100 tours gratuits. Cela prolongera votre temps sur la plateforme et rendra le processus plus amusant. Mais ce n&rsquo;est que le d\u00e9but, car pour les joueurs r\u00e9guliers, nous proposons une grande vari\u00e9t\u00e9 de bonus AFKSpin.<\/p>\n<p>Vous avez la possibilit\u00e9 de recevoir un cashback hebdomadaire pouvant atteindre 25 % de vos pertes. Il existe \u00e9galement une option de recharge le dimanche qui vous offre 25 % jusqu&rsquo;\u00e0 100 \u20ac, rendant la fin de la semaine encore plus r\u00e9ussie. Pour ceux qui pr\u00e9f\u00e8rent les gros d\u00e9p\u00f4ts et les gros gains, il y a toujours un bonus Highroller disponible, offrant 50 % jusqu&rsquo;\u00e0 500 \u20ac.<\/p>\n<h2>Pack de bienvenue AFK Spin Casino<\/h2>\n<p>AFK Spin Casino propose des promotions tr\u00e8s int\u00e9ressantes \u00e0 ses clients. Chaque nouveau client qui s&rsquo;inscrit et effectue son premier d\u00e9p\u00f4t recevra un pack de bienvenue pouvant atteindre 1 000 \u20ac + 100 tours gratuits. Il est r\u00e9parti entre vos trois premiers d\u00e9p\u00f4ts comme suit :<\/p>\n<ul>\n<li>Bonus sur le premier d\u00e9p\u00f4t \u2013 100 % jusqu&rsquo;\u00e0 1000 \u20ac + 100 tours gratuits<\/li>\n<\/ul>\n<p>Profitez de ce bonus pour commencer votre aventure de mani\u00e8re rentable et passionnante. Gr\u00e2ce aux tours gratuits, vous pouvez essayer de nouveaux titres sans risque. Le pack de bienvenue est valable pendant 7 jours apr\u00e8s son activation. Le d\u00e9p\u00f4t minimum dans les trois cas est de 20 \u20ac. Les conditions de mise sont de x35.<\/p>\n<h2>Liste des tournois AFK Spin<\/h2>\n<p>Pour ceux qui aiment rivaliser avec d&rsquo;autres joueurs, nous avons une section s\u00e9par\u00e9e avec tous les tournois disponibles. Le principe du tournoi est que vous jouez \u00e0 des titres ou \u00e0 des jeux sp\u00e9cifiques d&rsquo;un fournisseur de logiciels, vous gagnez des points et vous avez ensuite la possibilit\u00e9 de gagner des milliers, voire des millions d&rsquo;euros.<\/p>\n<p>Les tournois du casino AFK Spin offrent des cagnottes tr\u00e8s \u00e9lev\u00e9es. Ils sont g\u00e9n\u00e9ralement destin\u00e9s aux machines \u00e0 sous ou aux options de casino en direct. Vous trouverez ci-dessous plus d&rsquo;informations sur les options du casino AFKSpin.<\/p>\n<table>\n<tbody>\n<tr>\n<td>Tournoi<\/td>\n<td>Cagnotte<\/td>\n<\/tr>\n<tr>\n<td>Tournoi quotidien Bronze<\/td>\n<td>2 500 \u20ac<\/td>\n<\/tr>\n<tr>\n<td>Spinoleague<\/td>\n<td>12 000 000 \u20ac<\/td>\n<\/tr>\n<tr>\n<td>BGaming Drops Frenzy<\/td>\n<td>\u00e0 partir de 660 000 \u20ac<\/td>\n<\/tr>\n<tr>\n<td>Tournoi en direct<\/td>\n<td>10 000 \u20ac<\/td>\n<\/tr>\n<\/tbody>\n<\/table>\n<h2>AFKSpin \u2013 Conditions g\u00e9n\u00e9rales<\/h2>\n<p>Afin de garantir un jeu \u00e9quitable pour tous nos utilisateurs, le syst\u00e8me de bonus AFK Spin est soumis \u00e0 des conditions g\u00e9n\u00e9rales. Celles-ci peuvent varier selon les cas. Vous devez toujours lire les r\u00e8gles de la promotion avant de l&rsquo;activer. Il existe plusieurs cat\u00e9gories principales de conditions g\u00e9n\u00e9rales relatives aux bonus AFK Spin :<\/p>\n<ul>\n<li>D\u00e9p\u00f4t minimum \u2013 pour la plupart des offres, il est de 20 \u20ac.<\/li>\n<li>Conditions de mise \u2013 notre plateforme applique une r\u00e8gle de x35 ou x40.<\/li>\n<li>Compatibilit\u00e9 de plusieurs promotions \u2013 vous ne pouvez pas activer deux ou plusieurs bonus de d\u00e9p\u00f4t en m\u00eame temps.<\/li>\n<li>Limite de mise maximale : le montant maximal autoris\u00e9 est de 5 \u20ac.<\/li>\n<\/ul>\n<h2>FAQ<\/h2>\n<h3>Pourquoi mon bonus n&rsquo;appara\u00eet-il pas apr\u00e8s le d\u00e9p\u00f4t ?<\/h3>\n<p>Il peut parfois y avoir des retards, vous devez donc patienter quelques minutes. Si rien n&rsquo;a chang\u00e9, vous devez contacter notre service client\u00e8le par chat en direct ou par e-mail.<\/p>\n<h3>Quelle est la dur\u00e9e de validit\u00e9 des bonus ?<\/h3>\n<p>Chaque bonus a sa propre p\u00e9riode de validit\u00e9. La plupart des promotions sur notre site web sont valables pendant 7 \u00e0 14 jours. Nous vous recommandons de lire attentivement les conditions g\u00e9n\u00e9rales de chaque bonus sp\u00e9cifique.<\/p>\n<h3>Puis-je retirer les gains provenant d&rsquo;un bonus ?<\/h3>\n<p>Le processus de retrait chez AFKSpin est relativement simple et rapide. Vous pouvez retirer vos gains si le montant est sup\u00e9rieur ou \u00e9gal \u00e0 50 \u20ac. Nos m\u00e9thodes de retrait comprennent les cartes bancaires, les portefeuilles \u00e9lectroniques, les virements bancaires et les cryptomonnaies.<\/p>\n<h3>Les bonus s&rsquo;appliquent-ils \u00e0 tous les jeux ?<\/h3>\n<p>Chaque offre est soumise \u00e0 des conditions g\u00e9n\u00e9rales concernant les titres ou les fournisseurs de jeux. Parfois, certains types de jeux ne sont pas enti\u00e8rement pris en compte, mais seulement \u00e0 20 %, par exemple.<\/p>\n<\/div><\/div><\/p>\n","protected":false},"excerpt":{"rendered":"<p>Bonus AFK Spin Le syst\u00e8me AFK Spin bonus offre \u00e0 ses clients des r\u00e9compenses int\u00e9ressantes pour avoir choisi et rester sur la plateforme. Les promotions rendront votre exp\u00e9rience dans notre casino en ligne encore plus amusante et rentable. Tous les nouveaux joueurs recevront un pack de bienvenue pouvant aller jusqu&rsquo;\u00e0 1 000 \u20ac + 100 [&hellip;]<\/p>\n","protected":false},"author":1,"featured_media":0,"parent":0,"menu_order":0,"comment_status":"closed","ping_status":"closed","template":"template-builder.php","meta":{"_acf_changed":false,"inline_featured_image":false,"footnotes":""},"class_list":["post-1434","page","type-page","status-publish","hentry"],"acf":[],"yoast_head":"<!-- This site is optimized with the Yoast SEO plugin v27.3 - https:\/\/yoast.com\/product\/yoast-seo-wordpress\/ -->\n<title>AFK Spin Bonus \u2013 Promotions et Bonus de Bienvenue<\/title>\n<meta name=\"description\" content=\"AFK Spin Bonus \u2013 d\u00e9couvrez des offres de bienvenue, des bonus de d\u00e9p\u00f4t, des tours gratuits, des cashbacks et des tournois. Conditions compl\u00e8tes disponibles dans AFK Spin Casino.\" \/>\n<meta name=\"robots\" content=\"index, follow, max-snippet:-1, max-image-preview:large, max-video-preview:-1\" \/>\n<link rel=\"canonical\" href=\"https:\/\/afk-spin.com\/fr\/bonus\/\" \/>\n<meta property=\"og:locale\" content=\"fr_FR\" \/>\n<meta property=\"og:type\" content=\"article\" \/>\n<meta property=\"og:title\" content=\"AFK Spin Bonus \u2013 Promotions et Bonus de Bienvenue\" \/>\n<meta property=\"og:description\" content=\"AFK Spin Bonus \u2013 d\u00e9couvrez des offres de bienvenue, des bonus de d\u00e9p\u00f4t, des tours gratuits, des cashbacks et des tournois. Conditions compl\u00e8tes disponibles dans AFK Spin Casino.\" \/>\n<meta property=\"og:url\" content=\"https:\/\/afk-spin.com\/fr\/bonus\/\" \/>\n<meta property=\"og:site_name\" content=\"afkspins\" \/>\n<meta property=\"article:modified_time\" content=\"2025-12-24T11:23:14+00:00\" \/>\n<meta name=\"twitter:card\" content=\"summary_large_image\" \/>\n<meta name=\"twitter:label1\" content=\"Dur\u00e9e de lecture estim\u00e9e\" \/>\n\t<meta name=\"twitter:data1\" content=\"1 minute\" \/>\n<script type=\"application\/ld+json\" class=\"yoast-schema-graph\">{\"@context\":\"https:\\\/\\\/schema.org\",\"@graph\":[{\"@type\":\"WebPage\",\"@id\":\"https:\\\/\\\/afk-spin.com\\\/fr\\\/bonus\\\/\",\"url\":\"https:\\\/\\\/afk-spin.com\\\/fr\\\/bonus\\\/\",\"name\":\"AFK Spin Bonus \u2013 Promotions et Bonus de Bienvenue\",\"isPartOf\":{\"@id\":\"https:\\\/\\\/afk-spin.com\\\/fr\\\/#website\"},\"datePublished\":\"2025-11-21T10:45:48+00:00\",\"dateModified\":\"2025-12-24T11:23:14+00:00\",\"description\":\"AFK Spin Bonus \u2013 d\u00e9couvrez des offres de bienvenue, des bonus de d\u00e9p\u00f4t, des tours gratuits, des cashbacks et des tournois. Conditions compl\u00e8tes disponibles dans AFK Spin Casino.\",\"breadcrumb\":{\"@id\":\"https:\\\/\\\/afk-spin.com\\\/fr\\\/bonus\\\/#breadcrumb\"},\"inLanguage\":\"fr-FR\",\"potentialAction\":[{\"@type\":\"ReadAction\",\"target\":[\"https:\\\/\\\/afk-spin.com\\\/fr\\\/bonus\\\/\"]}]},{\"@type\":\"BreadcrumbList\",\"@id\":\"https:\\\/\\\/afk-spin.com\\\/fr\\\/bonus\\\/#breadcrumb\",\"itemListElement\":[{\"@type\":\"ListItem\",\"position\":1,\"name\":\"Afkspin\",\"item\":\"https:\\\/\\\/afk-spin.com\\\/fr\\\/\"},{\"@type\":\"ListItem\",\"position\":2,\"name\":\"Bonus\"}]},{\"@type\":\"WebSite\",\"@id\":\"https:\\\/\\\/afk-spin.com\\\/fr\\\/#website\",\"url\":\"https:\\\/\\\/afk-spin.com\\\/fr\\\/\",\"name\":\"Afkspin\",\"description\":\"\",\"publisher\":{\"@id\":\"https:\\\/\\\/afk-spin.com\\\/fr\\\/#organization\"},\"potentialAction\":[{\"@type\":\"SearchAction\",\"target\":{\"@type\":\"EntryPoint\",\"urlTemplate\":\"https:\\\/\\\/afk-spin.com\\\/fr\\\/?s={search_term_string}\"},\"query-input\":{\"@type\":\"PropertyValueSpecification\",\"valueRequired\":true,\"valueName\":\"search_term_string\"}}],\"inLanguage\":\"fr-FR\"},{\"@type\":\"Organization\",\"@id\":\"https:\\\/\\\/afk-spin.com\\\/fr\\\/#organization\",\"name\":\"Afkspin\",\"url\":\"https:\\\/\\\/afk-spin.com\\\/fr\\\/\",\"logo\":{\"@type\":\"ImageObject\",\"inLanguage\":\"fr-FR\",\"@id\":\"https:\\\/\\\/afk-spin.com\\\/fr\\\/#\\\/schema\\\/logo\\\/image\\\/\",\"url\":\"https:\\\/\\\/afk-spin.com\\\/wp-content\\\/uploads\\\/2025\\\/11\\\/logo.svg\",\"contentUrl\":\"https:\\\/\\\/afk-spin.com\\\/wp-content\\\/uploads\\\/2025\\\/11\\\/logo.svg\",\"width\":84,\"height\":24,\"caption\":\"Afkspin\"},\"image\":{\"@id\":\"https:\\\/\\\/afk-spin.com\\\/fr\\\/#\\\/schema\\\/logo\\\/image\\\/\"}}]}<\/script>\n<!-- \/ Yoast SEO plugin. -->","yoast_head_json":{"title":"AFK Spin Bonus \u2013 Promotions et Bonus de Bienvenue","description":"AFK Spin Bonus \u2013 d\u00e9couvrez des offres de bienvenue, des bonus de d\u00e9p\u00f4t, des tours gratuits, des cashbacks et des tournois. Conditions compl\u00e8tes disponibles dans AFK Spin Casino.","robots":{"index":"index","follow":"follow","max-snippet":"max-snippet:-1","max-image-preview":"max-image-preview:large","max-video-preview":"max-video-preview:-1"},"canonical":"https:\/\/afk-spin.com\/fr\/bonus\/","og_locale":"fr_FR","og_type":"article","og_title":"AFK Spin Bonus \u2013 Promotions et Bonus de Bienvenue","og_description":"AFK Spin Bonus \u2013 d\u00e9couvrez des offres de bienvenue, des bonus de d\u00e9p\u00f4t, des tours gratuits, des cashbacks et des tournois. Conditions compl\u00e8tes disponibles dans AFK Spin Casino.","og_url":"https:\/\/afk-spin.com\/fr\/bonus\/","og_site_name":"afkspins","article_modified_time":"2025-12-24T11:23:14+00:00","twitter_card":"summary_large_image","twitter_misc":{"Dur\u00e9e de lecture estim\u00e9e":"1 minute"},"schema":{"@context":"https:\/\/schema.org","@graph":[{"@type":"WebPage","@id":"https:\/\/afk-spin.com\/fr\/bonus\/","url":"https:\/\/afk-spin.com\/fr\/bonus\/","name":"AFK Spin Bonus \u2013 Promotions et Bonus de Bienvenue","isPartOf":{"@id":"https:\/\/afk-spin.com\/fr\/#website"},"datePublished":"2025-11-21T10:45:48+00:00","dateModified":"2025-12-24T11:23:14+00:00","description":"AFK Spin Bonus \u2013 d\u00e9couvrez des offres de bienvenue, des bonus de d\u00e9p\u00f4t, des tours gratuits, des cashbacks et des tournois. Conditions compl\u00e8tes disponibles dans AFK Spin Casino.","breadcrumb":{"@id":"https:\/\/afk-spin.com\/fr\/bonus\/#breadcrumb"},"inLanguage":"fr-FR","potentialAction":[{"@type":"ReadAction","target":["https:\/\/afk-spin.com\/fr\/bonus\/"]}]},{"@type":"BreadcrumbList","@id":"https:\/\/afk-spin.com\/fr\/bonus\/#breadcrumb","itemListElement":[{"@type":"ListItem","position":1,"name":"Afkspin","item":"https:\/\/afk-spin.com\/fr\/"},{"@type":"ListItem","position":2,"name":"Bonus"}]},{"@type":"WebSite","@id":"https:\/\/afk-spin.com\/fr\/#website","url":"https:\/\/afk-spin.com\/fr\/","name":"Afkspin","description":"","publisher":{"@id":"https:\/\/afk-spin.com\/fr\/#organization"},"potentialAction":[{"@type":"SearchAction","target":{"@type":"EntryPoint","urlTemplate":"https:\/\/afk-spin.com\/fr\/?s={search_term_string}"},"query-input":{"@type":"PropertyValueSpecification","valueRequired":true,"valueName":"search_term_string"}}],"inLanguage":"fr-FR"},{"@type":"Organization","@id":"https:\/\/afk-spin.com\/fr\/#organization","name":"Afkspin","url":"https:\/\/afk-spin.com\/fr\/","logo":{"@type":"ImageObject","inLanguage":"fr-FR","@id":"https:\/\/afk-spin.com\/fr\/#\/schema\/logo\/image\/","url":"https:\/\/afk-spin.com\/wp-content\/uploads\/2025\/11\/logo.svg","contentUrl":"https:\/\/afk-spin.com\/wp-content\/uploads\/2025\/11\/logo.svg","width":84,"height":24,"caption":"Afkspin"},"image":{"@id":"https:\/\/afk-spin.com\/fr\/#\/schema\/logo\/image\/"}}]}},"_links":{"self":[{"href":"https:\/\/afk-spin.com\/fr\/wp-json\/wp\/v2\/pages\/1434","targetHints":{"allow":["GET"]}}],"collection":[{"href":"https:\/\/afk-spin.com\/fr\/wp-json\/wp\/v2\/pages"}],"about":[{"href":"https:\/\/afk-spin.com\/fr\/wp-json\/wp\/v2\/types\/page"}],"author":[{"embeddable":true,"href":"https:\/\/afk-spin.com\/fr\/wp-json\/wp\/v2\/users\/1"}],"replies":[{"embeddable":true,"href":"https:\/\/afk-spin.com\/fr\/wp-json\/wp\/v2\/comments?post=1434"}],"version-history":[{"count":4,"href":"https:\/\/afk-spin.com\/fr\/wp-json\/wp\/v2\/pages\/1434\/revisions"}],"predecessor-version":[{"id":1827,"href":"https:\/\/afk-spin.com\/fr\/wp-json\/wp\/v2\/pages\/1434\/revisions\/1827"}],"wp:attachment":[{"href":"https:\/\/afk-spin.com\/fr\/wp-json\/wp\/v2\/media?parent=1434"}],"curies":[{"name":"wp","href":"https:\/\/api.w.org\/{rel}","templated":true}]}}