{"id":1471,"date":"2025-11-21T10:39:09","date_gmt":"2025-11-21T10:39:09","guid":{"rendered":"https:\/\/afk-spin.com\/login-and-registration\/"},"modified":"2025-12-24T11:24:29","modified_gmt":"2025-12-24T11:24:29","slug":"connexion-et-inscription","status":"publish","type":"page","link":"https:\/\/afk-spin.com\/fr\/connexion-et-inscription\/","title":{"rendered":"Connexion et inscription"},"content":{"rendered":"<h1>Connexion et inscription \u00e0 AFK Spin<\/h1>\n<p>Le AFK Spin login est la premi\u00e8re \u00e9tape pour d\u00e9couvrir toutes les fonctionnalit\u00e9s offertes par notre plateforme. Vous pouvez vous inscrire si vous avez 18 ans ou plus. Le processus ne prend que quelques minutes, apr\u00e8s quoi vous pourrez profiter d&rsquo;une vaste collection de jeux, de paiements s\u00e9curis\u00e9s, d&rsquo;offres de bonus int\u00e9ressantes et de tournois.<\/p>\n<p><div class=\"banner-wrap\" aria-label=\"Banner\"><img src=\"https:\/\/afk-spin.com\/wp-content\/uploads\/2025\/11\/AFK-Spins-banner-carousel-932\u0445400.webp\" class=\"w-100 d-none d-lg-block img-pc main-banner-img\" alt=\"AFK Spins banner desktop\" fetchpriority=\"high\" decoding=\"async\"><img src=\"https:\/\/afk-spin.com\/wp-content\/uploads\/2025\/12\/Frame-36-1.webp\" class=\"w-100 d-none d-md-block d-lg-none main-banner-img\" alt=\"AFK spin mobile banner\" fetchpriority=\"high\" decoding=\"async\"><img src=\"https:\/\/afk-spin.com\/wp-content\/uploads\/2025\/12\/Frame-36-1.webp\" class=\"w-100 d-md-none\" alt=\"AFK spin mobile banner\" fetchpriority=\"high\" decoding=\"async\"><div class=\"banner-description\">\n<div class=\"banner-title\">Bonus de bienvenue<\/div>\n<p class=\"banner-header-title\">1000 \u20ac<\/p>\n<div class=\"banner-header-AdditionalText\">+ 100 Tours Gratuits<\/div>\n<button data-item=\"homepage_banner_link\" class=\"goto m-button m-gradient-border m-button--primary m-button--large banner-button btn-orange\">\n            <div class=\"m-button-content\">\n                <span>Inscrivez-vous d\u00e8s maintenant<\/span>\n                <span><\/span>\n            <\/div>\n        <\/button>\n<\/div>\n<div class=\"WelcomePack\">\n<p><img loading=\"lazy\" decoding=\"async\" class=\"alignnone size-full wp-image-1338\" src=\"https:\/\/afk-spin.com\/wp-content\/uploads\/2025\/11\/welcome-crown.svg\" alt=\"crown\" width=\"25\" height=\"26\" \/><\/p>\n<div class=\"WelcomePack-Info\">Cashback hebdomadaire jusqu&rsquo;\u00e0 25 %<\/div>\n<p><img loading=\"lazy\" decoding=\"async\" class=\"alignnone size-full wp-image-1338\" src=\"https:\/\/afk-spin.com\/wp-content\/uploads\/2025\/11\/welcome-crown.svg\" alt=\"crown\" width=\"25\" height=\"26\" \/><\/p>\n<\/div>\n<\/div><div class=\"scrollable-content-wrap my-5\"><div class=\"scrollable-content-inner\"><h2>Gestion des inscriptions sur AFK Spin Casino<\/h2>\n<p>Pour acc\u00e9der \u00e0 plus de 6 000 jeux dans diff\u00e9rentes cat\u00e9gories, aux options de paris, aux bonus, aux tournois, aux paiements et \u00e0 l&rsquo;\u00e9quipe d&rsquo;assistance \u00e0 la client\u00e8le, vous devez cr\u00e9er un compte sur AFKSpin. Vous pourrez ensuite commencer \u00e0 jouer avec de l&rsquo;argent r\u00e9el, car les d\u00e9p\u00f4ts ne sont possibles qu&rsquo;avec un compte.<\/p>\n<p>Notre plateforme a des r\u00e8gles d&rsquo;inscription, que vous pouvez trouver dans la section \u00ab Conditions g\u00e9n\u00e9rales \u00bb en bas de page du site web. Il y a quelques r\u00e8gles principales que tous les utilisateurs doivent suivre :<\/p>\n<ul>\n<li>Vous devez \u00eatre \u00e2g\u00e9 d&rsquo;au moins 18 ans pour cr\u00e9er un compte sur AFK Spin Casino.<\/li>\n<li>Une seule personne ne peut avoir qu&rsquo;un seul compte.<\/li>\n<li>Entrez votre vrai nom, votre adresse et d&rsquo;autres informations. C&rsquo;est essentiel pour un processus de v\u00e9rification sans souci.<\/li>\n<\/ul>\n<h3>Cr\u00e9er un compte<\/h3>\n<p>Le processus d&rsquo;inscription sur AFK Spin ne prend pas plus de 3 minutes. Mais il vous donnera acc\u00e8s \u00e0 toutes les fonctionnalit\u00e9s et \u00e0 tous les jeux de notre site web. Vous trouverez ci-dessous des instructions \u00e9tape par \u00e9tape pour que le processus se d\u00e9roule le plus facilement possible.<\/p>\n<table>\n<tbody>\n<tr>\n<td>\u00c9tape<\/td>\n<td>D\u00e9tails<\/td>\n<\/tr>\n<tr>\n<td>L&rsquo;utilisateur doit se rendre sur le site officiel d&rsquo;AFK Spin Casino.<\/td>\n<td>Nous vous demandons de vous inscrire uniquement sur le site officiel afin d&rsquo;\u00e9viter toute fraude sur des plateformes inconnues.<\/td>\n<\/tr>\n<tr>\n<td>Vous devez cliquer sur le bouton \u00ab S&rsquo;inscrire \u00bb.<\/td>\n<td>Il s&rsquo;agit d&rsquo;un bouton orange situ\u00e9 dans le coin sup\u00e9rieur droit de la page principale.<\/td>\n<\/tr>\n<tr>\n<td>Vous devez remplir le formulaire d&rsquo;inscription.<\/td>\n<td>Le formulaire d&rsquo;inscription comprend une adresse e-mail et un mot de passe. Le mot de passe doit comporter au moins 6 caract\u00e8res.<\/td>\n<\/tr>\n<tr>\n<td>Vous devez confirmer votre \u00e2ge et accepter les conditions g\u00e9n\u00e9rales.<\/td>\n<td>Vous devez \u00eatre \u00e2g\u00e9 d&rsquo;au moins 18 ans et avoir lu et accept\u00e9 les conditions g\u00e9n\u00e9rales d&rsquo;AFKSpin.<\/td>\n<\/tr>\n<tr>\n<td>Vous devez cliquer \u00e0 nouveau sur le bouton \u00ab S&rsquo;inscrire \u00bb.<\/td>\n<td>Il s&rsquo;agit de la derni\u00e8re \u00e9tape pour cr\u00e9er votre compte.<\/td>\n<\/tr>\n<\/tbody>\n<\/table>\n<h2>Processus de connexion \u00e0 AFK Spin<\/h2>\n<p>Si vous avez d\u00e9j\u00e0 un compte sur notre site web, il vous suffit d&rsquo;entrer votre adresse e-mail et votre mot de passe pour acc\u00e9der \u00e0 toutes les fonctionnalit\u00e9s. Le processus de connexion \u00e0 AFK Spin est n\u00e9cessaire pour jouer avec de l&rsquo;argent r\u00e9el, effectuer des retraits et profiter des bonus.<\/p>\n<p>Votre compte personnel vous donne acc\u00e8s \u00e0 l&rsquo;historique complet de vos transactions, d\u00e9p\u00f4ts, paris et bonus. Vous y trouverez \u00e9galement des outils pour jouer de mani\u00e8re responsable, notamment des limites de temps et financi\u00e8res.<\/p>\n<h3>Vous avez oubli\u00e9 votre mot de passe ?<\/h3>\n<p>Si vous oubliez le mot de passe de votre compte, AFKSpin se fera un plaisir de vous aider \u00e0 le r\u00e9initialiser et \u00e0 en cr\u00e9er un nouveau. Pour ce faire, vous devez suivre le lien \u00ab Vous avez oubli\u00e9 votre mot de passe ? \u00bb dans le formulaire de connexion AFK Spin. Vous devrez ensuite fournir votre adresse e-mail, et nous vous enverrons un lien pour restaurer votre mot de passe et en cr\u00e9er un nouveau.<\/p>\n<h2>Processus de v\u00e9rification du casino AFKSpin<\/h2>\n<p>Afin de pr\u00e9venir la fraude et de maintenir une plateforme s\u00fbre et \u00e9quitable, AFK Spin exige que tous les joueurs effectuent une v\u00e9rification avant d&rsquo;effectuer leur premier d\u00e9p\u00f4t. Il s&rsquo;agit d&rsquo;un processus simple qui ne vous prendra que peu de temps. Vous devez t\u00e9l\u00e9charger les documents prouvant votre identit\u00e9 sur le site web. Ces documents peuvent inclure une carte d&rsquo;identit\u00e9, un passeport, un permis de conduire ou d&rsquo;autres options.<\/p>\n<p>Conform\u00e9ment aux r\u00e8gles d&rsquo;AFK Spin Casino, nos responsables doivent examiner les documents t\u00e9l\u00e9charg\u00e9s dans un d\u00e9lai de 48 heures. Vous verrez ensuite la r\u00e9ponse dans votre compte personnel. Si tout est en ordre, vous pouvez retirer vos gains sans d\u00e9lai.<\/p>\n<h2>FAQ<\/h2>\n<h3>Puis-je rester connect\u00e9 sur mon appareil ?<\/h3>\n<p>Une fois que vous avez suivi la proc\u00e9dure de connexion \u00e0 AFK Spin, vous n&rsquo;avez pas besoin de vous d\u00e9connecter \u00e0 la fin de la session. Cela signifie que la prochaine fois que vous visiterez la plateforme, vous n&rsquo;aurez pas \u00e0 saisir \u00e0 nouveau vos informations.<\/p>\n<h3>Que dois-je faire si j&rsquo;oublie mon nom d&rsquo;utilisateur ou mon adresse e-mail ?<\/h3>\n<p>Dans ce cas, vous devez contacter notre service d&rsquo;assistance multilingue disponible 24h\/24 et 7j\/7 par chat en direct ou par e-mail. Vous devez fournir des informations sur votre compte et nos responsables tenteront de r\u00e9tablir l&rsquo;acc\u00e8s.<\/p>\n<h3>Comment puis-je modifier mes identifiants de connexion ?<\/h3>\n<p>Dans votre compte personnel, vous avez la possibilit\u00e9 de modifier vos informations personnelles ou vos informations de paiement \u00e0 tout moment. En modifiant votre adresse e-mail ou votre mot de passe, votre compte restera s\u00e9curis\u00e9.<\/p>\n<h3>Comment puis-je activer l&rsquo;authentification \u00e0 deux facteurs (2FA) ?<\/h3>\n<p>Vous pouvez activer l&rsquo;authentification \u00e0 deux facteurs dans les param\u00e8tres de votre compte sur AFK Spin Casino. C&rsquo;est une tr\u00e8s bonne id\u00e9e de prot\u00e9ger davantage vos informations personnelles.<\/p>\n<\/div><\/div><\/p>\n","protected":false},"excerpt":{"rendered":"<p>Connexion et inscription \u00e0 AFK Spin Le AFK Spin login est la premi\u00e8re \u00e9tape pour d\u00e9couvrir toutes les fonctionnalit\u00e9s offertes par notre plateforme. Vous pouvez vous inscrire si vous avez 18 ans ou plus. Le processus ne prend que quelques minutes, apr\u00e8s quoi vous pourrez profiter d&rsquo;une vaste collection de jeux, de paiements s\u00e9curis\u00e9s, d&rsquo;offres [&hellip;]<\/p>\n","protected":false},"author":1,"featured_media":0,"parent":0,"menu_order":0,"comment_status":"closed","ping_status":"closed","template":"template-builder.php","meta":{"_acf_changed":false,"inline_featured_image":false,"footnotes":""},"class_list":["post-1471","page","type-page","status-publish","hentry"],"acf":[],"yoast_head":"<!-- This site is optimized with the Yoast SEO plugin v27.3 - https:\/\/yoast.com\/product\/yoast-seo-wordpress\/ -->\n<title>AFK Spin Login \u2013 Inscription et Gestion du Compte<\/title>\n<meta name=\"description\" content=\"AFK Spin login ou cr\u00e9ez facilement votre compte. G\u00e9rez la v\u00e9rification, la r\u00e9cup\u00e9ration du mot de passe et les param\u00e8tres du compte rapidement et en toute s\u00e9curit\u00e9 dans AFKSpin Casino.\" \/>\n<meta name=\"robots\" content=\"index, follow, max-snippet:-1, max-image-preview:large, max-video-preview:-1\" \/>\n<link rel=\"canonical\" href=\"https:\/\/afk-spin.com\/fr\/connexion-et-inscription\/\" \/>\n<meta property=\"og:locale\" content=\"fr_FR\" \/>\n<meta property=\"og:type\" content=\"article\" \/>\n<meta property=\"og:title\" content=\"AFK Spin Login \u2013 Inscription et Gestion du Compte\" \/>\n<meta property=\"og:description\" content=\"AFK Spin login ou cr\u00e9ez facilement votre compte. G\u00e9rez la v\u00e9rification, la r\u00e9cup\u00e9ration du mot de passe et les param\u00e8tres du compte rapidement et en toute s\u00e9curit\u00e9 dans AFKSpin Casino.\" \/>\n<meta property=\"og:url\" content=\"https:\/\/afk-spin.com\/fr\/connexion-et-inscription\/\" \/>\n<meta property=\"og:site_name\" content=\"afkspins\" \/>\n<meta property=\"article:modified_time\" content=\"2025-12-24T11:24:29+00:00\" \/>\n<meta name=\"twitter:card\" content=\"summary_large_image\" \/>\n<meta name=\"twitter:label1\" content=\"Dur\u00e9e de lecture estim\u00e9e\" \/>\n\t<meta name=\"twitter:data1\" content=\"1 minute\" \/>\n<script type=\"application\/ld+json\" class=\"yoast-schema-graph\">{\"@context\":\"https:\\\/\\\/schema.org\",\"@graph\":[{\"@type\":\"WebPage\",\"@id\":\"https:\\\/\\\/afk-spin.com\\\/fr\\\/connexion-et-inscription\\\/\",\"url\":\"https:\\\/\\\/afk-spin.com\\\/fr\\\/connexion-et-inscription\\\/\",\"name\":\"AFK Spin Login \u2013 Inscription et Gestion du Compte\",\"isPartOf\":{\"@id\":\"https:\\\/\\\/afk-spin.com\\\/fr\\\/#website\"},\"datePublished\":\"2025-11-21T10:39:09+00:00\",\"dateModified\":\"2025-12-24T11:24:29+00:00\",\"description\":\"AFK Spin login ou cr\u00e9ez facilement votre compte. G\u00e9rez la v\u00e9rification, la r\u00e9cup\u00e9ration du mot de passe et les param\u00e8tres du compte rapidement et en toute s\u00e9curit\u00e9 dans AFKSpin Casino.\",\"breadcrumb\":{\"@id\":\"https:\\\/\\\/afk-spin.com\\\/fr\\\/connexion-et-inscription\\\/#breadcrumb\"},\"inLanguage\":\"fr-FR\",\"potentialAction\":[{\"@type\":\"ReadAction\",\"target\":[\"https:\\\/\\\/afk-spin.com\\\/fr\\\/connexion-et-inscription\\\/\"]}]},{\"@type\":\"BreadcrumbList\",\"@id\":\"https:\\\/\\\/afk-spin.com\\\/fr\\\/connexion-et-inscription\\\/#breadcrumb\",\"itemListElement\":[{\"@type\":\"ListItem\",\"position\":1,\"name\":\"Afkspin\",\"item\":\"https:\\\/\\\/afk-spin.com\\\/fr\\\/\"},{\"@type\":\"ListItem\",\"position\":2,\"name\":\"Connexion et inscription\"}]},{\"@type\":\"WebSite\",\"@id\":\"https:\\\/\\\/afk-spin.com\\\/fr\\\/#website\",\"url\":\"https:\\\/\\\/afk-spin.com\\\/fr\\\/\",\"name\":\"Afkspin\",\"description\":\"\",\"publisher\":{\"@id\":\"https:\\\/\\\/afk-spin.com\\\/fr\\\/#organization\"},\"potentialAction\":[{\"@type\":\"SearchAction\",\"target\":{\"@type\":\"EntryPoint\",\"urlTemplate\":\"https:\\\/\\\/afk-spin.com\\\/fr\\\/?s={search_term_string}\"},\"query-input\":{\"@type\":\"PropertyValueSpecification\",\"valueRequired\":true,\"valueName\":\"search_term_string\"}}],\"inLanguage\":\"fr-FR\"},{\"@type\":\"Organization\",\"@id\":\"https:\\\/\\\/afk-spin.com\\\/fr\\\/#organization\",\"name\":\"Afkspin\",\"url\":\"https:\\\/\\\/afk-spin.com\\\/fr\\\/\",\"logo\":{\"@type\":\"ImageObject\",\"inLanguage\":\"fr-FR\",\"@id\":\"https:\\\/\\\/afk-spin.com\\\/fr\\\/#\\\/schema\\\/logo\\\/image\\\/\",\"url\":\"https:\\\/\\\/afk-spin.com\\\/wp-content\\\/uploads\\\/2025\\\/11\\\/logo.svg\",\"contentUrl\":\"https:\\\/\\\/afk-spin.com\\\/wp-content\\\/uploads\\\/2025\\\/11\\\/logo.svg\",\"width\":84,\"height\":24,\"caption\":\"Afkspin\"},\"image\":{\"@id\":\"https:\\\/\\\/afk-spin.com\\\/fr\\\/#\\\/schema\\\/logo\\\/image\\\/\"}}]}<\/script>\n<!-- \/ Yoast SEO plugin. -->","yoast_head_json":{"title":"AFK Spin Login \u2013 Inscription et Gestion du Compte","description":"AFK Spin login ou cr\u00e9ez facilement votre compte. G\u00e9rez la v\u00e9rification, la r\u00e9cup\u00e9ration du mot de passe et les param\u00e8tres du compte rapidement et en toute s\u00e9curit\u00e9 dans AFKSpin Casino.","robots":{"index":"index","follow":"follow","max-snippet":"max-snippet:-1","max-image-preview":"max-image-preview:large","max-video-preview":"max-video-preview:-1"},"canonical":"https:\/\/afk-spin.com\/fr\/connexion-et-inscription\/","og_locale":"fr_FR","og_type":"article","og_title":"AFK Spin Login \u2013 Inscription et Gestion du Compte","og_description":"AFK Spin login ou cr\u00e9ez facilement votre compte. G\u00e9rez la v\u00e9rification, la r\u00e9cup\u00e9ration du mot de passe et les param\u00e8tres du compte rapidement et en toute s\u00e9curit\u00e9 dans AFKSpin Casino.","og_url":"https:\/\/afk-spin.com\/fr\/connexion-et-inscription\/","og_site_name":"afkspins","article_modified_time":"2025-12-24T11:24:29+00:00","twitter_card":"summary_large_image","twitter_misc":{"Dur\u00e9e de lecture estim\u00e9e":"1 minute"},"schema":{"@context":"https:\/\/schema.org","@graph":[{"@type":"WebPage","@id":"https:\/\/afk-spin.com\/fr\/connexion-et-inscription\/","url":"https:\/\/afk-spin.com\/fr\/connexion-et-inscription\/","name":"AFK Spin Login \u2013 Inscription et Gestion du Compte","isPartOf":{"@id":"https:\/\/afk-spin.com\/fr\/#website"},"datePublished":"2025-11-21T10:39:09+00:00","dateModified":"2025-12-24T11:24:29+00:00","description":"AFK Spin login ou cr\u00e9ez facilement votre compte. G\u00e9rez la v\u00e9rification, la r\u00e9cup\u00e9ration du mot de passe et les param\u00e8tres du compte rapidement et en toute s\u00e9curit\u00e9 dans AFKSpin Casino.","breadcrumb":{"@id":"https:\/\/afk-spin.com\/fr\/connexion-et-inscription\/#breadcrumb"},"inLanguage":"fr-FR","potentialAction":[{"@type":"ReadAction","target":["https:\/\/afk-spin.com\/fr\/connexion-et-inscription\/"]}]},{"@type":"BreadcrumbList","@id":"https:\/\/afk-spin.com\/fr\/connexion-et-inscription\/#breadcrumb","itemListElement":[{"@type":"ListItem","position":1,"name":"Afkspin","item":"https:\/\/afk-spin.com\/fr\/"},{"@type":"ListItem","position":2,"name":"Connexion et inscription"}]},{"@type":"WebSite","@id":"https:\/\/afk-spin.com\/fr\/#website","url":"https:\/\/afk-spin.com\/fr\/","name":"Afkspin","description":"","publisher":{"@id":"https:\/\/afk-spin.com\/fr\/#organization"},"potentialAction":[{"@type":"SearchAction","target":{"@type":"EntryPoint","urlTemplate":"https:\/\/afk-spin.com\/fr\/?s={search_term_string}"},"query-input":{"@type":"PropertyValueSpecification","valueRequired":true,"valueName":"search_term_string"}}],"inLanguage":"fr-FR"},{"@type":"Organization","@id":"https:\/\/afk-spin.com\/fr\/#organization","name":"Afkspin","url":"https:\/\/afk-spin.com\/fr\/","logo":{"@type":"ImageObject","inLanguage":"fr-FR","@id":"https:\/\/afk-spin.com\/fr\/#\/schema\/logo\/image\/","url":"https:\/\/afk-spin.com\/wp-content\/uploads\/2025\/11\/logo.svg","contentUrl":"https:\/\/afk-spin.com\/wp-content\/uploads\/2025\/11\/logo.svg","width":84,"height":24,"caption":"Afkspin"},"image":{"@id":"https:\/\/afk-spin.com\/fr\/#\/schema\/logo\/image\/"}}]}},"_links":{"self":[{"href":"https:\/\/afk-spin.com\/fr\/wp-json\/wp\/v2\/pages\/1471","targetHints":{"allow":["GET"]}}],"collection":[{"href":"https:\/\/afk-spin.com\/fr\/wp-json\/wp\/v2\/pages"}],"about":[{"href":"https:\/\/afk-spin.com\/fr\/wp-json\/wp\/v2\/types\/page"}],"author":[{"embeddable":true,"href":"https:\/\/afk-spin.com\/fr\/wp-json\/wp\/v2\/users\/1"}],"replies":[{"embeddable":true,"href":"https:\/\/afk-spin.com\/fr\/wp-json\/wp\/v2\/comments?post=1471"}],"version-history":[{"count":3,"href":"https:\/\/afk-spin.com\/fr\/wp-json\/wp\/v2\/pages\/1471\/revisions"}],"predecessor-version":[{"id":1828,"href":"https:\/\/afk-spin.com\/fr\/wp-json\/wp\/v2\/pages\/1471\/revisions\/1828"}],"wp:attachment":[{"href":"https:\/\/afk-spin.com\/fr\/wp-json\/wp\/v2\/media?parent=1471"}],"curies":[{"name":"wp","href":"https:\/\/api.w.org\/{rel}","templated":true}]}}