{"id":1427,"date":"2025-11-21T10:37:00","date_gmt":"2025-11-21T10:37:00","guid":{"rendered":"https:\/\/afk-spin.com\/app\/"},"modified":"2025-11-24T06:22:16","modified_gmt":"2025-11-24T06:22:16","slug":"app","status":"publish","type":"page","link":"https:\/\/afk-spin.com\/it\/app\/","title":{"rendered":"App"},"content":{"rendered":"<h1>App AFK Spin<\/h1>\n<p>Se preferisci il gioco d&#8217;azzardo emozionante ma vuoi anche essere flessibile e giocare da qualsiasi luogo, devi provare la nostra AFK Spin app. \u00c8 stata sviluppata per Android e iOS e offre una versione completamente adattata al tuo dispositivo mobile. Il design e la navigazione ti risulteranno familiari se hai gi\u00e0 provato la versione desktop completa. Nell&#8217;app troverai una vasta collezione di giochi, bonus redditizi, tornei emozionanti, un&#8217;assistenza clienti utile e molto altro ancora.<\/p>\n<div class=\"banner-wrap\" aria-label=\"Banner\"><img src=\"https:\/\/afk-spin.com\/wp-content\/uploads\/2025\/11\/AFK-Spins-banner-carousel-932\u0445400.webp\" class=\"w-100 d-none d-lg-block img-pc main-banner-img\" alt=\"AFK Spins banner desktop\" fetchpriority=\"high\" decoding=\"async\"><img src=\"https:\/\/afk-spin.com\/wp-content\/uploads\/2025\/12\/Frame-36-1.webp\" class=\"w-100 d-none d-md-block d-lg-none main-banner-img\" alt=\"AFK spin mobile banner\" fetchpriority=\"high\" decoding=\"async\"><img src=\"https:\/\/afk-spin.com\/wp-content\/uploads\/2025\/12\/Frame-36-1.webp\" class=\"w-100 d-md-none\" alt=\"AFK spin mobile banner\" fetchpriority=\"high\" decoding=\"async\"><div class=\"banner-description\">\n<div class=\"banner-title\">Bonus di benvenuto<\/div>\n<p class=\"banner-header-title\">1500 \u20ac<\/p>\n<div class=\"banner-header-AdditionalText\">+ 250 Giri gratuiti<\/div>\n<button data-item=\"homepage_banner_link\" class=\"goto m-button m-gradient-border m-button--primary m-button--large banner-button btn-orange\">\n            <div class=\"m-button-content\">\n                <span>Iscriviti ora<\/span>\n                <span><\/span>\n            <\/div>\n        <\/button>\n<\/div>\n<div class=\"WelcomePack\">\n<p><img loading=\"lazy\" decoding=\"async\" class=\"alignnone size-full wp-image-1338\" src=\"https:\/\/afk-spin.com\/wp-content\/uploads\/2025\/11\/welcome-crown.svg\" alt=\"crown\" width=\"25\" height=\"26\" \/><\/p>\n<div class=\"WelcomePack-Info\">Cashback settimanale fino al 25%<\/div>\n<p><img loading=\"lazy\" decoding=\"async\" class=\"alignnone size-full wp-image-1338\" src=\"https:\/\/afk-spin.com\/wp-content\/uploads\/2025\/11\/welcome-crown.svg\" alt=\"crown\" width=\"25\" height=\"26\" \/><\/p>\n<\/div>\n<\/div>\n<h2>App AFK Spin Mobile<\/h2>\n<p>Provare cose nuove pu\u00f2 portare a un&#8217;esperienza di gioco migliore. Ecco perch\u00e9 consigliamo a tutti i nostri clienti di giocare almeno una volta nel casin\u00f2 mobile AFKSpin. L\u00ec troverai gli stessi oltre 6.000 giochi, tra cui slot, giochi da tavolo, opzioni di casin\u00f2 dal vivo, giochi istantanei e molto altro ancora.<\/p>\n<p>Tutte le funzioni dell&#8217;app sono perfettamente adattate ai moderni dispositivi mobili. Ad esempio, i giochi con croupier dal vivo sono ancora tradotti in qualit\u00e0 HD e sono compatibili con Android e iOS. Puoi effettuare depositi e prelievi dopo il processo di verifica con la stessa procedura della versione desktop.<\/p>\n<p>Ma non ti limitiamo. Puoi accedere dal tuo dispositivo mobile, effettuare scommesse e poi continuare sul PC. Tutti i tuoi dati e risultati sono sincronizzati tra tutti i dispositivi su cui hai effettuato l&#8217;accesso.<\/p>\n<table>\n<tbody>\n<tr>\n<td>Pro<\/td>\n<td>Contro<\/td>\n<\/tr>\n<tr>\n<td>Offre un design elegante e intuitivo per una navigazione facile e un gameplay fluido.<\/td>\n<td>L&#8217;app non \u00e8 disponibile nei negozi ufficiali.<\/td>\n<\/tr>\n<tr>\n<td>Una vasta libreria di giochi \u00e8 disponibile direttamente nel software mobile, comprese le slot online e i tavoli live.<\/td>\n<td>Per aggiornare il software mobile, \u00e8 necessario scaricare manualmente l&#8217;ultima versione dal sito web.<\/td>\n<\/tr>\n<tr>\n<td>Le notifiche push ti tengono aggiornato su bonus, nuovi giochi e promozioni.<\/td>\n<td><\/td>\n<\/tr>\n<tr>\n<td>Pagamenti mobili sicuri, tra cui carte bancarie, portafogli elettronici, bonifici bancari e criptovalute per depositi e prelievi rapidi.<\/td>\n<td><\/td>\n<\/tr>\n<\/tbody>\n<\/table>\n<p><div style=\"clear: both\"><\/div><div class=\"d-flex justify-content-center\"><button data-item=\"decouvrez_link\" data-group=\"website_links\" class=\"goto fw-bold rounded-pill btn btn-orange\" aria-label=\"Scarica l&#039;app AFKspin Casino\" >Scarica l&#039;app AFKspin Casino<\/button><\/div><div class=\"scrollable-content-wrap my-5\"><div class=\"scrollable-content-inner\"><h2>App AFK Spin \u2013 Android<\/h2>\n<p>Tutti i moderni dispositivi Android sono compatibili con il nostro software mobile. Offriamo un&#8217;applicazione web progressiva (PWA) che non richiede il caricamento di file APK sconosciuti. Il software rispecchia la versione desktop, quindi non ti perderai sicuramente se l&#8217;hai gi\u00e0 utilizzato in precedenza.<\/p>\n<p>L&#8217;installazione del software richieder\u00e0 non pi\u00f9 di 3 minuti e il tuo dispositivo sar\u00e0 al sicuro e non avr\u00e0 nuovi download inutili. Puoi seguire le istruzioni riportate di seguito per iniziare senza problemi con l&#8217;app AFK Spin per Android:<\/p>\n<ol>\n<li>Devi andare sul sito ufficiale di AFK Spin Casino.<\/li>\n<li>Nel footer (in fondo al sito web), troverai il pulsante &#8220;Casino App&#8221; su cui dovrai cliccare.<\/li>\n<li>Il processo di installazione inizier\u00e0 automaticamente e richieder\u00e0 solo 1-2 minuti se disponi di una connessione Internet stabile.<\/li>\n<li>Dopo aver installato l&#8217;applicazione, l&#8217;icona del casin\u00f2 online apparir\u00e0 sul tuo schermo.<\/li>\n<\/ol>\n<p>Se hai gi\u00e0 un account, dovrai effettuare il login. Ma se non ce l&#8217;hai, non \u00e8 un problema. Puoi completare il processo di registrazione direttamente nel casin\u00f2 mobile. Il processo \u00e8 stato progettato per essere semplice e chiaro. Devi solo inserire la tua email e creare una password.<\/p>\n<p><img loading=\"lazy\" decoding=\"async\" src=\"https:\/\/afk-spin.com\/wp-content\/uploads\/2025\/11\/AFKspin-Android-App.webp\" alt=\"AFKspin App Android\" width=\"1248\" height=\"536\" \/><\/p>\n<\/div><\/div><div style=\"clear: both\"><\/div><div class=\"d-flex justify-content-center\"><button data-item=\"decouvrez_link\" data-group=\"website_links\" class=\"goto fw-bold rounded-pill btn btn-orange\" aria-label=\"Scarica AFKspin\" >Scarica AFKspin<\/button><\/div><div class=\"scrollable-content-wrap my-5\"><div class=\"scrollable-content-inner\"><h2>App AFK Spin per iOS<\/h2>\n<p>Siamo lieti di offrire ai nostri clienti iPhone e iPad il software mobile adattivo AFKSpin. Ora non devi pi\u00f9 stare sempre a casa o nel luogo in cui si trova il tuo PC. Puoi divertirti con tutti i giochi sul tuo dispositivo mobile mentre sei in movimento. I nostri utenti iOS, in particolare, apprezzano la sezione del casin\u00f2 live per la sua atmosfera autentica.<\/p>\n<p>Hai due opzioni per utilizzare AFK Spin Casino sul tuo dispositivo mobile: PWA o un&#8217;icona di collegamento. L&#8217;app AFK Spin pu\u00f2 essere scaricata dal sito web cliccando sul pulsante &#8220;App Casin\u00f2&#8221;. Ci vogliono pochi minuti e ti d\u00e0 un accesso rapido a tutte le funzioni necessarie. Per installare l&#8217;icona di collegamento, ti consigliamo di seguire le nostre istruzioni qui sotto:<\/p>\n<ol>\n<li>L&#8217;utente deve andare sul nostro sito web ufficiale in Safari.<\/li>\n<li>Dopodich\u00e9, clicca sul pulsante Condividi (un quadrato con una freccia rivolta verso l&#8217;alto).<\/li>\n<li>Nell&#8217;elenco visualizzato, trova &#8220;Aggiungi alla schermata Home&#8221; e toccalo.<\/li>\n<li>Per confermare l&#8217;operazione, seleziona &#8220;Aggiungi&#8221;.<\/li>\n<\/ol>\n<p><img loading=\"lazy\" decoding=\"async\" src=\"https:\/\/afk-spin.com\/wp-content\/uploads\/2025\/11\/AFKspin-iOS-App.webp\" alt=\"AFKspin iOS App\" width=\"1248\" height=\"536\" \/><\/p>\n<\/div><\/div><div style=\"clear: both\"><\/div><div class=\"d-flex justify-content-center\"><button data-item=\"decouvrez_link\" data-group=\"website_links\" class=\"goto fw-bold rounded-pill btn btn-orange\" aria-label=\"Scarica l&#039;app AFKspin Casino\" >Scarica l&#039;app AFKspin Casino<\/button><\/div><div class=\"scrollable-content-wrap my-5\"><div class=\"scrollable-content-inner\"><h2>App AFKSpin Casino per desktop<\/h2>\n<p>Alcuni utenti di AFK Spin Casino preferiscono combinare il casin\u00f2 mobile con un&#8217;esperienza di gioco desktop standard. Puoi accedere al nostro sito web da qualsiasi browser e goderti tutti i tuoi giochi preferiti in un unico posto. Per iniziare a giocare con soldi veri, devi solo completare la procedura di registrazione.<\/p>\n<p>Per accedere rapidamente ad AFK Spin Casino, puoi sempre creare un collegamento. \u00c8 disponibile in qualsiasi browser moderno. Basta visitare il nostro sito web e, nelle impostazioni del browser, selezionare &#8220;Aggiungi alla schermata iniziale&#8221;. Dopodich\u00e9, l&#8217;icona dovrebbe apparire sullo schermo.<\/p>\n<p><img loading=\"lazy\" decoding=\"async\" src=\"https:\/\/afk-spin.com\/wp-content\/uploads\/2025\/11\/AFKspin-Desktop.webp\" alt=\"AFKspin Desktop\" width=\"1248\" height=\"536\" \/><\/p>\n<\/div><\/div><div style=\"clear: both\"><\/div><div class=\"d-flex justify-content-center\"><button data-item=\"decouvrez_link\" data-group=\"website_links\" class=\"goto fw-bold rounded-pill btn btn-orange\" aria-label=\"Scarica AFKspin\" >Scarica AFKspin<\/button><\/div><div class=\"scrollable-content-wrap my-5\"><div class=\"scrollable-content-inner\"><h2>Domande frequenti<\/h2>\n<h3>Posso modificare la mia password nell&#8217;app AFK Spin?<\/h3>\n<p>Dopo aver effettuato l&#8217;accesso al tuo account, puoi modificare qualsiasi informazione personale o di pagamento nelle impostazioni dell&#8217;account. Per modificare la password, ti invieremo un&#8217;e-mail di conferma per assicurarci che sia proprio tu.<\/p>\n<h3>Ci sono restrizioni sui giochi nelle app per dispositivi mobili e desktop?<\/h3>\n<p>Tutti i nostri giochi sono disponibili nell&#8217;app AFK Spin Casino per dispositivi mobili e PC. Si adattano tutti alle dimensioni dello schermo e offrono un&#8217;esperienza indimenticabile.<\/p>\n<h3>Dove posso scaricare l&#8217;app AFK Spin Casino da una fonte affidabile?<\/h3>\n<p>Il software AFKSpin deve essere scaricato esclusivamente dal nostro sito web ufficiale. Tutte le altre fonti potrebbero non essere sicure o essere fraudolente.<\/p>\n<h3>Ho problemi con l&#8217;app AFKSpin Casino. Cosa devo fare?<\/h3>\n<p>Se hai domande o problemi relativi al software mobile, puoi sempre contattare il team di assistenza clienti 24 ore su 24, 7 giorni su 7, tramite live chat o e-mail. I nostri responsabili saranno lieti di aiutarti a risolvere qualsiasi problema.<\/p>\n<\/div><\/div><\/p>\n","protected":false},"excerpt":{"rendered":"<p>App AFK Spin Se preferisci il gioco d&#8217;azzardo emozionante ma vuoi anche essere flessibile e giocare da qualsiasi luogo, devi provare la nostra AFK Spin app. \u00c8 stata sviluppata per Android e iOS e offre una versione completamente adattata al tuo dispositivo mobile. Il design e la navigazione ti risulteranno familiari se hai gi\u00e0 provato [&hellip;]<\/p>\n","protected":false},"author":1,"featured_media":0,"parent":0,"menu_order":0,"comment_status":"closed","ping_status":"closed","template":"template-builder.php","meta":{"_acf_changed":false,"inline_featured_image":false,"footnotes":""},"class_list":["post-1427","page","type-page","status-publish","hentry"],"acf":[],"yoast_head":"<!-- This site is optimized with the Yoast SEO plugin v27.3 - https:\/\/yoast.com\/product\/yoast-seo-wordpress\/ -->\n<title>AFK Spin App \u2013 iOS, Android | Download<\/title>\n<meta name=\"description\" content=\"Installa AFK Spin App su iOS e Android per accedere a oltre 6000 slot e giochi live ovunque. Prestazioni fluide, aggiornamenti rapidi e supporto 24\/7 \u2013 tutto in AFKSpin App.\" \/>\n<meta name=\"robots\" content=\"index, follow, max-snippet:-1, max-image-preview:large, max-video-preview:-1\" \/>\n<link rel=\"canonical\" href=\"https:\/\/afk-spin.com\/it\/app\/\" \/>\n<meta property=\"og:locale\" content=\"it_IT\" \/>\n<meta property=\"og:type\" content=\"article\" \/>\n<meta property=\"og:title\" content=\"AFK Spin App \u2013 iOS, Android | Download\" \/>\n<meta property=\"og:description\" content=\"Installa AFK Spin App su iOS e Android per accedere a oltre 6000 slot e giochi live ovunque. Prestazioni fluide, aggiornamenti rapidi e supporto 24\/7 \u2013 tutto in AFKSpin App.\" \/>\n<meta property=\"og:url\" content=\"https:\/\/afk-spin.com\/it\/app\/\" \/>\n<meta property=\"og:site_name\" content=\"afkspins\" \/>\n<meta property=\"article:modified_time\" content=\"2025-11-24T06:22:16+00:00\" \/>\n<meta name=\"twitter:card\" content=\"summary_large_image\" \/>\n<meta name=\"twitter:label1\" content=\"Est. reading time\" \/>\n\t<meta name=\"twitter:data1\" content=\"2 minutes\" \/>\n<script type=\"application\/ld+json\" class=\"yoast-schema-graph\">{\"@context\":\"https:\\\/\\\/schema.org\",\"@graph\":[{\"@type\":\"WebPage\",\"@id\":\"https:\\\/\\\/afk-spin.com\\\/it\\\/app\\\/\",\"url\":\"https:\\\/\\\/afk-spin.com\\\/it\\\/app\\\/\",\"name\":\"AFK Spin App \u2013 iOS, Android | Download\",\"isPartOf\":{\"@id\":\"https:\\\/\\\/afk-spin.com\\\/it\\\/#website\"},\"datePublished\":\"2025-11-21T10:37:00+00:00\",\"dateModified\":\"2025-11-24T06:22:16+00:00\",\"description\":\"Installa AFK Spin App su iOS e Android per accedere a oltre 6000 slot e giochi live ovunque. Prestazioni fluide, aggiornamenti rapidi e supporto 24\\\/7 \u2013 tutto in AFKSpin App.\",\"breadcrumb\":{\"@id\":\"https:\\\/\\\/afk-spin.com\\\/it\\\/app\\\/#breadcrumb\"},\"inLanguage\":\"it-IT\",\"potentialAction\":[{\"@type\":\"ReadAction\",\"target\":[\"https:\\\/\\\/afk-spin.com\\\/it\\\/app\\\/\"]}]},{\"@type\":\"BreadcrumbList\",\"@id\":\"https:\\\/\\\/afk-spin.com\\\/it\\\/app\\\/#breadcrumb\",\"itemListElement\":[{\"@type\":\"ListItem\",\"position\":1,\"name\":\"Afkspin\",\"item\":\"https:\\\/\\\/afk-spin.com\\\/it\\\/\"},{\"@type\":\"ListItem\",\"position\":2,\"name\":\"App\"}]},{\"@type\":\"WebSite\",\"@id\":\"https:\\\/\\\/afk-spin.com\\\/it\\\/#website\",\"url\":\"https:\\\/\\\/afk-spin.com\\\/it\\\/\",\"name\":\"Afkspin\",\"description\":\"\",\"publisher\":{\"@id\":\"https:\\\/\\\/afk-spin.com\\\/it\\\/#organization\"},\"potentialAction\":[{\"@type\":\"SearchAction\",\"target\":{\"@type\":\"EntryPoint\",\"urlTemplate\":\"https:\\\/\\\/afk-spin.com\\\/it\\\/?s={search_term_string}\"},\"query-input\":{\"@type\":\"PropertyValueSpecification\",\"valueRequired\":true,\"valueName\":\"search_term_string\"}}],\"inLanguage\":\"it-IT\"},{\"@type\":\"Organization\",\"@id\":\"https:\\\/\\\/afk-spin.com\\\/it\\\/#organization\",\"name\":\"Afkspin\",\"url\":\"https:\\\/\\\/afk-spin.com\\\/it\\\/\",\"logo\":{\"@type\":\"ImageObject\",\"inLanguage\":\"it-IT\",\"@id\":\"https:\\\/\\\/afk-spin.com\\\/it\\\/#\\\/schema\\\/logo\\\/image\\\/\",\"url\":\"https:\\\/\\\/afk-spin.com\\\/wp-content\\\/uploads\\\/2025\\\/11\\\/logo.svg\",\"contentUrl\":\"https:\\\/\\\/afk-spin.com\\\/wp-content\\\/uploads\\\/2025\\\/11\\\/logo.svg\",\"width\":84,\"height\":24,\"caption\":\"Afkspin\"},\"image\":{\"@id\":\"https:\\\/\\\/afk-spin.com\\\/it\\\/#\\\/schema\\\/logo\\\/image\\\/\"}}]}<\/script>\n<!-- \/ Yoast SEO plugin. -->","yoast_head_json":{"title":"AFK Spin App \u2013 iOS, Android | Download","description":"Installa AFK Spin App su iOS e Android per accedere a oltre 6000 slot e giochi live ovunque. Prestazioni fluide, aggiornamenti rapidi e supporto 24\/7 \u2013 tutto in AFKSpin App.","robots":{"index":"index","follow":"follow","max-snippet":"max-snippet:-1","max-image-preview":"max-image-preview:large","max-video-preview":"max-video-preview:-1"},"canonical":"https:\/\/afk-spin.com\/it\/app\/","og_locale":"it_IT","og_type":"article","og_title":"AFK Spin App \u2013 iOS, Android | Download","og_description":"Installa AFK Spin App su iOS e Android per accedere a oltre 6000 slot e giochi live ovunque. Prestazioni fluide, aggiornamenti rapidi e supporto 24\/7 \u2013 tutto in AFKSpin App.","og_url":"https:\/\/afk-spin.com\/it\/app\/","og_site_name":"afkspins","article_modified_time":"2025-11-24T06:22:16+00:00","twitter_card":"summary_large_image","twitter_misc":{"Est. reading time":"2 minutes"},"schema":{"@context":"https:\/\/schema.org","@graph":[{"@type":"WebPage","@id":"https:\/\/afk-spin.com\/it\/app\/","url":"https:\/\/afk-spin.com\/it\/app\/","name":"AFK Spin App \u2013 iOS, Android | Download","isPartOf":{"@id":"https:\/\/afk-spin.com\/it\/#website"},"datePublished":"2025-11-21T10:37:00+00:00","dateModified":"2025-11-24T06:22:16+00:00","description":"Installa AFK Spin App su iOS e Android per accedere a oltre 6000 slot e giochi live ovunque. Prestazioni fluide, aggiornamenti rapidi e supporto 24\/7 \u2013 tutto in AFKSpin App.","breadcrumb":{"@id":"https:\/\/afk-spin.com\/it\/app\/#breadcrumb"},"inLanguage":"it-IT","potentialAction":[{"@type":"ReadAction","target":["https:\/\/afk-spin.com\/it\/app\/"]}]},{"@type":"BreadcrumbList","@id":"https:\/\/afk-spin.com\/it\/app\/#breadcrumb","itemListElement":[{"@type":"ListItem","position":1,"name":"Afkspin","item":"https:\/\/afk-spin.com\/it\/"},{"@type":"ListItem","position":2,"name":"App"}]},{"@type":"WebSite","@id":"https:\/\/afk-spin.com\/it\/#website","url":"https:\/\/afk-spin.com\/it\/","name":"Afkspin","description":"","publisher":{"@id":"https:\/\/afk-spin.com\/it\/#organization"},"potentialAction":[{"@type":"SearchAction","target":{"@type":"EntryPoint","urlTemplate":"https:\/\/afk-spin.com\/it\/?s={search_term_string}"},"query-input":{"@type":"PropertyValueSpecification","valueRequired":true,"valueName":"search_term_string"}}],"inLanguage":"it-IT"},{"@type":"Organization","@id":"https:\/\/afk-spin.com\/it\/#organization","name":"Afkspin","url":"https:\/\/afk-spin.com\/it\/","logo":{"@type":"ImageObject","inLanguage":"it-IT","@id":"https:\/\/afk-spin.com\/it\/#\/schema\/logo\/image\/","url":"https:\/\/afk-spin.com\/wp-content\/uploads\/2025\/11\/logo.svg","contentUrl":"https:\/\/afk-spin.com\/wp-content\/uploads\/2025\/11\/logo.svg","width":84,"height":24,"caption":"Afkspin"},"image":{"@id":"https:\/\/afk-spin.com\/it\/#\/schema\/logo\/image\/"}}]}},"_links":{"self":[{"href":"https:\/\/afk-spin.com\/it\/wp-json\/wp\/v2\/pages\/1427","targetHints":{"allow":["GET"]}}],"collection":[{"href":"https:\/\/afk-spin.com\/it\/wp-json\/wp\/v2\/pages"}],"about":[{"href":"https:\/\/afk-spin.com\/it\/wp-json\/wp\/v2\/types\/page"}],"author":[{"embeddable":true,"href":"https:\/\/afk-spin.com\/it\/wp-json\/wp\/v2\/users\/1"}],"replies":[{"embeddable":true,"href":"https:\/\/afk-spin.com\/it\/wp-json\/wp\/v2\/comments?post=1427"}],"version-history":[{"count":2,"href":"https:\/\/afk-spin.com\/it\/wp-json\/wp\/v2\/pages\/1427\/revisions"}],"predecessor-version":[{"id":1722,"href":"https:\/\/afk-spin.com\/it\/wp-json\/wp\/v2\/pages\/1427\/revisions\/1722"}],"wp:attachment":[{"href":"https:\/\/afk-spin.com\/it\/wp-json\/wp\/v2\/media?parent=1427"}],"curies":[{"name":"wp","href":"https:\/\/api.w.org\/{rel}","templated":true}]}}