{"id":1439,"date":"2025-11-21T10:45:48","date_gmt":"2025-11-21T10:45:48","guid":{"rendered":"https:\/\/afk-spin.com\/bonus\/"},"modified":"2025-11-24T06:28:11","modified_gmt":"2025-11-24T06:28:11","slug":"bonus","status":"publish","type":"page","link":"https:\/\/afk-spin.com\/it\/bonus\/","title":{"rendered":"Bonus"},"content":{"rendered":"<h1>Bonus AFK Spin<\/h1>\n<p>Il sistema di AFK Spin bonus offre ai propri clienti fantastici premi per aver scelto e continuato a utilizzare la piattaforma. Le promozioni renderanno il tuo tempo nel nostro casin\u00f2 online ancora pi\u00f9 divertente e redditizio. Tutti i nuovi giocatori riceveranno un pacchetto di benvenuto fino a 1.500 \u20ac + 250 giri gratuiti per i loro primi tre depositi. Dopodich\u00e9, avrai accesso a cashback settimanali, tornei, ricariche domenicali e molte altre opzioni.<\/p>\n<p><div class=\"banner-wrap\" aria-label=\"Banner\"><img src=\"https:\/\/afk-spin.com\/wp-content\/uploads\/2025\/11\/AFK-Spins-banner-carousel-932\u0445400.webp\" class=\"w-100 d-none d-lg-block img-pc main-banner-img\" alt=\"AFK Spins banner desktop\" fetchpriority=\"high\" decoding=\"async\"><img src=\"https:\/\/afk-spin.com\/wp-content\/uploads\/2025\/12\/Frame-36-1.webp\" class=\"w-100 d-none d-md-block d-lg-none main-banner-img\" alt=\"AFK spin mobile banner\" fetchpriority=\"high\" decoding=\"async\"><img src=\"https:\/\/afk-spin.com\/wp-content\/uploads\/2025\/12\/Frame-36-1.webp\" class=\"w-100 d-md-none\" alt=\"AFK spin mobile banner\" fetchpriority=\"high\" decoding=\"async\"><div class=\"banner-description\">\n<div class=\"banner-title\">Bonus di benvenuto<\/div>\n<p class=\"banner-header-title\">1500 \u20ac<\/p>\n<div class=\"banner-header-AdditionalText\">+ 250 Giri gratuiti<\/div>\n<button data-item=\"homepage_banner_link\" class=\"goto m-button m-gradient-border m-button--primary m-button--large banner-button btn-orange\">\n            <div class=\"m-button-content\">\n                <span>Iscriviti ora<\/span>\n                <span><\/span>\n            <\/div>\n        <\/button>\n<\/div>\n<div class=\"WelcomePack\">\n<p><img loading=\"lazy\" decoding=\"async\" class=\"alignnone size-full wp-image-1338\" src=\"https:\/\/afk-spin.com\/wp-content\/uploads\/2025\/11\/welcome-crown.svg\" alt=\"crown\" width=\"25\" height=\"26\" \/><\/p>\n<div class=\"WelcomePack-Info\">Cashback settimanale fino al 25%<\/div>\n<p><img loading=\"lazy\" decoding=\"async\" class=\"alignnone size-full wp-image-1338\" src=\"https:\/\/afk-spin.com\/wp-content\/uploads\/2025\/11\/welcome-crown.svg\" alt=\"crown\" width=\"25\" height=\"26\" \/><\/p>\n<\/div>\n<\/div><div class=\"promotions-wrap\"><div class=\"promotion-card\" style=\"background-image: url(https:\/\/afk-spin.com\/wp-content\/uploads\/2025\/11\/AFK-Spins-promocards-300\u0445300-2-1.webp);\"><h2 class=\"promotion-card__title\">Primo deposito<\/h2><label class=\"promotion-card__offer\">100% fino a 500 \u20ac + 150 giri gratuiti<\/label><label class=\"promotion-card__description\"><\/label><div class=\"promotion-card__actions\"><button data-item=\"payments_link\" data-group=\"website_links\" class=\"goto btn btn-orange rounded-pill fw-bold px-4 m-button m-gradient-border m-button--primary m-button--large promotion-button promotion-card__action-btn\" aria-label=\"Iscriviti\"><div class=\"m-button-content\"><span class=\"promotion-button__content\">Iscriviti<\/span><\/div><\/button><button data-item=\"http:\/\/bonus_link\" data-group=\"website_links\" class=\"goto m-button m-gradient-border m-button--secondary m-button--medium promotion-card__info-btn\" aria-label=\"More information\"><div class=\"m-button-content\"><svg viewBox=\"0 0 24 24\" fill=\"none\" xmlns=\"http:\/\/www.w3.org\/2000\/svg\" class=\"m-icon m-icon-loadable\" name=\"Attention\" loading=\"false\" aria-hidden=\"true\"><path d=\"M12 22C6.477 22 2 17.522 2 12S6.477 2 12 2s10 4.478 10 10-4.477 10-10 10m-.002-13.004a.999.999 0 1 0 0-1.997.999.999 0 0 0 0 1.997M12 17a1 1 0 0 0 .993-.884L13 16l-.002-5.001-.007-.117a1 1 0 0 0-1.986 0l-.007.117L11 16l.007.117A1 1 0 0 0 12 17\" fill=\"currentColor\"><\/path><\/svg><\/div><\/button><\/div><\/div><div class=\"promotion-card\" style=\"background-image: url(https:\/\/afk-spin.com\/wp-content\/uploads\/2025\/11\/AFK-Spins-promocards-300\u0445300-2.webp);\"><h2 class=\"promotion-card__title\">Secondo deposito<\/h2><label class=\"promotion-card__offer\">55% fino a 500 \u20ac + 100 giri gratuiti<\/label><label class=\"promotion-card__description\"><\/label><div class=\"promotion-card__actions\"><button data-item=\"payments_link\" data-group=\"website_links\" class=\"goto btn btn-orange rounded-pill fw-bold px-4 m-button m-gradient-border m-button--primary m-button--large promotion-button promotion-card__action-btn\" aria-label=\"Iscriviti\"><div class=\"m-button-content\"><span class=\"promotion-button__content\">Iscriviti<\/span><\/div><\/button><button data-item=\"http:\/\/bonus_link\" data-group=\"website_links\" class=\"goto m-button m-gradient-border m-button--secondary m-button--medium promotion-card__info-btn\" aria-label=\"More information\"><div class=\"m-button-content\"><svg viewBox=\"0 0 24 24\" fill=\"none\" xmlns=\"http:\/\/www.w3.org\/2000\/svg\" class=\"m-icon m-icon-loadable\" name=\"Attention\" loading=\"false\" aria-hidden=\"true\"><path d=\"M12 22C6.477 22 2 17.522 2 12S6.477 2 12 2s10 4.478 10 10-4.477 10-10 10m-.002-13.004a.999.999 0 1 0 0-1.997.999.999 0 0 0 0 1.997M12 17a1 1 0 0 0 .993-.884L13 16l-.002-5.001-.007-.117a1 1 0 0 0-1.986 0l-.007.117L11 16l.007.117A1 1 0 0 0 12 17\" fill=\"currentColor\"><\/path><\/svg><\/div><\/button><\/div><\/div><div class=\"promotion-card\" style=\"background-image: url(https:\/\/afk-spin.com\/wp-content\/uploads\/2025\/11\/AFK-Spins-promocards-300\u0445300-3.webp);\"><h2 class=\"promotion-card__title\">Terzo deposito<\/h2><label class=\"promotion-card__offer\">100% fino a 500 \u20ac<\/label><label class=\"promotion-card__description\"><\/label><div class=\"promotion-card__actions\"><button data-item=\"payments_link\" data-group=\"website_links\" class=\"goto btn btn-orange rounded-pill fw-bold px-4 m-button m-gradient-border m-button--primary m-button--large promotion-button promotion-card__action-btn\" aria-label=\"Iscriviti\"><div class=\"m-button-content\"><span class=\"promotion-button__content\">Iscriviti<\/span><\/div><\/button><button data-item=\"http:\/\/bonus_link\" data-group=\"website_links\" class=\"goto m-button m-gradient-border m-button--secondary m-button--medium promotion-card__info-btn\" aria-label=\"More information\"><div class=\"m-button-content\"><svg viewBox=\"0 0 24 24\" fill=\"none\" xmlns=\"http:\/\/www.w3.org\/2000\/svg\" class=\"m-icon m-icon-loadable\" name=\"Attention\" loading=\"false\" aria-hidden=\"true\"><path d=\"M12 22C6.477 22 2 17.522 2 12S6.477 2 12 2s10 4.478 10 10-4.477 10-10 10m-.002-13.004a.999.999 0 1 0 0-1.997.999.999 0 0 0 0 1.997M12 17a1 1 0 0 0 .993-.884L13 16l-.002-5.001-.007-.117a1 1 0 0 0-1.986 0l-.007.117L11 16l.007.117A1 1 0 0 0 12 17\" fill=\"currentColor\"><\/path><\/svg><\/div><\/button><\/div><\/div><div class=\"promotion-card\" style=\"background-image: url(https:\/\/afk-spin.com\/wp-content\/uploads\/2025\/11\/AFK-Spins-promocards-300\u0445300-\u2014-\u043a\u043e\u043f\u0438\u044f.webp);\"><h2 class=\"promotion-card__title\">Cashback settimanale<\/h2><label class=\"promotion-card__offer\">Fino al 25%<\/label><label class=\"promotion-card__description\"><\/label><div class=\"promotion-card__actions\"><button data-item=\"payments_link\" data-group=\"website_links\" class=\"goto btn btn-orange rounded-pill fw-bold px-4 m-button m-gradient-border m-button--primary m-button--large promotion-button promotion-card__action-btn\" aria-label=\"Iscriviti\"><div class=\"m-button-content\"><span class=\"promotion-button__content\">Iscriviti<\/span><\/div><\/button><button data-item=\"http:\/\/bonus_link\" data-group=\"website_links\" class=\"goto m-button m-gradient-border m-button--secondary m-button--medium promotion-card__info-btn\" aria-label=\"More information\"><div class=\"m-button-content\"><svg viewBox=\"0 0 24 24\" fill=\"none\" xmlns=\"http:\/\/www.w3.org\/2000\/svg\" class=\"m-icon m-icon-loadable\" name=\"Attention\" loading=\"false\" aria-hidden=\"true\"><path d=\"M12 22C6.477 22 2 17.522 2 12S6.477 2 12 2s10 4.478 10 10-4.477 10-10 10m-.002-13.004a.999.999 0 1 0 0-1.997.999.999 0 0 0 0 1.997M12 17a1 1 0 0 0 .993-.884L13 16l-.002-5.001-.007-.117a1 1 0 0 0-1.986 0l-.007.117L11 16l.007.117A1 1 0 0 0 12 17\" fill=\"currentColor\"><\/path><\/svg><\/div><\/button><\/div><\/div><div class=\"promotion-card\" style=\"background-image: url(https:\/\/afk-spin.com\/wp-content\/uploads\/2025\/11\/AFK-Spins-promocards-300\u0445300-1.webp);\"><h2 class=\"promotion-card__title\">Rakeback<\/h2><label class=\"promotion-card__offer\">Fino al 17%<\/label><label class=\"promotion-card__description\"><\/label><div class=\"promotion-card__actions\"><button data-item=\"payments_link\" data-group=\"website_links\" class=\"goto btn btn-orange rounded-pill fw-bold px-4 m-button m-gradient-border m-button--primary m-button--large promotion-button promotion-card__action-btn\" aria-label=\"Iscriviti\"><div class=\"m-button-content\"><span class=\"promotion-button__content\">Iscriviti<\/span><\/div><\/button><button data-item=\"http:\/\/bonus_link\" data-group=\"website_links\" class=\"goto m-button m-gradient-border m-button--secondary m-button--medium promotion-card__info-btn\" aria-label=\"More information\"><div class=\"m-button-content\"><svg viewBox=\"0 0 24 24\" fill=\"none\" xmlns=\"http:\/\/www.w3.org\/2000\/svg\" class=\"m-icon m-icon-loadable\" name=\"Attention\" loading=\"false\" aria-hidden=\"true\"><path d=\"M12 22C6.477 22 2 17.522 2 12S6.477 2 12 2s10 4.478 10 10-4.477 10-10 10m-.002-13.004a.999.999 0 1 0 0-1.997.999.999 0 0 0 0 1.997M12 17a1 1 0 0 0 .993-.884L13 16l-.002-5.001-.007-.117a1 1 0 0 0-1.986 0l-.007.117L11 16l.007.117A1 1 0 0 0 12 17\" fill=\"currentColor\"><\/path><\/svg><\/div><\/button><\/div><\/div><div class=\"promotion-card\" style=\"background-image: url(https:\/\/afk-spin.com\/wp-content\/uploads\/2025\/11\/bronze-promocards-300\u0445300.webp);\"><h2 class=\"promotion-card__title\">Ricarica domenicale<\/h2><label class=\"promotion-card__offer\">25% fino a \u20ac100<\/label><label class=\"promotion-card__description\"><\/label><div class=\"promotion-card__actions\"><button data-item=\"payments_link\" data-group=\"website_links\" class=\"goto btn btn-orange rounded-pill fw-bold px-4 m-button m-gradient-border m-button--primary m-button--large promotion-button promotion-card__action-btn\" aria-label=\"Iscriviti\"><div class=\"m-button-content\"><span class=\"promotion-button__content\">Iscriviti<\/span><\/div><\/button><button data-item=\"http:\/\/bonus_link\" data-group=\"website_links\" class=\"goto m-button m-gradient-border m-button--secondary m-button--medium promotion-card__info-btn\" aria-label=\"More information\"><div class=\"m-button-content\"><svg viewBox=\"0 0 24 24\" fill=\"none\" xmlns=\"http:\/\/www.w3.org\/2000\/svg\" class=\"m-icon m-icon-loadable\" name=\"Attention\" loading=\"false\" aria-hidden=\"true\"><path d=\"M12 22C6.477 22 2 17.522 2 12S6.477 2 12 2s10 4.478 10 10-4.477 10-10 10m-.002-13.004a.999.999 0 1 0 0-1.997.999.999 0 0 0 0 1.997M12 17a1 1 0 0 0 .993-.884L13 16l-.002-5.001-.007-.117a1 1 0 0 0-1.986 0l-.007.117L11 16l.007.117A1 1 0 0 0 12 17\" fill=\"currentColor\"><\/path><\/svg><\/div><\/button><\/div><\/div><div class=\"promotion-card\" style=\"background-image: url(https:\/\/afk-spin.com\/wp-content\/uploads\/2025\/11\/AFK-Spins-promocards-300\u0445300-2-\u2014-\u043a\u043e\u043f\u0438\u044f.webp);\"><h2 class=\"promotion-card__title\">Bonus Highroller<\/h2><label class=\"promotion-card__offer\">50% fino a \u20ac500<\/label><label class=\"promotion-card__description\"><\/label><div class=\"promotion-card__actions\"><button data-item=\"payments_link\" data-group=\"website_links\" class=\"goto btn btn-orange rounded-pill fw-bold px-4 m-button m-gradient-border m-button--primary m-button--large promotion-button promotion-card__action-btn\" aria-label=\"Iscriviti\"><div class=\"m-button-content\"><span class=\"promotion-button__content\">Iscriviti<\/span><\/div><\/button><button data-item=\"http:\/\/bonus_link\" data-group=\"website_links\" class=\"goto m-button m-gradient-border m-button--secondary m-button--medium promotion-card__info-btn\" aria-label=\"More information\"><div class=\"m-button-content\"><svg viewBox=\"0 0 24 24\" fill=\"none\" xmlns=\"http:\/\/www.w3.org\/2000\/svg\" class=\"m-icon m-icon-loadable\" name=\"Attention\" loading=\"false\" aria-hidden=\"true\"><path d=\"M12 22C6.477 22 2 17.522 2 12S6.477 2 12 2s10 4.478 10 10-4.477 10-10 10m-.002-13.004a.999.999 0 1 0 0-1.997.999.999 0 0 0 0 1.997M12 17a1 1 0 0 0 .993-.884L13 16l-.002-5.001-.007-.117a1 1 0 0 0-1.986 0l-.007.117L11 16l.007.117A1 1 0 0 0 12 17\" fill=\"currentColor\"><\/path><\/svg><\/div><\/button><\/div><\/div><\/div><div class=\"scrollable-content-wrap my-5\"><div class=\"scrollable-content-inner\"><h2>Offerte bonus AFK Spin<\/h2>\n<p>Noi di AFK Spin Casino siamo grati ai nostri utenti per aver scelto la nostra piattaforma e per la loro fedelt\u00e0 nel tempo. Per ringraziarvi, abbiamo creato un programma bonus AFK Spin esclusivo che si adatta a tutti i tipi di giocatori, alle loro preferenze e ai loro budget.<\/p>\n<p>Tutti i nuovi clienti ricevono automaticamente un pacchetto di benvenuto fino a 1.500 \u20ac + 250 giri gratuiti. Questo prolungher\u00e0 il tuo tempo sulla piattaforma e render\u00e0 il processo pi\u00f9 divertente. Ma questo \u00e8 solo l&#8217;inizio, perch\u00e9 per i giocatori abituali abbiamo una grande variet\u00e0 di bonus AFKSpin.<\/p>\n<p>Hai la possibilit\u00e0 di ricevere un cashback settimanale fino al 25% delle tue perdite. C&#8217;\u00e8 anche un&#8217;opzione di ricarica domenicale che ti d\u00e0 il 25% fino a 100 \u20ac, rendendo la fine della settimana ancora pi\u00f9 proficua. Per coloro che preferiscono grandi depositi e vincite, c&#8217;\u00e8 sempre un bonus Highroller disponibile, che offre il 50% fino a 500 \u20ac.<\/p>\n<h2>Pacchetto di benvenuto di AFK Spin Casino<\/h2>\n<p>AFK Spin Casino offre promozioni molto interessanti ai suoi clienti. Ogni nuovo cliente che si registra ed effettua il suo primo deposito ricever\u00e0 il pacchetto di benvenuto fino a 1.500 \u20ac + 250 giri gratuiti. \u00c8 suddiviso tra i tuoi primi tre depositi come segue:<\/p>\n<ul>\n<li>Bonus sul primo deposito: 100% fino a 500 \u20ac + 150 giri gratuiti<\/li>\n<li>Bonus sul secondo deposito: 55% fino a 500 \u20ac + 100 giri gratuiti<\/li>\n<li>Bonus sul terzo deposito: 100% fino a 500 \u20ac<\/li>\n<\/ul>\n<p>Approfitta di questo bonus per rendere l&#8217;inizio del tuo viaggio redditizio ed emozionante. Con i giri gratuiti potrai provare nuovi titoli senza rischi. Il pacchetto di benvenuto \u00e8 valido per 7 giorni dopo l&#8217;attivazione. Il deposito minimo in tutti e tre i casi \u00e8 di 20 \u20ac. Il requisito di scommessa \u00e8 x35.<\/p>\n<h2>Elenco dei tornei AFK Spin<\/h2>\n<p>Per chi ama competere con altri giocatori, abbiamo una sezione separata con tutti i tornei disponibili. Il principio del torneo \u00e8 che si gioca a titoli o giochi specifici di un fornitore di software, guadagnando punti e avendo poi la possibilit\u00e0 di vincere migliaia e milioni di euro.<\/p>\n<p>I tornei di AFK Spin Casino hanno montepremi molto alti. Di solito sono pensati per le slot o le opzioni di casin\u00f2 dal vivo. Di seguito puoi trovare ulteriori informazioni sulle opzioni di AFKSpin Casino.<\/p>\n<table>\n<tbody>\n<tr>\n<td>Torneo<\/td>\n<td>Montepremi<\/td>\n<\/tr>\n<tr>\n<td>Torneo giornaliero Bronzo<\/td>\n<td>2.500 \u20ac<\/td>\n<\/tr>\n<tr>\n<td>Spinoleague<\/td>\n<td>12.000.000 \u20ac<\/td>\n<\/tr>\n<tr>\n<td>BGaming Drops Frenzy<\/td>\n<td>a partire da 660.000 \u20ac<\/td>\n<\/tr>\n<tr>\n<td>Torneo live<\/td>\n<td>10.000 \u20ac<\/td>\n<\/tr>\n<\/tbody>\n<\/table>\n<h2>AFKSpin \u2013 Termini e condizioni<\/h2>\n<p>Per garantire il fair play a tutti i nostri utenti, il sistema di bonus AFK Spin ha i suoi termini e condizioni. Questi possono variare a seconda dei casi specifici. \u00c8 necessario leggere sempre le regole della promozione prima di attivarla. Esistono alcune categorie principali di termini relativi ai bonus AFK Spin:<\/p>\n<ul>\n<li>Deposito minimo: per la maggior parte delle offerte \u00e8 di 20 \u20ac.<\/li>\n<li>Requisiti di scommessa: la nostra piattaforma ha una regola di x35 o x40.<\/li>\n<li>Compatibilit\u00e0 di pi\u00f9 promozioni: non \u00e8 possibile attivare due o pi\u00f9 bonus di deposito contemporaneamente.<\/li>\n<li>Limite massimo di scommessa: l&#8217;importo massimo consentito \u00e8 di 5 \u20ac.<\/li>\n<\/ul>\n<h2>Domande frequenti<\/h2>\n<h3>Perch\u00e9 il mio bonus non \u00e8 apparso dopo il deposito?<\/h3>\n<p>A volte possono verificarsi dei ritardi ed \u00e8 necessario attendere alcuni minuti. Se non \u00e8 cambiato nulla, \u00e8 necessario contattare il nostro team di assistenza clienti tramite live chat o e-mail.<\/p>\n<h3>Quanto durano i bonus?<\/h3>\n<p>Ogni bonus ha un proprio periodo di validit\u00e0. La maggior parte delle promozioni sul nostro sito web sono valide per 7-14 giorni. Ti consigliamo di leggere attentamente i termini e le condizioni di ogni specifico bonus.<\/p>\n<h3>Posso prelevare le vincite da un bonus?<\/h3>\n<p>Il processo di prelievo su AFKSpin \u00e8 relativamente facile e veloce. Puoi prelevare le vincite se l&#8217;importo \u00e8 pari o superiore a 50 \u20ac. I nostri metodi di prelievo includono carte bancarie, portafogli elettronici, bonifici bancari e criptovalute.<\/p>\n<h3>I bonus si applicano a tutti i giochi?<\/h3>\n<p>Ogni offerta ha i propri termini e condizioni relativi ai titoli o ai fornitori di giochi. A volte, alcuni tipi di giochi non vengono presi in considerazione per intero, ma solo per il 20%, ad esempio.<\/p>\n<\/div><\/div><\/p>\n","protected":false},"excerpt":{"rendered":"<p>Bonus AFK Spin Il sistema di AFK Spin bonus offre ai propri clienti fantastici premi per aver scelto e continuato a utilizzare la piattaforma. Le promozioni renderanno il tuo tempo nel nostro casin\u00f2 online ancora pi\u00f9 divertente e redditizio. Tutti i nuovi giocatori riceveranno un pacchetto di benvenuto fino a 1.500 \u20ac + 250 giri [&hellip;]<\/p>\n","protected":false},"author":1,"featured_media":0,"parent":0,"menu_order":0,"comment_status":"closed","ping_status":"closed","template":"template-builder.php","meta":{"_acf_changed":false,"inline_featured_image":false,"footnotes":""},"class_list":["post-1439","page","type-page","status-publish","hentry"],"acf":[],"yoast_head":"<!-- This site is optimized with the Yoast SEO plugin v27.3 - https:\/\/yoast.com\/product\/yoast-seo-wordpress\/ -->\n<title>AFK Spin Bonus \u2013 Bonus Promozionali e di Benvenuto<\/title>\n<meta name=\"description\" content=\"AFK Spin Bonus \u2013 scopri offerte di benvenuto, bonus deposito, giri gratis, cashback e tornei. Termini completi e dettagli per il riscatto disponibili su AFKSpin Casino.\" \/>\n<meta name=\"robots\" content=\"index, follow, max-snippet:-1, max-image-preview:large, max-video-preview:-1\" \/>\n<link rel=\"canonical\" href=\"https:\/\/afk-spin.com\/it\/bonus\/\" \/>\n<meta property=\"og:locale\" content=\"it_IT\" \/>\n<meta property=\"og:type\" content=\"article\" \/>\n<meta property=\"og:title\" content=\"AFK Spin Bonus \u2013 Bonus Promozionali e di Benvenuto\" \/>\n<meta property=\"og:description\" content=\"AFK Spin Bonus \u2013 scopri offerte di benvenuto, bonus deposito, giri gratis, cashback e tornei. Termini completi e dettagli per il riscatto disponibili su AFKSpin Casino.\" \/>\n<meta property=\"og:url\" content=\"https:\/\/afk-spin.com\/it\/bonus\/\" \/>\n<meta property=\"og:site_name\" content=\"afkspins\" \/>\n<meta property=\"article:modified_time\" content=\"2025-11-24T06:28:11+00:00\" \/>\n<meta name=\"twitter:card\" content=\"summary_large_image\" \/>\n<meta name=\"twitter:label1\" content=\"Est. reading time\" \/>\n\t<meta name=\"twitter:data1\" content=\"1 minute\" \/>\n<script type=\"application\/ld+json\" class=\"yoast-schema-graph\">{\"@context\":\"https:\\\/\\\/schema.org\",\"@graph\":[{\"@type\":\"WebPage\",\"@id\":\"https:\\\/\\\/afk-spin.com\\\/it\\\/bonus\\\/\",\"url\":\"https:\\\/\\\/afk-spin.com\\\/it\\\/bonus\\\/\",\"name\":\"AFK Spin Bonus \u2013 Bonus Promozionali e di Benvenuto\",\"isPartOf\":{\"@id\":\"https:\\\/\\\/afk-spin.com\\\/it\\\/#website\"},\"datePublished\":\"2025-11-21T10:45:48+00:00\",\"dateModified\":\"2025-11-24T06:28:11+00:00\",\"description\":\"AFK Spin Bonus \u2013 scopri offerte di benvenuto, bonus deposito, giri gratis, cashback e tornei. Termini completi e dettagli per il riscatto disponibili su AFKSpin Casino.\",\"breadcrumb\":{\"@id\":\"https:\\\/\\\/afk-spin.com\\\/it\\\/bonus\\\/#breadcrumb\"},\"inLanguage\":\"it-IT\",\"potentialAction\":[{\"@type\":\"ReadAction\",\"target\":[\"https:\\\/\\\/afk-spin.com\\\/it\\\/bonus\\\/\"]}]},{\"@type\":\"BreadcrumbList\",\"@id\":\"https:\\\/\\\/afk-spin.com\\\/it\\\/bonus\\\/#breadcrumb\",\"itemListElement\":[{\"@type\":\"ListItem\",\"position\":1,\"name\":\"Afkspin\",\"item\":\"https:\\\/\\\/afk-spin.com\\\/it\\\/\"},{\"@type\":\"ListItem\",\"position\":2,\"name\":\"Bonus\"}]},{\"@type\":\"WebSite\",\"@id\":\"https:\\\/\\\/afk-spin.com\\\/it\\\/#website\",\"url\":\"https:\\\/\\\/afk-spin.com\\\/it\\\/\",\"name\":\"Afkspin\",\"description\":\"\",\"publisher\":{\"@id\":\"https:\\\/\\\/afk-spin.com\\\/it\\\/#organization\"},\"potentialAction\":[{\"@type\":\"SearchAction\",\"target\":{\"@type\":\"EntryPoint\",\"urlTemplate\":\"https:\\\/\\\/afk-spin.com\\\/it\\\/?s={search_term_string}\"},\"query-input\":{\"@type\":\"PropertyValueSpecification\",\"valueRequired\":true,\"valueName\":\"search_term_string\"}}],\"inLanguage\":\"it-IT\"},{\"@type\":\"Organization\",\"@id\":\"https:\\\/\\\/afk-spin.com\\\/it\\\/#organization\",\"name\":\"Afkspin\",\"url\":\"https:\\\/\\\/afk-spin.com\\\/it\\\/\",\"logo\":{\"@type\":\"ImageObject\",\"inLanguage\":\"it-IT\",\"@id\":\"https:\\\/\\\/afk-spin.com\\\/it\\\/#\\\/schema\\\/logo\\\/image\\\/\",\"url\":\"https:\\\/\\\/afk-spin.com\\\/wp-content\\\/uploads\\\/2025\\\/11\\\/logo.svg\",\"contentUrl\":\"https:\\\/\\\/afk-spin.com\\\/wp-content\\\/uploads\\\/2025\\\/11\\\/logo.svg\",\"width\":84,\"height\":24,\"caption\":\"Afkspin\"},\"image\":{\"@id\":\"https:\\\/\\\/afk-spin.com\\\/it\\\/#\\\/schema\\\/logo\\\/image\\\/\"}}]}<\/script>\n<!-- \/ Yoast SEO plugin. -->","yoast_head_json":{"title":"AFK Spin Bonus \u2013 Bonus Promozionali e di Benvenuto","description":"AFK Spin Bonus \u2013 scopri offerte di benvenuto, bonus deposito, giri gratis, cashback e tornei. Termini completi e dettagli per il riscatto disponibili su AFKSpin Casino.","robots":{"index":"index","follow":"follow","max-snippet":"max-snippet:-1","max-image-preview":"max-image-preview:large","max-video-preview":"max-video-preview:-1"},"canonical":"https:\/\/afk-spin.com\/it\/bonus\/","og_locale":"it_IT","og_type":"article","og_title":"AFK Spin Bonus \u2013 Bonus Promozionali e di Benvenuto","og_description":"AFK Spin Bonus \u2013 scopri offerte di benvenuto, bonus deposito, giri gratis, cashback e tornei. Termini completi e dettagli per il riscatto disponibili su AFKSpin Casino.","og_url":"https:\/\/afk-spin.com\/it\/bonus\/","og_site_name":"afkspins","article_modified_time":"2025-11-24T06:28:11+00:00","twitter_card":"summary_large_image","twitter_misc":{"Est. reading time":"1 minute"},"schema":{"@context":"https:\/\/schema.org","@graph":[{"@type":"WebPage","@id":"https:\/\/afk-spin.com\/it\/bonus\/","url":"https:\/\/afk-spin.com\/it\/bonus\/","name":"AFK Spin Bonus \u2013 Bonus Promozionali e di Benvenuto","isPartOf":{"@id":"https:\/\/afk-spin.com\/it\/#website"},"datePublished":"2025-11-21T10:45:48+00:00","dateModified":"2025-11-24T06:28:11+00:00","description":"AFK Spin Bonus \u2013 scopri offerte di benvenuto, bonus deposito, giri gratis, cashback e tornei. Termini completi e dettagli per il riscatto disponibili su AFKSpin Casino.","breadcrumb":{"@id":"https:\/\/afk-spin.com\/it\/bonus\/#breadcrumb"},"inLanguage":"it-IT","potentialAction":[{"@type":"ReadAction","target":["https:\/\/afk-spin.com\/it\/bonus\/"]}]},{"@type":"BreadcrumbList","@id":"https:\/\/afk-spin.com\/it\/bonus\/#breadcrumb","itemListElement":[{"@type":"ListItem","position":1,"name":"Afkspin","item":"https:\/\/afk-spin.com\/it\/"},{"@type":"ListItem","position":2,"name":"Bonus"}]},{"@type":"WebSite","@id":"https:\/\/afk-spin.com\/it\/#website","url":"https:\/\/afk-spin.com\/it\/","name":"Afkspin","description":"","publisher":{"@id":"https:\/\/afk-spin.com\/it\/#organization"},"potentialAction":[{"@type":"SearchAction","target":{"@type":"EntryPoint","urlTemplate":"https:\/\/afk-spin.com\/it\/?s={search_term_string}"},"query-input":{"@type":"PropertyValueSpecification","valueRequired":true,"valueName":"search_term_string"}}],"inLanguage":"it-IT"},{"@type":"Organization","@id":"https:\/\/afk-spin.com\/it\/#organization","name":"Afkspin","url":"https:\/\/afk-spin.com\/it\/","logo":{"@type":"ImageObject","inLanguage":"it-IT","@id":"https:\/\/afk-spin.com\/it\/#\/schema\/logo\/image\/","url":"https:\/\/afk-spin.com\/wp-content\/uploads\/2025\/11\/logo.svg","contentUrl":"https:\/\/afk-spin.com\/wp-content\/uploads\/2025\/11\/logo.svg","width":84,"height":24,"caption":"Afkspin"},"image":{"@id":"https:\/\/afk-spin.com\/it\/#\/schema\/logo\/image\/"}}]}},"_links":{"self":[{"href":"https:\/\/afk-spin.com\/it\/wp-json\/wp\/v2\/pages\/1439","targetHints":{"allow":["GET"]}}],"collection":[{"href":"https:\/\/afk-spin.com\/it\/wp-json\/wp\/v2\/pages"}],"about":[{"href":"https:\/\/afk-spin.com\/it\/wp-json\/wp\/v2\/types\/page"}],"author":[{"embeddable":true,"href":"https:\/\/afk-spin.com\/it\/wp-json\/wp\/v2\/users\/1"}],"replies":[{"embeddable":true,"href":"https:\/\/afk-spin.com\/it\/wp-json\/wp\/v2\/comments?post=1439"}],"version-history":[{"count":2,"href":"https:\/\/afk-spin.com\/it\/wp-json\/wp\/v2\/pages\/1439\/revisions"}],"predecessor-version":[{"id":1731,"href":"https:\/\/afk-spin.com\/it\/wp-json\/wp\/v2\/pages\/1439\/revisions\/1731"}],"wp:attachment":[{"href":"https:\/\/afk-spin.com\/it\/wp-json\/wp\/v2\/media?parent=1439"}],"curies":[{"name":"wp","href":"https:\/\/api.w.org\/{rel}","templated":true}]}}