{"id":1474,"date":"2025-11-21T10:39:09","date_gmt":"2025-11-21T10:39:09","guid":{"rendered":"https:\/\/afk-spin.com\/login-and-registration\/"},"modified":"2025-11-24T06:24:12","modified_gmt":"2025-11-24T06:24:12","slug":"accesso-e-registrazione","status":"publish","type":"page","link":"https:\/\/afk-spin.com\/it\/accesso-e-registrazione\/","title":{"rendered":"Accesso e registrazione"},"content":{"rendered":"<h1>Accesso e registrazione ad AFK Spin<\/h1>\n<p>Il processo di AFK Spin login \u00e8 il primo passo per esplorare tutte le funzionalit\u00e0 offerte dalla nostra piattaforma. Puoi registrarti se hai almeno 18 anni. Il processo richiede solo pochi minuti e dopo potrai goderti una vasta collezione di giochi, pagamenti sicuri, offerte bonus entusiasmanti e tornei.<\/p>\n<p><div class=\"banner-wrap\" aria-label=\"Banner\"><img src=\"https:\/\/afk-spin.com\/wp-content\/uploads\/2025\/11\/AFK-Spins-banner-carousel-932\u0445400.webp\" class=\"w-100 d-none d-lg-block img-pc main-banner-img\" alt=\"AFK Spins banner desktop\" fetchpriority=\"high\" decoding=\"async\"><img src=\"https:\/\/afk-spin.com\/wp-content\/uploads\/2025\/12\/Frame-36-1.webp\" class=\"w-100 d-none d-md-block d-lg-none main-banner-img\" alt=\"AFK spin mobile banner\" fetchpriority=\"high\" decoding=\"async\"><img src=\"https:\/\/afk-spin.com\/wp-content\/uploads\/2025\/12\/Frame-36-1.webp\" class=\"w-100 d-md-none\" alt=\"AFK spin mobile banner\" fetchpriority=\"high\" decoding=\"async\"><div class=\"banner-description\">\n<div class=\"banner-title\">Bonus di benvenuto<\/div>\n<p class=\"banner-header-title\">1500 \u20ac<\/p>\n<div class=\"banner-header-AdditionalText\">+ 250 Giri gratuiti<\/div>\n<button data-item=\"homepage_banner_link\" class=\"goto m-button m-gradient-border m-button--primary m-button--large banner-button btn-orange\">\n            <div class=\"m-button-content\">\n                <span>Iscriviti ora<\/span>\n                <span><\/span>\n            <\/div>\n        <\/button>\n<\/div>\n<div class=\"WelcomePack\">\n<p><img loading=\"lazy\" decoding=\"async\" class=\"alignnone size-full wp-image-1338\" src=\"https:\/\/afk-spin.com\/wp-content\/uploads\/2025\/11\/welcome-crown.svg\" alt=\"crown\" width=\"25\" height=\"26\" \/><\/p>\n<div class=\"WelcomePack-Info\">Cashback settimanale fino al 25%<\/div>\n<p><img loading=\"lazy\" decoding=\"async\" class=\"alignnone size-full wp-image-1338\" src=\"https:\/\/afk-spin.com\/wp-content\/uploads\/2025\/11\/welcome-crown.svg\" alt=\"crown\" width=\"25\" height=\"26\" \/><\/p>\n<\/div>\n<\/div><div class=\"scrollable-content-wrap my-5\"><div class=\"scrollable-content-inner\"><h2>Gestione della registrazione al casin\u00f2 AFK Spin<\/h2>\n<p>Per avere accesso a pi\u00f9 di 6.000 giochi di diverse categorie, opzioni di scommessa, bonus, tornei, pagamenti e un team di assistenza clienti, devi registrare un account su AFKSpin. Dopodich\u00e9 potrai iniziare a giocare con denaro reale, poich\u00e9 i depositi sono disponibili solo con un account.<\/p>\n<p>La nostra piattaforma ha delle regole di registrazione, che puoi trovare nella sezione &#8220;Termini e condizioni&#8221; a pi\u00e8 di pagina del sito web. Ci sono alcune regole principali che tutti gli utenti devono seguire:<\/p>\n<ul>\n<li>Devi avere almeno 18 anni per creare un account su AFK Spin Casino.<\/li>\n<li>Ogni persona pu\u00f2 avere un solo account.<\/li>\n<li>Inserisci il tuo nome reale, indirizzo e altre informazioni. \u00c8 fondamentale per un processo di verifica senza problemi.<\/li>\n<\/ul>\n<h3>Crea un account<\/h3>\n<p>Il processo di registrazione su AFK Spin richiede meno di 3 minuti. Ma ti dar\u00e0 accesso a tutte le funzioni e ai giochi del nostro sito web. Di seguito sono riportate le istruzioni dettagliate per rendere il processo il pi\u00f9 agevole possibile.<\/p>\n<table>\n<tbody>\n<tr>\n<td>Passaggio<\/td>\n<td>Dettagli<\/td>\n<\/tr>\n<tr>\n<td>L&#8217;utente deve visitare il sito web ufficiale di AFK Spin Casino.<\/td>\n<td>Ti chiediamo di registrarti solo sul sito web ufficiale per evitare frodi su piattaforme sconosciute.<\/td>\n<\/tr>\n<tr>\n<td>Clicca sul pulsante &#8220;Registrati&#8221;.<\/td>\n<td>Si tratta di un pulsante arancione nell&#8217;angolo in alto a destra della pagina principale.<\/td>\n<\/tr>\n<tr>\n<td>\u00c8 necessario compilare il modulo di registrazione.<\/td>\n<td>Il modulo di registrazione include un indirizzo e-mail e una password. La password deve contenere almeno 6 caratteri.<\/td>\n<\/tr>\n<tr>\n<td>\u00c8 necessario confermare la propria et\u00e0 e accettare le regole.<\/td>\n<td>Devi avere almeno 18 anni e leggere e accettare i termini e le condizioni di AFKSpin.<\/td>\n<\/tr>\n<tr>\n<td>\u00c8 necessario cliccare nuovamente sul pulsante &#8220;Registrati&#8221;.<\/td>\n<td>Questo \u00e8 l&#8217;ultimo passo per creare il tuo account.<\/td>\n<\/tr>\n<\/tbody>\n<\/table>\n<h2>Procedura di accesso ad AFK Spin<\/h2>\n<p>Se hai gi\u00e0 un account sul nostro sito web, devi solo inserire la tua email e la password per accedere a tutte le funzionalit\u00e0. La procedura di accesso ad AFK Spin \u00e8 necessaria per giocare con denaro reale, effettuare prelievi e usufruire dei bonus.<\/p>\n<p>Il tuo account personale ti d\u00e0 accesso alla cronologia completa delle tue transazioni, dei tuoi depositi, delle tue scommesse e dei tuoi bonus. Qui troverai anche strumenti per il gioco responsabile, inclusi limiti di tempo e finanziari.<\/p>\n<h3>Hai dimenticato la password?<\/h3>\n<p>Se hai dimenticato la password del tuo account, AFKSpin sar\u00e0 lieto di aiutarti a reimpostarla e crearne una nuova. Per farlo, devi seguire il link &#8220;Hai dimenticato la tua password?&#8221; nel modulo di accesso AFK Spin. Dopodich\u00e9, dovrai fornire il tuo indirizzo e-mail e ti invieremo un link per ripristinare la tua password e crearne una nuova.<\/p>\n<h2>Processo di verifica di AFKSpin Casino<\/h2>\n<p>Per prevenire le frodi e mantenere una piattaforma sicura ed equa, AFK Spin richiede a tutti i giocatori di completare la verifica prima di effettuare il loro primo deposito. Si tratta di un processo semplice che richiede poco tempo. Devi caricare sul sito web i documenti che provano la tua identit\u00e0. I documenti possono includere una carta d&#8217;identit\u00e0, un passaporto, una patente di guida e altre opzioni.<\/p>\n<p>In base alle regole di AFK Spin Casino, i nostri responsabili devono esaminare i documenti caricati entro 48 ore. Dopodich\u00e9, vedrai la risposta nel tuo account personale. Se tutto \u00e8 in regola, potrai prelevare le tue vincite senza indugio.<\/p>\n<h2>Domande frequenti<\/h2>\n<h3>Posso rimanere connesso sul mio dispositivo?<\/h3>\n<p>Dopo aver completato la procedura di accesso ad AFK Spin, non \u00e8 necessario disconnettersi al termine della sessione. Ci\u00f2 significa che la prossima volta che visiterai la piattaforma, non dovrai inserire nuovamente i tuoi dati.<\/p>\n<h3>Cosa devo fare se dimentico il mio nome utente o la mia e-mail?<\/h3>\n<p>In questo caso, \u00e8 necessario contattare il nostro servizio di assistenza multilingue disponibile 24 ore su 24, 7 giorni su 7, tramite live chat o e-mail. \u00c8 necessario fornire le informazioni relative al proprio account e i nostri responsabili cercheranno di ripristinare l&#8217;accesso.<\/p>\n<h3>Come posso modificare i miei dati di accesso?<\/h3>\n<p>Nel tuo account personale hai la possibilit\u00e0 di modificare i tuoi dati personali o di pagamento in qualsiasi momento. Modificando la tua e-mail o la tua password, l&#8217;account rimarr\u00e0 comunque sicuro.<\/p>\n<h3>Come posso abilitare l&#8217;autenticazione a due fattori (2FA)?<\/h3>\n<p>Puoi abilitare l&#8217;autenticazione a due fattori nelle impostazioni del tuo account su AFK Spin Casino. \u00c8 un&#8217;ottima idea proteggere ulteriormente i tuoi dati personali.<\/p>\n<\/div><\/div><\/p>\n","protected":false},"excerpt":{"rendered":"<p>Accesso e registrazione ad AFK Spin Il processo di AFK Spin login \u00e8 il primo passo per esplorare tutte le funzionalit\u00e0 offerte dalla nostra piattaforma. Puoi registrarti se hai almeno 18 anni. Il processo richiede solo pochi minuti e dopo potrai goderti una vasta collezione di giochi, pagamenti sicuri, offerte bonus entusiasmanti e tornei.<\/p>\n","protected":false},"author":1,"featured_media":0,"parent":0,"menu_order":0,"comment_status":"closed","ping_status":"closed","template":"template-builder.php","meta":{"_acf_changed":false,"inline_featured_image":false,"footnotes":""},"class_list":["post-1474","page","type-page","status-publish","hentry"],"acf":[],"yoast_head":"<!-- This site is optimized with the Yoast SEO plugin v27.3 - https:\/\/yoast.com\/product\/yoast-seo-wordpress\/ -->\n<title>AFK Spin Login \u2013 Registrazione e Gestione Account<\/title>\n<meta name=\"description\" content=\"AFK Spin login o crea il tuo account in pochi passi. Gestisci verifica, recupero password e impostazioni del profilo in modo sicuro e veloce su AFKSpin Casino.\" \/>\n<meta name=\"robots\" content=\"index, follow, max-snippet:-1, max-image-preview:large, max-video-preview:-1\" \/>\n<link rel=\"canonical\" href=\"https:\/\/afk-spin.com\/it\/accesso-e-registrazione\/\" \/>\n<meta property=\"og:locale\" content=\"it_IT\" \/>\n<meta property=\"og:type\" content=\"article\" \/>\n<meta property=\"og:title\" content=\"AFK Spin Login \u2013 Registrazione e Gestione Account\" \/>\n<meta property=\"og:description\" content=\"AFK Spin login o crea il tuo account in pochi passi. Gestisci verifica, recupero password e impostazioni del profilo in modo sicuro e veloce su AFKSpin Casino.\" \/>\n<meta property=\"og:url\" content=\"https:\/\/afk-spin.com\/it\/accesso-e-registrazione\/\" \/>\n<meta property=\"og:site_name\" content=\"afkspins\" \/>\n<meta property=\"article:modified_time\" content=\"2025-11-24T06:24:12+00:00\" \/>\n<meta name=\"twitter:card\" content=\"summary_large_image\" \/>\n<meta name=\"twitter:label1\" content=\"Est. reading time\" \/>\n\t<meta name=\"twitter:data1\" content=\"1 minute\" \/>\n<script type=\"application\/ld+json\" class=\"yoast-schema-graph\">{\"@context\":\"https:\\\/\\\/schema.org\",\"@graph\":[{\"@type\":\"WebPage\",\"@id\":\"https:\\\/\\\/afk-spin.com\\\/it\\\/accesso-e-registrazione\\\/\",\"url\":\"https:\\\/\\\/afk-spin.com\\\/it\\\/accesso-e-registrazione\\\/\",\"name\":\"AFK Spin Login \u2013 Registrazione e Gestione Account\",\"isPartOf\":{\"@id\":\"https:\\\/\\\/afk-spin.com\\\/it\\\/#website\"},\"datePublished\":\"2025-11-21T10:39:09+00:00\",\"dateModified\":\"2025-11-24T06:24:12+00:00\",\"description\":\"AFK Spin login o crea il tuo account in pochi passi. Gestisci verifica, recupero password e impostazioni del profilo in modo sicuro e veloce su AFKSpin Casino.\",\"breadcrumb\":{\"@id\":\"https:\\\/\\\/afk-spin.com\\\/it\\\/accesso-e-registrazione\\\/#breadcrumb\"},\"inLanguage\":\"it-IT\",\"potentialAction\":[{\"@type\":\"ReadAction\",\"target\":[\"https:\\\/\\\/afk-spin.com\\\/it\\\/accesso-e-registrazione\\\/\"]}]},{\"@type\":\"BreadcrumbList\",\"@id\":\"https:\\\/\\\/afk-spin.com\\\/it\\\/accesso-e-registrazione\\\/#breadcrumb\",\"itemListElement\":[{\"@type\":\"ListItem\",\"position\":1,\"name\":\"Afkspin\",\"item\":\"https:\\\/\\\/afk-spin.com\\\/it\\\/\"},{\"@type\":\"ListItem\",\"position\":2,\"name\":\"Accesso e registrazione\"}]},{\"@type\":\"WebSite\",\"@id\":\"https:\\\/\\\/afk-spin.com\\\/it\\\/#website\",\"url\":\"https:\\\/\\\/afk-spin.com\\\/it\\\/\",\"name\":\"Afkspin\",\"description\":\"\",\"publisher\":{\"@id\":\"https:\\\/\\\/afk-spin.com\\\/it\\\/#organization\"},\"potentialAction\":[{\"@type\":\"SearchAction\",\"target\":{\"@type\":\"EntryPoint\",\"urlTemplate\":\"https:\\\/\\\/afk-spin.com\\\/it\\\/?s={search_term_string}\"},\"query-input\":{\"@type\":\"PropertyValueSpecification\",\"valueRequired\":true,\"valueName\":\"search_term_string\"}}],\"inLanguage\":\"it-IT\"},{\"@type\":\"Organization\",\"@id\":\"https:\\\/\\\/afk-spin.com\\\/it\\\/#organization\",\"name\":\"Afkspin\",\"url\":\"https:\\\/\\\/afk-spin.com\\\/it\\\/\",\"logo\":{\"@type\":\"ImageObject\",\"inLanguage\":\"it-IT\",\"@id\":\"https:\\\/\\\/afk-spin.com\\\/it\\\/#\\\/schema\\\/logo\\\/image\\\/\",\"url\":\"https:\\\/\\\/afk-spin.com\\\/wp-content\\\/uploads\\\/2025\\\/11\\\/logo.svg\",\"contentUrl\":\"https:\\\/\\\/afk-spin.com\\\/wp-content\\\/uploads\\\/2025\\\/11\\\/logo.svg\",\"width\":84,\"height\":24,\"caption\":\"Afkspin\"},\"image\":{\"@id\":\"https:\\\/\\\/afk-spin.com\\\/it\\\/#\\\/schema\\\/logo\\\/image\\\/\"}}]}<\/script>\n<!-- \/ Yoast SEO plugin. -->","yoast_head_json":{"title":"AFK Spin Login \u2013 Registrazione e Gestione Account","description":"AFK Spin login o crea il tuo account in pochi passi. Gestisci verifica, recupero password e impostazioni del profilo in modo sicuro e veloce su AFKSpin Casino.","robots":{"index":"index","follow":"follow","max-snippet":"max-snippet:-1","max-image-preview":"max-image-preview:large","max-video-preview":"max-video-preview:-1"},"canonical":"https:\/\/afk-spin.com\/it\/accesso-e-registrazione\/","og_locale":"it_IT","og_type":"article","og_title":"AFK Spin Login \u2013 Registrazione e Gestione Account","og_description":"AFK Spin login o crea il tuo account in pochi passi. Gestisci verifica, recupero password e impostazioni del profilo in modo sicuro e veloce su AFKSpin Casino.","og_url":"https:\/\/afk-spin.com\/it\/accesso-e-registrazione\/","og_site_name":"afkspins","article_modified_time":"2025-11-24T06:24:12+00:00","twitter_card":"summary_large_image","twitter_misc":{"Est. reading time":"1 minute"},"schema":{"@context":"https:\/\/schema.org","@graph":[{"@type":"WebPage","@id":"https:\/\/afk-spin.com\/it\/accesso-e-registrazione\/","url":"https:\/\/afk-spin.com\/it\/accesso-e-registrazione\/","name":"AFK Spin Login \u2013 Registrazione e Gestione Account","isPartOf":{"@id":"https:\/\/afk-spin.com\/it\/#website"},"datePublished":"2025-11-21T10:39:09+00:00","dateModified":"2025-11-24T06:24:12+00:00","description":"AFK Spin login o crea il tuo account in pochi passi. Gestisci verifica, recupero password e impostazioni del profilo in modo sicuro e veloce su AFKSpin Casino.","breadcrumb":{"@id":"https:\/\/afk-spin.com\/it\/accesso-e-registrazione\/#breadcrumb"},"inLanguage":"it-IT","potentialAction":[{"@type":"ReadAction","target":["https:\/\/afk-spin.com\/it\/accesso-e-registrazione\/"]}]},{"@type":"BreadcrumbList","@id":"https:\/\/afk-spin.com\/it\/accesso-e-registrazione\/#breadcrumb","itemListElement":[{"@type":"ListItem","position":1,"name":"Afkspin","item":"https:\/\/afk-spin.com\/it\/"},{"@type":"ListItem","position":2,"name":"Accesso e registrazione"}]},{"@type":"WebSite","@id":"https:\/\/afk-spin.com\/it\/#website","url":"https:\/\/afk-spin.com\/it\/","name":"Afkspin","description":"","publisher":{"@id":"https:\/\/afk-spin.com\/it\/#organization"},"potentialAction":[{"@type":"SearchAction","target":{"@type":"EntryPoint","urlTemplate":"https:\/\/afk-spin.com\/it\/?s={search_term_string}"},"query-input":{"@type":"PropertyValueSpecification","valueRequired":true,"valueName":"search_term_string"}}],"inLanguage":"it-IT"},{"@type":"Organization","@id":"https:\/\/afk-spin.com\/it\/#organization","name":"Afkspin","url":"https:\/\/afk-spin.com\/it\/","logo":{"@type":"ImageObject","inLanguage":"it-IT","@id":"https:\/\/afk-spin.com\/it\/#\/schema\/logo\/image\/","url":"https:\/\/afk-spin.com\/wp-content\/uploads\/2025\/11\/logo.svg","contentUrl":"https:\/\/afk-spin.com\/wp-content\/uploads\/2025\/11\/logo.svg","width":84,"height":24,"caption":"Afkspin"},"image":{"@id":"https:\/\/afk-spin.com\/it\/#\/schema\/logo\/image\/"}}]}},"_links":{"self":[{"href":"https:\/\/afk-spin.com\/it\/wp-json\/wp\/v2\/pages\/1474","targetHints":{"allow":["GET"]}}],"collection":[{"href":"https:\/\/afk-spin.com\/it\/wp-json\/wp\/v2\/pages"}],"about":[{"href":"https:\/\/afk-spin.com\/it\/wp-json\/wp\/v2\/types\/page"}],"author":[{"embeddable":true,"href":"https:\/\/afk-spin.com\/it\/wp-json\/wp\/v2\/users\/1"}],"replies":[{"embeddable":true,"href":"https:\/\/afk-spin.com\/it\/wp-json\/wp\/v2\/comments?post=1474"}],"version-history":[{"count":1,"href":"https:\/\/afk-spin.com\/it\/wp-json\/wp\/v2\/pages\/1474\/revisions"}],"predecessor-version":[{"id":1723,"href":"https:\/\/afk-spin.com\/it\/wp-json\/wp\/v2\/pages\/1474\/revisions\/1723"}],"wp:attachment":[{"href":"https:\/\/afk-spin.com\/it\/wp-json\/wp\/v2\/media?parent=1474"}],"curies":[{"name":"wp","href":"https:\/\/api.w.org\/{rel}","templated":true}]}}