{"id":1470,"date":"2025-11-21T10:39:09","date_gmt":"2025-11-21T10:39:09","guid":{"rendered":"https:\/\/afk-spin.com\/login-and-registration\/"},"modified":"2025-11-21T11:53:59","modified_gmt":"2025-11-21T11:53:59","slug":"inloggen-en-registreren","status":"publish","type":"page","link":"https:\/\/afk-spin.com\/nl\/inloggen-en-registreren\/","title":{"rendered":"Inloggen en registreren"},"content":{"rendered":"<h1>AFK Spin inloggen en registreren<\/h1>\n<p>Het AFK Spin login proces is uw eerste stap om alle functies van ons platform te ontdekken. U kunt zich registreren als u 18 jaar of ouder bent. Het proces duurt slechts enkele minuten en daarna kunt u genieten van een enorme spelcollectie, veilige betalingen, spannende bonusaanbiedingen en toernooien.<\/p>\n<p><div class=\"banner-wrap\" aria-label=\"Banner\"><img src=\"https:\/\/afk-spin.com\/wp-content\/uploads\/2025\/11\/AFK-Spins-banner-carousel-932\u0445400.webp\" class=\"w-100 d-none d-lg-block img-pc main-banner-img\" alt=\"AFK Spins banner desktop\" fetchpriority=\"high\" decoding=\"async\"><img src=\"https:\/\/afk-spin.com\/wp-content\/uploads\/2025\/12\/Frame-36-1.webp\" class=\"w-100 d-none d-md-block d-lg-none main-banner-img\" alt=\"AFK spin mobile banner\" fetchpriority=\"high\" decoding=\"async\"><img src=\"https:\/\/afk-spin.com\/wp-content\/uploads\/2025\/12\/Frame-36-1.webp\" class=\"w-100 d-md-none\" alt=\"AFK spin mobile banner\" fetchpriority=\"high\" decoding=\"async\"><div class=\"banner-description\">\n<div class=\"banner-title\">Welkomstbonussen<\/div>\n<p class=\"banner-header-title\">1500 \u20ac<\/p>\n<div class=\"banner-header-AdditionalText\">+ 250 Gratis Spins<\/div>\n<button data-item=\"homepage_banner_link\" class=\"goto m-button m-gradient-border m-button--primary m-button--large banner-button btn-orange\">\n            <div class=\"m-button-content\">\n                <span>Meld je nu aan<\/span>\n                <span><\/span>\n            <\/div>\n        <\/button>\n<\/div>\n<div class=\"WelcomePack\">\n<p><img loading=\"lazy\" decoding=\"async\" class=\"alignnone size-full wp-image-1338\" src=\"https:\/\/afk-spin.com\/wp-content\/uploads\/2025\/11\/welcome-crown.svg\" alt=\"crown\" width=\"25\" height=\"26\" \/><\/p>\n<div class=\"WelcomePack-Info\">Wekelijkse cashback tot 25%<\/div>\n<p><img loading=\"lazy\" decoding=\"async\" class=\"alignnone size-full wp-image-1338\" src=\"https:\/\/afk-spin.com\/wp-content\/uploads\/2025\/11\/welcome-crown.svg\" alt=\"crown\" width=\"25\" height=\"26\" \/><\/p>\n<\/div>\n<\/div><div class=\"scrollable-content-wrap my-5\"><div class=\"scrollable-content-inner\"><h2>AFK Spin Casino Registratiebeheer<\/h2>\n<p>Om toegang te krijgen tot meer dan 6.000 spellen in verschillende categorie\u00ebn, wedopties, bonussen, toernooien, betalingen en een klantenserviceteam, moet u een account registreren bij AFKSpin. Daarna kunt u beginnen met spelen voor echt geld, omdat stortingen alleen mogelijk zijn met een account.<\/p>\n<p>Ons platform heeft registratieregels, die u kunt vinden in de sectie &#8220;Algemene voorwaarden&#8221; onderaan de website. Er zijn enkele belangrijke regels die alle gebruikers moeten volgen:<\/p>\n<ul>\n<li>Je moet 18 jaar of ouder zijn om een account aan te maken bij AFK Spin Casino.<\/li>\n<li>E\u00e9n persoon kan slechts \u00e9\u00e9n account hebben.<\/li>\n<li>Voer je echte naam, adres en andere gegevens in. Dit is cruciaal voor een zorgeloos verificatieproces.<\/li>\n<\/ul>\n<h3>Account aanmaken<\/h3>\n<p>Het registratieproces bij AFK Spin duurt niet langer dan 3 minuten. Maar het geeft u toegang tot alle functies en spellen van onze website. Hieronder vindt u stapsgewijze instructies om het proces zo soepel mogelijk te laten verlopen.<\/p>\n<table>\n<tbody>\n<tr>\n<td>Stap<\/td>\n<td>Details<\/td>\n<\/tr>\n<tr>\n<td>Gebruikers moeten naar de offici\u00eble website van AFK Spin Casino gaan.<\/td>\n<td>We vragen u om u alleen op de offici\u00eble website te registreren om fraude op onbekende platforms te voorkomen.<\/td>\n<\/tr>\n<tr>\n<td>Klik op de knop &#8216;Aanmelden&#8217;.<\/td>\n<td>Dit is een oranje knop in de rechterbovenhoek van de hoofdpagina.<\/td>\n<\/tr>\n<tr>\n<td>U moet het registratieformulier invullen.<\/td>\n<td>Het registratieformulier bevat een e-mailadres en een wachtwoord. Het wachtwoord moet minimaal 6 tekens bevatten.<\/td>\n<\/tr>\n<tr>\n<td>U moet uw leeftijd bevestigen en akkoord gaan met de regels.<\/td>\n<td>U moet 18 jaar of ouder zijn en de algemene voorwaarden van AFKSpin lezen en accepteren.<\/td>\n<\/tr>\n<tr>\n<td>Klik nogmaals op de knop &#8216;Aanmelden&#8217;.<\/td>\n<td>Dit is de laatste stap om uw account aan te maken.<\/td>\n<\/tr>\n<\/tbody>\n<\/table>\n<h2>AFK Spin-aanmeldingsproces<\/h2>\n<p>Als u al een account op onze website heeft, hoeft u alleen uw e-mailadres en wachtwoord in te voeren om toegang te krijgen tot alle functies. Het inlogproces bij AFK Spin is noodzakelijk om voor echt geld te spelen, opnames te doen en gebruik te maken van bonussen.<\/p>\n<p>Via je persoonlijke account heb je toegang tot een volledig overzicht van je transacties, stortingen, weddenschappen en bonussen. Daar vind je ook tools voor verantwoord gokken, waaronder tijd- en financi\u00eble limieten.<\/p>\n<h3>Wachtwoord vergeten?<\/h3>\n<p>Als u het wachtwoord van uw account bent vergeten, helpt AFKSpin u graag om het te resetten en een nieuw wachtwoord aan te maken. Hiervoor moet u de link &#8220;Wachtwoord vergeten?&#8221; in het AFK Spin-inlogformulier volgen. Vervolgens moet u uw e-mailadres opgeven, waarna wij u een link sturen om uw wachtwoord te herstellen en een nieuw wachtwoord aan te maken.<\/p>\n<h2>Verificatieproces van AFKSpin Casino<\/h2>\n<p>Om fraude te voorkomen en een veilig, eerlijk platform te behouden, vereist AFK Spin dat alle spelers een verificatie doorlopen voordat ze hun eerste storting doen. Het is een eenvoudig proces dat weinig tijd kost. U moet de documenten die uw identiteit bewijzen uploaden naar de website. De documenten kunnen een identiteitskaart, een paspoort, een rijbewijs en andere opties zijn.<\/p>\n<p>Volgens de regels van AFK Spin Casino moeten onze managers de ge\u00fcploade documenten binnen 48 uur controleren. Daarna ziet u het antwoord in uw persoonlijke account. Als alles in orde is, kunt u uw winst nu zonder vertraging opnemen.<\/p>\n<h2>FAQ<\/h2>\n<h3>Kan ik ingelogd blijven op mijn apparaat?<\/h3>\n<p>Nadat u het inlogproces van AFK Spin hebt doorlopen, hoeft u zich na afloop van de sessie niet uit te loggen. Dit betekent dat u de volgende keer dat u het platform bezoekt, uw gegevens niet opnieuw hoeft in te voeren.<\/p>\n<h3>Wat moet ik doen als ik mijn gebruikersnaam of e-mailadres ben vergeten?<\/h3>\n<p>In dat geval moet u contact opnemen met onze 24\/7 meertalige klantenservice via live chat of e-mail. U moet informatie over uw account verstrekken, waarna onze managers zullen proberen de toegang te herstellen.<\/p>\n<h3>Hoe kan ik mijn inloggegevens wijzigen?<\/h3>\n<p>In uw persoonlijke account kunt u op elk moment uw persoonlijke gegevens of betalingsgegevens wijzigen. Als u uw e-mailadres of wachtwoord wijzigt, blijft uw account beveiligd.<\/p>\n<h3>Hoe kan ik tweefactorauthenticatie (2FA) inschakelen?<\/h3>\n<p>U kunt tweefactorauthenticatie inschakelen in uw accountinstellingen bij AFK Spin Casino. Het is een zeer goed idee om uw persoonlijke gegevens extra te beveiligen.<\/p>\n<\/div><\/div><\/p>\n","protected":false},"excerpt":{"rendered":"<p>AFK Spin inloggen en registreren Het AFK Spin login proces is uw eerste stap om alle functies van ons platform te ontdekken. U kunt zich registreren als u 18 jaar of ouder bent. Het proces duurt slechts enkele minuten en daarna kunt u genieten van een enorme spelcollectie, veilige betalingen, spannende bonusaanbiedingen en toernooien.<\/p>\n","protected":false},"author":1,"featured_media":0,"parent":0,"menu_order":0,"comment_status":"closed","ping_status":"closed","template":"template-builder.php","meta":{"_acf_changed":false,"inline_featured_image":false,"footnotes":""},"class_list":["post-1470","page","type-page","status-publish","hentry"],"acf":[],"yoast_head":"<!-- This site is optimized with the Yoast SEO plugin v27.3 - https:\/\/yoast.com\/product\/yoast-seo-wordpress\/ -->\n<title>AFK Spin Login \u2013 Registratie en Accountbeheer<\/title>\n<meta name=\"description\" content=\"AFK Spin login of maak eenvoudig je account aan. Beheer verificatie, wachtwoordherstel en accountinstellingen veilig en snel in AFKSpin Casino.\" \/>\n<meta name=\"robots\" content=\"index, follow, max-snippet:-1, max-image-preview:large, max-video-preview:-1\" \/>\n<link rel=\"canonical\" href=\"https:\/\/afk-spin.com\/nl\/inloggen-en-registreren\/\" \/>\n<meta property=\"og:locale\" content=\"nl_NL\" \/>\n<meta property=\"og:type\" content=\"article\" \/>\n<meta property=\"og:title\" content=\"AFK Spin Login \u2013 Registratie en Accountbeheer\" \/>\n<meta property=\"og:description\" content=\"AFK Spin login of maak eenvoudig je account aan. Beheer verificatie, wachtwoordherstel en accountinstellingen veilig en snel in AFKSpin Casino.\" \/>\n<meta property=\"og:url\" content=\"https:\/\/afk-spin.com\/nl\/inloggen-en-registreren\/\" \/>\n<meta property=\"og:site_name\" content=\"afkspins\" \/>\n<meta property=\"article:modified_time\" content=\"2025-11-21T11:53:59+00:00\" \/>\n<meta name=\"twitter:card\" content=\"summary_large_image\" \/>\n<meta name=\"twitter:label1\" content=\"Est. reading time\" \/>\n\t<meta name=\"twitter:data1\" content=\"1 minute\" \/>\n<script type=\"application\/ld+json\" class=\"yoast-schema-graph\">{\"@context\":\"https:\\\/\\\/schema.org\",\"@graph\":[{\"@type\":\"WebPage\",\"@id\":\"https:\\\/\\\/afk-spin.com\\\/nl\\\/inloggen-en-registreren\\\/\",\"url\":\"https:\\\/\\\/afk-spin.com\\\/nl\\\/inloggen-en-registreren\\\/\",\"name\":\"AFK Spin Login \u2013 Registratie en Accountbeheer\",\"isPartOf\":{\"@id\":\"https:\\\/\\\/afk-spin.com\\\/nl\\\/#website\"},\"datePublished\":\"2025-11-21T10:39:09+00:00\",\"dateModified\":\"2025-11-21T11:53:59+00:00\",\"description\":\"AFK Spin login of maak eenvoudig je account aan. Beheer verificatie, wachtwoordherstel en accountinstellingen veilig en snel in AFKSpin Casino.\",\"breadcrumb\":{\"@id\":\"https:\\\/\\\/afk-spin.com\\\/nl\\\/inloggen-en-registreren\\\/#breadcrumb\"},\"inLanguage\":\"nl-NL\",\"potentialAction\":[{\"@type\":\"ReadAction\",\"target\":[\"https:\\\/\\\/afk-spin.com\\\/nl\\\/inloggen-en-registreren\\\/\"]}]},{\"@type\":\"BreadcrumbList\",\"@id\":\"https:\\\/\\\/afk-spin.com\\\/nl\\\/inloggen-en-registreren\\\/#breadcrumb\",\"itemListElement\":[{\"@type\":\"ListItem\",\"position\":1,\"name\":\"Afkspin\",\"item\":\"https:\\\/\\\/afk-spin.com\\\/nl\\\/\"},{\"@type\":\"ListItem\",\"position\":2,\"name\":\"Inloggen en registreren\"}]},{\"@type\":\"WebSite\",\"@id\":\"https:\\\/\\\/afk-spin.com\\\/nl\\\/#website\",\"url\":\"https:\\\/\\\/afk-spin.com\\\/nl\\\/\",\"name\":\"Afkspin\",\"description\":\"\",\"publisher\":{\"@id\":\"https:\\\/\\\/afk-spin.com\\\/nl\\\/#organization\"},\"potentialAction\":[{\"@type\":\"SearchAction\",\"target\":{\"@type\":\"EntryPoint\",\"urlTemplate\":\"https:\\\/\\\/afk-spin.com\\\/nl\\\/?s={search_term_string}\"},\"query-input\":{\"@type\":\"PropertyValueSpecification\",\"valueRequired\":true,\"valueName\":\"search_term_string\"}}],\"inLanguage\":\"nl-NL\"},{\"@type\":\"Organization\",\"@id\":\"https:\\\/\\\/afk-spin.com\\\/nl\\\/#organization\",\"name\":\"Afkspin\",\"url\":\"https:\\\/\\\/afk-spin.com\\\/nl\\\/\",\"logo\":{\"@type\":\"ImageObject\",\"inLanguage\":\"nl-NL\",\"@id\":\"https:\\\/\\\/afk-spin.com\\\/nl\\\/#\\\/schema\\\/logo\\\/image\\\/\",\"url\":\"https:\\\/\\\/afk-spin.com\\\/wp-content\\\/uploads\\\/2025\\\/11\\\/logo.svg\",\"contentUrl\":\"https:\\\/\\\/afk-spin.com\\\/wp-content\\\/uploads\\\/2025\\\/11\\\/logo.svg\",\"width\":84,\"height\":24,\"caption\":\"Afkspin\"},\"image\":{\"@id\":\"https:\\\/\\\/afk-spin.com\\\/nl\\\/#\\\/schema\\\/logo\\\/image\\\/\"}}]}<\/script>\n<!-- \/ Yoast SEO plugin. -->","yoast_head_json":{"title":"AFK Spin Login \u2013 Registratie en Accountbeheer","description":"AFK Spin login of maak eenvoudig je account aan. Beheer verificatie, wachtwoordherstel en accountinstellingen veilig en snel in AFKSpin Casino.","robots":{"index":"index","follow":"follow","max-snippet":"max-snippet:-1","max-image-preview":"max-image-preview:large","max-video-preview":"max-video-preview:-1"},"canonical":"https:\/\/afk-spin.com\/nl\/inloggen-en-registreren\/","og_locale":"nl_NL","og_type":"article","og_title":"AFK Spin Login \u2013 Registratie en Accountbeheer","og_description":"AFK Spin login of maak eenvoudig je account aan. Beheer verificatie, wachtwoordherstel en accountinstellingen veilig en snel in AFKSpin Casino.","og_url":"https:\/\/afk-spin.com\/nl\/inloggen-en-registreren\/","og_site_name":"afkspins","article_modified_time":"2025-11-21T11:53:59+00:00","twitter_card":"summary_large_image","twitter_misc":{"Est. reading time":"1 minute"},"schema":{"@context":"https:\/\/schema.org","@graph":[{"@type":"WebPage","@id":"https:\/\/afk-spin.com\/nl\/inloggen-en-registreren\/","url":"https:\/\/afk-spin.com\/nl\/inloggen-en-registreren\/","name":"AFK Spin Login \u2013 Registratie en Accountbeheer","isPartOf":{"@id":"https:\/\/afk-spin.com\/nl\/#website"},"datePublished":"2025-11-21T10:39:09+00:00","dateModified":"2025-11-21T11:53:59+00:00","description":"AFK Spin login of maak eenvoudig je account aan. Beheer verificatie, wachtwoordherstel en accountinstellingen veilig en snel in AFKSpin Casino.","breadcrumb":{"@id":"https:\/\/afk-spin.com\/nl\/inloggen-en-registreren\/#breadcrumb"},"inLanguage":"nl-NL","potentialAction":[{"@type":"ReadAction","target":["https:\/\/afk-spin.com\/nl\/inloggen-en-registreren\/"]}]},{"@type":"BreadcrumbList","@id":"https:\/\/afk-spin.com\/nl\/inloggen-en-registreren\/#breadcrumb","itemListElement":[{"@type":"ListItem","position":1,"name":"Afkspin","item":"https:\/\/afk-spin.com\/nl\/"},{"@type":"ListItem","position":2,"name":"Inloggen en registreren"}]},{"@type":"WebSite","@id":"https:\/\/afk-spin.com\/nl\/#website","url":"https:\/\/afk-spin.com\/nl\/","name":"Afkspin","description":"","publisher":{"@id":"https:\/\/afk-spin.com\/nl\/#organization"},"potentialAction":[{"@type":"SearchAction","target":{"@type":"EntryPoint","urlTemplate":"https:\/\/afk-spin.com\/nl\/?s={search_term_string}"},"query-input":{"@type":"PropertyValueSpecification","valueRequired":true,"valueName":"search_term_string"}}],"inLanguage":"nl-NL"},{"@type":"Organization","@id":"https:\/\/afk-spin.com\/nl\/#organization","name":"Afkspin","url":"https:\/\/afk-spin.com\/nl\/","logo":{"@type":"ImageObject","inLanguage":"nl-NL","@id":"https:\/\/afk-spin.com\/nl\/#\/schema\/logo\/image\/","url":"https:\/\/afk-spin.com\/wp-content\/uploads\/2025\/11\/logo.svg","contentUrl":"https:\/\/afk-spin.com\/wp-content\/uploads\/2025\/11\/logo.svg","width":84,"height":24,"caption":"Afkspin"},"image":{"@id":"https:\/\/afk-spin.com\/nl\/#\/schema\/logo\/image\/"}}]}},"_links":{"self":[{"href":"https:\/\/afk-spin.com\/nl\/wp-json\/wp\/v2\/pages\/1470","targetHints":{"allow":["GET"]}}],"collection":[{"href":"https:\/\/afk-spin.com\/nl\/wp-json\/wp\/v2\/pages"}],"about":[{"href":"https:\/\/afk-spin.com\/nl\/wp-json\/wp\/v2\/types\/page"}],"author":[{"embeddable":true,"href":"https:\/\/afk-spin.com\/nl\/wp-json\/wp\/v2\/users\/1"}],"replies":[{"embeddable":true,"href":"https:\/\/afk-spin.com\/nl\/wp-json\/wp\/v2\/comments?post=1470"}],"version-history":[{"count":1,"href":"https:\/\/afk-spin.com\/nl\/wp-json\/wp\/v2\/pages\/1470\/revisions"}],"predecessor-version":[{"id":1541,"href":"https:\/\/afk-spin.com\/nl\/wp-json\/wp\/v2\/pages\/1470\/revisions\/1541"}],"wp:attachment":[{"href":"https:\/\/afk-spin.com\/nl\/wp-json\/wp\/v2\/media?parent=1470"}],"curies":[{"name":"wp","href":"https:\/\/api.w.org\/{rel}","templated":true}]}}