{"id":1429,"date":"2025-11-21T10:37:00","date_gmt":"2025-11-21T10:37:00","guid":{"rendered":"https:\/\/afk-spin.com\/app\/"},"modified":"2025-11-24T06:46:57","modified_gmt":"2025-11-24T06:46:57","slug":"aplikacja","status":"publish","type":"page","link":"https:\/\/afk-spin.com\/pl\/aplikacja\/","title":{"rendered":"Aplikacja"},"content":{"rendered":"<h1>Aplikacja AFK Spin<\/h1>\n<p>Je\u015bli wolisz ekscytuj\u0105ce gry hazardowe, ale chcesz te\u017c mie\u0107 elastyczno\u015b\u0107 i gra\u0107 z dowolnego miejsca, musisz wypr\u00f3bowa\u0107 nasz\u0105 AFK Spin App. Zosta\u0142a ona opracowana dla system\u00f3w Android i iOS i oferuje w pe\u0142ni dostosowan\u0105 wersj\u0119 dla urz\u0105dze\u0144 mobilnych. Wygl\u0105d i nawigacja b\u0119d\u0105 Ci znane, je\u015bli wypr\u00f3bowa\u0142e\u015b ju\u017c pe\u0142n\u0105 wersj\u0119 na komputery stacjonarne. W aplikacji znajdziesz ogromn\u0105 kolekcj\u0119 gier, korzystne bonusy, ekscytuj\u0105ce turnieje, pomocn\u0105 obs\u0142ug\u0119 klienta i wiele wi\u0119cej.<\/p>\n<div class=\"banner-wrap\" aria-label=\"Banner\"><img src=\"https:\/\/afk-spin.com\/wp-content\/uploads\/2025\/11\/AFK-Spins-banner-carousel-932\u0445400.webp\" class=\"w-100 d-none d-lg-block img-pc main-banner-img\" alt=\"AFK Spins banner desktop\" fetchpriority=\"high\" decoding=\"async\"><img src=\"https:\/\/afk-spin.com\/wp-content\/uploads\/2025\/12\/Frame-36-1.webp\" class=\"w-100 d-none d-md-block d-lg-none main-banner-img\" alt=\"AFK spin mobile banner\" fetchpriority=\"high\" decoding=\"async\"><img src=\"https:\/\/afk-spin.com\/wp-content\/uploads\/2025\/12\/Frame-36-1.webp\" class=\"w-100 d-md-none\" alt=\"AFK spin mobile banner\" fetchpriority=\"high\" decoding=\"async\"><div class=\"banner-description\">\n<div class=\"banner-title\">Bonusy powitalne<\/div>\n<p class=\"banner-header-title\">1500 \u20ac<\/p>\n<div class=\"banner-header-AdditionalText\">+ 250 Darmowe obroty<\/div>\n<button data-item=\"homepage_banner_link\" class=\"goto m-button m-gradient-border m-button--primary m-button--large banner-button btn-orange\">\n            <div class=\"m-button-content\">\n                <span>Zarejestruj si\u0119 teraz<\/span>\n                <span><\/span>\n            <\/div>\n        <\/button>\n<\/div>\n<div class=\"WelcomePack\">\n<p><img loading=\"lazy\" decoding=\"async\" class=\"alignnone size-full wp-image-1338\" src=\"https:\/\/afk-spin.com\/wp-content\/uploads\/2025\/11\/welcome-crown.svg\" alt=\"crown\" width=\"25\" height=\"26\" \/><\/p>\n<div class=\"WelcomePack-Info\">Cotygodniowy zwrot got\u00f3wki do 25%<\/div>\n<p><img loading=\"lazy\" decoding=\"async\" class=\"alignnone size-full wp-image-1338\" src=\"https:\/\/afk-spin.com\/wp-content\/uploads\/2025\/11\/welcome-crown.svg\" alt=\"crown\" width=\"25\" height=\"26\" \/><\/p>\n<\/div>\n<\/div>\n<h2>Aplikacja mobilna AFK Spin<\/h2>\n<p>Wypr\u00f3bowanie nowych rzeczy mo\u017ce prowadzi\u0107 do lepszych wra\u017ce\u0144 z gry. Dlatego zalecamy wszystkim naszym klientom, aby przynajmniej raz zagrali w mobilnym kasynie AFKSpin. Znajdziesz tam te same ponad 6000 gier, w tym automaty, gry sto\u0142owe, opcje kasyna na \u017cywo, gry b\u0142yskawiczne i wiele wi\u0119cej.<\/p>\n<p>Wszystkie funkcje aplikacji s\u0105 doskonale dostosowane do nowoczesnych urz\u0105dze\u0144 mobilnych. Na przyk\u0142ad gry z krupierem na \u017cywo s\u0105 nadal t\u0142umaczone w jako\u015bci HD i s\u0105 kompatybilne z systemami Android i iOS. Po procesie weryfikacji mo\u017cesz dokonywa\u0107 wp\u0142at i wyp\u0142at w taki sam spos\u00f3b, jak w wersji na komputery stacjonarne.<\/p>\n<p>Nie ograniczamy Ci\u0119 jednak. Mo\u017cesz zalogowa\u0107 si\u0119 z urz\u0105dzenia mobilnego, obstawia\u0107 zak\u0142ady, a p\u00f3\u017aniej kontynuowa\u0107 gr\u0119 na komputerze. Wszystkie Twoje dane i osi\u0105gni\u0119cia s\u0105 synchronizowane mi\u0119dzy wszystkimi urz\u0105dzeniami, na kt\u00f3rych jeste\u015b zalogowany.<\/p>\n<table>\n<tbody>\n<tr>\n<td>Zalety<\/td>\n<td>Wady<\/td>\n<\/tr>\n<tr>\n<td>Oferuje elegancki, intuicyjny wygl\u0105d, kt\u00f3ry u\u0142atwia nawigacj\u0119 i zapewnia p\u0142ynn\u0105 rozgrywk\u0119.<\/td>\n<td>Aplikacja nie jest dost\u0119pna w oficjalnych sklepach.<\/td>\n<\/tr>\n<tr>\n<td>Obszerna biblioteka gier jest dost\u0119pna bezpo\u015brednio w oprogramowaniu mobilnym, w tym automaty online i sto\u0142y na \u017cywo.<\/td>\n<td>Aby zaktualizowa\u0107 oprogramowanie mobilne, nale\u017cy r\u0119cznie pobra\u0107 najnowsz\u0105 wersj\u0119 ze strony internetowej.<\/td>\n<\/tr>\n<tr>\n<td>Powiadomienia push informuj\u0105 o bonusach, nowych grach i promocjach.<\/td>\n<td><\/td>\n<\/tr>\n<tr>\n<td>Bezpieczne p\u0142atno\u015bci mobilne, w tym karty bankowe, portfele elektroniczne, przelewy bankowe i kryptowaluty, umo\u017cliwiaj\u0105 szybkie wp\u0142aty i wyp\u0142aty.<\/td>\n<td><\/td>\n<\/tr>\n<\/tbody>\n<\/table>\n<p><div style=\"clear: both\"><\/div><div class=\"d-flex justify-content-center\"><button data-item=\"decouvrez_link\" data-group=\"website_links\" class=\"goto fw-bold rounded-pill btn btn-orange\" aria-label=\"Pobierz aplikacj\u0119 AFKspin Casino\" >Pobierz aplikacj\u0119 AFKspin Casino<\/button><\/div><div class=\"scrollable-content-wrap my-5\"><div class=\"scrollable-content-inner\"><h2>Aplikacja AFK Spin \u2013 Android<\/h2>\n<p>Wszystkie nowoczesne urz\u0105dzenia z systemem Android s\u0105 kompatybilne z naszym oprogramowaniem mobilnym. Oferujemy progresywn\u0105 aplikacj\u0119 internetow\u0105 (PWA), kt\u00f3ra nie wymaga przesy\u0142ania nieznanych plik\u00f3w APK. Oprogramowanie jest lustrzanym odbiciem wersji desktopowej, wi\u0119c na pewno nie zgubisz si\u0119, je\u015bli korzysta\u0142e\u015b z niego wcze\u015bniej.<\/p>\n<p>Instalacja oprogramowania zajmie nie wi\u0119cej ni\u017c 3 minuty, a Twoje urz\u0105dzenie b\u0119dzie bezpieczne i nie b\u0119dzie zawiera\u0142o zb\u0119dnych nowych plik\u00f3w do pobrania. Aby p\u0142ynnie rozpocz\u0105\u0107 korzystanie z aplikacji AFK Spin na Androida, post\u0119puj zgodnie z poni\u017cszymi instrukcjami:<\/p>\n<ol>\n<li>Musisz wej\u015b\u0107 na oficjaln\u0105 stron\u0119 kasyna AFK Spin.<\/li>\n<li>W stopce (na dole strony) znajd\u017a i kliknij przycisk \u201eAplikacja kasyna\u201d.<\/li>\n<li>Proces instalacji rozpocznie si\u0119 automatycznie i zajmie tylko 1\u20132 minuty, je\u015bli masz stabilne po\u0142\u0105czenie internetowe.<\/li>\n<li>Po zainstalowaniu aplikacji na ekranie pojawi si\u0119 ikona kasyna online.<\/li>\n<\/ol>\n<p>Je\u015bli masz ju\u017c konto, zaloguj si\u0119. Je\u015bli nie, nie ma problemu. Mo\u017cesz przej\u015b\u0107 przez proces rejestracji bezpo\u015brednio w kasynie mobilnym. Proces ten jest prosty i przejrzysty. Wystarczy poda\u0107 adres e-mail i utworzy\u0107 has\u0142o.<\/p>\n<p><img loading=\"lazy\" decoding=\"async\" src=\"https:\/\/afk-spin.com\/wp-content\/uploads\/2025\/11\/AFKspin-Android-App.webp\" alt=\"AFKspin App Android\" width=\"1248\" height=\"536\" \/><\/p>\n<\/div><\/div><div style=\"clear: both\"><\/div><div class=\"d-flex justify-content-center\"><button data-item=\"decouvrez_link\" data-group=\"website_links\" class=\"goto fw-bold rounded-pill btn btn-orange\" aria-label=\"Pobierz AFKspin\" >Pobierz AFKspin<\/button><\/div><div class=\"scrollable-content-wrap my-5\"><div class=\"scrollable-content-inner\"><h2>Aplikacja AFK Spin na iOS<\/h2>\n<p>Z przyjemno\u015bci\u0105 oferujemy naszym klientom korzystaj\u0105cym z iPhone&#8217;\u00f3w i iPad\u00f3w adaptacyjne oprogramowanie mobilne AFKSpin. Teraz nie musisz ju\u017c by\u0107 zawsze w domu lub w miejscu, w kt\u00f3rym znajduje si\u0119 Tw\u00f3j komputer. Mo\u017cesz cieszy\u0107 si\u0119 wszystkimi grami na swoim urz\u0105dzeniu mobilnym, gdziekolwiek jeste\u015b. Nasi u\u017cytkownicy iOS szczeg\u00f3lnie podkre\u015blaj\u0105 sekcj\u0119 kasyna na \u017cywo ze wzgl\u0119du na jej autentyczn\u0105 atmosfer\u0119.<\/p>\n<p>Masz dwie opcje korzystania z AFK Spin Casino na swoim urz\u0105dzeniu mobilnym: PWA lub ikon\u0119 skr\u00f3tu. Aplikacj\u0119 AFK Spin mo\u017cna pobra\u0107 ze strony internetowej, klikaj\u0105c przycisk \u201eAplikacja kasyna\u201d. Zajmuje to kilka minut i zapewnia szybki dost\u0119p do wszystkich potrzebnych funkcji. Aby zainstalowa\u0107 ikon\u0119 skr\u00f3tu, zalecamy post\u0119powanie zgodnie z poni\u017cszymi instrukcjami:<\/p>\n<ol>\n<li>U\u017cytkownik musi przej\u015b\u0107 do naszej oficjalnej strony internetowej w przegl\u0105darce Safari.<\/li>\n<li>Nast\u0119pnie nale\u017cy klikn\u0105\u0107 przycisk \u201eUdost\u0119pnij\u201d (kwadrat z strza\u0142k\u0105 skierowan\u0105 w g\u00f3r\u0119).<\/li>\n<li>Na wy\u015bwietlonej li\u015bcie nale\u017cy znale\u017a\u0107 opcj\u0119 \u201eDodaj do ekranu g\u0142\u00f3wnego\u201d i j\u0105 wybra\u0107.<\/li>\n<li>Aby potwierdzi\u0107 ten krok, nale\u017cy wybra\u0107 opcj\u0119 \u201eDodaj\u201d.<\/li>\n<\/ol>\n<p><img loading=\"lazy\" decoding=\"async\" src=\"https:\/\/afk-spin.com\/wp-content\/uploads\/2025\/11\/AFKspin-iOS-App.webp\" alt=\"AFKspin iOS App\" width=\"1248\" height=\"536\" \/><\/p>\n<\/div><\/div><div style=\"clear: both\"><\/div><div class=\"d-flex justify-content-center\"><button data-item=\"decouvrez_link\" data-group=\"website_links\" class=\"goto fw-bold rounded-pill btn btn-orange\" aria-label=\"Pobierz aplikacj\u0119 AFKspin Casino\" >Pobierz aplikacj\u0119 AFKspin Casino<\/button><\/div><div class=\"scrollable-content-wrap my-5\"><div class=\"scrollable-content-inner\"><h2>Aplikacja AFKSpin Casino na komputery stacjonarne<\/h2>\n<p>Niekt\u00f3rzy u\u017cytkownicy kasyna AFK Spin wol\u0105 po\u0142\u0105czy\u0107 kasyno mobilne ze standardow\u0105 rozgrywk\u0105 na komputerze stacjonarnym. Mo\u017cesz uzyska\u0107 dost\u0119p do naszej strony internetowej w dowolnej przegl\u0105darce i cieszy\u0107 si\u0119 wszystkimi ulubionymi grami w jednym miejscu. Aby rozpocz\u0105\u0107 gr\u0119 na prawdziwe pieni\u0105dze, wystarczy przej\u015b\u0107 przez proces rejestracji.<\/p>\n<p>Aby uzyska\u0107 szybki dost\u0119p do AFK Spin Casino, zawsze mo\u017cesz utworzy\u0107 skr\u00f3t. Jest on dost\u0119pny w ka\u017cdej nowoczesnej przegl\u0105darce. Wystarczy odwiedzi\u0107 nasz\u0105 stron\u0119 internetow\u0105 i w ustawieniach przegl\u0105darki wybra\u0107 opcj\u0119 \u201eDodaj do ekranu g\u0142\u00f3wnego\u201d. Nast\u0119pnie na ekranie powinna pojawi\u0107 si\u0119 ikona.<\/p>\n<p><img loading=\"lazy\" decoding=\"async\" src=\"https:\/\/afk-spin.com\/wp-content\/uploads\/2025\/11\/AFKspin-Desktop.webp\" alt=\"AFKspin Desktop\" width=\"1248\" height=\"536\" \/><\/p>\n<\/div><\/div><div style=\"clear: both\"><\/div><div class=\"d-flex justify-content-center\"><button data-item=\"decouvrez_link\" data-group=\"website_links\" class=\"goto fw-bold rounded-pill btn btn-orange\" aria-label=\"Pobierz AFKspin\" >Pobierz AFKspin<\/button><\/div><div class=\"scrollable-content-wrap my-5\"><div class=\"scrollable-content-inner\"><h2>FAQ<\/h2>\n<h3>Czy mog\u0119 zmieni\u0107 has\u0142o w aplikacji AFK Spin?<\/h3>\n<p>Po zalogowaniu si\u0119 na swoje konto mo\u017cesz zmieni\u0107 dowolne dane osobowe lub informacje dotycz\u0105ce p\u0142atno\u015bci w ustawieniach konta. Aby zmieni\u0107 has\u0142o, wy\u015blemy Ci wiadomo\u015b\u0107 e-mail z pro\u015bb\u0105 o potwierdzenie, aby upewni\u0107 si\u0119, \u017ce to Ty.<\/p>\n<h3>Czy istniej\u0105 jakie\u015b ograniczenia dotycz\u0105ce gier w aplikacjach mobilnych i komputerowych?<\/h3>\n<p>Wszystkie nasze gry s\u0105 dost\u0119pne w aplikacji AFK Spin Casino na urz\u0105dzenia mobilne i komputery PC. Wszystkie dostosowuj\u0105 si\u0119 do rozmiaru ekranu i zapewniaj\u0105 niezapomniane wra\u017cenia.<\/p>\n<h3>Gdzie mog\u0119 pobra\u0107 aplikacj\u0119 AFK Spin Casino z wiarygodnego \u017ar\u00f3d\u0142a?<\/h3>\n<p>Oprogramowanie AFKSpin nale\u017cy pobiera\u0107 wy\u0142\u0105cznie z naszej oficjalnej strony internetowej. Wszystkie inne \u017ar\u00f3d\u0142a mog\u0105 by\u0107 niebezpieczne lub fa\u0142szywe.<\/p>\n<h3>Mam problem z aplikacj\u0105 AFKSpin Casino. Co mam zrobi\u0107?<\/h3>\n<p>Je\u015bli masz jakiekolwiek pytania lub problemy dotycz\u0105ce oprogramowania mobilnego, zawsze mo\u017cesz skontaktowa\u0107 si\u0119 z zespo\u0142em obs\u0142ugi klienta dost\u0119pnym 24 godziny na dob\u0119, 7 dni w tygodniu, za po\u015brednictwem czatu na \u017cywo lub poczty elektronicznej. Nasi mened\u017cerowie ch\u0119tnie pomog\u0105 Ci w rozwi\u0105zaniu wszelkich problem\u00f3w.<\/p>\n<\/div><\/div><\/p>\n","protected":false},"excerpt":{"rendered":"<p>Aplikacja AFK Spin Je\u015bli wolisz ekscytuj\u0105ce gry hazardowe, ale chcesz te\u017c mie\u0107 elastyczno\u015b\u0107 i gra\u0107 z dowolnego miejsca, musisz wypr\u00f3bowa\u0107 nasz\u0105 AFK Spin App. Zosta\u0142a ona opracowana dla system\u00f3w Android i iOS i oferuje w pe\u0142ni dostosowan\u0105 wersj\u0119 dla urz\u0105dze\u0144 mobilnych. Wygl\u0105d i nawigacja b\u0119d\u0105 Ci znane, je\u015bli wypr\u00f3bowa\u0142e\u015b ju\u017c pe\u0142n\u0105 wersj\u0119 na komputery stacjonarne. [&hellip;]<\/p>\n","protected":false},"author":1,"featured_media":0,"parent":0,"menu_order":0,"comment_status":"closed","ping_status":"closed","template":"template-builder.php","meta":{"_acf_changed":false,"inline_featured_image":false,"footnotes":""},"class_list":["post-1429","page","type-page","status-publish","hentry"],"acf":[],"yoast_head":"<!-- This site is optimized with the Yoast SEO plugin v27.3 - https:\/\/yoast.com\/product\/yoast-seo-wordpress\/ -->\n<title>AFK Spin App \u2013 iOS, Android | Pobierz<\/title>\n<meta name=\"description\" content=\"Zainstaluj AFK Spin App na iOS i Android, aby gra\u0107 w ponad 6000 slot\u00f3w i gier live kasyna gdziekolwiek jeste\u015b. P\u0142ynne dzia\u0142anie, szybkie aktualizacje i wsparcie 24\/7 \u2013 wszystko w AFKSpin App.\" \/>\n<meta name=\"robots\" content=\"index, follow, max-snippet:-1, max-image-preview:large, max-video-preview:-1\" \/>\n<link rel=\"canonical\" href=\"https:\/\/afk-spin.com\/pl\/aplikacja\/\" \/>\n<meta property=\"og:locale\" content=\"pl_PL\" \/>\n<meta property=\"og:type\" content=\"article\" \/>\n<meta property=\"og:title\" content=\"AFK Spin App \u2013 iOS, Android | Pobierz\" \/>\n<meta property=\"og:description\" content=\"Zainstaluj AFK Spin App na iOS i Android, aby gra\u0107 w ponad 6000 slot\u00f3w i gier live kasyna gdziekolwiek jeste\u015b. P\u0142ynne dzia\u0142anie, szybkie aktualizacje i wsparcie 24\/7 \u2013 wszystko w AFKSpin App.\" \/>\n<meta property=\"og:url\" content=\"https:\/\/afk-spin.com\/pl\/aplikacja\/\" \/>\n<meta property=\"og:site_name\" content=\"afkspins\" \/>\n<meta property=\"article:modified_time\" content=\"2025-11-24T06:46:57+00:00\" \/>\n<meta name=\"twitter:card\" content=\"summary_large_image\" \/>\n<meta name=\"twitter:label1\" content=\"Est. reading time\" \/>\n\t<meta name=\"twitter:data1\" content=\"2 minutes\" \/>\n<script type=\"application\/ld+json\" class=\"yoast-schema-graph\">{\"@context\":\"https:\\\/\\\/schema.org\",\"@graph\":[{\"@type\":\"WebPage\",\"@id\":\"https:\\\/\\\/afk-spin.com\\\/pl\\\/aplikacja\\\/\",\"url\":\"https:\\\/\\\/afk-spin.com\\\/pl\\\/aplikacja\\\/\",\"name\":\"AFK Spin App \u2013 iOS, Android | Pobierz\",\"isPartOf\":{\"@id\":\"https:\\\/\\\/afk-spin.com\\\/pl\\\/#website\"},\"datePublished\":\"2025-11-21T10:37:00+00:00\",\"dateModified\":\"2025-11-24T06:46:57+00:00\",\"description\":\"Zainstaluj AFK Spin App na iOS i Android, aby gra\u0107 w ponad 6000 slot\u00f3w i gier live kasyna gdziekolwiek jeste\u015b. P\u0142ynne dzia\u0142anie, szybkie aktualizacje i wsparcie 24\\\/7 \u2013 wszystko w AFKSpin App.\",\"breadcrumb\":{\"@id\":\"https:\\\/\\\/afk-spin.com\\\/pl\\\/aplikacja\\\/#breadcrumb\"},\"inLanguage\":\"pl-PL\",\"potentialAction\":[{\"@type\":\"ReadAction\",\"target\":[\"https:\\\/\\\/afk-spin.com\\\/pl\\\/aplikacja\\\/\"]}]},{\"@type\":\"BreadcrumbList\",\"@id\":\"https:\\\/\\\/afk-spin.com\\\/pl\\\/aplikacja\\\/#breadcrumb\",\"itemListElement\":[{\"@type\":\"ListItem\",\"position\":1,\"name\":\"Afkspin\",\"item\":\"https:\\\/\\\/afk-spin.com\\\/pl\\\/\"},{\"@type\":\"ListItem\",\"position\":2,\"name\":\"Aplikacja\"}]},{\"@type\":\"WebSite\",\"@id\":\"https:\\\/\\\/afk-spin.com\\\/pl\\\/#website\",\"url\":\"https:\\\/\\\/afk-spin.com\\\/pl\\\/\",\"name\":\"Afkspin\",\"description\":\"\",\"publisher\":{\"@id\":\"https:\\\/\\\/afk-spin.com\\\/pl\\\/#organization\"},\"potentialAction\":[{\"@type\":\"SearchAction\",\"target\":{\"@type\":\"EntryPoint\",\"urlTemplate\":\"https:\\\/\\\/afk-spin.com\\\/pl\\\/?s={search_term_string}\"},\"query-input\":{\"@type\":\"PropertyValueSpecification\",\"valueRequired\":true,\"valueName\":\"search_term_string\"}}],\"inLanguage\":\"pl-PL\"},{\"@type\":\"Organization\",\"@id\":\"https:\\\/\\\/afk-spin.com\\\/pl\\\/#organization\",\"name\":\"Afkspin\",\"url\":\"https:\\\/\\\/afk-spin.com\\\/pl\\\/\",\"logo\":{\"@type\":\"ImageObject\",\"inLanguage\":\"pl-PL\",\"@id\":\"https:\\\/\\\/afk-spin.com\\\/pl\\\/#\\\/schema\\\/logo\\\/image\\\/\",\"url\":\"https:\\\/\\\/afk-spin.com\\\/wp-content\\\/uploads\\\/2025\\\/11\\\/logo.svg\",\"contentUrl\":\"https:\\\/\\\/afk-spin.com\\\/wp-content\\\/uploads\\\/2025\\\/11\\\/logo.svg\",\"width\":84,\"height\":24,\"caption\":\"Afkspin\"},\"image\":{\"@id\":\"https:\\\/\\\/afk-spin.com\\\/pl\\\/#\\\/schema\\\/logo\\\/image\\\/\"}}]}<\/script>\n<!-- \/ Yoast SEO plugin. -->","yoast_head_json":{"title":"AFK Spin App \u2013 iOS, Android | Pobierz","description":"Zainstaluj AFK Spin App na iOS i Android, aby gra\u0107 w ponad 6000 slot\u00f3w i gier live kasyna gdziekolwiek jeste\u015b. P\u0142ynne dzia\u0142anie, szybkie aktualizacje i wsparcie 24\/7 \u2013 wszystko w AFKSpin App.","robots":{"index":"index","follow":"follow","max-snippet":"max-snippet:-1","max-image-preview":"max-image-preview:large","max-video-preview":"max-video-preview:-1"},"canonical":"https:\/\/afk-spin.com\/pl\/aplikacja\/","og_locale":"pl_PL","og_type":"article","og_title":"AFK Spin App \u2013 iOS, Android | Pobierz","og_description":"Zainstaluj AFK Spin App na iOS i Android, aby gra\u0107 w ponad 6000 slot\u00f3w i gier live kasyna gdziekolwiek jeste\u015b. P\u0142ynne dzia\u0142anie, szybkie aktualizacje i wsparcie 24\/7 \u2013 wszystko w AFKSpin App.","og_url":"https:\/\/afk-spin.com\/pl\/aplikacja\/","og_site_name":"afkspins","article_modified_time":"2025-11-24T06:46:57+00:00","twitter_card":"summary_large_image","twitter_misc":{"Est. reading time":"2 minutes"},"schema":{"@context":"https:\/\/schema.org","@graph":[{"@type":"WebPage","@id":"https:\/\/afk-spin.com\/pl\/aplikacja\/","url":"https:\/\/afk-spin.com\/pl\/aplikacja\/","name":"AFK Spin App \u2013 iOS, Android | Pobierz","isPartOf":{"@id":"https:\/\/afk-spin.com\/pl\/#website"},"datePublished":"2025-11-21T10:37:00+00:00","dateModified":"2025-11-24T06:46:57+00:00","description":"Zainstaluj AFK Spin App na iOS i Android, aby gra\u0107 w ponad 6000 slot\u00f3w i gier live kasyna gdziekolwiek jeste\u015b. P\u0142ynne dzia\u0142anie, szybkie aktualizacje i wsparcie 24\/7 \u2013 wszystko w AFKSpin App.","breadcrumb":{"@id":"https:\/\/afk-spin.com\/pl\/aplikacja\/#breadcrumb"},"inLanguage":"pl-PL","potentialAction":[{"@type":"ReadAction","target":["https:\/\/afk-spin.com\/pl\/aplikacja\/"]}]},{"@type":"BreadcrumbList","@id":"https:\/\/afk-spin.com\/pl\/aplikacja\/#breadcrumb","itemListElement":[{"@type":"ListItem","position":1,"name":"Afkspin","item":"https:\/\/afk-spin.com\/pl\/"},{"@type":"ListItem","position":2,"name":"Aplikacja"}]},{"@type":"WebSite","@id":"https:\/\/afk-spin.com\/pl\/#website","url":"https:\/\/afk-spin.com\/pl\/","name":"Afkspin","description":"","publisher":{"@id":"https:\/\/afk-spin.com\/pl\/#organization"},"potentialAction":[{"@type":"SearchAction","target":{"@type":"EntryPoint","urlTemplate":"https:\/\/afk-spin.com\/pl\/?s={search_term_string}"},"query-input":{"@type":"PropertyValueSpecification","valueRequired":true,"valueName":"search_term_string"}}],"inLanguage":"pl-PL"},{"@type":"Organization","@id":"https:\/\/afk-spin.com\/pl\/#organization","name":"Afkspin","url":"https:\/\/afk-spin.com\/pl\/","logo":{"@type":"ImageObject","inLanguage":"pl-PL","@id":"https:\/\/afk-spin.com\/pl\/#\/schema\/logo\/image\/","url":"https:\/\/afk-spin.com\/wp-content\/uploads\/2025\/11\/logo.svg","contentUrl":"https:\/\/afk-spin.com\/wp-content\/uploads\/2025\/11\/logo.svg","width":84,"height":24,"caption":"Afkspin"},"image":{"@id":"https:\/\/afk-spin.com\/pl\/#\/schema\/logo\/image\/"}}]}},"_links":{"self":[{"href":"https:\/\/afk-spin.com\/pl\/wp-json\/wp\/v2\/pages\/1429","targetHints":{"allow":["GET"]}}],"collection":[{"href":"https:\/\/afk-spin.com\/pl\/wp-json\/wp\/v2\/pages"}],"about":[{"href":"https:\/\/afk-spin.com\/pl\/wp-json\/wp\/v2\/types\/page"}],"author":[{"embeddable":true,"href":"https:\/\/afk-spin.com\/pl\/wp-json\/wp\/v2\/users\/1"}],"replies":[{"embeddable":true,"href":"https:\/\/afk-spin.com\/pl\/wp-json\/wp\/v2\/comments?post=1429"}],"version-history":[{"count":2,"href":"https:\/\/afk-spin.com\/pl\/wp-json\/wp\/v2\/pages\/1429\/revisions"}],"predecessor-version":[{"id":1777,"href":"https:\/\/afk-spin.com\/pl\/wp-json\/wp\/v2\/pages\/1429\/revisions\/1777"}],"wp:attachment":[{"href":"https:\/\/afk-spin.com\/pl\/wp-json\/wp\/v2\/media?parent=1429"}],"curies":[{"name":"wp","href":"https:\/\/api.w.org\/{rel}","templated":true}]}}