{"id":1441,"date":"2025-11-21T10:45:48","date_gmt":"2025-11-21T10:45:48","guid":{"rendered":"https:\/\/afk-spin.com\/bonus\/"},"modified":"2025-11-24T06:53:41","modified_gmt":"2025-11-24T06:53:41","slug":"bonus","status":"publish","type":"page","link":"https:\/\/afk-spin.com\/pl\/bonus\/","title":{"rendered":"Bonus"},"content":{"rendered":"<h1>Bonusy AFK Spin<\/h1>\n<p>System AFK Spin Bonus oferuje swoim klientom atrakcyjne nagrody za wyb\u00f3r i pozostanie na platformie. Promocje sprawi\u0105, \u017ce czas sp\u0119dzony w naszym kasynie online b\u0119dzie jeszcze przyjemniejszy i bardziej op\u0142acalny. Wszyscy nowi gracze otrzymaj\u0105 pakiet powitalny o warto\u015bci do 1500 \u20ac + 250 darmowych spin\u00f3w za pierwsze trzy depozyty. Nast\u0119pnie uzyskasz dost\u0119p do cotygodniowego cashbacku, turniej\u00f3w, niedzielnych do\u0142adowa\u0144 i wielu innych opcji.<\/p>\n<p><div class=\"banner-wrap\" aria-label=\"Banner\"><img src=\"https:\/\/afk-spin.com\/wp-content\/uploads\/2025\/11\/AFK-Spins-banner-carousel-932\u0445400.webp\" class=\"w-100 d-none d-lg-block img-pc main-banner-img\" alt=\"AFK Spins banner desktop\" fetchpriority=\"high\" decoding=\"async\"><img src=\"https:\/\/afk-spin.com\/wp-content\/uploads\/2025\/12\/Frame-36-1.webp\" class=\"w-100 d-none d-md-block d-lg-none main-banner-img\" alt=\"AFK spin mobile banner\" fetchpriority=\"high\" decoding=\"async\"><img src=\"https:\/\/afk-spin.com\/wp-content\/uploads\/2025\/12\/Frame-36-1.webp\" class=\"w-100 d-md-none\" alt=\"AFK spin mobile banner\" fetchpriority=\"high\" decoding=\"async\"><div class=\"banner-description\">\n<div class=\"banner-title\">Bonusy powitalne<\/div>\n<p class=\"banner-header-title\">1500 \u20ac<\/p>\n<div class=\"banner-header-AdditionalText\">+ 250 Darmowe obroty<\/div>\n<button data-item=\"homepage_banner_link\" class=\"goto m-button m-gradient-border m-button--primary m-button--large banner-button btn-orange\">\n            <div class=\"m-button-content\">\n                <span>Zarejestruj si\u0119 teraz<\/span>\n                <span><\/span>\n            <\/div>\n        <\/button>\n<\/div>\n<div class=\"WelcomePack\">\n<p><img loading=\"lazy\" decoding=\"async\" class=\"alignnone size-full wp-image-1338\" src=\"https:\/\/afk-spin.com\/wp-content\/uploads\/2025\/11\/welcome-crown.svg\" alt=\"crown\" width=\"25\" height=\"26\" \/><\/p>\n<div class=\"WelcomePack-Info\">Cotygodniowy zwrot got\u00f3wki do 25%<\/div>\n<p><img loading=\"lazy\" decoding=\"async\" class=\"alignnone size-full wp-image-1338\" src=\"https:\/\/afk-spin.com\/wp-content\/uploads\/2025\/11\/welcome-crown.svg\" alt=\"crown\" width=\"25\" height=\"26\" \/><\/p>\n<\/div>\n<\/div><div class=\"promotions-wrap\"><div class=\"promotion-card\" style=\"background-image: url(https:\/\/afk-spin.com\/wp-content\/uploads\/2025\/11\/AFK-Spins-promocards-300\u0445300-2-1.webp);\"><h2 class=\"promotion-card__title\">Pierwsza wp\u0142ata<\/h2><label class=\"promotion-card__offer\">100% do 500 \u20ac + 150 darmowych spin\u00f3w<\/label><label class=\"promotion-card__description\"><\/label><div class=\"promotion-card__actions\"><button data-item=\"payments_link\" data-group=\"website_links\" class=\"goto btn btn-orange rounded-pill fw-bold px-4 m-button m-gradient-border m-button--primary m-button--large promotion-button promotion-card__action-btn\" aria-label=\"Zarejestruj si\u0119\"><div class=\"m-button-content\"><span class=\"promotion-button__content\">Zarejestruj si\u0119<\/span><\/div><\/button><button data-item=\"http:\/\/bonus_link\" data-group=\"website_links\" class=\"goto m-button m-gradient-border m-button--secondary m-button--medium promotion-card__info-btn\" aria-label=\"More information\"><div class=\"m-button-content\"><svg viewBox=\"0 0 24 24\" fill=\"none\" xmlns=\"http:\/\/www.w3.org\/2000\/svg\" class=\"m-icon m-icon-loadable\" name=\"Attention\" loading=\"false\" aria-hidden=\"true\"><path d=\"M12 22C6.477 22 2 17.522 2 12S6.477 2 12 2s10 4.478 10 10-4.477 10-10 10m-.002-13.004a.999.999 0 1 0 0-1.997.999.999 0 0 0 0 1.997M12 17a1 1 0 0 0 .993-.884L13 16l-.002-5.001-.007-.117a1 1 0 0 0-1.986 0l-.007.117L11 16l.007.117A1 1 0 0 0 12 17\" fill=\"currentColor\"><\/path><\/svg><\/div><\/button><\/div><\/div><div class=\"promotion-card\" style=\"background-image: url(https:\/\/afk-spin.com\/wp-content\/uploads\/2025\/11\/AFK-Spins-promocards-300\u0445300-2.webp);\"><h2 class=\"promotion-card__title\">Drugi depozyt<\/h2><label class=\"promotion-card__offer\">55% do 500 \u20ac + 100 darmowych spin\u00f3w<\/label><label class=\"promotion-card__description\"><\/label><div class=\"promotion-card__actions\"><button data-item=\"payments_link\" data-group=\"website_links\" class=\"goto btn btn-orange rounded-pill fw-bold px-4 m-button m-gradient-border m-button--primary m-button--large promotion-button promotion-card__action-btn\" aria-label=\"Zarejestruj si\u0119\"><div class=\"m-button-content\"><span class=\"promotion-button__content\">Zarejestruj si\u0119<\/span><\/div><\/button><button data-item=\"http:\/\/bonus_link\" data-group=\"website_links\" class=\"goto m-button m-gradient-border m-button--secondary m-button--medium promotion-card__info-btn\" aria-label=\"More information\"><div class=\"m-button-content\"><svg viewBox=\"0 0 24 24\" fill=\"none\" xmlns=\"http:\/\/www.w3.org\/2000\/svg\" class=\"m-icon m-icon-loadable\" name=\"Attention\" loading=\"false\" aria-hidden=\"true\"><path d=\"M12 22C6.477 22 2 17.522 2 12S6.477 2 12 2s10 4.478 10 10-4.477 10-10 10m-.002-13.004a.999.999 0 1 0 0-1.997.999.999 0 0 0 0 1.997M12 17a1 1 0 0 0 .993-.884L13 16l-.002-5.001-.007-.117a1 1 0 0 0-1.986 0l-.007.117L11 16l.007.117A1 1 0 0 0 12 17\" fill=\"currentColor\"><\/path><\/svg><\/div><\/button><\/div><\/div><div class=\"promotion-card\" style=\"background-image: url(https:\/\/afk-spin.com\/wp-content\/uploads\/2025\/11\/AFK-Spins-promocards-300\u0445300-3.webp);\"><h2 class=\"promotion-card__title\">Trzecia wp\u0142ata<\/h2><label class=\"promotion-card__offer\">100% do 500 \u20ac<\/label><label class=\"promotion-card__description\"><\/label><div class=\"promotion-card__actions\"><button data-item=\"payments_link\" data-group=\"website_links\" class=\"goto btn btn-orange rounded-pill fw-bold px-4 m-button m-gradient-border m-button--primary m-button--large promotion-button promotion-card__action-btn\" aria-label=\"Zarejestruj si\u0119\"><div class=\"m-button-content\"><span class=\"promotion-button__content\">Zarejestruj si\u0119<\/span><\/div><\/button><button data-item=\"http:\/\/bonus_link\" data-group=\"website_links\" class=\"goto m-button m-gradient-border m-button--secondary m-button--medium promotion-card__info-btn\" aria-label=\"More information\"><div class=\"m-button-content\"><svg viewBox=\"0 0 24 24\" fill=\"none\" xmlns=\"http:\/\/www.w3.org\/2000\/svg\" class=\"m-icon m-icon-loadable\" name=\"Attention\" loading=\"false\" aria-hidden=\"true\"><path d=\"M12 22C6.477 22 2 17.522 2 12S6.477 2 12 2s10 4.478 10 10-4.477 10-10 10m-.002-13.004a.999.999 0 1 0 0-1.997.999.999 0 0 0 0 1.997M12 17a1 1 0 0 0 .993-.884L13 16l-.002-5.001-.007-.117a1 1 0 0 0-1.986 0l-.007.117L11 16l.007.117A1 1 0 0 0 12 17\" fill=\"currentColor\"><\/path><\/svg><\/div><\/button><\/div><\/div><div class=\"promotion-card\" style=\"background-image: url(https:\/\/afk-spin.com\/wp-content\/uploads\/2025\/11\/AFK-Spins-promocards-300\u0445300-\u2014-\u043a\u043e\u043f\u0438\u044f.webp);\"><h2 class=\"promotion-card__title\">Cotygodniowy zwrot got\u00f3wki<\/h2><label class=\"promotion-card__offer\">Do 25%<\/label><label class=\"promotion-card__description\"><\/label><div class=\"promotion-card__actions\"><button data-item=\"payments_link\" data-group=\"website_links\" class=\"goto btn btn-orange rounded-pill fw-bold px-4 m-button m-gradient-border m-button--primary m-button--large promotion-button promotion-card__action-btn\" aria-label=\"Zarejestruj si\u0119\"><div class=\"m-button-content\"><span class=\"promotion-button__content\">Zarejestruj si\u0119<\/span><\/div><\/button><button data-item=\"http:\/\/bonus_link\" data-group=\"website_links\" class=\"goto m-button m-gradient-border m-button--secondary m-button--medium promotion-card__info-btn\" aria-label=\"More information\"><div class=\"m-button-content\"><svg viewBox=\"0 0 24 24\" fill=\"none\" xmlns=\"http:\/\/www.w3.org\/2000\/svg\" class=\"m-icon m-icon-loadable\" name=\"Attention\" loading=\"false\" aria-hidden=\"true\"><path d=\"M12 22C6.477 22 2 17.522 2 12S6.477 2 12 2s10 4.478 10 10-4.477 10-10 10m-.002-13.004a.999.999 0 1 0 0-1.997.999.999 0 0 0 0 1.997M12 17a1 1 0 0 0 .993-.884L13 16l-.002-5.001-.007-.117a1 1 0 0 0-1.986 0l-.007.117L11 16l.007.117A1 1 0 0 0 12 17\" fill=\"currentColor\"><\/path><\/svg><\/div><\/button><\/div><\/div><div class=\"promotion-card\" style=\"background-image: url(https:\/\/afk-spin.com\/wp-content\/uploads\/2025\/11\/AFK-Spins-promocards-300\u0445300-1.webp);\"><h2 class=\"promotion-card__title\">Rakeback<\/h2><label class=\"promotion-card__offer\">Do 17%<\/label><label class=\"promotion-card__description\"><\/label><div class=\"promotion-card__actions\"><button data-item=\"payments_link\" data-group=\"website_links\" class=\"goto btn btn-orange rounded-pill fw-bold px-4 m-button m-gradient-border m-button--primary m-button--large promotion-button promotion-card__action-btn\" aria-label=\"Zarejestruj si\u0119\"><div class=\"m-button-content\"><span class=\"promotion-button__content\">Zarejestruj si\u0119<\/span><\/div><\/button><button data-item=\"http:\/\/bonus_link\" data-group=\"website_links\" class=\"goto m-button m-gradient-border m-button--secondary m-button--medium promotion-card__info-btn\" aria-label=\"More information\"><div class=\"m-button-content\"><svg viewBox=\"0 0 24 24\" fill=\"none\" xmlns=\"http:\/\/www.w3.org\/2000\/svg\" class=\"m-icon m-icon-loadable\" name=\"Attention\" loading=\"false\" aria-hidden=\"true\"><path d=\"M12 22C6.477 22 2 17.522 2 12S6.477 2 12 2s10 4.478 10 10-4.477 10-10 10m-.002-13.004a.999.999 0 1 0 0-1.997.999.999 0 0 0 0 1.997M12 17a1 1 0 0 0 .993-.884L13 16l-.002-5.001-.007-.117a1 1 0 0 0-1.986 0l-.007.117L11 16l.007.117A1 1 0 0 0 12 17\" fill=\"currentColor\"><\/path><\/svg><\/div><\/button><\/div><\/div><div class=\"promotion-card\" style=\"background-image: url(https:\/\/afk-spin.com\/wp-content\/uploads\/2025\/11\/bronze-promocards-300\u0445300.webp);\"><h2 class=\"promotion-card__title\">Niedzielne do\u0142adowanie<\/h2><label class=\"promotion-card__offer\">25% do \u20ac100<\/label><label class=\"promotion-card__description\"><\/label><div class=\"promotion-card__actions\"><button data-item=\"payments_link\" data-group=\"website_links\" class=\"goto btn btn-orange rounded-pill fw-bold px-4 m-button m-gradient-border m-button--primary m-button--large promotion-button promotion-card__action-btn\" aria-label=\"Zarejestruj si\u0119\"><div class=\"m-button-content\"><span class=\"promotion-button__content\">Zarejestruj si\u0119<\/span><\/div><\/button><button data-item=\"http:\/\/bonus_link\" data-group=\"website_links\" class=\"goto m-button m-gradient-border m-button--secondary m-button--medium promotion-card__info-btn\" aria-label=\"More information\"><div class=\"m-button-content\"><svg viewBox=\"0 0 24 24\" fill=\"none\" xmlns=\"http:\/\/www.w3.org\/2000\/svg\" class=\"m-icon m-icon-loadable\" name=\"Attention\" loading=\"false\" aria-hidden=\"true\"><path d=\"M12 22C6.477 22 2 17.522 2 12S6.477 2 12 2s10 4.478 10 10-4.477 10-10 10m-.002-13.004a.999.999 0 1 0 0-1.997.999.999 0 0 0 0 1.997M12 17a1 1 0 0 0 .993-.884L13 16l-.002-5.001-.007-.117a1 1 0 0 0-1.986 0l-.007.117L11 16l.007.117A1 1 0 0 0 12 17\" fill=\"currentColor\"><\/path><\/svg><\/div><\/button><\/div><\/div><div class=\"promotion-card\" style=\"background-image: url(https:\/\/afk-spin.com\/wp-content\/uploads\/2025\/11\/AFK-Spins-promocards-300\u0445300-2-\u2014-\u043a\u043e\u043f\u0438\u044f.webp);\"><h2 class=\"promotion-card__title\">Bonus dla graczy o wysokich stawkach<\/h2><label class=\"promotion-card__offer\">50% do \u20ac500<\/label><label class=\"promotion-card__description\"><\/label><div class=\"promotion-card__actions\"><button data-item=\"payments_link\" data-group=\"website_links\" class=\"goto btn btn-orange rounded-pill fw-bold px-4 m-button m-gradient-border m-button--primary m-button--large promotion-button promotion-card__action-btn\" aria-label=\"Zarejestruj si\u0119\"><div class=\"m-button-content\"><span class=\"promotion-button__content\">Zarejestruj si\u0119<\/span><\/div><\/button><button data-item=\"http:\/\/bonus_link\" data-group=\"website_links\" class=\"goto m-button m-gradient-border m-button--secondary m-button--medium promotion-card__info-btn\" aria-label=\"More information\"><div class=\"m-button-content\"><svg viewBox=\"0 0 24 24\" fill=\"none\" xmlns=\"http:\/\/www.w3.org\/2000\/svg\" class=\"m-icon m-icon-loadable\" name=\"Attention\" loading=\"false\" aria-hidden=\"true\"><path d=\"M12 22C6.477 22 2 17.522 2 12S6.477 2 12 2s10 4.478 10 10-4.477 10-10 10m-.002-13.004a.999.999 0 1 0 0-1.997.999.999 0 0 0 0 1.997M12 17a1 1 0 0 0 .993-.884L13 16l-.002-5.001-.007-.117a1 1 0 0 0-1.986 0l-.007.117L11 16l.007.117A1 1 0 0 0 12 17\" fill=\"currentColor\"><\/path><\/svg><\/div><\/button><\/div><\/div><\/div><div class=\"scrollable-content-wrap my-5\"><div class=\"scrollable-content-inner\"><h2>Oferty bonusowe AFK Spin<\/h2>\n<p>W AFK Spin Casino jeste\u015bmy wdzi\u0119czni naszym u\u017cytkownikom za wyb\u00f3r naszej platformy i d\u0142ugotrwa\u0142\u0105 lojalno\u015b\u0107. Aby Ci podzi\u0119kowa\u0107, stworzyli\u015bmy ekskluzywny program bonusowy AFK Spin, kt\u00f3ry jest dostosowany do wszystkich typ\u00f3w graczy, ich preferencji i bud\u017cet\u00f3w.<\/p>\n<p>Wszyscy nowi klienci automatycznie otrzymuj\u0105 pakiet powitalny o warto\u015bci do 1500 \u20ac + 250 darmowych spin\u00f3w. Przed\u0142u\u017cy to Tw\u00f3j czas na platformie i sprawi, \u017ce proces b\u0119dzie bardziej przyjemny. Ale to dopiero pocz\u0105tek, poniewa\u017c dla sta\u0142ych graczy mamy du\u017c\u0105 r\u00f3\u017cnorodno\u015b\u0107 bonus\u00f3w AFKSpin.<\/p>\n<p>Masz mo\u017cliwo\u015b\u0107 otrzymania cotygodniowego zwrotu got\u00f3wki w wysoko\u015bci do 25% od swoich strat. Istnieje r\u00f3wnie\u017c opcja niedzielnego do\u0142adowania, kt\u00f3ra daje Ci 25% do 100 \u20ac, dzi\u0119ki czemu koniec tygodnia b\u0119dzie jeszcze bardziej udany. Dla tych, kt\u00f3rzy preferuj\u0105 du\u017ce depozyty i wygrane, zawsze dost\u0119pny jest bonus Highroller, oferuj\u0105cy 50% do 500 \u20ac.<\/p>\n<h2>Pakiet powitalny AFK Spin Casino<\/h2>\n<p>AFK Spin Casino oferuje swoim klientom bardzo ekscytuj\u0105ce promocje. Ka\u017cdy nowy klient, kt\u00f3ry zarejestruje si\u0119 i dokona pierwszej wp\u0142aty, otrzyma pakiet powitalny o warto\u015bci do 1500 \u20ac + 250 darmowych spin\u00f3w. Jest on podzielony mi\u0119dzy trzy pierwsze wp\u0142aty w nast\u0119puj\u0105cy spos\u00f3b:<\/p>\n<ul>\n<li>Bonus od pierwszego depozytu \u2013 100% do 500 \u20ac + 150 darmowych spin\u00f3w<\/li>\n<li>Bonus od drugiego depozytu \u2013 55% do 500 \u20ac + 100 darmowych spin\u00f3w<\/li>\n<li>Bonus od trzeciej wp\u0142aty \u2013 100% do 500 \u20ac<\/li>\n<\/ul>\n<p>Skorzystanie z tego bonusu sprawi, \u017ce pocz\u0105tek Twojej przygody b\u0119dzie op\u0142acalny i ekscytuj\u0105cy. Dzi\u0119ki darmowym spinom mo\u017cesz wypr\u00f3bowa\u0107 nowe tytu\u0142y bez ryzyka. Pakiet powitalny jest wa\u017cny przez 7 dni od aktywacji. Minimalna wp\u0142ata we wszystkich trzech przypadkach wynosi 20 \u20ac. Wym\u00f3g obrotu wynosi x35.<\/p>\n<h2>Lista turniej\u00f3w AFK Spin<\/h2>\n<p>Dla tych, kt\u00f3rzy lubi\u0105 rywalizowa\u0107 z innymi graczami, mamy osobn\u0105 sekcj\u0119 z wszystkimi dost\u0119pnymi turniejami. Zasada turnieju polega na tym, \u017ce grasz w okre\u015blone tytu\u0142y lub gry od jednego dostawcy oprogramowania, zdobywaj\u0105c punkty, a nast\u0119pnie masz szans\u0119 wygra\u0107 tysi\u0105ce i miliony euro.<\/p>\n<p>Turnieje w kasynie AFK Spin maj\u0105 bardzo wysokie pule nagr\u00f3d. Zazwyczaj s\u0105 one przeznaczone dla automat\u00f3w lub opcji kasyna na \u017cywo. Poni\u017cej mo\u017cna znale\u017a\u0107 wi\u0119cej informacji na temat opcji kasyna AFKSpin.<\/p>\n<table>\n<tbody>\n<tr>\n<td>Turniej<\/td>\n<td>Pula nagr\u00f3d<\/td>\n<\/tr>\n<tr>\n<td>Codzienny turniej br\u0105zowy<\/td>\n<td>2 500 \u20ac<\/td>\n<\/tr>\n<tr>\n<td>Spinoleague<\/td>\n<td>12 000 000 \u20ac<\/td>\n<\/tr>\n<tr>\n<td>BGaming Drops Frenzy<\/td>\n<td>od 660 000 \u20ac<\/td>\n<\/tr>\n<tr>\n<td>Turniej na \u017cywo<\/td>\n<td>10 000 \u20ac<\/td>\n<\/tr>\n<\/tbody>\n<\/table>\n<h2>AFKSpin \u2013 Warunki<\/h2>\n<p>Aby zapewni\u0107 uczciw\u0105 gr\u0119 wszystkim naszym u\u017cytkownikom, system bonus\u00f3w AFK Spin ma swoje warunki. Mog\u0105 one r\u00f3\u017cni\u0107 si\u0119 w poszczeg\u00f3lnych przypadkach. Przed aktywacj\u0105 promocji nale\u017cy zawsze zapozna\u0107 si\u0119 z jej zasadami. Istnieje kilka g\u0142\u00f3wnych kategorii warunk\u00f3w bonus\u00f3w AFK Spin:<\/p>\n<ul>\n<li>Minimalna wp\u0142ata \u2013 w przypadku wi\u0119kszo\u015bci ofert wynosi ona 20 euro.<\/li>\n<li>Wym\u00f3g obrotu \u2013 nasza platforma stosuje zasad\u0119 x35 lub x40.<\/li>\n<li>Kompatybilno\u015b\u0107 wielu promocji \u2013 nie mo\u017cna aktywowa\u0107 dw\u00f3ch lub wi\u0119cej bonus\u00f3w od depozytu jednocze\u015bnie.<\/li>\n<li>Maksymalny limit zak\u0142adu \u2013 najwy\u017csza dozwolona kwota to 5 \u20ac.<\/li>\n<\/ul>\n<h2>FAQ<\/h2>\n<h3>Dlaczego m\u00f3j bonus nie pojawi\u0142 si\u0119 po wp\u0142acie?<\/h3>\n<p>Czasami mog\u0105 wyst\u0105pi\u0107 op\u00f3\u017anienia i nale\u017cy poczeka\u0107 kilka minut. Je\u015bli nic si\u0119 nie zmieni\u0142o, nale\u017cy skontaktowa\u0107 si\u0119 z naszym zespo\u0142em obs\u0142ugi klienta za po\u015brednictwem czatu na \u017cywo lub poczty elektronicznej.<\/p>\n<h3>Jak d\u0142ugo bonusy s\u0105 wa\u017cne?<\/h3>\n<p>Ka\u017cdy bonus ma sw\u00f3j okres wa\u017cno\u015bci. Wi\u0119kszo\u015b\u0107 promocji na naszej stronie internetowej jest wa\u017cna przez 7\u201314 dni. Zalecamy dok\u0142adne zapoznanie si\u0119 z warunkami ka\u017cdego konkretnego bonusu.<\/p>\n<h3>Czy mog\u0119 wyp\u0142aci\u0107 wygrane z bonusu?<\/h3>\n<p>Proces wyp\u0142aty w AFKSpin jest stosunkowo \u0142atwy i szybki. Mo\u017cesz wyp\u0142aci\u0107 wygrane, je\u015bli ich kwota wynosi 50 \u20ac lub wi\u0119cej. Nasze metody wyp\u0142aty obejmuj\u0105 karty bankowe, portfele elektroniczne, przelewy bankowe i kryptowaluty.<\/p>\n<h3>Czy bonusy dotycz\u0105 wszystkich gier?<\/h3>\n<p>Ka\u017cda oferta ma swoje warunki dotycz\u0105ce tytu\u0142\u00f3w lub dostawc\u00f3w gier. Czasami niekt\u00f3re rodzaje gier nie s\u0105 w pe\u0142ni uwzgl\u0119dnione, a jedynie w 20%, na przyk\u0142ad.<\/p>\n<\/div><\/div><\/p>\n","protected":false},"excerpt":{"rendered":"<p>Bonusy AFK Spin System AFK Spin Bonus oferuje swoim klientom atrakcyjne nagrody za wyb\u00f3r i pozostanie na platformie. Promocje sprawi\u0105, \u017ce czas sp\u0119dzony w naszym kasynie online b\u0119dzie jeszcze przyjemniejszy i bardziej op\u0142acalny. Wszyscy nowi gracze otrzymaj\u0105 pakiet powitalny o warto\u015bci do 1500 \u20ac + 250 darmowych spin\u00f3w za pierwsze trzy depozyty. Nast\u0119pnie uzyskasz dost\u0119p [&hellip;]<\/p>\n","protected":false},"author":1,"featured_media":0,"parent":0,"menu_order":0,"comment_status":"closed","ping_status":"closed","template":"template-builder.php","meta":{"_acf_changed":false,"inline_featured_image":false,"footnotes":""},"class_list":["post-1441","page","type-page","status-publish","hentry"],"acf":[],"yoast_head":"<!-- This site is optimized with the Yoast SEO plugin v27.3 - https:\/\/yoast.com\/product\/yoast-seo-wordpress\/ -->\n<title>AFK Spin Bonus \u2013 Promocje i Bonusy Powitalne<\/title>\n<meta name=\"description\" content=\"AFK Spin Bonus \u2013 odkryj bonusy powitalne, oferty depozytowe, darmowe spiny, cashbacki i turnieje. Pe\u0142ne warunki i spos\u00f3b odbioru dost\u0119pne w AFKSpin Casino.\" \/>\n<meta name=\"robots\" content=\"index, follow, max-snippet:-1, max-image-preview:large, max-video-preview:-1\" \/>\n<link rel=\"canonical\" href=\"https:\/\/afk-spin.com\/pl\/bonus\/\" \/>\n<meta property=\"og:locale\" content=\"pl_PL\" \/>\n<meta property=\"og:type\" content=\"article\" \/>\n<meta property=\"og:title\" content=\"AFK Spin Bonus \u2013 Promocje i Bonusy Powitalne\" \/>\n<meta property=\"og:description\" content=\"AFK Spin Bonus \u2013 odkryj bonusy powitalne, oferty depozytowe, darmowe spiny, cashbacki i turnieje. Pe\u0142ne warunki i spos\u00f3b odbioru dost\u0119pne w AFKSpin Casino.\" \/>\n<meta property=\"og:url\" content=\"https:\/\/afk-spin.com\/pl\/bonus\/\" \/>\n<meta property=\"og:site_name\" content=\"afkspins\" \/>\n<meta property=\"article:modified_time\" content=\"2025-11-24T06:53:41+00:00\" \/>\n<meta name=\"twitter:card\" content=\"summary_large_image\" \/>\n<meta name=\"twitter:label1\" content=\"Est. reading time\" \/>\n\t<meta name=\"twitter:data1\" content=\"1 minute\" \/>\n<script type=\"application\/ld+json\" class=\"yoast-schema-graph\">{\"@context\":\"https:\\\/\\\/schema.org\",\"@graph\":[{\"@type\":\"WebPage\",\"@id\":\"https:\\\/\\\/afk-spin.com\\\/pl\\\/bonus\\\/\",\"url\":\"https:\\\/\\\/afk-spin.com\\\/pl\\\/bonus\\\/\",\"name\":\"AFK Spin Bonus \u2013 Promocje i Bonusy Powitalne\",\"isPartOf\":{\"@id\":\"https:\\\/\\\/afk-spin.com\\\/pl\\\/#website\"},\"datePublished\":\"2025-11-21T10:45:48+00:00\",\"dateModified\":\"2025-11-24T06:53:41+00:00\",\"description\":\"AFK Spin Bonus \u2013 odkryj bonusy powitalne, oferty depozytowe, darmowe spiny, cashbacki i turnieje. Pe\u0142ne warunki i spos\u00f3b odbioru dost\u0119pne w AFKSpin Casino.\",\"breadcrumb\":{\"@id\":\"https:\\\/\\\/afk-spin.com\\\/pl\\\/bonus\\\/#breadcrumb\"},\"inLanguage\":\"pl-PL\",\"potentialAction\":[{\"@type\":\"ReadAction\",\"target\":[\"https:\\\/\\\/afk-spin.com\\\/pl\\\/bonus\\\/\"]}]},{\"@type\":\"BreadcrumbList\",\"@id\":\"https:\\\/\\\/afk-spin.com\\\/pl\\\/bonus\\\/#breadcrumb\",\"itemListElement\":[{\"@type\":\"ListItem\",\"position\":1,\"name\":\"Afkspin\",\"item\":\"https:\\\/\\\/afk-spin.com\\\/pl\\\/\"},{\"@type\":\"ListItem\",\"position\":2,\"name\":\"Bonus\"}]},{\"@type\":\"WebSite\",\"@id\":\"https:\\\/\\\/afk-spin.com\\\/pl\\\/#website\",\"url\":\"https:\\\/\\\/afk-spin.com\\\/pl\\\/\",\"name\":\"Afkspin\",\"description\":\"\",\"publisher\":{\"@id\":\"https:\\\/\\\/afk-spin.com\\\/pl\\\/#organization\"},\"potentialAction\":[{\"@type\":\"SearchAction\",\"target\":{\"@type\":\"EntryPoint\",\"urlTemplate\":\"https:\\\/\\\/afk-spin.com\\\/pl\\\/?s={search_term_string}\"},\"query-input\":{\"@type\":\"PropertyValueSpecification\",\"valueRequired\":true,\"valueName\":\"search_term_string\"}}],\"inLanguage\":\"pl-PL\"},{\"@type\":\"Organization\",\"@id\":\"https:\\\/\\\/afk-spin.com\\\/pl\\\/#organization\",\"name\":\"Afkspin\",\"url\":\"https:\\\/\\\/afk-spin.com\\\/pl\\\/\",\"logo\":{\"@type\":\"ImageObject\",\"inLanguage\":\"pl-PL\",\"@id\":\"https:\\\/\\\/afk-spin.com\\\/pl\\\/#\\\/schema\\\/logo\\\/image\\\/\",\"url\":\"https:\\\/\\\/afk-spin.com\\\/wp-content\\\/uploads\\\/2025\\\/11\\\/logo.svg\",\"contentUrl\":\"https:\\\/\\\/afk-spin.com\\\/wp-content\\\/uploads\\\/2025\\\/11\\\/logo.svg\",\"width\":84,\"height\":24,\"caption\":\"Afkspin\"},\"image\":{\"@id\":\"https:\\\/\\\/afk-spin.com\\\/pl\\\/#\\\/schema\\\/logo\\\/image\\\/\"}}]}<\/script>\n<!-- \/ Yoast SEO plugin. -->","yoast_head_json":{"title":"AFK Spin Bonus \u2013 Promocje i Bonusy Powitalne","description":"AFK Spin Bonus \u2013 odkryj bonusy powitalne, oferty depozytowe, darmowe spiny, cashbacki i turnieje. Pe\u0142ne warunki i spos\u00f3b odbioru dost\u0119pne w AFKSpin Casino.","robots":{"index":"index","follow":"follow","max-snippet":"max-snippet:-1","max-image-preview":"max-image-preview:large","max-video-preview":"max-video-preview:-1"},"canonical":"https:\/\/afk-spin.com\/pl\/bonus\/","og_locale":"pl_PL","og_type":"article","og_title":"AFK Spin Bonus \u2013 Promocje i Bonusy Powitalne","og_description":"AFK Spin Bonus \u2013 odkryj bonusy powitalne, oferty depozytowe, darmowe spiny, cashbacki i turnieje. Pe\u0142ne warunki i spos\u00f3b odbioru dost\u0119pne w AFKSpin Casino.","og_url":"https:\/\/afk-spin.com\/pl\/bonus\/","og_site_name":"afkspins","article_modified_time":"2025-11-24T06:53:41+00:00","twitter_card":"summary_large_image","twitter_misc":{"Est. reading time":"1 minute"},"schema":{"@context":"https:\/\/schema.org","@graph":[{"@type":"WebPage","@id":"https:\/\/afk-spin.com\/pl\/bonus\/","url":"https:\/\/afk-spin.com\/pl\/bonus\/","name":"AFK Spin Bonus \u2013 Promocje i Bonusy Powitalne","isPartOf":{"@id":"https:\/\/afk-spin.com\/pl\/#website"},"datePublished":"2025-11-21T10:45:48+00:00","dateModified":"2025-11-24T06:53:41+00:00","description":"AFK Spin Bonus \u2013 odkryj bonusy powitalne, oferty depozytowe, darmowe spiny, cashbacki i turnieje. Pe\u0142ne warunki i spos\u00f3b odbioru dost\u0119pne w AFKSpin Casino.","breadcrumb":{"@id":"https:\/\/afk-spin.com\/pl\/bonus\/#breadcrumb"},"inLanguage":"pl-PL","potentialAction":[{"@type":"ReadAction","target":["https:\/\/afk-spin.com\/pl\/bonus\/"]}]},{"@type":"BreadcrumbList","@id":"https:\/\/afk-spin.com\/pl\/bonus\/#breadcrumb","itemListElement":[{"@type":"ListItem","position":1,"name":"Afkspin","item":"https:\/\/afk-spin.com\/pl\/"},{"@type":"ListItem","position":2,"name":"Bonus"}]},{"@type":"WebSite","@id":"https:\/\/afk-spin.com\/pl\/#website","url":"https:\/\/afk-spin.com\/pl\/","name":"Afkspin","description":"","publisher":{"@id":"https:\/\/afk-spin.com\/pl\/#organization"},"potentialAction":[{"@type":"SearchAction","target":{"@type":"EntryPoint","urlTemplate":"https:\/\/afk-spin.com\/pl\/?s={search_term_string}"},"query-input":{"@type":"PropertyValueSpecification","valueRequired":true,"valueName":"search_term_string"}}],"inLanguage":"pl-PL"},{"@type":"Organization","@id":"https:\/\/afk-spin.com\/pl\/#organization","name":"Afkspin","url":"https:\/\/afk-spin.com\/pl\/","logo":{"@type":"ImageObject","inLanguage":"pl-PL","@id":"https:\/\/afk-spin.com\/pl\/#\/schema\/logo\/image\/","url":"https:\/\/afk-spin.com\/wp-content\/uploads\/2025\/11\/logo.svg","contentUrl":"https:\/\/afk-spin.com\/wp-content\/uploads\/2025\/11\/logo.svg","width":84,"height":24,"caption":"Afkspin"},"image":{"@id":"https:\/\/afk-spin.com\/pl\/#\/schema\/logo\/image\/"}}]}},"_links":{"self":[{"href":"https:\/\/afk-spin.com\/pl\/wp-json\/wp\/v2\/pages\/1441","targetHints":{"allow":["GET"]}}],"collection":[{"href":"https:\/\/afk-spin.com\/pl\/wp-json\/wp\/v2\/pages"}],"about":[{"href":"https:\/\/afk-spin.com\/pl\/wp-json\/wp\/v2\/types\/page"}],"author":[{"embeddable":true,"href":"https:\/\/afk-spin.com\/pl\/wp-json\/wp\/v2\/users\/1"}],"replies":[{"embeddable":true,"href":"https:\/\/afk-spin.com\/pl\/wp-json\/wp\/v2\/comments?post=1441"}],"version-history":[{"count":2,"href":"https:\/\/afk-spin.com\/pl\/wp-json\/wp\/v2\/pages\/1441\/revisions"}],"predecessor-version":[{"id":1787,"href":"https:\/\/afk-spin.com\/pl\/wp-json\/wp\/v2\/pages\/1441\/revisions\/1787"}],"wp:attachment":[{"href":"https:\/\/afk-spin.com\/pl\/wp-json\/wp\/v2\/media?parent=1441"}],"curies":[{"name":"wp","href":"https:\/\/api.w.org\/{rel}","templated":true}]}}