{"id":1475,"date":"2025-11-21T10:39:09","date_gmt":"2025-11-21T10:39:09","guid":{"rendered":"https:\/\/afk-spin.com\/login-and-registration\/"},"modified":"2025-11-24T06:50:43","modified_gmt":"2025-11-24T06:50:43","slug":"logowanie-i-rejestracja","status":"publish","type":"page","link":"https:\/\/afk-spin.com\/pl\/logowanie-i-rejestracja\/","title":{"rendered":"Logowanie i rejestracja"},"content":{"rendered":"<h1>Logowanie i rejestracja w AFK Spin<\/h1>\n<p>Proces AFK Spin login jest pierwszym krokiem do odkrycia wszystkich funkcji oferowanych przez nasz\u0105 platform\u0119. Mo\u017cesz si\u0119 zarejestrowa\u0107, je\u015bli masz uko\u0144czone 18 lat. Proces ten zajmuje tylko kilka minut, a po jego zako\u0144czeniu mo\u017cesz cieszy\u0107 si\u0119 ogromn\u0105 kolekcj\u0105 gier, bezpiecznymi p\u0142atno\u015bciami, ekscytuj\u0105cymi ofertami bonusowymi i turniejami.<\/p>\n<p><div class=\"banner-wrap\" aria-label=\"Banner\"><img src=\"https:\/\/afk-spin.com\/wp-content\/uploads\/2025\/11\/AFK-Spins-banner-carousel-932\u0445400.webp\" class=\"w-100 d-none d-lg-block img-pc main-banner-img\" alt=\"AFK Spins banner desktop\" fetchpriority=\"high\" decoding=\"async\"><img src=\"https:\/\/afk-spin.com\/wp-content\/uploads\/2025\/12\/Frame-36-1.webp\" class=\"w-100 d-none d-md-block d-lg-none main-banner-img\" alt=\"AFK spin mobile banner\" fetchpriority=\"high\" decoding=\"async\"><img src=\"https:\/\/afk-spin.com\/wp-content\/uploads\/2025\/12\/Frame-36-1.webp\" class=\"w-100 d-md-none\" alt=\"AFK spin mobile banner\" fetchpriority=\"high\" decoding=\"async\"><div class=\"banner-description\">\n<div class=\"banner-title\">Bonusy powitalne<\/div>\n<p class=\"banner-header-title\">1500 \u20ac<\/p>\n<div class=\"banner-header-AdditionalText\">+ 250 Darmowe obroty<\/div>\n<button data-item=\"homepage_banner_link\" class=\"goto m-button m-gradient-border m-button--primary m-button--large banner-button btn-orange\">\n            <div class=\"m-button-content\">\n                <span>Zarejestruj si\u0119 teraz<\/span>\n                <span><\/span>\n            <\/div>\n        <\/button>\n<\/div>\n<div class=\"WelcomePack\">\n<p><img loading=\"lazy\" decoding=\"async\" class=\"alignnone size-full wp-image-1338\" src=\"https:\/\/afk-spin.com\/wp-content\/uploads\/2025\/11\/welcome-crown.svg\" alt=\"crown\" width=\"25\" height=\"26\" \/><\/p>\n<div class=\"WelcomePack-Info\">Cotygodniowy zwrot got\u00f3wki do 25%<\/div>\n<p><img loading=\"lazy\" decoding=\"async\" class=\"alignnone size-full wp-image-1338\" src=\"https:\/\/afk-spin.com\/wp-content\/uploads\/2025\/11\/welcome-crown.svg\" alt=\"crown\" width=\"25\" height=\"26\" \/><\/p>\n<\/div>\n<\/div><div class=\"scrollable-content-wrap my-5\"><div class=\"scrollable-content-inner\"><h2>Zarz\u0105dzanie rejestracj\u0105 w kasynie AFK Spin<\/h2>\n<p>Aby uzyska\u0107 dost\u0119p do ponad 6000 gier w r\u00f3\u017cnych kategoriach, opcji zak\u0142ad\u00f3w, bonus\u00f3w, turniej\u00f3w, p\u0142atno\u015bci i zespo\u0142u obs\u0142ugi klienta, musisz zarejestrowa\u0107 konto w AFKSpin. Nast\u0119pnie mo\u017cesz zacz\u0105\u0107 gra\u0107 na prawdziwe pieni\u0105dze, poniewa\u017c wp\u0142aty s\u0105 dost\u0119pne tylko z kontem.<\/p>\n<p>Nasza platforma ma zasady rejestracji, kt\u00f3re mo\u017cna znale\u017a\u0107 w sekcji \u201eWarunki\u201d w stopce strony internetowej. Istnieje kilka g\u0142\u00f3wnych zasad, kt\u00f3rych wszyscy u\u017cytkownicy powinni przestrzega\u0107:<\/p>\n<ul>\n<li>Aby za\u0142o\u017cy\u0107 konto w AFK Spin Casino, musisz mie\u0107 uko\u0144czone 18 lat.<\/li>\n<li>Jedna osoba mo\u017ce posiada\u0107 tylko jedno konto.<\/li>\n<li>Podaj swoje prawdziwe imi\u0119 i nazwisko, adres i inne informacje. Jest to niezb\u0119dne do bezproblemowego procesu weryfikacji.<\/li>\n<\/ul>\n<h3>Utw\u00f3rz konto<\/h3>\n<p>Proces rejestracji w AFK Spin zajmuje nie wi\u0119cej ni\u017c 3 minuty. Dzi\u0119ki temu uzyskasz dost\u0119p do wszystkich funkcji i gier naszej strony internetowej. Poni\u017cej znajduj\u0105 si\u0119 instrukcje krok po kroku, kt\u00f3re u\u0142atwi\u0105 ten proces.<\/p>\n<table>\n<tbody>\n<tr>\n<td>Krok<\/td>\n<td>Szczeg\u00f3\u0142y<\/td>\n<\/tr>\n<tr>\n<td>U\u017cytkownik musi wej\u015b\u0107 na oficjaln\u0105 stron\u0119 internetow\u0105 AFK Spin Casino.<\/td>\n<td>Prosimy o rejestracj\u0119 wy\u0142\u0105cznie na oficjalnej stronie internetowej, aby unikn\u0105\u0107 oszustw na nieznanych platformach.<\/td>\n<\/tr>\n<tr>\n<td>Nale\u017cy klikn\u0105\u0107 przycisk \u201eZarejestruj si\u0119\u201d.<\/td>\n<td>Jest to pomara\u0144czowy przycisk w prawym g\u00f3rnym rogu strony g\u0142\u00f3wnej.<\/td>\n<\/tr>\n<tr>\n<td>Nale\u017cy wype\u0142ni\u0107 formularz rejestracyjny.<\/td>\n<td>Formularz rejestracyjny zawiera adres e-mail i has\u0142o. Has\u0142o powinno mie\u0107 co najmniej 6 znak\u00f3w.<\/td>\n<\/tr>\n<tr>\n<td>Konieczne jest potwierdzenie wieku i zaakceptowanie zasad.<\/td>\n<td>Musisz mie\u0107 uko\u0144czone 18 lat oraz przeczyta\u0107 i zaakceptowa\u0107 warunki korzystania z serwisu AFKSpin.<\/td>\n<\/tr>\n<tr>\n<td>Nale\u017cy ponownie klikn\u0105\u0107 przycisk \u201eZarejestruj si\u0119\u201d.<\/td>\n<td>Jest to ostatni krok w procesie tworzenia konta.<\/td>\n<\/tr>\n<\/tbody>\n<\/table>\n<h2>Proces logowania do AFK Spin<\/h2>\n<p>Je\u015bli masz ju\u017c konto na naszej stronie internetowej, wystarczy wpisa\u0107 sw\u00f3j adres e-mail i has\u0142o, aby uzyska\u0107 dost\u0119p do wszystkich funkcji. Proces logowania do AFK Spin jest niezb\u0119dny, aby gra\u0107 na prawdziwe pieni\u0105dze, dokonywa\u0107 wyp\u0142at i korzysta\u0107 z bonus\u00f3w.<\/p>\n<p>Twoje konto osobiste zapewnia dost\u0119p do pe\u0142nej historii transakcji, wp\u0142at, zak\u0142ad\u00f3w i bonus\u00f3w. Znajdziesz tam r\u00f3wnie\u017c narz\u0119dzia do odpowiedzialnej gry, w tym limity czasowe i finansowe.<\/p>\n<h3>Nie pami\u0119tasz has\u0142a?<\/h3>\n<p>Je\u015bli zapomnia\u0142e\u015b has\u0142a do konta, AFKSpin ch\u0119tnie pomo\u017ce Ci je zresetowa\u0107 i utworzy\u0107 nowe. Aby to zrobi\u0107, musisz klikn\u0105\u0107 link \u201eZapomnia\u0142e\u015b has\u0142a?\u201d w formularzu logowania AFK Spin. Nast\u0119pnie podaj sw\u00f3j adres e-mail, a my wy\u015blemy Ci link umo\u017cliwiaj\u0105cy przywr\u00f3cenie has\u0142a i utworzenie nowego.<\/p>\n<h2>Proces weryfikacji w kasynie AFKSpin<\/h2>\n<p>Aby zapobiec oszustwom i utrzyma\u0107 bezpieczn\u0105, uczciw\u0105 platform\u0119, AFK Spin wymaga od wszystkich graczy przeprowadzenia weryfikacji przed dokonaniem pierwszej wp\u0142aty. Jest to \u0142atwy proces, kt\u00f3ry zajmuje niewiele czasu. Musisz przes\u0142a\u0107 na stron\u0119 internetow\u0105 dokumenty potwierdzaj\u0105ce Twoj\u0105 to\u017csamo\u015b\u0107. Dokumenty te mog\u0105 obejmowa\u0107 dow\u00f3d osobisty, paszport, prawo jazdy i inne opcje.<\/p>\n<p>Zgodnie z zasadami kasyna AFK Spin nasi mened\u017cerowie musz\u0105 sprawdzi\u0107 przes\u0142ane dokumenty w ci\u0105gu 48 godzin. Nast\u0119pnie odpowied\u017a pojawi si\u0119 na Twoim koncie osobistym. Je\u015bli wszystko jest w porz\u0105dku, mo\u017cesz teraz bezzw\u0142ocznie wyp\u0142aci\u0107 swoje wygrane.<\/p>\n<h2>FAQ<\/h2>\n<h3>Czy mog\u0119 pozosta\u0107 zalogowany na swoim urz\u0105dzeniu?<\/h3>\n<p>Po przej\u015bciu przez proces logowania do AFK Spin nie musisz si\u0119 wylogowywa\u0107 po zako\u0144czeniu sesji. Oznacza to, \u017ce przy nast\u0119pnej wizycie na platformie nie b\u0119dziesz musia\u0142 ponownie wprowadza\u0107 swoich danych.<\/p>\n<h3>Co zrobi\u0107, je\u015bli zapomnia\u0142em nazwy u\u017cytkownika lub adresu e-mail?<\/h3>\n<p>W takim przypadku nale\u017cy skontaktowa\u0107 si\u0119 z naszym wieloj\u0119zycznym dzia\u0142em pomocy technicznej dost\u0119pnym przez ca\u0142\u0105 dob\u0119, 7 dni w tygodniu, za po\u015brednictwem czatu na \u017cywo lub poczty elektronicznej. Nale\u017cy poda\u0107 dane swojego konta, a nasi mened\u017cerowie postaraj\u0105 si\u0119 przywr\u00f3ci\u0107 dost\u0119p.<\/p>\n<h3>Jak mog\u0119 zmieni\u0107 swoje dane logowania?<\/h3>\n<p>Na swoim koncie osobistym mo\u017cesz w dowolnym momencie zmieni\u0107 swoje dane osobowe lub p\u0142atnicze. Po zmianie adresu e-mail lub has\u0142a konto nadal b\u0119dzie bezpieczne.<\/p>\n<h3>Jak mog\u0119 w\u0142\u0105czy\u0107 uwierzytelnianie dwusk\u0142adnikowe (2FA)?<\/h3>\n<p>Uwierzytelnianie dwusk\u0142adnikowe mo\u017cna w\u0142\u0105czy\u0107 w ustawieniach konta w kasynie AFK Spin. Jest to bardzo dobry spos\u00f3b na dodatkow\u0105 ochron\u0119 danych osobowych.<\/p>\n<\/div><\/div><\/p>\n","protected":false},"excerpt":{"rendered":"<p>Logowanie i rejestracja w AFK Spin Proces AFK Spin login jest pierwszym krokiem do odkrycia wszystkich funkcji oferowanych przez nasz\u0105 platform\u0119. Mo\u017cesz si\u0119 zarejestrowa\u0107, je\u015bli masz uko\u0144czone 18 lat. Proces ten zajmuje tylko kilka minut, a po jego zako\u0144czeniu mo\u017cesz cieszy\u0107 si\u0119 ogromn\u0105 kolekcj\u0105 gier, bezpiecznymi p\u0142atno\u015bciami, ekscytuj\u0105cymi ofertami bonusowymi i turniejami.<\/p>\n","protected":false},"author":1,"featured_media":0,"parent":0,"menu_order":0,"comment_status":"closed","ping_status":"closed","template":"template-builder.php","meta":{"_acf_changed":false,"inline_featured_image":false,"footnotes":""},"class_list":["post-1475","page","type-page","status-publish","hentry"],"acf":[],"yoast_head":"<!-- This site is optimized with the Yoast SEO plugin v27.3 - https:\/\/yoast.com\/product\/yoast-seo-wordpress\/ -->\n<title>AFK Spin Login \u2013 Rejestracja i Zarz\u0105dzanie Kontem<\/title>\n<meta name=\"description\" content=\"AFK Spin login lub utw\u00f3rz swoje konto w prosty spos\u00f3b. Zarz\u0105dzaj weryfikacj\u0105, odzyskiwaniem has\u0142a i ustawieniami konta szybko oraz bezpiecznie w AFKSpin Casino.\" \/>\n<meta name=\"robots\" content=\"index, follow, max-snippet:-1, max-image-preview:large, max-video-preview:-1\" \/>\n<link rel=\"canonical\" href=\"https:\/\/afk-spin.com\/pl\/logowanie-i-rejestracja\/\" \/>\n<meta property=\"og:locale\" content=\"pl_PL\" \/>\n<meta property=\"og:type\" content=\"article\" \/>\n<meta property=\"og:title\" content=\"AFK Spin Login \u2013 Rejestracja i Zarz\u0105dzanie Kontem\" \/>\n<meta property=\"og:description\" content=\"AFK Spin login lub utw\u00f3rz swoje konto w prosty spos\u00f3b. Zarz\u0105dzaj weryfikacj\u0105, odzyskiwaniem has\u0142a i ustawieniami konta szybko oraz bezpiecznie w AFKSpin Casino.\" \/>\n<meta property=\"og:url\" content=\"https:\/\/afk-spin.com\/pl\/logowanie-i-rejestracja\/\" \/>\n<meta property=\"og:site_name\" content=\"afkspins\" \/>\n<meta property=\"article:modified_time\" content=\"2025-11-24T06:50:43+00:00\" \/>\n<meta name=\"twitter:card\" content=\"summary_large_image\" \/>\n<meta name=\"twitter:label1\" content=\"Est. reading time\" \/>\n\t<meta name=\"twitter:data1\" content=\"1 minute\" \/>\n<script type=\"application\/ld+json\" class=\"yoast-schema-graph\">{\"@context\":\"https:\\\/\\\/schema.org\",\"@graph\":[{\"@type\":\"WebPage\",\"@id\":\"https:\\\/\\\/afk-spin.com\\\/pl\\\/logowanie-i-rejestracja\\\/\",\"url\":\"https:\\\/\\\/afk-spin.com\\\/pl\\\/logowanie-i-rejestracja\\\/\",\"name\":\"AFK Spin Login \u2013 Rejestracja i Zarz\u0105dzanie Kontem\",\"isPartOf\":{\"@id\":\"https:\\\/\\\/afk-spin.com\\\/pl\\\/#website\"},\"datePublished\":\"2025-11-21T10:39:09+00:00\",\"dateModified\":\"2025-11-24T06:50:43+00:00\",\"description\":\"AFK Spin login lub utw\u00f3rz swoje konto w prosty spos\u00f3b. Zarz\u0105dzaj weryfikacj\u0105, odzyskiwaniem has\u0142a i ustawieniami konta szybko oraz bezpiecznie w AFKSpin Casino.\",\"breadcrumb\":{\"@id\":\"https:\\\/\\\/afk-spin.com\\\/pl\\\/logowanie-i-rejestracja\\\/#breadcrumb\"},\"inLanguage\":\"pl-PL\",\"potentialAction\":[{\"@type\":\"ReadAction\",\"target\":[\"https:\\\/\\\/afk-spin.com\\\/pl\\\/logowanie-i-rejestracja\\\/\"]}]},{\"@type\":\"BreadcrumbList\",\"@id\":\"https:\\\/\\\/afk-spin.com\\\/pl\\\/logowanie-i-rejestracja\\\/#breadcrumb\",\"itemListElement\":[{\"@type\":\"ListItem\",\"position\":1,\"name\":\"Afkspin\",\"item\":\"https:\\\/\\\/afk-spin.com\\\/pl\\\/\"},{\"@type\":\"ListItem\",\"position\":2,\"name\":\"Logowanie i rejestracja\"}]},{\"@type\":\"WebSite\",\"@id\":\"https:\\\/\\\/afk-spin.com\\\/pl\\\/#website\",\"url\":\"https:\\\/\\\/afk-spin.com\\\/pl\\\/\",\"name\":\"Afkspin\",\"description\":\"\",\"publisher\":{\"@id\":\"https:\\\/\\\/afk-spin.com\\\/pl\\\/#organization\"},\"potentialAction\":[{\"@type\":\"SearchAction\",\"target\":{\"@type\":\"EntryPoint\",\"urlTemplate\":\"https:\\\/\\\/afk-spin.com\\\/pl\\\/?s={search_term_string}\"},\"query-input\":{\"@type\":\"PropertyValueSpecification\",\"valueRequired\":true,\"valueName\":\"search_term_string\"}}],\"inLanguage\":\"pl-PL\"},{\"@type\":\"Organization\",\"@id\":\"https:\\\/\\\/afk-spin.com\\\/pl\\\/#organization\",\"name\":\"Afkspin\",\"url\":\"https:\\\/\\\/afk-spin.com\\\/pl\\\/\",\"logo\":{\"@type\":\"ImageObject\",\"inLanguage\":\"pl-PL\",\"@id\":\"https:\\\/\\\/afk-spin.com\\\/pl\\\/#\\\/schema\\\/logo\\\/image\\\/\",\"url\":\"https:\\\/\\\/afk-spin.com\\\/wp-content\\\/uploads\\\/2025\\\/11\\\/logo.svg\",\"contentUrl\":\"https:\\\/\\\/afk-spin.com\\\/wp-content\\\/uploads\\\/2025\\\/11\\\/logo.svg\",\"width\":84,\"height\":24,\"caption\":\"Afkspin\"},\"image\":{\"@id\":\"https:\\\/\\\/afk-spin.com\\\/pl\\\/#\\\/schema\\\/logo\\\/image\\\/\"}}]}<\/script>\n<!-- \/ Yoast SEO plugin. -->","yoast_head_json":{"title":"AFK Spin Login \u2013 Rejestracja i Zarz\u0105dzanie Kontem","description":"AFK Spin login lub utw\u00f3rz swoje konto w prosty spos\u00f3b. Zarz\u0105dzaj weryfikacj\u0105, odzyskiwaniem has\u0142a i ustawieniami konta szybko oraz bezpiecznie w AFKSpin Casino.","robots":{"index":"index","follow":"follow","max-snippet":"max-snippet:-1","max-image-preview":"max-image-preview:large","max-video-preview":"max-video-preview:-1"},"canonical":"https:\/\/afk-spin.com\/pl\/logowanie-i-rejestracja\/","og_locale":"pl_PL","og_type":"article","og_title":"AFK Spin Login \u2013 Rejestracja i Zarz\u0105dzanie Kontem","og_description":"AFK Spin login lub utw\u00f3rz swoje konto w prosty spos\u00f3b. Zarz\u0105dzaj weryfikacj\u0105, odzyskiwaniem has\u0142a i ustawieniami konta szybko oraz bezpiecznie w AFKSpin Casino.","og_url":"https:\/\/afk-spin.com\/pl\/logowanie-i-rejestracja\/","og_site_name":"afkspins","article_modified_time":"2025-11-24T06:50:43+00:00","twitter_card":"summary_large_image","twitter_misc":{"Est. reading time":"1 minute"},"schema":{"@context":"https:\/\/schema.org","@graph":[{"@type":"WebPage","@id":"https:\/\/afk-spin.com\/pl\/logowanie-i-rejestracja\/","url":"https:\/\/afk-spin.com\/pl\/logowanie-i-rejestracja\/","name":"AFK Spin Login \u2013 Rejestracja i Zarz\u0105dzanie Kontem","isPartOf":{"@id":"https:\/\/afk-spin.com\/pl\/#website"},"datePublished":"2025-11-21T10:39:09+00:00","dateModified":"2025-11-24T06:50:43+00:00","description":"AFK Spin login lub utw\u00f3rz swoje konto w prosty spos\u00f3b. Zarz\u0105dzaj weryfikacj\u0105, odzyskiwaniem has\u0142a i ustawieniami konta szybko oraz bezpiecznie w AFKSpin Casino.","breadcrumb":{"@id":"https:\/\/afk-spin.com\/pl\/logowanie-i-rejestracja\/#breadcrumb"},"inLanguage":"pl-PL","potentialAction":[{"@type":"ReadAction","target":["https:\/\/afk-spin.com\/pl\/logowanie-i-rejestracja\/"]}]},{"@type":"BreadcrumbList","@id":"https:\/\/afk-spin.com\/pl\/logowanie-i-rejestracja\/#breadcrumb","itemListElement":[{"@type":"ListItem","position":1,"name":"Afkspin","item":"https:\/\/afk-spin.com\/pl\/"},{"@type":"ListItem","position":2,"name":"Logowanie i rejestracja"}]},{"@type":"WebSite","@id":"https:\/\/afk-spin.com\/pl\/#website","url":"https:\/\/afk-spin.com\/pl\/","name":"Afkspin","description":"","publisher":{"@id":"https:\/\/afk-spin.com\/pl\/#organization"},"potentialAction":[{"@type":"SearchAction","target":{"@type":"EntryPoint","urlTemplate":"https:\/\/afk-spin.com\/pl\/?s={search_term_string}"},"query-input":{"@type":"PropertyValueSpecification","valueRequired":true,"valueName":"search_term_string"}}],"inLanguage":"pl-PL"},{"@type":"Organization","@id":"https:\/\/afk-spin.com\/pl\/#organization","name":"Afkspin","url":"https:\/\/afk-spin.com\/pl\/","logo":{"@type":"ImageObject","inLanguage":"pl-PL","@id":"https:\/\/afk-spin.com\/pl\/#\/schema\/logo\/image\/","url":"https:\/\/afk-spin.com\/wp-content\/uploads\/2025\/11\/logo.svg","contentUrl":"https:\/\/afk-spin.com\/wp-content\/uploads\/2025\/11\/logo.svg","width":84,"height":24,"caption":"Afkspin"},"image":{"@id":"https:\/\/afk-spin.com\/pl\/#\/schema\/logo\/image\/"}}]}},"_links":{"self":[{"href":"https:\/\/afk-spin.com\/pl\/wp-json\/wp\/v2\/pages\/1475","targetHints":{"allow":["GET"]}}],"collection":[{"href":"https:\/\/afk-spin.com\/pl\/wp-json\/wp\/v2\/pages"}],"about":[{"href":"https:\/\/afk-spin.com\/pl\/wp-json\/wp\/v2\/types\/page"}],"author":[{"embeddable":true,"href":"https:\/\/afk-spin.com\/pl\/wp-json\/wp\/v2\/users\/1"}],"replies":[{"embeddable":true,"href":"https:\/\/afk-spin.com\/pl\/wp-json\/wp\/v2\/comments?post=1475"}],"version-history":[{"count":2,"href":"https:\/\/afk-spin.com\/pl\/wp-json\/wp\/v2\/pages\/1475\/revisions"}],"predecessor-version":[{"id":1779,"href":"https:\/\/afk-spin.com\/pl\/wp-json\/wp\/v2\/pages\/1475\/revisions\/1779"}],"wp:attachment":[{"href":"https:\/\/afk-spin.com\/pl\/wp-json\/wp\/v2\/media?parent=1475"}],"curies":[{"name":"wp","href":"https:\/\/api.w.org\/{rel}","templated":true}]}}